{"id":11,"date":"2020-08-11T19:30:12","date_gmt":"2020-08-11T17:30:12","guid":{"rendered":"http:\/\/simpleco.info\/?page_id=11"},"modified":"2023-09-30T10:31:23","modified_gmt":"2023-09-30T08:31:23","slug":"umweltfreundlich-und-nachhaltig-reisen","status":"publish","type":"page","link":"https:\/\/simpleco.info\/en\/umweltfreundlich-und-nachhaltig-reisen\/","title":{"rendered":"Reisen"},"content":{"rendered":"\n<h1 class=\"wp-block-heading\">Umweltfreundlich und nachhaltig Reisen<\/h1>\n\n\n\n<p style=\"font-size:19px\">Umweltfreundlich und nachhaltig Reisen beinhaltet viele Herausforderungen. Reisen geh\u00f6rt leider zu den umweltunfreundlichsten T\u00e4tigkeiten. Trotzdem gibt es das ein oder andere auf das man Acht geben kann, wenn man die Umwelt unterst\u00fctzen m\u00f6chte. <\/p>\n\n\n\n<p style=\"font-size:19px\">Dazu geh\u00f6rt es Fl\u00fcge zu vermeiden oder zu reduzieren. Dies kannst du schaffen indem zu Urlaub in der N\u00e4he zu machst oder l\u00e4ngere Zeit an einem Urlaubsziel bleibst anstatt mehrere Kurzurlaube anzutreten. <\/p>\n\n\n\n<div style=\"height:30px\" aria-hidden=\"true\" class=\"wp-block-spacer\"><\/div>\n\n\n\n<div class=\"wp-block-media-text alignwide is-stacked-on-mobile\" style=\"grid-template-columns:34% auto\"><figure class=\"wp-block-media-text__media\"><img loading=\"lazy\" decoding=\"async\" width=\"833\" height=\"1024\" src=\"http:\/\/simpleco.info\/wp-content\/uploads\/2023\/09\/mao-yuqing-866J776RI8M-unsplash-scaled-e1695390048813-833x1024.jpg\" alt=\"\" class=\"wp-image-3138 size-full\" srcset=\"https:\/\/simpleco.info\/wp-content\/uploads\/2023\/09\/mao-yuqing-866J776RI8M-unsplash-scaled-e1695390048813-833x1024.jpg 833w, https:\/\/simpleco.info\/wp-content\/uploads\/2023\/09\/mao-yuqing-866J776RI8M-unsplash-scaled-e1695390048813-244x300.jpg 244w, https:\/\/simpleco.info\/wp-content\/uploads\/2023\/09\/mao-yuqing-866J776RI8M-unsplash-scaled-e1695390048813-768x944.jpg 768w, https:\/\/simpleco.info\/wp-content\/uploads\/2023\/09\/mao-yuqing-866J776RI8M-unsplash-scaled-e1695390048813-1249x1536.jpg 1249w, https:\/\/simpleco.info\/wp-content\/uploads\/2023\/09\/mao-yuqing-866J776RI8M-unsplash-scaled-e1695390048813.jpg 1433w\" sizes=\"auto, (max-width: 833px) 100vw, 833px\" \/><\/figure><div class=\"wp-block-media-text__content\">\n<h2 class=\"wp-block-heading\">Transportmittel<\/h2>\n\n\n\n<p style=\"font-size:18px\">Wenn man die verschiedenen Transportmittel vergleicht wird schnell klar, fliegen ist das gr\u00f6\u00dfte Problem. Ein <strong>Flugzeug <\/strong>produziert <strong>448kg CO2 <\/strong>pro 1000 km. Das ist fast doppelt so viel wie ein Auto mit 251 kg CO2. Dies zeigt, dass man besonders Fl\u00fcge m\u00f6glich vermeiden sollte, insbesondere Inlandsfl\u00fcge. Hierbei lohnt es sich auf <strong>Bus (58kg)<\/strong> oder Bahn<strong> (14kg)<\/strong> umzusteigen. Es gibt auch die M\u00f6glichkeiten Fahrgemeinsschaften zu bilden oder diese zu nutzen z.B. \u00fcber die Webseite oder App von <a href=\"https:\/\/www.blablacar.de\/\">BlablaCar<\/a>. <\/p>\n\n\n\n<p style=\"font-size:18px\">Greift man aus bestimmten Gr\u00fcnden doch zum Flugzeug gibt es auch die M\u00f6glichkeit den <strong>CO2 Aussto\u00df zu kompensieren<\/strong>.  Daf\u00fcr wird ausgerechnet welche Menge an CO2-Emissionen freigesetzt wird. Damit kann man Ausgleichszertifikate kaufen, welche best\u00e4tigen, dass andernorts durch Klimaschutzprojekte die gleiche Menge CO2 gebunden wurde. <\/p>\n\n\n\n<p style=\"font-size:18px\">Solche Kompensationsprojekte findet man zum Beispiel auf <a href=\"https:\/\/www.atmosfair.de\/de\/kompensieren\/flug\/\" target=\"_blank\" rel=\"noreferrer noopener\">Atmosfair<\/a>.<\/p>\n<\/div><\/div>\n\n\n\n<div style=\"height:20px\" aria-hidden=\"true\" class=\"wp-block-spacer\"><\/div>\n\n\n\n<div class=\"wp-block-media-text alignwide has-media-on-the-right is-stacked-on-mobile\" style=\"grid-template-columns:auto 41%\"><div class=\"wp-block-media-text__content\">\n<h2 class=\"wp-block-heading\">Strom ausschalten<\/h2>\n\n\n\n<p style=\"font-size:18px\">Bevor du dein Zuhause f\u00fcr l\u00e4ngere Zeit verl\u00e4sst stelle sicher, dass <strong>alle Ger\u00e4te<\/strong> ausgeschaltet und im besten Fall auch die <strong>Stecker gezogen<\/strong> sind. Denn <strong>auch <\/strong>im <strong>ausgeschalteten <\/strong>Zustand <strong>verbrauchen die Ger\u00e4te Strom<\/strong>. Dies siehst du zum Beispiel an den Kontrolll\u00e4mpchen, Zeitanzeigen, Trafos, warm bleiben oder brummen.<\/p>\n\n\n\n<p style=\"font-size:18px\">Mehr Tipps zum Thema Strom sparen findest du auch <a href=\"http:\/\/simpleco.info\/einfache-tipps-um-strom-zu-sparen\/\">hier<\/a>. <\/p>\n<\/div><figure class=\"wp-block-media-text__media\"><img loading=\"lazy\" decoding=\"async\" width=\"1024\" height=\"779\" src=\"http:\/\/simpleco.info\/wp-content\/uploads\/2020\/09\/lamp-3115623_1920-e1695054614119-1024x779.jpg\" alt=\"Gl\u00fchbirnenm\u00e4nnchen Steckdose\" class=\"wp-image-535 size-full\" srcset=\"https:\/\/simpleco.info\/wp-content\/uploads\/2020\/09\/lamp-3115623_1920-e1695054614119-1024x779.jpg 1024w, https:\/\/simpleco.info\/wp-content\/uploads\/2020\/09\/lamp-3115623_1920-e1695054614119-300x228.jpg 300w, https:\/\/simpleco.info\/wp-content\/uploads\/2020\/09\/lamp-3115623_1920-e1695054614119-768x584.jpg 768w, https:\/\/simpleco.info\/wp-content\/uploads\/2020\/09\/lamp-3115623_1920-e1695054614119.jpg 1416w\" sizes=\"auto, (max-width: 1024px) 100vw, 1024px\" \/><\/figure><\/div>\n\n\n\n<div style=\"height:20px\" aria-hidden=\"true\" class=\"wp-block-spacer\"><\/div>\n\n\n\n<div class=\"wp-block-media-text alignwide is-stacked-on-mobile\" style=\"grid-template-columns:36% auto\"><figure class=\"wp-block-media-text__media\"><img loading=\"lazy\" decoding=\"async\" width=\"764\" height=\"1024\" src=\"http:\/\/simpleco.info\/wp-content\/uploads\/2023\/09\/samuel-wibisono-ch07IPqDJi8-unsplash2_geschnitten-scaled-e1695389879598-764x1024.jpg\" alt=\"\" class=\"wp-image-3133 size-full\" srcset=\"https:\/\/simpleco.info\/wp-content\/uploads\/2023\/09\/samuel-wibisono-ch07IPqDJi8-unsplash2_geschnitten-scaled-e1695389879598-764x1024.jpg 764w, https:\/\/simpleco.info\/wp-content\/uploads\/2023\/09\/samuel-wibisono-ch07IPqDJi8-unsplash2_geschnitten-scaled-e1695389879598-224x300.jpg 224w, https:\/\/simpleco.info\/wp-content\/uploads\/2023\/09\/samuel-wibisono-ch07IPqDJi8-unsplash2_geschnitten-scaled-e1695389879598-768x1030.jpg 768w, https:\/\/simpleco.info\/wp-content\/uploads\/2023\/09\/samuel-wibisono-ch07IPqDJi8-unsplash2_geschnitten-scaled-e1695389879598-1145x1536.jpg 1145w, https:\/\/simpleco.info\/wp-content\/uploads\/2023\/09\/samuel-wibisono-ch07IPqDJi8-unsplash2_geschnitten-scaled-e1695389879598-1527x2048.jpg 1527w, https:\/\/simpleco.info\/wp-content\/uploads\/2023\/09\/samuel-wibisono-ch07IPqDJi8-unsplash2_geschnitten-scaled-e1695389879598.jpg 1657w\" sizes=\"auto, (max-width: 764px) 100vw, 764px\" \/><\/figure><div class=\"wp-block-media-text__content\">\n<h2 class=\"wp-block-heading\">Hotelaufenthalt<\/h2>\n\n\n\n<p style=\"font-size:18px\"><strong>Verzichte <\/strong>im Hotel darauf, dass dein Zimmer<strong><em> jeden Tag<\/em> gereinigt<\/strong> wird. Dadurch kannst du die Handt\u00fccher \u00f6fters benutzen, ohne, dass diese oft ausgetauscht und neu gewaschen werden m\u00fcssen. Au\u00dferdem m\u00fcssen die <strong>M\u00fclleimert\u00fcten <\/strong>nicht t\u00e4glich ausgewechselt werden, wodurch weniger M\u00fcll durch die Plastikt\u00fcten entsteht. Zus\u00e4tzlich verbraucht auch das <strong>t\u00e4gliche Staubsaugen viel Strom <\/strong>welches dadurch vermieden werden kann. <\/p>\n\n\n\n<p style=\"font-size:18px\">Setzt das Hotel auf Nachhaltigkeit? Fragen nach! Mittlerweile gibt es viele Hotels die auch damit werben \u00f6kologisch zu sein und zum Beispiel wie auch biologisches und regionales Fr\u00fchst\u00fcck anbieten. <\/p>\n<\/div><\/div>\n\n\n\n<div style=\"height:20px\" aria-hidden=\"true\" class=\"wp-block-spacer\"><\/div>\n\n\n\n<div class=\"wp-block-media-text alignwide has-media-on-the-right is-stacked-on-mobile\" style=\"grid-template-columns:auto 36%\"><div class=\"wp-block-media-text__content\">\n<h2 class=\"wp-block-heading\">Kein unn\u00f6tiges Plastik<\/h2>\n\n\n\n<p style=\"font-size:18px\">Leider gibt es im Ausland noch kein Gesetz das Plastik verbietet, deshalb werden die Getr\u00e4nke noch oft mit Plastiktrohhalmen serviert. <\/p>\n\n\n\n<p style=\"font-size:18px\">Weltweit werden <strong>3 Milliarden Plastikstrohhalme <\/strong>benutzt und weggeworfen. Nach <strong>5 Minuten Benutzung<\/strong> bleibt dieser aber noch <strong>500 Jahre auf dieser Welt<\/strong>. Und selbst danach ist er nicht spurlos verschwunden sondern wird zu Mikroplastik &#8211; mikroskopisch kleinen Kunststoffteilchen, die von V\u00f6geln und Meerestieren oft noch schneller aufgenommen werden und zum fatalen <strong>Ende der Tiere<\/strong> f\u00fchren k\u00f6nnen.<\/p>\n\n\n\n<p style=\"font-size:18px\">Selbst wenn du Zuhause darauf verzichtest,erh\u00e4lt man doch immer wieder Plastikstrohhalme in der <strong>Gastronomie<\/strong>, ohne \u00fcberhaupt danach gefragt zu haben. F\u00fcr Zuhause kannst du auf <strong>wiederverwendbare Alternativen, wie Trinkhalmen aus Papier, Maisst\u00e4rke oder Bambus <\/strong>umsteigen. Achte wenn du <strong>Unterwegs <\/strong>bist darauf, immer direkt <strong>bei der Bestellung Bescheid zu sagen<\/strong>, dass du <strong>keinen Strohhalm <\/strong>m\u00f6chtest. <\/p>\n<\/div><figure class=\"wp-block-media-text__media\"><img loading=\"lazy\" decoding=\"async\" width=\"723\" height=\"1024\" src=\"http:\/\/simpleco.info\/wp-content\/uploads\/2023\/09\/monika-grabkowska-ktMU5IS407s-unsplash-scaled-e1695390871255-723x1024.jpg\" alt=\"\" class=\"wp-image-3142 size-full\" srcset=\"https:\/\/simpleco.info\/wp-content\/uploads\/2023\/09\/monika-grabkowska-ktMU5IS407s-unsplash-scaled-e1695390871255-723x1024.jpg 723w, https:\/\/simpleco.info\/wp-content\/uploads\/2023\/09\/monika-grabkowska-ktMU5IS407s-unsplash-scaled-e1695390871255-212x300.jpg 212w, https:\/\/simpleco.info\/wp-content\/uploads\/2023\/09\/monika-grabkowska-ktMU5IS407s-unsplash-scaled-e1695390871255-768x1088.jpg 768w, https:\/\/simpleco.info\/wp-content\/uploads\/2023\/09\/monika-grabkowska-ktMU5IS407s-unsplash-scaled-e1695390871255-1085x1536.jpg 1085w, https:\/\/simpleco.info\/wp-content\/uploads\/2023\/09\/monika-grabkowska-ktMU5IS407s-unsplash-scaled-e1695390871255.jpg 1437w\" sizes=\"auto, (max-width: 723px) 100vw, 723px\" \/><\/figure><\/div>\n\n\n\n<div style=\"height:20px\" aria-hidden=\"true\" class=\"wp-block-spacer\"><\/div>\n\n\n\n<div class=\"wp-block-media-text alignwide is-stacked-on-mobile\" style=\"grid-template-columns:33% auto\"><figure class=\"wp-block-media-text__media\"><img loading=\"lazy\" decoding=\"async\" width=\"949\" height=\"1024\" src=\"http:\/\/simpleco.info\/wp-content\/uploads\/2020\/10\/pexels-suzy-hazelwood-2479095-scaled-e1695278757905-949x1024.jpg\" alt=\"Wasserkanister\" class=\"wp-image-665 size-full\" srcset=\"https:\/\/simpleco.info\/wp-content\/uploads\/2020\/10\/pexels-suzy-hazelwood-2479095-scaled-e1695278757905-949x1024.jpg 949w, https:\/\/simpleco.info\/wp-content\/uploads\/2020\/10\/pexels-suzy-hazelwood-2479095-scaled-e1695278757905-278x300.jpg 278w, https:\/\/simpleco.info\/wp-content\/uploads\/2020\/10\/pexels-suzy-hazelwood-2479095-scaled-e1695278757905-768x829.jpg 768w, https:\/\/simpleco.info\/wp-content\/uploads\/2020\/10\/pexels-suzy-hazelwood-2479095-scaled-e1695278757905.jpg 1356w\" sizes=\"auto, (max-width: 949px) 100vw, 949px\" \/><\/figure><div class=\"wp-block-media-text__content\">\n<p class=\"has-large-font-size\">Wasser<\/p>\n\n\n\n<p style=\"font-size:18px\">Falls das Leitungswasser in deinem Urlaubsort keine Trinkwasserqualit\u00e4t hat, <strong>kaufe Wasserkanister<\/strong> oder sehr <strong>gro\u00dfe Flaschen<\/strong>. Das reduziert M\u00fcll und ist auch meist g\u00fcnstiger.<\/p>\n\n\n\n<p style=\"font-size:18px\">Um nicht einen gro\u00dfen Kanister mit dir tragen zu m\u00fcssen, nimm deine <strong>Mehrwegflasche <\/strong>mit und f\u00fclle diese damit einfach immer wieder auf wenn du in deiner Unterkunft bist. <\/p>\n\n\n\n<p style=\"font-size:18px\">Falls du deine Mehrwegflasche nicht dabei hast kannst du auch <strong>eine kleine Flasche <\/strong>kaufen und im Anschluss mit den Kanistern jedes mal wieder auff\u00fcllen.<\/p>\n<\/div><\/div>\n\n\n\n<div style=\"height:20px\" aria-hidden=\"true\" class=\"wp-block-spacer\"><\/div>\n\n\n\n<div class=\"wp-block-media-text alignwide has-media-on-the-right is-stacked-on-mobile\" style=\"grid-template-columns:auto 33%\"><div class=\"wp-block-media-text__content\">\n<h2 class=\"wp-block-heading\">Trinkbrunnen<\/h2>\n\n\n\n<p style=\"font-size:18px\">Um noch weniger Wasser kaufen zu m\u00fcssen und damit noch mehr Plastik zu vermeiden <strong>f\u00fclle deine Flasche an Trinkbrunnen<\/strong> auf. Auch wenn diese in Deutschland leider eher selten sind, wirst du es in vielen anderen L\u00e4ndern recht einfach haben.<\/p>\n\n\n\n<p style=\"font-size:18px\">Um diese zu finden kannst du ganz einfach <strong>&#8220;Trinkbrunnen&#8221; bei google maps <\/strong>eingeben und findest die n\u00e4chsten in deiner Umgebung. <\/p>\n<\/div><figure class=\"wp-block-media-text__media\"><img loading=\"lazy\" decoding=\"async\" width=\"735\" height=\"1024\" src=\"http:\/\/simpleco.info\/wp-content\/uploads\/2023\/09\/max-kleinen-KRRepCHYABg-unsplash-scaled-e1695399955819-735x1024.jpg\" alt=\"\" class=\"wp-image-3140 size-full\" srcset=\"https:\/\/simpleco.info\/wp-content\/uploads\/2023\/09\/max-kleinen-KRRepCHYABg-unsplash-scaled-e1695399955819-735x1024.jpg 735w, https:\/\/simpleco.info\/wp-content\/uploads\/2023\/09\/max-kleinen-KRRepCHYABg-unsplash-scaled-e1695399955819-215x300.jpg 215w, https:\/\/simpleco.info\/wp-content\/uploads\/2023\/09\/max-kleinen-KRRepCHYABg-unsplash-scaled-e1695399955819-768x1070.jpg 768w, https:\/\/simpleco.info\/wp-content\/uploads\/2023\/09\/max-kleinen-KRRepCHYABg-unsplash-scaled-e1695399955819-1103x1536.jpg 1103w, https:\/\/simpleco.info\/wp-content\/uploads\/2023\/09\/max-kleinen-KRRepCHYABg-unsplash-scaled-e1695399955819-1471x2048.jpg 1471w, https:\/\/simpleco.info\/wp-content\/uploads\/2023\/09\/max-kleinen-KRRepCHYABg-unsplash-scaled-e1695399955819.jpg 1709w\" sizes=\"auto, (max-width: 735px) 100vw, 735px\" \/><\/figure><\/div>\n\n\n\n<div style=\"height:20px\" aria-hidden=\"true\" class=\"wp-block-spacer\"><\/div>\n\n\n\n<hr class=\"wp-block-separator has-alpha-channel-opacity is-style-wide\"\/>\n\n\n\n<div style=\"height:20px\" aria-hidden=\"true\" class=\"wp-block-spacer\"><\/div>\n\n\n\n<div class=\"wp-block-cover alignfull is-light\" style=\"min-height:401px;aspect-ratio:unset;\"><span aria-hidden=\"true\" class=\"wp-block-cover__background has-background-dim-20 has-background-dim\" style=\"background-color:#ebe3cd\"><\/span><div class=\"wp-block-cover__inner-container is-layout-constrained wp-block-cover-is-layout-constrained\">\n<blockquote class=\"wp-block-quote has-text-align-center is-layout-flow wp-block-quote-is-layout-flow\">\n<p class=\"has-large-font-size\"><mark style=\"background-color:rgba(0, 0, 0, 0);color:#c1b16c\">Wir sind nicht nut verantwortlich f\u00fcr das, was wir tun, sondern auch f\u00fcr das, was wir nicht tun!  <\/mark><\/p>\n\n\n\n<div style=\"height:30px\" aria-hidden=\"true\" class=\"wp-block-spacer\"><\/div>\n<cite><mark style=\"background-color:rgba(0, 0, 0, 0);color:#615f5f\">moli\u00c8re<\/mark><\/cite><\/blockquote>\n<\/div><\/div>\n","protected":false},"excerpt":{"rendered":"<p>Umweltfreundlich und nachhaltig Reisen Umweltfreundlich und nachhaltig Reisen beinhaltet viele Herausforderungen. Reisen geh\u00f6rt leider zu den umweltunfreundlichsten T\u00e4tigkeiten. Trotzdem gibt es das ein oder andere auf das man Acht geben kann, wenn man die Umwelt unterst\u00fctzen m\u00f6chte. Dazu geh\u00f6rt es<\/p>\n","protected":false},"author":1,"featured_media":0,"parent":0,"menu_order":0,"comment_status":"closed","ping_status":"closed","template":"","meta":{"_uag_custom_page_level_css":"","jetpack_post_was_ever_published":false,"footnotes":""},"class_list":["post-11","page","type-page","status-publish","hentry"],"yoast_head":"<!-- This site is optimized with the Yoast SEO plugin v21.4 - https:\/\/yoast.com\/wordpress\/plugins\/seo\/ -->\n<title>Reisen - Simpleco Umweltfreundlich und nachhaltig Reisen<\/title>\n<meta name=\"description\" content=\"Umweltfreundlich und nachhaltig Reisen ist eine Herausforderung. Im folgenden sind Tipps um auch im Urlaub die Umwelt zu unterst\u00fctzen.\" \/>\n<meta name=\"robots\" content=\"index, follow, max-snippet:-1, max-image-preview:large, max-video-preview:-1\" \/>\n<link rel=\"canonical\" href=\"https:\/\/simpleco.info\/umweltfreundlich-und-nachhaltig-reisen\/\" \/>\n<meta property=\"og:locale\" content=\"en_US\" \/>\n<meta property=\"og:type\" content=\"article\" \/>\n<meta property=\"og:title\" content=\"Reisen\" \/>\n<meta property=\"og:description\" content=\"Umweltfreundlich und nachhaltig Reisen ist eine Herausforderung. Im folgenden sind Tipps um auch im Urlaub die Umwelt zu unterst\u00fctzen.\" \/>\n<meta property=\"og:url\" content=\"https:\/\/simpleco.info\/umweltfreundlich-und-nachhaltig-reisen\/\" \/>\n<meta property=\"og:site_name\" content=\"Simpleco\" \/>\n<meta property=\"article:modified_time\" content=\"2023-09-30T08:31:23+00:00\" \/>\n<meta property=\"og:image\" content=\"http:\/\/simpleco.info\/wp-content\/uploads\/2023\/09\/mao-yuqing-866J776RI8M-unsplash-scaled-e1695390048813-833x1024.jpg\" \/>\n<meta name=\"twitter:card\" content=\"summary_large_image\" \/>\n<meta name=\"twitter:label1\" content=\"Est. reading time\" \/>\n\t<meta name=\"twitter:data1\" content=\"5 minutes\" \/>\n<script type=\"application\/ld+json\" class=\"yoast-schema-graph\">{\"@context\":\"https:\/\/schema.org\",\"@graph\":[{\"@type\":\"WebPage\",\"@id\":\"https:\/\/simpleco.info\/umweltfreundlich-und-nachhaltig-reisen\/\",\"url\":\"https:\/\/simpleco.info\/umweltfreundlich-und-nachhaltig-reisen\/\",\"name\":\"[:de]Reisen[:] - Simpleco Umweltfreundlich und nachhaltig Reisen\",\"isPartOf\":{\"@id\":\"https:\/\/simpleco.info\/#website\"},\"datePublished\":\"2020-08-11T17:30:12+00:00\",\"dateModified\":\"2023-09-30T08:31:23+00:00\",\"description\":\"Umweltfreundlich und nachhaltig Reisen ist eine Herausforderung. Im folgenden sind Tipps um auch im Urlaub die Umwelt zu unterst\u00fctzen.\",\"breadcrumb\":{\"@id\":\"https:\/\/simpleco.info\/umweltfreundlich-und-nachhaltig-reisen\/#breadcrumb\"},\"inLanguage\":\"en-US\",\"potentialAction\":[{\"@type\":\"ReadAction\",\"target\":[\"https:\/\/simpleco.info\/umweltfreundlich-und-nachhaltig-reisen\/\"]}]},{\"@type\":\"BreadcrumbList\",\"@id\":\"https:\/\/simpleco.info\/umweltfreundlich-und-nachhaltig-reisen\/#breadcrumb\",\"itemListElement\":[{\"@type\":\"ListItem\",\"position\":1,\"name\":\"Startseite\",\"item\":\"https:\/\/simpleco.info\/\"},{\"@type\":\"ListItem\",\"position\":2,\"name\":\"Reisen\"}]},{\"@type\":\"WebSite\",\"@id\":\"https:\/\/simpleco.info\/#website\",\"url\":\"https:\/\/simpleco.info\/\",\"name\":\"Simpleco\",\"description\":\"Be the change you want to see in the world\",\"publisher\":{\"@id\":\"https:\/\/simpleco.info\/#organization\"},\"potentialAction\":[{\"@type\":\"SearchAction\",\"target\":{\"@type\":\"EntryPoint\",\"urlTemplate\":\"https:\/\/simpleco.info\/?s={search_term_string}\"},\"query-input\":\"required name=search_term_string\"}],\"inLanguage\":\"en-US\"},{\"@type\":\"Organization\",\"@id\":\"https:\/\/simpleco.info\/#organization\",\"name\":\"Simpleco\",\"url\":\"https:\/\/simpleco.info\/\",\"logo\":{\"@type\":\"ImageObject\",\"inLanguage\":\"en-US\",\"@id\":\"https:\/\/simpleco.info\/#\/schema\/logo\/image\/\",\"url\":\"https:\/\/simpleco.info\/wp-content\/uploads\/2023\/09\/cropped-Screenshot-2023-09-30-112546.png\",\"contentUrl\":\"https:\/\/simpleco.info\/wp-content\/uploads\/2023\/09\/cropped-Screenshot-2023-09-30-112546.png\",\"width\":89,\"height\":87,\"caption\":\"Simpleco\"},\"image\":{\"@id\":\"https:\/\/simpleco.info\/#\/schema\/logo\/image\/\"}}]}<\/script>\n<!-- \/ Yoast SEO plugin. -->","yoast_head_json":{"title":"Reisen - Simpleco Umweltfreundlich und nachhaltig Reisen","description":"Umweltfreundlich und nachhaltig Reisen ist eine Herausforderung. Im folgenden sind Tipps um auch im Urlaub die Umwelt zu unterst\u00fctzen.","robots":{"index":"index","follow":"follow","max-snippet":"max-snippet:-1","max-image-preview":"max-image-preview:large","max-video-preview":"max-video-preview:-1"},"canonical":"https:\/\/simpleco.info\/umweltfreundlich-und-nachhaltig-reisen\/","og_locale":"en_US","og_type":"article","og_title":"[:de]Reisen[:] - Simpleco Umweltfreundlich und nachhaltig Reisen","og_description":"Umweltfreundlich und nachhaltig Reisen ist eine Herausforderung. Im folgenden sind Tipps um auch im Urlaub die Umwelt zu unterst\u00fctzen.","og_url":"https:\/\/simpleco.info\/umweltfreundlich-und-nachhaltig-reisen\/","og_site_name":"Simpleco","article_modified_time":"2023-09-30T08:31:23+00:00","og_image":[{"url":"http:\/\/simpleco.info\/wp-content\/uploads\/2023\/09\/mao-yuqing-866J776RI8M-unsplash-scaled-e1695390048813-833x1024.jpg"}],"twitter_card":"summary_large_image","twitter_misc":{"Est. reading time":"5 minutes"},"schema":{"@context":"https:\/\/schema.org","@graph":[{"@type":"WebPage","@id":"https:\/\/simpleco.info\/umweltfreundlich-und-nachhaltig-reisen\/","url":"https:\/\/simpleco.info\/umweltfreundlich-und-nachhaltig-reisen\/","name":"[:de]Reisen[:] - Simpleco Umweltfreundlich und nachhaltig Reisen","isPartOf":{"@id":"https:\/\/simpleco.info\/#website"},"datePublished":"2020-08-11T17:30:12+00:00","dateModified":"2023-09-30T08:31:23+00:00","description":"Umweltfreundlich und nachhaltig Reisen ist eine Herausforderung. Im folgenden sind Tipps um auch im Urlaub die Umwelt zu unterst\u00fctzen.","breadcrumb":{"@id":"https:\/\/simpleco.info\/umweltfreundlich-und-nachhaltig-reisen\/#breadcrumb"},"inLanguage":"en-US","potentialAction":[{"@type":"ReadAction","target":["https:\/\/simpleco.info\/umweltfreundlich-und-nachhaltig-reisen\/"]}]},{"@type":"BreadcrumbList","@id":"https:\/\/simpleco.info\/umweltfreundlich-und-nachhaltig-reisen\/#breadcrumb","itemListElement":[{"@type":"ListItem","position":1,"name":"Startseite","item":"https:\/\/simpleco.info\/"},{"@type":"ListItem","position":2,"name":"Reisen"}]},{"@type":"WebSite","@id":"https:\/\/simpleco.info\/#website","url":"https:\/\/simpleco.info\/","name":"Simpleco","description":"Be the change you want to see in the world","publisher":{"@id":"https:\/\/simpleco.info\/#organization"},"potentialAction":[{"@type":"SearchAction","target":{"@type":"EntryPoint","urlTemplate":"https:\/\/simpleco.info\/?s={search_term_string}"},"query-input":"required name=search_term_string"}],"inLanguage":"en-US"},{"@type":"Organization","@id":"https:\/\/simpleco.info\/#organization","name":"Simpleco","url":"https:\/\/simpleco.info\/","logo":{"@type":"ImageObject","inLanguage":"en-US","@id":"https:\/\/simpleco.info\/#\/schema\/logo\/image\/","url":"https:\/\/simpleco.info\/wp-content\/uploads\/2023\/09\/cropped-Screenshot-2023-09-30-112546.png","contentUrl":"https:\/\/simpleco.info\/wp-content\/uploads\/2023\/09\/cropped-Screenshot-2023-09-30-112546.png","width":89,"height":87,"caption":"Simpleco"},"image":{"@id":"https:\/\/simpleco.info\/#\/schema\/logo\/image\/"}}]}},"jetpack_sharing_enabled":true,"uagb_featured_image_src":{"full":false,"thumbnail":false,"medium":false,"medium_large":false,"large":false,"1536x1536":false,"2048x2048":false,"featured-blog-large":false,"featured-blog-medium":false,"featured":false,"featured-blog-medium-small":false},"uagb_author_info":{"display_name":"Katze1241","author_link":"https:\/\/simpleco.info\/en\/author\/katze1241\/"},"uagb_comment_info":0,"uagb_excerpt":"Umweltfreundlich und nachhaltig Reisen Umweltfreundlich und nachhaltig Reisen beinhaltet viele Herausforderungen. Reisen geh\u00f6rt leider zu den umweltunfreundlichsten T\u00e4tigkeiten. Trotzdem gibt es das ein oder andere auf das man Acht geben kann, wenn man die Umwelt unterst\u00fctzen m\u00f6chte. Dazu geh\u00f6rt es","_links":{"self":[{"href":"https:\/\/simpleco.info\/en\/wp-json\/wp\/v2\/pages\/11","targetHints":{"allow":["GET"]}}],"collection":[{"href":"https:\/\/simpleco.info\/en\/wp-json\/wp\/v2\/pages"}],"about":[{"href":"https:\/\/simpleco.info\/en\/wp-json\/wp\/v2\/types\/page"}],"author":[{"embeddable":true,"href":"https:\/\/simpleco.info\/en\/wp-json\/wp\/v2\/users\/1"}],"replies":[{"embeddable":true,"href":"https:\/\/simpleco.info\/en\/wp-json\/wp\/v2\/comments?post=11"}],"version-history":[{"count":0,"href":"https:\/\/simpleco.info\/en\/wp-json\/wp\/v2\/pages\/11\/revisions"}],"wp:attachment":[{"href":"https:\/\/simpleco.info\/en\/wp-json\/wp\/v2\/media?parent=11"}],"curies":[{"name":"wp","href":"https:\/\/api.w.org\/{rel}","templated":true}]}}