{"id":13,"date":"2020-08-11T19:30:12","date_gmt":"2020-08-11T17:30:12","guid":{"rendered":"http:\/\/simpleco.info\/?page_id=13"},"modified":"2023-12-06T08:50:32","modified_gmt":"2023-12-06T07:50:32","slug":"oekologisch-und-nachhahltig-wohnen","status":"publish","type":"page","link":"https:\/\/simpleco.info\/en\/oekologisch-und-nachhahltig-wohnen\/","title":{"rendered":"Zuhause"},"content":{"rendered":"\n<h2 class=\"wp-block-heading\">Nachhaltig Wohnen<\/h2>\n\n\n\n<p style=\"font-size:18px\">Ein gro\u00dfer Teil des Umweltschutzes findet in den eigenen vier W\u00e4nden statt, da wir dort unseren Alltag verbringen. Hier kannst du mit gutem, nachhaltigen Beispiel vorangehen indem du ein paar <strong>simple Tipps<\/strong> befolgst. In den folgenden Beitr\u00e4gen erh\u00e4ltst du Tipps wie du \u00f6kologisch und nachhaltig wohnen und dein Zuhause gestalten und einrichten kannst. Die genannten Ratschl\u00e4ge helfen der <strong>Umwelt<\/strong> <strong>und <\/strong>zumeist auch deiner <strong>Brieftasche<\/strong>.<\/p>\n\n\n\n<p style=\"font-size:18px\">Wichtig, hier geht es nicht darum, dass du auf alles verzichten musst. <strong>Sch\u00f6n und umweltfreundlich<\/strong> gehen hier Hand in Hand.<\/p>\n\n\n\n<p style=\"font-size:18px\">Zum einen erf\u00e4hrst du wie du deine <strong>Wohnung <\/strong>\u00f6kologisch und nachhaltig <strong>einrichtest <\/strong>und gestaltest. Au\u00dferdem erf\u00e4hrst du wie du dein Zuhause umweltfreundlich <strong>reinigen <\/strong>kannst, sodass sowohl Chemikalien im Wasser als auch M\u00fcll vermieden werden. Zus\u00e4tzlich erh\u00e4ltst du eine Reihe von Vorschl\u00e4gen die du Zuhause anwenden kannst um <strong>Strom <\/strong>zu <strong>sparen<\/strong>.<\/p>\n\n\n\n<p style=\"font-size:18px\">Verwandel dein Zuhause Step by Step in eine gr\u00fcne Zone, in der du dich wohl f\u00fchlst.<\/p>\n\n\n\n<div style=\"height:20px\" aria-hidden=\"true\" class=\"wp-block-spacer\"><\/div>\n\n\n\n<h2 class=\"wp-block-heading\">M\u00fclltrennung<\/h2>\n\n\n\n<p style=\"font-size:18px\">Ein wichtiges Thema f\u00fcr jedes Zuhause ist die M\u00fclltrennung. Ein Deutscher produziert im Durschnitt 626 kg M\u00fcll pro Jahr. In Summe von allen Menschen in und auch au\u00dferhalb von Deutschland kommt einiges zusammen. Deshalb ist es umso wichtiger dabei zu unterst\u00fctzen, dass so viel wie m\u00f6glich davon recycelt werden kann.<\/p>\n\n\n\n<p style=\"font-size:18px\">In Deutschland wurde in den 1990er Jahren die gelbe Tonne bzw. der gelbe Sack eingef\u00fchrt um Abfallmengen langfristig zu verringern und Wertstoffe angemessen recyceln zu k\u00f6nnen. Davon k\u00f6nnen heute 40% recycelt werden. Rechnet man auch Altpapier, Altglas, Biom\u00fcll und Elektroschrott hinzu so werden fast <strong>60% <\/strong>des M\u00fclls <strong>recycelt<\/strong>.<br>Dies funktioniert jedoch <strong>nur <\/strong>dann <strong>effektiv<\/strong>, <strong>wenn <\/strong>der M\u00fcll vorher <strong>richtig getrennt <\/strong>und <strong>fachgerecht entsorgt <\/strong>wurde.<\/p>\n\n\n\n<p style=\"font-size:18px\">Zeitungen kommen ins Altpapier, leere Joghurtbecher in den gelben Sack und Obst- und Gem\u00fcseschalen in die Biotonne.<br>Bei komplizierteren Gegenst\u00e4nden wie z.B. Batterien, Cd\u00b4s und Co kann man immer das Internet zu Rate ziehen.<br><strong>Mehr Infos<\/strong> zur M\u00fcllentsorgung findet ihr <a href=\"https:\/\/utopia.de\/ratgeber\/muelltrennung-recycling\/\" target=\"_blank\" rel=\"noreferrer noopener\">hier<\/a>.<\/p>\n\n\n\n<p><\/p>\n\n\n\n<h2 class=\"wp-block-heading\">Ausleihen statt kaufen<\/h2>\n\n\n\n<p style=\"font-size:18px\">Auf der Plattform <a href=\"https:\/\/nebenan.de\/\">nebenan.de <\/a>kannst du dich anmelden und neue Leute kennenlernen, Schn\u00e4ppchen finden, Empfehlungen austauschen. <\/p>\n\n\n\n<p style=\"font-size:18px\">Das meiner Meinung nach Beste ist, du kannst dir dort auch Sachen von deinen Nachbarn ausleihen. So brauchst du diese nicht neu\/gebraucht zu kaufen sondern holst sie einfach nebenan ab und bringst sie, vielleicht mit einer kleinen Schokolade o.\u00e4. wieder zur\u00fcck \ud83d\ude42 <br>So zum Beispiel Handwerksger\u00e4te wie Bohrmaschinen, hohe Leitern, Hei\u00dfklebepistolen, Tapeziertische etc. <\/p>\n\n\n\n<p style=\"font-size:18px\">Au\u00dferdem werdem \u00fcber diese Plattform auch Events geteilt bei denen man gemeinsam als Community die Nachbarscht ein bisschen sch\u00f6ner macht, wie beispielsweise Aufr\u00e4um- oder Begr\u00fcnungsaktionen. Dies ist eine tolle M\u00f6glichkeit dich f\u00fcr die Nachhaltigkeit in deiner Umgebung zu engagieren und dich gleichzeitig mit deinen Nachbarn zu vernetzen. Auch andere Events wie Hofm\u00e4rkte, Picknicke, etc. werden dort geteilt oder du kannst selbst eins starten wie z.B. gemeinsam Pilze sammeln oder ein Playdate f\u00fcr die Kinder. <\/p>\n\n\n\n<p style=\"font-size:18px\">Au\u00dferdem kannst \u00fcber den Marktplatz all die Dinge die du nicht mehr brauchst verkaufen oder verschenken.  Leih dir Werkzeug aus. Finde einen Babysitter. Hol dir handwerkliche Tipps. Ganz egal wobei du Unterst\u00fctzung brauchst, bei <a href=\"https:\/\/nebenan.de\/\">nebenan.de<\/a> findest du hilfsbereite Menschen direkt in deiner N\u00e4he \ud83d\ude42<\/p>\n\n\n\n<hr class=\"wp-block-separator has-css-opacity is-style-wide\"\/>\n\n\n\n<div style=\"height:10px\" aria-hidden=\"true\" class=\"wp-block-spacer\"><\/div>\n\n\n\n<div class=\"wp-block-columns is-layout-flex wp-container-core-columns-is-layout-1 wp-block-columns-is-layout-flex\">\n<div class=\"wp-block-column is-layout-flow wp-block-column-is-layout-flow\">\n<div class=\"wp-block-media-text alignwide is-stacked-on-mobile\" style=\"grid-template-columns:52% auto\"><figure class=\"wp-block-media-text__media\"><img loading=\"lazy\" decoding=\"async\" width=\"1024\" height=\"747\" src=\"http:\/\/simpleco.info\/wp-content\/uploads\/2020\/08\/pexels-daria-shevtsova-1054974-scaled-e1598892542650-1024x747.jpg\" alt=\"\u00d6kologisch und nachhaltig Wohnen\" class=\"wp-image-439 size-full\" srcset=\"https:\/\/simpleco.info\/wp-content\/uploads\/2020\/08\/pexels-daria-shevtsova-1054974-scaled-e1598892542650-1024x747.jpg 1024w, https:\/\/simpleco.info\/wp-content\/uploads\/2020\/08\/pexels-daria-shevtsova-1054974-scaled-e1598892542650-300x219.jpg 300w, https:\/\/simpleco.info\/wp-content\/uploads\/2020\/08\/pexels-daria-shevtsova-1054974-scaled-e1598892542650-768x560.jpg 768w, https:\/\/simpleco.info\/wp-content\/uploads\/2020\/08\/pexels-daria-shevtsova-1054974-scaled-e1598892542650-1536x1121.jpg 1536w, https:\/\/simpleco.info\/wp-content\/uploads\/2020\/08\/pexels-daria-shevtsova-1054974-scaled-e1598892542650.jpg 1920w\" sizes=\"auto, (max-width: 1024px) 100vw, 1024px\" \/><\/figure><div class=\"wp-block-media-text__content\">\n<p style=\"font-size:31px\"><a href=\"http:\/\/simpleco.info\/nachhaltig-einrichten\/\">Einrichten<\/a><\/p>\n<\/div><\/div>\n<\/div>\n\n\n\n<div class=\"wp-block-column is-layout-flow wp-block-column-is-layout-flow\">\n<div class=\"wp-block-media-text alignwide is-stacked-on-mobile\" style=\"grid-template-columns:57% auto\"><figure class=\"wp-block-media-text__media\"><img loading=\"lazy\" decoding=\"async\" width=\"1024\" height=\"683\" src=\"http:\/\/simpleco.info\/wp-content\/uploads\/2020\/08\/pexels-pixabay-48889-1024x683.jpg\" alt=\"\u00d6kologisch und nachhaltig Putzen\" class=\"wp-image-440 size-full\" srcset=\"https:\/\/simpleco.info\/wp-content\/uploads\/2020\/08\/pexels-pixabay-48889-1024x683.jpg 1024w, https:\/\/simpleco.info\/wp-content\/uploads\/2020\/08\/pexels-pixabay-48889-300x200.jpg 300w, https:\/\/simpleco.info\/wp-content\/uploads\/2020\/08\/pexels-pixabay-48889-768x512.jpg 768w, https:\/\/simpleco.info\/wp-content\/uploads\/2020\/08\/pexels-pixabay-48889-1536x1024.jpg 1536w, https:\/\/simpleco.info\/wp-content\/uploads\/2020\/08\/pexels-pixabay-48889-2048x1365.jpg 2048w\" sizes=\"auto, (max-width: 1024px) 100vw, 1024px\" \/><\/figure><div class=\"wp-block-media-text__content\">\n<p style=\"font-size:31px\"><a href=\"http:\/\/simpleco.info\/einfach-oekologisch-und-nachhaltig-putzen\/\">Putzen<\/a><\/p>\n<\/div><\/div>\n<\/div>\n\n\n\n<div class=\"wp-block-column is-layout-flow wp-block-column-is-layout-flow\">\n<div class=\"wp-block-media-text alignwide is-stacked-on-mobile\" style=\"grid-template-columns:40% auto\"><figure class=\"wp-block-media-text__media\"><img loading=\"lazy\" decoding=\"async\" width=\"1024\" height=\"989\" src=\"http:\/\/simpleco.info\/wp-content\/uploads\/2020\/08\/pexels-burak-k-45072-scaled-e1600011722851-1024x989.jpg\" alt=\"Energiespar Gl\u00fchbirnen Lichterkette LED Nachhaltig Wohnen\" class=\"wp-image-441 size-full\" srcset=\"https:\/\/simpleco.info\/wp-content\/uploads\/2020\/08\/pexels-burak-k-45072-scaled-e1600011722851-1024x989.jpg 1024w, https:\/\/simpleco.info\/wp-content\/uploads\/2020\/08\/pexels-burak-k-45072-scaled-e1600011722851-300x290.jpg 300w, https:\/\/simpleco.info\/wp-content\/uploads\/2020\/08\/pexels-burak-k-45072-scaled-e1600011722851-768x742.jpg 768w, https:\/\/simpleco.info\/wp-content\/uploads\/2020\/08\/pexels-burak-k-45072-scaled-e1600011722851-1536x1483.jpg 1536w, https:\/\/simpleco.info\/wp-content\/uploads\/2020\/08\/pexels-burak-k-45072-scaled-e1600011722851.jpg 1768w\" sizes=\"auto, (max-width: 1024px) 100vw, 1024px\" \/><\/figure><div class=\"wp-block-media-text__content\">\n<p style=\"font-size:31px\"><a href=\"http:\/\/simpleco.info\/einfache-tipps-um-strom-zu-sparen\/\">Energie sparen<\/a><\/p>\n<\/div><\/div>\n<\/div>\n<\/div>\n","protected":false},"excerpt":{"rendered":"<p>Nachhaltig Wohnen Ein gro\u00dfer Teil des Umweltschutzes findet in den eigenen vier W\u00e4nden statt, da wir dort unseren Alltag verbringen. Hier kannst du mit gutem, nachhaltigen Beispiel vorangehen indem du ein paar simple Tipps befolgst. In den folgenden Beitr\u00e4gen erh\u00e4ltst<\/p>\n","protected":false},"author":1,"featured_media":0,"parent":0,"menu_order":0,"comment_status":"closed","ping_status":"closed","template":"","meta":{"_uag_custom_page_level_css":"","jetpack_post_was_ever_published":false,"footnotes":""},"class_list":["post-13","page","type-page","status-publish","hentry"],"yoast_head":"<!-- This site is optimized with the Yoast SEO plugin v21.4 - https:\/\/yoast.com\/wordpress\/plugins\/seo\/ -->\n<title>\u00d6kologisch und nachhaltig Wohnen - Zuhause<\/title>\n<meta name=\"description\" content=\"\u00d6kologisch und nachhaltig Wohnen. Tipps um umweltfreundlich dein Zuhause einzurichten, zu putzen und Energie zu sparen.\" \/>\n<meta name=\"robots\" content=\"index, follow, max-snippet:-1, max-image-preview:large, max-video-preview:-1\" \/>\n<link rel=\"canonical\" href=\"https:\/\/simpleco.info\/oekologisch-und-nachhahltig-wohnen\/\" \/>\n<meta property=\"og:locale\" content=\"en_US\" \/>\n<meta property=\"og:type\" content=\"article\" \/>\n<meta property=\"og:title\" content=\"Zuhause\" \/>\n<meta property=\"og:description\" content=\"\u00d6kologisch und nachhaltig Wohnen. Tipps um umweltfreundlich dein Zuhause einzurichten, zu putzen und Energie zu sparen.\" \/>\n<meta property=\"og:url\" content=\"https:\/\/simpleco.info\/oekologisch-und-nachhahltig-wohnen\/\" \/>\n<meta property=\"og:site_name\" content=\"Simpleco\" \/>\n<meta property=\"article:modified_time\" content=\"2023-12-06T07:50:32+00:00\" \/>\n<meta property=\"og:image\" content=\"http:\/\/simpleco.info\/wp-content\/uploads\/2020\/08\/pexels-daria-shevtsova-1054974-scaled-e1598892542650-1024x747.jpg\" \/>\n<meta name=\"twitter:card\" content=\"summary_large_image\" \/>\n<meta name=\"twitter:label1\" content=\"Est. reading time\" \/>\n\t<meta name=\"twitter:data1\" content=\"4 minutes\" \/>\n<script type=\"application\/ld+json\" class=\"yoast-schema-graph\">{\"@context\":\"https:\/\/schema.org\",\"@graph\":[{\"@type\":\"WebPage\",\"@id\":\"https:\/\/simpleco.info\/oekologisch-und-nachhahltig-wohnen\/\",\"url\":\"https:\/\/simpleco.info\/oekologisch-und-nachhahltig-wohnen\/\",\"name\":\"\u00d6kologisch und nachhaltig Wohnen - Simpleco [:de]Zuhause[:]\",\"isPartOf\":{\"@id\":\"https:\/\/simpleco.info\/#website\"},\"datePublished\":\"2020-08-11T17:30:12+00:00\",\"dateModified\":\"2023-12-06T07:50:32+00:00\",\"description\":\"\u00d6kologisch und nachhaltig Wohnen. Tipps um umweltfreundlich dein Zuhause einzurichten, zu putzen und Energie zu sparen.\",\"breadcrumb\":{\"@id\":\"https:\/\/simpleco.info\/oekologisch-und-nachhahltig-wohnen\/#breadcrumb\"},\"inLanguage\":\"en-US\",\"potentialAction\":[{\"@type\":\"ReadAction\",\"target\":[\"https:\/\/simpleco.info\/oekologisch-und-nachhahltig-wohnen\/\"]}]},{\"@type\":\"BreadcrumbList\",\"@id\":\"https:\/\/simpleco.info\/oekologisch-und-nachhahltig-wohnen\/#breadcrumb\",\"itemListElement\":[{\"@type\":\"ListItem\",\"position\":1,\"name\":\"Startseite\",\"item\":\"https:\/\/simpleco.info\/\"},{\"@type\":\"ListItem\",\"position\":2,\"name\":\"Zuhause\"}]},{\"@type\":\"WebSite\",\"@id\":\"https:\/\/simpleco.info\/#website\",\"url\":\"https:\/\/simpleco.info\/\",\"name\":\"Simpleco\",\"description\":\"Be the change you want to see in the world\",\"publisher\":{\"@id\":\"https:\/\/simpleco.info\/#organization\"},\"potentialAction\":[{\"@type\":\"SearchAction\",\"target\":{\"@type\":\"EntryPoint\",\"urlTemplate\":\"https:\/\/simpleco.info\/?s={search_term_string}\"},\"query-input\":\"required name=search_term_string\"}],\"inLanguage\":\"en-US\"},{\"@type\":\"Organization\",\"@id\":\"https:\/\/simpleco.info\/#organization\",\"name\":\"Simpleco\",\"url\":\"https:\/\/simpleco.info\/\",\"logo\":{\"@type\":\"ImageObject\",\"inLanguage\":\"en-US\",\"@id\":\"https:\/\/simpleco.info\/#\/schema\/logo\/image\/\",\"url\":\"https:\/\/simpleco.info\/wp-content\/uploads\/2023\/09\/cropped-Screenshot-2023-09-30-112546.png\",\"contentUrl\":\"https:\/\/simpleco.info\/wp-content\/uploads\/2023\/09\/cropped-Screenshot-2023-09-30-112546.png\",\"width\":89,\"height\":87,\"caption\":\"Simpleco\"},\"image\":{\"@id\":\"https:\/\/simpleco.info\/#\/schema\/logo\/image\/\"}}]}<\/script>\n<!-- \/ Yoast SEO plugin. -->","yoast_head_json":{"title":"\u00d6kologisch und nachhaltig Wohnen - Zuhause","description":"\u00d6kologisch und nachhaltig Wohnen. Tipps um umweltfreundlich dein Zuhause einzurichten, zu putzen und Energie zu sparen.","robots":{"index":"index","follow":"follow","max-snippet":"max-snippet:-1","max-image-preview":"max-image-preview:large","max-video-preview":"max-video-preview:-1"},"canonical":"https:\/\/simpleco.info\/oekologisch-und-nachhahltig-wohnen\/","og_locale":"en_US","og_type":"article","og_title":"\u00d6kologisch und nachhaltig Wohnen - Simpleco [:de]Zuhause[:]","og_description":"\u00d6kologisch und nachhaltig Wohnen. Tipps um umweltfreundlich dein Zuhause einzurichten, zu putzen und Energie zu sparen.","og_url":"https:\/\/simpleco.info\/oekologisch-und-nachhahltig-wohnen\/","og_site_name":"Simpleco","article_modified_time":"2023-12-06T07:50:32+00:00","og_image":[{"url":"http:\/\/simpleco.info\/wp-content\/uploads\/2020\/08\/pexels-daria-shevtsova-1054974-scaled-e1598892542650-1024x747.jpg"}],"twitter_card":"summary_large_image","twitter_misc":{"Est. reading time":"4 minutes"},"schema":{"@context":"https:\/\/schema.org","@graph":[{"@type":"WebPage","@id":"https:\/\/simpleco.info\/oekologisch-und-nachhahltig-wohnen\/","url":"https:\/\/simpleco.info\/oekologisch-und-nachhahltig-wohnen\/","name":"\u00d6kologisch und nachhaltig Wohnen - Simpleco [:de]Zuhause[:]","isPartOf":{"@id":"https:\/\/simpleco.info\/#website"},"datePublished":"2020-08-11T17:30:12+00:00","dateModified":"2023-12-06T07:50:32+00:00","description":"\u00d6kologisch und nachhaltig Wohnen. Tipps um umweltfreundlich dein Zuhause einzurichten, zu putzen und Energie zu sparen.","breadcrumb":{"@id":"https:\/\/simpleco.info\/oekologisch-und-nachhahltig-wohnen\/#breadcrumb"},"inLanguage":"en-US","potentialAction":[{"@type":"ReadAction","target":["https:\/\/simpleco.info\/oekologisch-und-nachhahltig-wohnen\/"]}]},{"@type":"BreadcrumbList","@id":"https:\/\/simpleco.info\/oekologisch-und-nachhahltig-wohnen\/#breadcrumb","itemListElement":[{"@type":"ListItem","position":1,"name":"Startseite","item":"https:\/\/simpleco.info\/"},{"@type":"ListItem","position":2,"name":"Zuhause"}]},{"@type":"WebSite","@id":"https:\/\/simpleco.info\/#website","url":"https:\/\/simpleco.info\/","name":"Simpleco","description":"Be the change you want to see in the world","publisher":{"@id":"https:\/\/simpleco.info\/#organization"},"potentialAction":[{"@type":"SearchAction","target":{"@type":"EntryPoint","urlTemplate":"https:\/\/simpleco.info\/?s={search_term_string}"},"query-input":"required name=search_term_string"}],"inLanguage":"en-US"},{"@type":"Organization","@id":"https:\/\/simpleco.info\/#organization","name":"Simpleco","url":"https:\/\/simpleco.info\/","logo":{"@type":"ImageObject","inLanguage":"en-US","@id":"https:\/\/simpleco.info\/#\/schema\/logo\/image\/","url":"https:\/\/simpleco.info\/wp-content\/uploads\/2023\/09\/cropped-Screenshot-2023-09-30-112546.png","contentUrl":"https:\/\/simpleco.info\/wp-content\/uploads\/2023\/09\/cropped-Screenshot-2023-09-30-112546.png","width":89,"height":87,"caption":"Simpleco"},"image":{"@id":"https:\/\/simpleco.info\/#\/schema\/logo\/image\/"}}]}},"jetpack_sharing_enabled":true,"uagb_featured_image_src":{"full":false,"thumbnail":false,"medium":false,"medium_large":false,"large":false,"1536x1536":false,"2048x2048":false,"featured-blog-large":false,"featured-blog-medium":false,"featured":false,"featured-blog-medium-small":false},"uagb_author_info":{"display_name":"Katze1241","author_link":"https:\/\/simpleco.info\/en\/author\/katze1241\/"},"uagb_comment_info":0,"uagb_excerpt":"Nachhaltig Wohnen Ein gro\u00dfer Teil des Umweltschutzes findet in den eigenen vier W\u00e4nden statt, da wir dort unseren Alltag verbringen. Hier kannst du mit gutem, nachhaltigen Beispiel vorangehen indem du ein paar simple Tipps befolgst. In den folgenden Beitr\u00e4gen erh\u00e4ltst","_links":{"self":[{"href":"https:\/\/simpleco.info\/en\/wp-json\/wp\/v2\/pages\/13","targetHints":{"allow":["GET"]}}],"collection":[{"href":"https:\/\/simpleco.info\/en\/wp-json\/wp\/v2\/pages"}],"about":[{"href":"https:\/\/simpleco.info\/en\/wp-json\/wp\/v2\/types\/page"}],"author":[{"embeddable":true,"href":"https:\/\/simpleco.info\/en\/wp-json\/wp\/v2\/users\/1"}],"replies":[{"embeddable":true,"href":"https:\/\/simpleco.info\/en\/wp-json\/wp\/v2\/comments?post=13"}],"version-history":[{"count":1,"href":"https:\/\/simpleco.info\/en\/wp-json\/wp\/v2\/pages\/13\/revisions"}],"predecessor-version":[{"id":3860,"href":"https:\/\/simpleco.info\/en\/wp-json\/wp\/v2\/pages\/13\/revisions\/3860"}],"wp:attachment":[{"href":"https:\/\/simpleco.info\/en\/wp-json\/wp\/v2\/media?parent=13"}],"curies":[{"name":"wp","href":"https:\/\/api.w.org\/{rel}","templated":true}]}}