{"id":15,"date":"2020-08-11T19:30:12","date_gmt":"2020-08-11T17:30:12","guid":{"rendered":"http:\/\/simpleco.info\/?page_id=15"},"modified":"2023-09-28T09:26:47","modified_gmt":"2023-09-28T07:26:47","slug":"nachhaltig-gut-ernaehren","status":"publish","type":"page","link":"https:\/\/simpleco.info\/en\/nachhaltig-gut-ernaehren\/","title":{"rendered":"Ern\u00e4hrung"},"content":{"rendered":"\n<h2 class=\"wp-block-heading\">Iss, was gut f\u00fcr dich ist<\/h2>\n\n\n\n<p style=\"font-size:19px\">Einfach nachhaltig und gesund ern\u00e4hren. Besonders das Thema Ern\u00e4hrung enth\u00e4lt eine gro\u00dfe Bandbreite an nachhaltigen M\u00f6glichkeiten.  <br>Vom <strong><a href=\"http:\/\/simpleco.info\/umweltfreundlich-einkaufen\/\" rel=\"nofollow\">Einkauf<\/a><\/strong> \u00fcber die <strong><a href=\"http:\/\/simpleco.info\/nachhaltig-zubereiten-und-kochen\/\">Zubereitung<\/a><\/strong>, bis hin zur <strong><a href=\"http:\/\/simpleco.info\/nachhaltig-aufbewahren-und-spuelen\/\">Aufbewahrung <\/a><\/strong>wurde hier eine Sammlung von Tipps aufgelistet welche du ganz einfach in deinen Alltag integrieren kannst. <\/p>\n\n\n\n<div style=\"height:20px\" aria-hidden=\"true\" class=\"wp-block-spacer\"><\/div>\n\n\n\n<h2 class=\"wp-block-heading\">Zero-Waste:<\/h2>\n\n\n\n<p style=\"font-size:18px\">Nutze die <strong>Lebensmittel<\/strong> die du <strong>Zuhause <\/strong>hast um zu vermeiden, dass diese ablaufen und wegschmissen werden m\u00fcssen.<\/p>\n\n\n\n<p style=\"font-size:18px\">Kaufe lieber <strong>weniger<\/strong>, daf\u00fcr <strong>aber \u00f6fters <\/strong>ein. Dadurch vermeidest du, dass Lebensmittel schneller schlecht werden als du sie verbrauchen kannst. <\/p>\n\n\n\n<p style=\"font-size:18px\">\u00dcberlege dir <strong>Rezeptketten<\/strong>. Hei\u00dft, wenn du ein Gericht kochst bei dem du wei\u00dft, dass am Ende beispielsweise eine halbe Packung Feta \u00fcbrig bleibt, \u00fcberlege dir Rezepte mit denen du diesen verbrauchen kannst, sodass er nicht weggeschmissen wird. Beispielsweise einen Couscoussalat mit Feta f\u00fcr den n\u00e4chsten Tag. <\/p>\n\n\n\n<div style=\"height:20px\" aria-hidden=\"true\" class=\"wp-block-spacer\"><\/div>\n\n\n\n<h2 class=\"wp-block-heading\">Zwangloser Fleischverzicht:<\/h2>\n\n\n\n<p style=\"font-size:18px\">Nimm <strong>weniger Fleisch <\/strong>und <strong>Tierprodukte <\/strong>zu dir. Du musst nicht zum Vegetarier oder Veganer werden. Achte einfach in deinem Alltag darauf ob sich eine <strong>alternative <\/strong>anbietet welche dich genauso anspricht. Bist du z.B. in der Pizzeria und hast die Wahl einer vegetarischen Pizza welche <strong>dich genauso anspricht<\/strong> wie eine mit Fleisch, w\u00e4hle doch einfach mal die Alternative. Empfehlung: Pizza Buratta mit Tomaten, Rucola und nat\u00fcrlich Buratta. <\/p>\n\n\n\n<p style=\"font-size:18px\">Was du auch machen kannst: Suche dir <strong>eine Mahlzeit<\/strong> in der Woche, bei der du <strong>bewusst vegetarisch <\/strong>oder sogar <strong>vegan <\/strong>isst. Zum Beispiel Mittwochs zum Fr\u00fchst\u00fcck oder Abendessen. Oder, falls du in der Arbeit isst, ein Lunchpaket in der Woche vegetarisch oder vegan. \u00dcber die Zeit wirst du mehr und mehr Gerichte kennen die dir gut gefallen und kannst dadurch ganz leicht die H\u00e4ufigkeiten solcher Mahlzeiten steigern. Wenn du ein paar Starthilfen brauchst schau gerne in folgende <a href=\"https:\/\/utopia.de\/ratgeber\/vegan-kochen-ohne-ersatzprodukte-ganz-einfach-mit-diesen-rezepten\/\" target=\"_blank\" rel=\"noreferrer noopener\">Rezeptesammlung<\/a>.<\/p>\n\n\n\n<p style=\"font-size:18px\">Ein anderer Tipp ist die App <a href=\"https:\/\/www.kptncook.com\/de\/index\">KptnCook<\/a>, bei der du jeden Tag 3 neue Rezeptvorschl\u00e4ge erh\u00e4ltst die du speichern und im Anschluss nach vegetarisch oder vegan filtern kannst.<\/p>\n\n\n\n<p style=\"font-size:18px\">Eine Umstellung deiner Ern\u00e4hrung ist nicht nur gut f\u00fcr die Umwelt! Es ist sehr <strong>gesund <\/strong>f\u00fcr deinen K\u00f6rper, gut f\u00fcr deine <strong>Figur <\/strong>und gibt dir viel <strong>mehr Energie <\/strong>\u00fcber den Tag hinweg. <\/p>\n\n\n\n<div style=\"height:20px\" aria-hidden=\"true\" class=\"wp-block-spacer\"><\/div>\n\n\n\n<h2 class=\"wp-block-heading\">Bio und Demeter:<\/h2>\n\n\n\n<p style=\"font-size:18px\">Bio und Demeter Produkte sind nicht nur gut f\u00fcr die Umwelt und <strong>Erdb\u00f6den<\/strong>. Sie enthalten <strong>weniger Pestizide, mehr N\u00e4hrstoffe, weniger Nitrat<\/strong> und <strong>mehr Genuss!<\/strong><\/p>\n\n\n\n<p style=\"font-size:18px\">Bei Tierprodukten, wie z.B. Milch kommt noch die <strong>artgerechetere Tierhaltung <\/strong>hinzu. So sind Hersteller von Bioprodukten dazu verpflichtet Mindestanforderungen an die Tierhaltung zu erf\u00fcllen. W\u00e4hlst du Demeter statt Bio geht es den Tieren sogar noch ein bisschen besser \ud83d\ude42<\/p>\n\n\n\n<p style=\"font-size:18px\">Bio muss auch <strong>nicht <\/strong>immer <strong>teurer <\/strong>sein. Ein gro\u00dfer Anteil der Produkte wird mittlerweile zu \u00e4hnlichen Preisen angeboten wie Nicht-Bio Produkte in anderen Superm\u00e4rkten. Schaue daf\u00fcr bei gro\u00dfen <strong>Ketten <\/strong>wie Alnatura oder Dm vorbei und probiers. <\/p>\n\n\n\n<p style=\"font-size:18px\">Dadurch kannst du dich einfach, nachhaltig und gesund ern\u00e4hren. <\/p>\n\n\n\n<div style=\"height:20px\" aria-hidden=\"true\" class=\"wp-block-spacer\"><\/div>\n\n\n\n<h2 class=\"wp-block-heading\">Gar keine Lust zu kochen?<\/h2>\n\n\n\n<p style=\"font-size:18px\">Nutze Webseiten und Apps wie <a href=\"https:\/\/toogoodtogo.de\/de\/\" target=\"_blank\" rel=\"noreferrer noopener\">TooGoodToGo<\/a>. Hier werden \u00fcberproduzierte Lebensmittel und Gerichte von Gesch\u00e4ften und Restaurants zu g\u00fcnstigen Preisen angeboten. Dadurch wird das <strong>Essen <\/strong>vor der M\u00fclltonne <strong>gerettet <\/strong>und unterst\u00fctzt die H\u00e4ndler. Und du <strong>spart <\/strong>dir die <strong>Zeit <\/strong>f\u00fcrs Kochen und <strong>Geld<\/strong>, als wenn du auf den urspr\u00fcnglichen Weg einkaufst. Dies beinhaltet nicht nur fertig gekochte Gerichte sondern auch Lebensmittel von Superm\u00e4rkten, so auch der Basic Biomarkt, oder Brot in B\u00e4ckereien.<\/p>\n\n\n\n<div style=\"height:5px\" aria-hidden=\"true\" class=\"wp-block-spacer\"><\/div>\n\n\n\n<hr class=\"wp-block-separator has-css-opacity is-style-wide\"\/>\n\n\n\n<div style=\"height:10px\" aria-hidden=\"true\" class=\"wp-block-spacer\"><\/div>\n\n\n\n<div class=\"wp-block-columns is-layout-flex wp-container-core-columns-is-layout-1 wp-block-columns-is-layout-flex\">\n<div class=\"wp-block-column is-vertically-aligned-center is-layout-flow wp-block-column-is-layout-flow\">\n<div class=\"wp-block-media-text alignwide is-stacked-on-mobile\"><figure class=\"wp-block-media-text__media\"><img loading=\"lazy\" decoding=\"async\" width=\"1024\" height=\"679\" src=\"http:\/\/simpleco.info\/wp-content\/uploads\/2020\/08\/markus-spiske-Lq-OvaORRQ-unsplash-1024x679.jpg\" alt=\"\" class=\"wp-image-61 size-full\" srcset=\"https:\/\/simpleco.info\/wp-content\/uploads\/2020\/08\/markus-spiske-Lq-OvaORRQ-unsplash-1024x679.jpg 1024w, https:\/\/simpleco.info\/wp-content\/uploads\/2020\/08\/markus-spiske-Lq-OvaORRQ-unsplash-300x199.jpg 300w, https:\/\/simpleco.info\/wp-content\/uploads\/2020\/08\/markus-spiske-Lq-OvaORRQ-unsplash-768x509.jpg 768w, https:\/\/simpleco.info\/wp-content\/uploads\/2020\/08\/markus-spiske-Lq-OvaORRQ-unsplash-1536x1018.jpg 1536w, https:\/\/simpleco.info\/wp-content\/uploads\/2020\/08\/markus-spiske-Lq-OvaORRQ-unsplash-2048x1357.jpg 2048w\" sizes=\"auto, (max-width: 1024px) 100vw, 1024px\" \/><\/figure><div class=\"wp-block-media-text__content\">\n<h2 class=\"wp-block-heading has-text-align-center\"><a href=\"http:\/\/simpleco.info\/umweltfreundlich-einkaufen\/\">Einkaufen<\/a><\/h2>\n<\/div><\/div>\n<\/div>\n\n\n\n<div class=\"wp-block-column is-vertically-aligned-center is-layout-flow wp-block-column-is-layout-flow\">\n<div class=\"wp-block-media-text alignwide is-stacked-on-mobile alignfull\" style=\"grid-template-columns:52% auto\"><figure class=\"wp-block-media-text__media\"><img loading=\"lazy\" decoding=\"async\" width=\"1024\" height=\"684\" src=\"http:\/\/simpleco.info\/wp-content\/uploads\/2020\/08\/pexels-ksenia-chernaya-3952043-1-1024x684.jpg\" alt=\"\" class=\"wp-image-204 size-full\" srcset=\"https:\/\/simpleco.info\/wp-content\/uploads\/2020\/08\/pexels-ksenia-chernaya-3952043-1-1024x684.jpg 1024w, https:\/\/simpleco.info\/wp-content\/uploads\/2020\/08\/pexels-ksenia-chernaya-3952043-1-300x200.jpg 300w, https:\/\/simpleco.info\/wp-content\/uploads\/2020\/08\/pexels-ksenia-chernaya-3952043-1-768x513.jpg 768w, https:\/\/simpleco.info\/wp-content\/uploads\/2020\/08\/pexels-ksenia-chernaya-3952043-1-1536x1025.jpg 1536w, https:\/\/simpleco.info\/wp-content\/uploads\/2020\/08\/pexels-ksenia-chernaya-3952043-1-2048x1367.jpg 2048w\" sizes=\"auto, (max-width: 1024px) 100vw, 1024px\" \/><\/figure><div class=\"wp-block-media-text__content\">\n<h2 class=\"wp-block-heading has-text-align-center\"><a href=\"http:\/\/simpleco.info\/nachhaltig-zubereiten-und-kochen\/\">Zubereiten<\/a><\/h2>\n<\/div><\/div>\n<\/div>\n\n\n\n<div class=\"wp-block-column is-vertically-aligned-center is-layout-flow wp-block-column-is-layout-flow\">\n<div class=\"wp-block-media-text alignwide is-stacked-on-mobile is-vertically-aligned-center\" style=\"grid-template-columns:49% auto\"><figure class=\"wp-block-media-text__media\"><img loading=\"lazy\" decoding=\"async\" width=\"753\" height=\"564\" src=\"http:\/\/simpleco.info\/wp-content\/uploads\/2020\/08\/764485-960x720-suesskartoffel-curry-e1598892697462.jpg\" alt=\"\" class=\"wp-image-206 size-full\" srcset=\"https:\/\/simpleco.info\/wp-content\/uploads\/2020\/08\/764485-960x720-suesskartoffel-curry-e1598892697462.jpg 753w, https:\/\/simpleco.info\/wp-content\/uploads\/2020\/08\/764485-960x720-suesskartoffel-curry-e1598892697462-300x225.jpg 300w\" sizes=\"auto, (max-width: 753px) 100vw, 753px\" \/><\/figure><div class=\"wp-block-media-text__content\">\n<h3 class=\"wp-block-heading has-text-align-center\"><a href=\"http:\/\/simpleco.info\/nachhaltig-aufbewahren-und-spuelen\/\">Aufbewahren<\/a><\/h3>\n<\/div><\/div>\n<\/div>\n<\/div>\n","protected":false},"excerpt":{"rendered":"<p>Iss, was gut f\u00fcr dich ist Einfach nachhaltig und gesund ern\u00e4hren. Besonders das Thema Ern\u00e4hrung enth\u00e4lt eine gro\u00dfe Bandbreite an nachhaltigen M\u00f6glichkeiten. Vom Einkauf \u00fcber die Zubereitung, bis hin zur Aufbewahrung wurde hier eine Sammlung von Tipps aufgelistet welche du<\/p>\n","protected":false},"author":1,"featured_media":0,"parent":0,"menu_order":0,"comment_status":"closed","ping_status":"closed","template":"","meta":{"_uag_custom_page_level_css":"","jetpack_post_was_ever_published":false,"footnotes":""},"class_list":["post-15","page","type-page","status-publish","hentry"],"yoast_head":"<!-- This site is optimized with the Yoast SEO plugin v21.4 - https:\/\/yoast.com\/wordpress\/plugins\/seo\/ -->\n<title>Ern\u00e4hrung - Simpleco Einfach, nachhaltig, ern\u00e4hren<\/title>\n<meta name=\"description\" content=\"Nachhaltig ern\u00e4hren. Sammlung von Tipps welche ganz einfach zu integrieren sind. Vom Einkauf \u00fcber Zubereitung, Aufbewahrung und Nachbreitung.\" \/>\n<meta name=\"robots\" content=\"index, follow, max-snippet:-1, max-image-preview:large, max-video-preview:-1\" \/>\n<link rel=\"canonical\" href=\"https:\/\/simpleco.info\/nachhaltig-gut-ernaehren\/\" \/>\n<meta property=\"og:locale\" content=\"en_US\" \/>\n<meta property=\"og:type\" content=\"article\" \/>\n<meta property=\"og:title\" content=\"Ern\u00e4hrung\" \/>\n<meta property=\"og:description\" content=\"Nachhaltig ern\u00e4hren. Sammlung von Tipps welche ganz einfach zu integrieren sind. Vom Einkauf \u00fcber Zubereitung, Aufbewahrung und Nachbreitung.\" \/>\n<meta property=\"og:url\" content=\"https:\/\/simpleco.info\/nachhaltig-gut-ernaehren\/\" \/>\n<meta property=\"og:site_name\" content=\"Simpleco\" \/>\n<meta property=\"article:modified_time\" content=\"2023-09-28T07:26:47+00:00\" \/>\n<meta property=\"og:image\" content=\"http:\/\/simpleco.info\/wp-content\/uploads\/2020\/08\/markus-spiske-Lq-OvaORRQ-unsplash-1024x679.jpg\" \/>\n<meta name=\"twitter:card\" content=\"summary_large_image\" \/>\n<meta name=\"twitter:label1\" content=\"Est. reading time\" \/>\n\t<meta name=\"twitter:data1\" content=\"4 minutes\" \/>\n<script type=\"application\/ld+json\" class=\"yoast-schema-graph\">{\"@context\":\"https:\/\/schema.org\",\"@graph\":[{\"@type\":\"WebPage\",\"@id\":\"https:\/\/simpleco.info\/nachhaltig-gut-ernaehren\/\",\"url\":\"https:\/\/simpleco.info\/nachhaltig-gut-ernaehren\/\",\"name\":\"[:de]Ern\u00e4hrung[:] - Simpleco Einfach, nachhaltig, ern\u00e4hren\",\"isPartOf\":{\"@id\":\"https:\/\/simpleco.info\/#website\"},\"datePublished\":\"2020-08-11T17:30:12+00:00\",\"dateModified\":\"2023-09-28T07:26:47+00:00\",\"description\":\"Nachhaltig ern\u00e4hren. Sammlung von Tipps welche ganz einfach zu integrieren sind. Vom Einkauf \u00fcber Zubereitung, Aufbewahrung und Nachbreitung.\",\"breadcrumb\":{\"@id\":\"https:\/\/simpleco.info\/nachhaltig-gut-ernaehren\/#breadcrumb\"},\"inLanguage\":\"en-US\",\"potentialAction\":[{\"@type\":\"ReadAction\",\"target\":[\"https:\/\/simpleco.info\/nachhaltig-gut-ernaehren\/\"]}]},{\"@type\":\"BreadcrumbList\",\"@id\":\"https:\/\/simpleco.info\/nachhaltig-gut-ernaehren\/#breadcrumb\",\"itemListElement\":[{\"@type\":\"ListItem\",\"position\":1,\"name\":\"Startseite\",\"item\":\"https:\/\/simpleco.info\/\"},{\"@type\":\"ListItem\",\"position\":2,\"name\":\"Ern\u00e4hrung\"}]},{\"@type\":\"WebSite\",\"@id\":\"https:\/\/simpleco.info\/#website\",\"url\":\"https:\/\/simpleco.info\/\",\"name\":\"Simpleco\",\"description\":\"Be the change you want to see in the world\",\"publisher\":{\"@id\":\"https:\/\/simpleco.info\/#organization\"},\"potentialAction\":[{\"@type\":\"SearchAction\",\"target\":{\"@type\":\"EntryPoint\",\"urlTemplate\":\"https:\/\/simpleco.info\/?s={search_term_string}\"},\"query-input\":\"required name=search_term_string\"}],\"inLanguage\":\"en-US\"},{\"@type\":\"Organization\",\"@id\":\"https:\/\/simpleco.info\/#organization\",\"name\":\"Simpleco\",\"url\":\"https:\/\/simpleco.info\/\",\"logo\":{\"@type\":\"ImageObject\",\"inLanguage\":\"en-US\",\"@id\":\"https:\/\/simpleco.info\/#\/schema\/logo\/image\/\",\"url\":\"https:\/\/simpleco.info\/wp-content\/uploads\/2023\/09\/cropped-Screenshot-2023-09-30-112546.png\",\"contentUrl\":\"https:\/\/simpleco.info\/wp-content\/uploads\/2023\/09\/cropped-Screenshot-2023-09-30-112546.png\",\"width\":89,\"height\":87,\"caption\":\"Simpleco\"},\"image\":{\"@id\":\"https:\/\/simpleco.info\/#\/schema\/logo\/image\/\"}}]}<\/script>\n<!-- \/ Yoast SEO plugin. -->","yoast_head_json":{"title":"Ern\u00e4hrung - Simpleco Einfach, nachhaltig, ern\u00e4hren","description":"Nachhaltig ern\u00e4hren. Sammlung von Tipps welche ganz einfach zu integrieren sind. Vom Einkauf \u00fcber Zubereitung, Aufbewahrung und Nachbreitung.","robots":{"index":"index","follow":"follow","max-snippet":"max-snippet:-1","max-image-preview":"max-image-preview:large","max-video-preview":"max-video-preview:-1"},"canonical":"https:\/\/simpleco.info\/nachhaltig-gut-ernaehren\/","og_locale":"en_US","og_type":"article","og_title":"[:de]Ern\u00e4hrung[:] - Simpleco Einfach, nachhaltig, ern\u00e4hren","og_description":"Nachhaltig ern\u00e4hren. Sammlung von Tipps welche ganz einfach zu integrieren sind. Vom Einkauf \u00fcber Zubereitung, Aufbewahrung und Nachbreitung.","og_url":"https:\/\/simpleco.info\/nachhaltig-gut-ernaehren\/","og_site_name":"Simpleco","article_modified_time":"2023-09-28T07:26:47+00:00","og_image":[{"url":"http:\/\/simpleco.info\/wp-content\/uploads\/2020\/08\/markus-spiske-Lq-OvaORRQ-unsplash-1024x679.jpg"}],"twitter_card":"summary_large_image","twitter_misc":{"Est. reading time":"4 minutes"},"schema":{"@context":"https:\/\/schema.org","@graph":[{"@type":"WebPage","@id":"https:\/\/simpleco.info\/nachhaltig-gut-ernaehren\/","url":"https:\/\/simpleco.info\/nachhaltig-gut-ernaehren\/","name":"[:de]Ern\u00e4hrung[:] - Simpleco Einfach, nachhaltig, ern\u00e4hren","isPartOf":{"@id":"https:\/\/simpleco.info\/#website"},"datePublished":"2020-08-11T17:30:12+00:00","dateModified":"2023-09-28T07:26:47+00:00","description":"Nachhaltig ern\u00e4hren. Sammlung von Tipps welche ganz einfach zu integrieren sind. Vom Einkauf \u00fcber Zubereitung, Aufbewahrung und Nachbreitung.","breadcrumb":{"@id":"https:\/\/simpleco.info\/nachhaltig-gut-ernaehren\/#breadcrumb"},"inLanguage":"en-US","potentialAction":[{"@type":"ReadAction","target":["https:\/\/simpleco.info\/nachhaltig-gut-ernaehren\/"]}]},{"@type":"BreadcrumbList","@id":"https:\/\/simpleco.info\/nachhaltig-gut-ernaehren\/#breadcrumb","itemListElement":[{"@type":"ListItem","position":1,"name":"Startseite","item":"https:\/\/simpleco.info\/"},{"@type":"ListItem","position":2,"name":"Ern\u00e4hrung"}]},{"@type":"WebSite","@id":"https:\/\/simpleco.info\/#website","url":"https:\/\/simpleco.info\/","name":"Simpleco","description":"Be the change you want to see in the world","publisher":{"@id":"https:\/\/simpleco.info\/#organization"},"potentialAction":[{"@type":"SearchAction","target":{"@type":"EntryPoint","urlTemplate":"https:\/\/simpleco.info\/?s={search_term_string}"},"query-input":"required name=search_term_string"}],"inLanguage":"en-US"},{"@type":"Organization","@id":"https:\/\/simpleco.info\/#organization","name":"Simpleco","url":"https:\/\/simpleco.info\/","logo":{"@type":"ImageObject","inLanguage":"en-US","@id":"https:\/\/simpleco.info\/#\/schema\/logo\/image\/","url":"https:\/\/simpleco.info\/wp-content\/uploads\/2023\/09\/cropped-Screenshot-2023-09-30-112546.png","contentUrl":"https:\/\/simpleco.info\/wp-content\/uploads\/2023\/09\/cropped-Screenshot-2023-09-30-112546.png","width":89,"height":87,"caption":"Simpleco"},"image":{"@id":"https:\/\/simpleco.info\/#\/schema\/logo\/image\/"}}]}},"jetpack_sharing_enabled":true,"uagb_featured_image_src":{"full":false,"thumbnail":false,"medium":false,"medium_large":false,"large":false,"1536x1536":false,"2048x2048":false,"featured-blog-large":false,"featured-blog-medium":false,"featured":false,"featured-blog-medium-small":false},"uagb_author_info":{"display_name":"Katze1241","author_link":"https:\/\/simpleco.info\/en\/author\/katze1241\/"},"uagb_comment_info":0,"uagb_excerpt":"Iss, was gut f\u00fcr dich ist Einfach nachhaltig und gesund ern\u00e4hren. Besonders das Thema Ern\u00e4hrung enth\u00e4lt eine gro\u00dfe Bandbreite an nachhaltigen M\u00f6glichkeiten. Vom Einkauf \u00fcber die Zubereitung, bis hin zur Aufbewahrung wurde hier eine Sammlung von Tipps aufgelistet welche du","_links":{"self":[{"href":"https:\/\/simpleco.info\/en\/wp-json\/wp\/v2\/pages\/15","targetHints":{"allow":["GET"]}}],"collection":[{"href":"https:\/\/simpleco.info\/en\/wp-json\/wp\/v2\/pages"}],"about":[{"href":"https:\/\/simpleco.info\/en\/wp-json\/wp\/v2\/types\/page"}],"author":[{"embeddable":true,"href":"https:\/\/simpleco.info\/en\/wp-json\/wp\/v2\/users\/1"}],"replies":[{"embeddable":true,"href":"https:\/\/simpleco.info\/en\/wp-json\/wp\/v2\/comments?post=15"}],"version-history":[{"count":0,"href":"https:\/\/simpleco.info\/en\/wp-json\/wp\/v2\/pages\/15\/revisions"}],"wp:attachment":[{"href":"https:\/\/simpleco.info\/en\/wp-json\/wp\/v2\/media?parent=15"}],"curies":[{"name":"wp","href":"https:\/\/api.w.org\/{rel}","templated":true}]}}