{"id":16,"date":"2020-08-11T19:30:12","date_gmt":"2020-08-11T17:30:12","guid":{"rendered":"http:\/\/simpleco.info\/?page_id=16"},"modified":"2024-01-25T16:27:53","modified_gmt":"2024-01-25T15:27:53","slug":"nachhaltiges-verhalten-im-alltag","status":"publish","type":"page","link":"https:\/\/simpleco.info\/en\/nachhaltiges-verhalten-im-alltag\/","title":{"rendered":"Everyday life"},"content":{"rendered":"\n<h2 class=\"wp-block-heading\">Make everyday life environmentally friendly<\/h2>\n\n\n\n<p>There are many possibilities for an easily implemented ecological behavior in everyday life. Below are tips from the water bottle to the hobby. For example, using public transport, cycling or even walking. This not only helps the environment but also burns calories and has a meditative effect against stress. Avoid plastic and use a water bottle on the go. Spend your free time in nature, with friends or with a book instead of electronic devices. If you are online then use ecological platforms which support the environment. If you want to buy new things, see if you might not get them used and even save money in the process.<\/p>\n\n\n\n<p><\/p>\n\n\n\n<div class=\"wp-block-media-text alignwide is-stacked-on-mobile\" style=\"grid-template-columns:38% auto\"><figure class=\"wp-block-media-text__media\"><img loading=\"lazy\" decoding=\"async\" width=\"787\" height=\"1024\" src=\"http:\/\/simpleco.info\/wp-content\/uploads\/2020\/08\/pexels-gabriel-peter-1188649-scaled-e1598292217628-787x1024.jpg\" alt=\"\" class=\"wp-image-311 size-full\" srcset=\"https:\/\/simpleco.info\/wp-content\/uploads\/2020\/08\/pexels-gabriel-peter-1188649-scaled-e1598292217628-787x1024.jpg 787w, https:\/\/simpleco.info\/wp-content\/uploads\/2020\/08\/pexels-gabriel-peter-1188649-scaled-e1598292217628-231x300.jpg 231w, https:\/\/simpleco.info\/wp-content\/uploads\/2020\/08\/pexels-gabriel-peter-1188649-scaled-e1598292217628-768x999.jpg 768w, https:\/\/simpleco.info\/wp-content\/uploads\/2020\/08\/pexels-gabriel-peter-1188649-scaled-e1598292217628-1181x1536.jpg 1181w, https:\/\/simpleco.info\/wp-content\/uploads\/2020\/08\/pexels-gabriel-peter-1188649-scaled-e1598292217628-1575x2048.jpg 1575w, https:\/\/simpleco.info\/wp-content\/uploads\/2020\/08\/pexels-gabriel-peter-1188649-scaled-e1598292217628.jpg 1707w\" sizes=\"auto, (max-width: 787px) 100vw, 787px\" \/><\/figure><div class=\"wp-block-media-text__content\">\n<h2 class=\"wp-block-heading\" style=\"font-size:35px\">Water bottle for on the go<\/h2>\n\n\n\n<p style=\"font-size:17px\">Whether for sport, work, school or university, fillable drinking bottles for on the go are not only <strong>chic <\/strong>and <strong>trendy<\/strong>, but also make <strong>ecological <\/strong>sense.<\/p>\n\n\n\n<p style=\"font-size:17px\">Used as an environmentally friendly alternative to disposable bottles from the supermarket, you not only <strong>avoid unnecessary plastic waste<\/strong> with each refill, but also<strong> save time and money<\/strong>.<\/p>\n\n\n\n<p style=\"font-size:17px\">Only 1 in 10 plastic bottles is recycled at all worldwide. The production of plastic bottles alone consumes as much oil per year as one would need to run 1 million cars for 1 year each. And a full 3 liters of water per bottle, before it is even filled. (Quelle: <a href=\"https:\/\/www.green-your-life.de\/themen\/trinkflaschen-ratgeber\/\">green-your-life<\/a>)<\/p>\n\n\n\n<p style=\"font-size:17px\">There is also the <strong>health aspect<\/strong>. Many plastic bottles (including non-returnable PET) not only allow our mountains of rubbish to grow, but often also contain <strong>bisphenol A (BPA)<\/strong>. And this <strong>chemical <\/strong>has long been suspected of having a very similar effect on our body as a <strong>hormone<\/strong>.<\/p>\n\n\n\n<p style=\"font-size:17px\"><strong>Tips <\/strong>on what to consider when buying a bottle can be found below.<\/p>\n<\/div><\/div>\n\n\n\n<div class=\"wp-block-media-text alignwide has-media-on-the-right is-stacked-on-mobile\" style=\"grid-template-columns:auto 39%\"><div class=\"wp-block-media-text__content\">\n<h2 class=\"wp-block-heading\">Environmentally friendly transport<\/h2>\n\n\n\n<h5 class=\"wp-block-heading\">Public transportation<\/h5>\n\n\n\n<h4 class=\"wp-block-heading\" style=\"font-size:18px\">If you prefer public transport, you can use the time to <strong>read a book<\/strong>. Or you can put together a <strong>playlist <\/strong>and listen to exciting<strong> audio books<\/strong>.<\/h4>\n\n\n\n<p>Petition: Petition: Protect the climate with free local public transport. <a href=\"http:\/\/simpleco.info\/online-petitionen-fuer-umweltschutz\/\">More<\/a><\/p>\n\n\n\n<h5 class=\"wp-block-heading\">Bike or even on foot<\/h5>\n\n\n\n<p style=\"font-size:18px\">Use the <strong>bike, skateboard <\/strong>or <strong>scooter<\/strong>, whichever you prefer. <strong>Walk <\/strong>shorter distances. Both of these not only <strong>burn calorie<\/strong>s, but also <strong>reduce stress<\/strong>. You also <strong>avoid<\/strong> the stress of <strong>traffic<\/strong>.<\/p>\n<\/div><figure class=\"wp-block-media-text__media\"><img loading=\"lazy\" decoding=\"async\" width=\"728\" height=\"1024\" src=\"http:\/\/simpleco.info\/wp-content\/uploads\/2020\/08\/pexels-bianca-goncalves-1753137-scaled-e1598292314284-728x1024.jpg\" alt=\"\" class=\"wp-image-312 size-full\" srcset=\"https:\/\/simpleco.info\/wp-content\/uploads\/2020\/08\/pexels-bianca-goncalves-1753137-scaled-e1598292314284-728x1024.jpg 728w, https:\/\/simpleco.info\/wp-content\/uploads\/2020\/08\/pexels-bianca-goncalves-1753137-scaled-e1598292314284-213x300.jpg 213w, https:\/\/simpleco.info\/wp-content\/uploads\/2020\/08\/pexels-bianca-goncalves-1753137-scaled-e1598292314284-768x1080.jpg 768w, https:\/\/simpleco.info\/wp-content\/uploads\/2020\/08\/pexels-bianca-goncalves-1753137-scaled-e1598292314284-1092x1536.jpg 1092w, https:\/\/simpleco.info\/wp-content\/uploads\/2020\/08\/pexels-bianca-goncalves-1753137-scaled-e1598292314284-1457x2048.jpg 1457w, https:\/\/simpleco.info\/wp-content\/uploads\/2020\/08\/pexels-bianca-goncalves-1753137-scaled-e1598292314284.jpg 1707w\" sizes=\"auto, (max-width: 728px) 100vw, 728px\" \/><\/figure><\/div>\n\n\n\n<div class=\"wp-block-media-text alignwide is-stacked-on-mobile\" style=\"grid-template-columns:42% auto\"><figure class=\"wp-block-media-text__media\"><img loading=\"lazy\" decoding=\"async\" width=\"836\" height=\"1024\" src=\"http:\/\/simpleco.info\/wp-content\/uploads\/2020\/08\/pexels-cottonbro-4009760-scaled-e1598292403439-836x1024.jpg\" alt=\"\" class=\"wp-image-313 size-full\" srcset=\"https:\/\/simpleco.info\/wp-content\/uploads\/2020\/08\/pexels-cottonbro-4009760-scaled-e1598292403439-836x1024.jpg 836w, https:\/\/simpleco.info\/wp-content\/uploads\/2020\/08\/pexels-cottonbro-4009760-scaled-e1598292403439-245x300.jpg 245w, https:\/\/simpleco.info\/wp-content\/uploads\/2020\/08\/pexels-cottonbro-4009760-scaled-e1598292403439-768x941.jpg 768w, https:\/\/simpleco.info\/wp-content\/uploads\/2020\/08\/pexels-cottonbro-4009760-scaled-e1598292403439-1253x1536.jpg 1253w, https:\/\/simpleco.info\/wp-content\/uploads\/2020\/08\/pexels-cottonbro-4009760-scaled-e1598292403439-1671x2048.jpg 1671w, https:\/\/simpleco.info\/wp-content\/uploads\/2020\/08\/pexels-cottonbro-4009760-scaled-e1598292403439.jpg 1707w\" sizes=\"auto, (max-width: 836px) 100vw, 836px\" \/><\/figure><div class=\"wp-block-media-text__content\">\n<h2 class=\"wp-block-heading\">Eco friendly hobbies<\/h2>\n\n\n\n<p style=\"font-size:17px\">Pick out <strong>environmentally friendly hobbies.<\/strong> According to Statistika, Germans spend at least <strong>3 hours online<\/strong>. One can only guess at the <strong>enormous power consumption<\/strong> for the devices, the routers, the servers behind the websites used.<\/p>\n\n\n\n<p style=\"font-size:17px\">Again, it doesn&#8217;t say all or nothing. Watching a movie on the couch from time to time is also good. But does it always have to be? Find the few <strong>alternatives <\/strong>that you enjoy just as much.<\/p>\n\n\n\n<p style=\"font-size:17px\">Take a <strong>bike ride<\/strong>, for example. Or start a new <strong>sport<\/strong>. Take a dance class. These alternatives are not only better for the <strong>environment<\/strong>, but also better for your <strong>figure <\/strong>and <strong>health<\/strong>.<\/p>\n\n\n\n<p style=\"font-size:17px\">There are other things like walking, yoga, board game evenings, reading, solving crossword puzzles \/ puzzles, gardening! (watch out for local flowers), making music, cooking, baking, painting, handicrafts and much more. It&#8217;s your time to <strong>get creative<\/strong>!<\/p>\n<\/div><\/div>\n\n\n\n<div class=\"wp-block-media-text alignwide has-media-on-the-right is-stacked-on-mobile\" style=\"grid-template-columns:auto 45%\"><div class=\"wp-block-media-text__content\">\n<h2 class=\"wp-block-heading\">Buy second hand<\/h2>\n\n\n\n<p>Used items are no less <strong>good <\/strong>than new ones. Many things are still sold as good as new because something does not fit the owner or he has not used it. They are also sold <strong>cheaper<\/strong>, which also saves you money.<\/p>\n\n\n\n<p style=\"font-size:17px\">Use online platforms for second hand <strong>articles <\/strong>to buy furniture or objects, games, etc. For <strong>clothes <\/strong>you can use the platform and app <a href=\"https:\/\/www.kleiderkreisel.de\/\">Vinted<\/a>. If you&#8217;d like to buy <strong>books<\/strong>, buy them from <a href=\"https:\/\/www.medimops.de\/\">Medimops<\/a>.<\/p>\n\n\n\n<p style=\"font-size:17px\">Do you prefer stores because you like to see things live or try them on? Look for nearby <strong>flea markets<\/strong>. There you have a wide choice and sometimes you can find the most unexpected treasures. You can also have a <strong>nice day with friends<\/strong> or <strong>family<\/strong>.<\/p>\n<\/div><figure class=\"wp-block-media-text__media\"><img loading=\"lazy\" decoding=\"async\" width=\"998\" height=\"1024\" src=\"http:\/\/simpleco.info\/wp-content\/uploads\/2020\/08\/pexels-kai-pilger-3170430-scaled-e1598295191775-998x1024.jpg\" alt=\"\" class=\"wp-image-315 size-full\" srcset=\"https:\/\/simpleco.info\/wp-content\/uploads\/2020\/08\/pexels-kai-pilger-3170430-scaled-e1598295191775-998x1024.jpg 998w, https:\/\/simpleco.info\/wp-content\/uploads\/2020\/08\/pexels-kai-pilger-3170430-scaled-e1598295191775-292x300.jpg 292w, https:\/\/simpleco.info\/wp-content\/uploads\/2020\/08\/pexels-kai-pilger-3170430-scaled-e1598295191775-768x788.jpg 768w, https:\/\/simpleco.info\/wp-content\/uploads\/2020\/08\/pexels-kai-pilger-3170430-scaled-e1598295191775-1496x1536.jpg 1496w, https:\/\/simpleco.info\/wp-content\/uploads\/2020\/08\/pexels-kai-pilger-3170430-scaled-e1598295191775.jpg 1663w\" sizes=\"auto, (max-width: 998px) 100vw, 998px\" \/><\/figure><\/div>\n\n\n\n<div class=\"wp-block-media-text alignwide is-stacked-on-mobile\" style=\"grid-template-columns:44% auto\"><figure class=\"wp-block-media-text__media\"><img decoding=\"async\" src=\"http:\/\/simpleco.info\/wp-content\/uploads\/2021\/02\/pexels-c-technical-6685541-scaled-e1613550991143-911x1024.jpg\" alt=\"\" class=\"wp-image-1509 size-full\"\/><\/figure><div class=\"wp-block-media-text__content\">\n<h2 class=\"wp-block-heading\">Repair instead of throwing away<\/h2>\n\n\n\n<p style=\"font-size:17px\">From household electrical appliances, toys, bags to furniture, a lot of it is pretty easy to fix.<\/p>\n\n\n\n<p style=\"font-size:17px\"><span style=\"text-decoration: underline;\">The problem<\/span>: Many people lack the necessary tools or knowledge. A repair by qualified personnel is often more expensive than buying a new one.<br>The solution: &#8220;Do it yourself&#8221;! Use<strong> repair caf\u00e9s!<\/strong> There you will find volunteers with help, advice and coffee to help you repair.<\/p>\n\n\n\n<p style=\"font-size:17px\">This saves <strong>money <\/strong>and the helps the <strong>environment<\/strong>. The extraction of the required metals for new production has a high environmental impact and the <strong>short lifespan<\/strong> of today&#8217;s products leads to ever-growing <strong>mountains of waste<\/strong>.<\/p>\n\n\n\n<p style=\"font-size:17px\">What else can you do:<br>When buying, pay attention to the <strong>eco labels<\/strong> (durability, reparability and recycling friendliness). <strong>Use <\/strong>your devices<strong> as long as possible<\/strong>. <strong>Dispose <\/strong>of <strong>old devices properly<\/strong>, because only then can important raw materials be saved through <strong>recycling<\/strong>.<\/p>\n<\/div><\/div>\n\n\n\n<div class=\"wp-block-media-text alignwide has-media-on-the-right is-stacked-on-mobile\" style=\"grid-template-columns:auto 45%\"><div class=\"wp-block-media-text__content\">\n<p class=\"has-large-font-size\">Waschbare Taschent\u00fccher<\/p>\n\n\n\n<p>Die Herstellung von <strong>Wegwerf-Papieren<\/strong> belastet die Umwelt stark, mahnt das Umweltbundesamt. Sie ben\u00f6tige<strong> viel Holz, Energie, Wasse<\/strong>r und auch <strong>Chemie<\/strong> f\u00fcr das bleichen und  daf\u00fcr, dass das Papier auch nass rei\u00dffest bleibt. Dadurch kommen gef\u00e4hrliche Stoffe in unsere Gew\u00e4sser. <\/p>\n\n\n\n<p>Neben Taschent\u00fcchern geh\u00f6ren allerdings auch K\u00fcchenrollen, Papier und Klopapier zu den Wegwerf-Papieren. Laut Umweltbundesamt spart die Nutzung von <strong>Recyclingpapier pro Kilo<\/strong> <strong>50%<\/strong> <strong>Energie <\/strong> bis zu <strong>2,4 Kilo<\/strong> <strong>Holz <\/strong>und <strong>70 %<\/strong> <strong>Wasser<\/strong>.<\/p>\n\n\n\n<p>Das <strong>Blaue-Engel-Siegel<\/strong> ist eine <strong>Garantie<\/strong>, dass die Papierfasern zu <strong>100 %<\/strong> aus <strong>Altpapier <\/strong>besteht und dass<strong> keine gef\u00e4hrlichen Chemikalien<\/strong> eingesetzt wurden.<\/p>\n\n\n\n<p>Am allerbesten ist es allerdings<strong> papierfreie Alternativen<\/strong> wie Wischt\u00fccher statt Zewas, Stoffservietten oder <strong>waschbare Stofftaschent\u00fccher <\/strong>zu benutzen. Die Stofftaschent\u00fccher kannst du hei\u00df waschen und b\u00fcgeln. Dadurch werden alle Bakterien und Keime abget\u00f6tet  und k\u00f6nnen immer <strong>wieder verwendet <\/strong>werden.<\/p>\n<\/div><figure class=\"wp-block-media-text__media\"><img decoding=\"async\" src=\"http:\/\/simpleco.info\/wp-content\/uploads\/2021\/01\/pocket-2324160_1920-e1610203578710-1024x979.jpg\" alt=\"\" class=\"wp-image-1368 size-full\"\/><\/figure><\/div>\n\n\n\n<div class=\"wp-block-media-text alignwide has-media-on-the-right is-stacked-on-mobile\" style=\"grid-template-columns:auto 32%\"><div class=\"wp-block-media-text__content\">\n<h2 class=\"wp-block-heading\">Nutze Ecosia statt Google<\/h2>\n\n\n\n<p style=\"font-size:17px\">Ecosia ist eine <strong>\u00f6kologische Suchmaschine<\/strong>. Die spendet 80 Prozent seines Einnahme\u00fcberschusses f\u00fcr gemeinn\u00fctzige <strong>Naturschutzorganisationen<\/strong>. Die Gewinne werden verwendet um <strong>B\u00e4ume <\/strong>zu <strong>pflanzen<\/strong>. Deren Server werden aus<strong> 100% erneuerbarer Energien<\/strong> betrieben. <\/p>\n\n\n\n<p style=\"font-size:17px\">Komplett <strong>Transparent<\/strong>. Jeden Monat werden Finanzberichte offen gestellt um nachzuvollziehen wohin die Einnahmen flie\u00dfen. Au\u00dferdem ist Ecosia <strong>Datenschutz <\/strong>neben dem Umweltschutz besonders <strong>wichtig<\/strong>.<\/p>\n\n\n\n<p style=\"font-size:21px\"><a href=\"https:\/\/www.ecosia.org\/\">Mehr dazu.<\/a><\/p>\n<\/div><figure class=\"wp-block-media-text__media\"><img loading=\"lazy\" decoding=\"async\" width=\"826\" height=\"592\" src=\"http:\/\/simpleco.info\/wp-content\/uploads\/2020\/08\/Ecosia_Logo.png\" alt=\"\" class=\"wp-image-316 size-full\" srcset=\"https:\/\/simpleco.info\/wp-content\/uploads\/2020\/08\/Ecosia_Logo.png 826w, https:\/\/simpleco.info\/wp-content\/uploads\/2020\/08\/Ecosia_Logo-300x215.png 300w, https:\/\/simpleco.info\/wp-content\/uploads\/2020\/08\/Ecosia_Logo-768x550.png 768w\" sizes=\"auto, (max-width: 826px) 100vw, 826px\" \/><\/figure><\/div>\n\n\n\n<hr class=\"wp-block-separator has-css-opacity is-style-wide\"\/>\n\n\n\n<h3 class=\"wp-block-heading\">Tipps zu Auswahl einer Trinkflasche:<\/h3>\n\n\n\n<p style=\"font-size:19px\">Das Angebot ist vielf\u00e4ltig und jeder Hersteller setzt individuelle Schwerpunkte, was Design, Verarbeitung und Material angeht. Eine gute Trinkflasche sollte:<\/p>\n\n\n\n<ul class=\"wp-block-list\">\n<li>keine Schadstoffe enthalten <\/li>\n\n\n\n<li>m\u00f6glichst leicht und handlich sein<\/li>\n\n\n\n<li>keinesfalls auslaufen<\/li>\n\n\n\n<li>keinen Geschmack an den Inhalt abgeben <\/li>\n\n\n\n<li>m\u00f6glichst robust sein um lange Lebensdauer zu garantieren<\/li>\n<\/ul>\n\n\n\n<p style=\"font-size:19px\">Im folgenden wurden 2 Modelle ausgew\u00e4hlt, welche die genannten Kriterien erf\u00fcllen, preiswert sind und zus\u00e4tzlich noch einen weiteren Beitrag zur Umwelt leisten. <\/p>\n\n\n\n<p>________________________________________________________________________________________________________________________________________________________<\/p>\n\n\n\n<p><\/p>\n","protected":false},"excerpt":{"rendered":"<p>Make everyday life environmentally friendly There are many possibilities for an easily implemented ecological behavior in everyday life. Below are tips from the water bottle to the hobby. For example, using public transport, cycling or even walking. This not only<\/p>\n","protected":false},"author":1,"featured_media":0,"parent":0,"menu_order":0,"comment_status":"closed","ping_status":"closed","template":"","meta":{"_uag_custom_page_level_css":"","jetpack_post_was_ever_published":false,"footnotes":""},"class_list":["post-16","page","type-page","status-publish","hentry"],"yoast_head":"<!-- This site is optimized with the Yoast SEO plugin v21.4 - https:\/\/yoast.com\/wordpress\/plugins\/seo\/ -->\n<title>Everyday life - Simpleco Tipps f\u00fcr nachhaltiges Verhalten im Alltag<\/title>\n<meta name=\"description\" content=\"Tipps f\u00fcr ein einfach umsetzbares nachhaltiges Verhalten im Alltag. Von der Wasserflasche \u00fcber Hobbies bis zum Onlineverhalten.\" \/>\n<meta name=\"robots\" content=\"index, follow, max-snippet:-1, max-image-preview:large, max-video-preview:-1\" \/>\n<link rel=\"canonical\" href=\"https:\/\/simpleco.info\/nachhaltiges-verhalten-im-alltag\/\" \/>\n<meta property=\"og:locale\" content=\"en_US\" \/>\n<meta property=\"og:type\" content=\"article\" \/>\n<meta property=\"og:title\" content=\"Everyday life\" \/>\n<meta property=\"og:description\" content=\"Tipps f\u00fcr ein einfach umsetzbares nachhaltiges Verhalten im Alltag. Von der Wasserflasche \u00fcber Hobbies bis zum Onlineverhalten.\" \/>\n<meta property=\"og:url\" content=\"https:\/\/simpleco.info\/nachhaltiges-verhalten-im-alltag\/\" \/>\n<meta property=\"og:site_name\" content=\"Simpleco\" \/>\n<meta property=\"article:modified_time\" content=\"2024-01-25T15:27:53+00:00\" \/>\n<meta property=\"og:image\" content=\"http:\/\/simpleco.info\/wp-content\/uploads\/2020\/08\/pexels-gabriel-peter-1188649-scaled-e1598292217628-787x1024.jpg\" \/>\n<meta name=\"twitter:card\" content=\"summary_large_image\" \/>\n<meta name=\"twitter:label1\" content=\"Est. reading time\" \/>\n\t<meta name=\"twitter:data1\" content=\"13 minutes\" \/>\n<script type=\"application\/ld+json\" class=\"yoast-schema-graph\">{\"@context\":\"https:\/\/schema.org\",\"@graph\":[{\"@type\":\"WebPage\",\"@id\":\"https:\/\/simpleco.info\/nachhaltiges-verhalten-im-alltag\/\",\"url\":\"https:\/\/simpleco.info\/nachhaltiges-verhalten-im-alltag\/\",\"name\":\"[:en]Everyday life[:de]Alltag[:] - Simpleco Tipps f\u00fcr nachhaltiges Verhalten im Alltag\",\"isPartOf\":{\"@id\":\"https:\/\/simpleco.info\/#website\"},\"datePublished\":\"2020-08-11T17:30:12+00:00\",\"dateModified\":\"2024-01-25T15:27:53+00:00\",\"description\":\"Tipps f\u00fcr ein einfach umsetzbares nachhaltiges Verhalten im Alltag. Von der Wasserflasche \u00fcber Hobbies bis zum Onlineverhalten.\",\"breadcrumb\":{\"@id\":\"https:\/\/simpleco.info\/nachhaltiges-verhalten-im-alltag\/#breadcrumb\"},\"inLanguage\":\"en-US\",\"potentialAction\":[{\"@type\":\"ReadAction\",\"target\":[\"https:\/\/simpleco.info\/nachhaltiges-verhalten-im-alltag\/\"]}]},{\"@type\":\"BreadcrumbList\",\"@id\":\"https:\/\/simpleco.info\/nachhaltiges-verhalten-im-alltag\/#breadcrumb\",\"itemListElement\":[{\"@type\":\"ListItem\",\"position\":1,\"name\":\"Startseite\",\"item\":\"https:\/\/simpleco.info\/\"},{\"@type\":\"ListItem\",\"position\":2,\"name\":\"Alltag\"}]},{\"@type\":\"WebSite\",\"@id\":\"https:\/\/simpleco.info\/#website\",\"url\":\"https:\/\/simpleco.info\/\",\"name\":\"Simpleco\",\"description\":\"Be the change you want to see in the world\",\"publisher\":{\"@id\":\"https:\/\/simpleco.info\/#organization\"},\"potentialAction\":[{\"@type\":\"SearchAction\",\"target\":{\"@type\":\"EntryPoint\",\"urlTemplate\":\"https:\/\/simpleco.info\/?s={search_term_string}\"},\"query-input\":\"required name=search_term_string\"}],\"inLanguage\":\"en-US\"},{\"@type\":\"Organization\",\"@id\":\"https:\/\/simpleco.info\/#organization\",\"name\":\"Simpleco\",\"url\":\"https:\/\/simpleco.info\/\",\"logo\":{\"@type\":\"ImageObject\",\"inLanguage\":\"en-US\",\"@id\":\"https:\/\/simpleco.info\/#\/schema\/logo\/image\/\",\"url\":\"https:\/\/simpleco.info\/wp-content\/uploads\/2023\/09\/cropped-Screenshot-2023-09-30-112546.png\",\"contentUrl\":\"https:\/\/simpleco.info\/wp-content\/uploads\/2023\/09\/cropped-Screenshot-2023-09-30-112546.png\",\"width\":89,\"height\":87,\"caption\":\"Simpleco\"},\"image\":{\"@id\":\"https:\/\/simpleco.info\/#\/schema\/logo\/image\/\"}}]}<\/script>\n<!-- \/ Yoast SEO plugin. -->","yoast_head_json":{"title":"Everyday life - Simpleco Tipps f\u00fcr nachhaltiges Verhalten im Alltag","description":"Tipps f\u00fcr ein einfach umsetzbares nachhaltiges Verhalten im Alltag. Von der Wasserflasche \u00fcber Hobbies bis zum Onlineverhalten.","robots":{"index":"index","follow":"follow","max-snippet":"max-snippet:-1","max-image-preview":"max-image-preview:large","max-video-preview":"max-video-preview:-1"},"canonical":"https:\/\/simpleco.info\/nachhaltiges-verhalten-im-alltag\/","og_locale":"en_US","og_type":"article","og_title":"[:en]Everyday life[:de]Alltag[:] - Simpleco Tipps f\u00fcr nachhaltiges Verhalten im Alltag","og_description":"Tipps f\u00fcr ein einfach umsetzbares nachhaltiges Verhalten im Alltag. Von der Wasserflasche \u00fcber Hobbies bis zum Onlineverhalten.","og_url":"https:\/\/simpleco.info\/nachhaltiges-verhalten-im-alltag\/","og_site_name":"Simpleco","article_modified_time":"2024-01-25T15:27:53+00:00","og_image":[{"url":"http:\/\/simpleco.info\/wp-content\/uploads\/2020\/08\/pexels-gabriel-peter-1188649-scaled-e1598292217628-787x1024.jpg"}],"twitter_card":"summary_large_image","twitter_misc":{"Est. reading time":"13 minutes"},"schema":{"@context":"https:\/\/schema.org","@graph":[{"@type":"WebPage","@id":"https:\/\/simpleco.info\/nachhaltiges-verhalten-im-alltag\/","url":"https:\/\/simpleco.info\/nachhaltiges-verhalten-im-alltag\/","name":"[:en]Everyday life[:de]Alltag[:] - Simpleco Tipps f\u00fcr nachhaltiges Verhalten im Alltag","isPartOf":{"@id":"https:\/\/simpleco.info\/#website"},"datePublished":"2020-08-11T17:30:12+00:00","dateModified":"2024-01-25T15:27:53+00:00","description":"Tipps f\u00fcr ein einfach umsetzbares nachhaltiges Verhalten im Alltag. Von der Wasserflasche \u00fcber Hobbies bis zum Onlineverhalten.","breadcrumb":{"@id":"https:\/\/simpleco.info\/nachhaltiges-verhalten-im-alltag\/#breadcrumb"},"inLanguage":"en-US","potentialAction":[{"@type":"ReadAction","target":["https:\/\/simpleco.info\/nachhaltiges-verhalten-im-alltag\/"]}]},{"@type":"BreadcrumbList","@id":"https:\/\/simpleco.info\/nachhaltiges-verhalten-im-alltag\/#breadcrumb","itemListElement":[{"@type":"ListItem","position":1,"name":"Startseite","item":"https:\/\/simpleco.info\/"},{"@type":"ListItem","position":2,"name":"Alltag"}]},{"@type":"WebSite","@id":"https:\/\/simpleco.info\/#website","url":"https:\/\/simpleco.info\/","name":"Simpleco","description":"Be the change you want to see in the world","publisher":{"@id":"https:\/\/simpleco.info\/#organization"},"potentialAction":[{"@type":"SearchAction","target":{"@type":"EntryPoint","urlTemplate":"https:\/\/simpleco.info\/?s={search_term_string}"},"query-input":"required name=search_term_string"}],"inLanguage":"en-US"},{"@type":"Organization","@id":"https:\/\/simpleco.info\/#organization","name":"Simpleco","url":"https:\/\/simpleco.info\/","logo":{"@type":"ImageObject","inLanguage":"en-US","@id":"https:\/\/simpleco.info\/#\/schema\/logo\/image\/","url":"https:\/\/simpleco.info\/wp-content\/uploads\/2023\/09\/cropped-Screenshot-2023-09-30-112546.png","contentUrl":"https:\/\/simpleco.info\/wp-content\/uploads\/2023\/09\/cropped-Screenshot-2023-09-30-112546.png","width":89,"height":87,"caption":"Simpleco"},"image":{"@id":"https:\/\/simpleco.info\/#\/schema\/logo\/image\/"}}]}},"jetpack_sharing_enabled":true,"uagb_featured_image_src":{"full":false,"thumbnail":false,"medium":false,"medium_large":false,"large":false,"1536x1536":false,"2048x2048":false,"featured-blog-large":false,"featured-blog-medium":false,"featured":false,"featured-blog-medium-small":false},"uagb_author_info":{"display_name":"Katze1241","author_link":"https:\/\/simpleco.info\/en\/author\/katze1241\/"},"uagb_comment_info":0,"uagb_excerpt":"Make everyday life environmentally friendly There are many possibilities for an easily implemented ecological behavior in everyday life. Below are tips from the water bottle to the hobby. For example, using public transport, cycling or even walking. This not only","_links":{"self":[{"href":"https:\/\/simpleco.info\/en\/wp-json\/wp\/v2\/pages\/16","targetHints":{"allow":["GET"]}}],"collection":[{"href":"https:\/\/simpleco.info\/en\/wp-json\/wp\/v2\/pages"}],"about":[{"href":"https:\/\/simpleco.info\/en\/wp-json\/wp\/v2\/types\/page"}],"author":[{"embeddable":true,"href":"https:\/\/simpleco.info\/en\/wp-json\/wp\/v2\/users\/1"}],"replies":[{"embeddable":true,"href":"https:\/\/simpleco.info\/en\/wp-json\/wp\/v2\/comments?post=16"}],"version-history":[{"count":9,"href":"https:\/\/simpleco.info\/en\/wp-json\/wp\/v2\/pages\/16\/revisions"}],"predecessor-version":[{"id":4129,"href":"https:\/\/simpleco.info\/en\/wp-json\/wp\/v2\/pages\/16\/revisions\/4129"}],"wp:attachment":[{"href":"https:\/\/simpleco.info\/en\/wp-json\/wp\/v2\/media?parent=16"}],"curies":[{"name":"wp","href":"https:\/\/api.w.org\/{rel}","templated":true}]}}