{"id":190,"date":"2020-08-19T18:40:50","date_gmt":"2020-08-19T16:40:50","guid":{"rendered":"http:\/\/simpleco.info\/?page_id=190"},"modified":"2024-01-25T16:37:02","modified_gmt":"2024-01-25T15:37:02","slug":"nachhaltig-aufbewahren-und-spuelen","status":"publish","type":"page","link":"https:\/\/simpleco.info\/en\/nachhaltig-aufbewahren-und-spuelen\/","title":{"rendered":"Nachbereitung"},"content":{"rendered":"\n<h1 class=\"wp-block-heading\">Aufr\u00e4umen und Aufbewahren<\/h1>\n\n\n\n<p>Im folgenden erh\u00e4lst du Ideen wie du Gerichte \u00f6kologisch aufbewahren und genutztes Geschirr umweltfreundlich sp\u00fclen kannst. Und das ohne Plastik! Mit den folgenden Hilfsmitteln und Tipps kannst du \u00fcbrig gebliebenes Essen so verpacken, dass nichts weggeschmissen werden muss und keine Plastik ben\u00f6tigt wird. Au\u00dferdem erf\u00e4hrst du wie du Sp\u00fclen kannst ohne Plastikm\u00fcll zu verursachen und ohne Chemikalien ins Wasser hinzuzuf\u00fchren. Zus\u00e4tzlich erh\u00e4lst du Tipps f\u00fcr einen geringeren Wasserverbrauch. <\/p>\n\n\n\n<div class=\"wp-block-media-text alignwide is-stacked-on-mobile\" style=\"grid-template-columns:34% auto\"><figure class=\"wp-block-media-text__media\"><img decoding=\"async\" src=\"http:\/\/simpleco.info\/wp-content\/uploads\/2020\/08\/Challenge-In-5-Tagen-zu-mehr-Nachhaltigkeit-im-Alltag-Uponmylife-Zero-Waste-4-e1604260601701.jpg\" alt=\"\u00d6kologisches Aufbewahren mit Wachst\u00fcchern\" class=\"wp-image-347 size-full\"\/><\/figure><div class=\"wp-block-media-text__content\">\n<h2 class=\"wp-block-heading\">Keine Frischhaltefolie<\/h2>\n\n\n\n<p>Nutze Wachst\u00fccher oder wiederverwendbare Frischhaltefolie um Essensreste \u00f6kologisch aufzubewahren und frisch zu halten. <\/p>\n\n\n\n<p>Daf\u00fcr brauchst du nur einmalig Geld investieren. Auf lange Sicht sparst du daf\u00fcr den erneuten Kauf von Frischhaltefolie welche im Anschluss jedes mal weggeschmissen werden muss.<\/p>\n\n\n\n<p>Wachst\u00fccher sind nicht nur zum Frischhalten gut. Sie k\u00f6nnen genauso gut genutzt werden um Lunchbrote o.\u00e4. f\u00fcr unterwegs einzupacken.<\/p>\n\n\n\n<p>Oder f\u00fclle das \u00fcbrig gebliebene Essen in Brotdosen. Dadurch bleibt es frisch ohne, dass Frischhaltefolie gebraucht wird. <\/p>\n<\/div><\/div>\n\n\n\n<div class=\"wp-block-media-text alignwide has-media-on-the-right is-stacked-on-mobile\" style=\"grid-template-columns:auto 28%\"><figure class=\"wp-block-media-text__media\"><img decoding=\"async\" src=\"http:\/\/simpleco.info\/wp-content\/uploads\/2020\/08\/pexels-cottonbro-3737639-scaled-e1598712873969-792x1024.jpg\" alt=\"\u00d6kologisches Aufbewahren durch Glasbeh\u00e4lter\" class=\"wp-image-348 size-full\"\/><\/figure><div class=\"wp-block-media-text__content\">\n<h2 class=\"wp-block-heading\">Keine Plastikbeh\u00e4lter<\/h2>\n\n\n\n<p>Nutze leere Gl\u00e4ser um Restlebensmittel aufzubewahren oder zu lagern. Dies ist in Bezug auf Produktion und Abbau von Plastik wesentlich umweltfreundlicher. Ein weiter Vorteil ist, dass die Gl\u00e4ser bereits vorhanden sind und sowieso \u00fcbrig bleiben nachdem du den Inhalt gegessen hast. Es bedarf also keiner neuen Produktion und keine Transportwege. Du ersparst dir das kaufen von Plastikbeh\u00e4ltern und es sieht sch\u00f6n aus.<\/p>\n\n\n\n<p>Weiterhin gibt es hier auch zu bedenken, dass Plastik nicht nur sch\u00e4dlich f\u00fcr die Umwelt ist, sondern auch f\u00fcr unsere Gesundheit. Die beliebten Kunststoffdosen k\u00f6nnen beispielsweise Bisphenol A enthalten, ein Weichmacher, der in vielen Kunststoffprodukten verwendet wird und nach neuesten Erkenntnissen als hormonver\u00e4ndernd, nervensch\u00e4digend sowie krebserregend gilt.<\/p>\n\n\n\n<p>Falls du bereits Plastikdosen besitzt und nutzt, solltest du diese nat\u00fcrlich weiter benutzen, es muss ja nicht f\u00fcrs Essen sein (z.B. Waschmittel, Badesalz, Spielsachen wie Perlen etc). Der Austausch macht heir nur Sinn, wenn du \u00fcberlegst die neue Plastikboxen zu kaufen. <\/p>\n\n\n\n<p>Tipp: Du kannst die Gl\u00e4ser \u00fcbrigens auch super f\u00fcr Unverpacktl\u00e4den nutzen. <\/p>\n<\/div><\/div>\n\n\n\n<div class=\"wp-block-media-text alignwide is-stacked-on-mobile\" style=\"grid-template-columns:34% auto\"><figure class=\"wp-block-media-text__media\"><img loading=\"lazy\" decoding=\"async\" width=\"769\" height=\"1024\" src=\"http:\/\/simpleco.info\/wp-content\/uploads\/2020\/08\/pexels-lisa-fotios-4039452-1-769x1024.jpg\" alt=\"\u00d6kologisch Sp\u00fclen \" class=\"wp-image-352 size-full\" srcset=\"https:\/\/simpleco.info\/wp-content\/uploads\/2020\/08\/pexels-lisa-fotios-4039452-1-769x1024.jpg 769w, https:\/\/simpleco.info\/wp-content\/uploads\/2020\/08\/pexels-lisa-fotios-4039452-1-225x300.jpg 225w, https:\/\/simpleco.info\/wp-content\/uploads\/2020\/08\/pexels-lisa-fotios-4039452-1-768x1023.jpg 768w, https:\/\/simpleco.info\/wp-content\/uploads\/2020\/08\/pexels-lisa-fotios-4039452-1-1153x1536.jpg 1153w, https:\/\/simpleco.info\/wp-content\/uploads\/2020\/08\/pexels-lisa-fotios-4039452-1-1538x2048.jpg 1538w, https:\/\/simpleco.info\/wp-content\/uploads\/2020\/08\/pexels-lisa-fotios-4039452-1-scaled.jpg 1922w\" sizes=\"auto, (max-width: 769px) 100vw, 769px\" \/><\/figure><div class=\"wp-block-media-text__content\">\n<h2 class=\"wp-block-heading\">Sp\u00fclen<\/h2>\n\n\n\n<p>Nutze <strong>\u00f6kologische Produkte<\/strong> zum sp\u00fclen. Es gibt heutzutage in vielen Gesch\u00e4ften eine Auswahl an <strong>\u00f6kologischen Schw\u00e4mmen, Lappen und B\u00fcrsten<\/strong>. Diese werden aus Holz, recycletem Plastik, pflanzlich oder nachhaltig hergestellt und sind biologisch abbaubar.<\/p>\n\n\n\n<p>Auch beim <strong>Sp\u00fclmittel<\/strong> kannst du darauf achten, dass die Inhaltsstoffe rein nat\u00fcrlich und Bio sind. Somit verhinderst du sowohl dass Chemikalien im Wasser landen als auch auf deiner Haut. Au\u00dferdem profitieren die Erdb\u00f6den vom bioligischen Anbau, da auch hier auf Chemikalien verzichtet wird.<\/p>\n\n\n\n<p>Schaue auch darauf, dass die <strong>Verpackung <\/strong>des Sp\u00fclmittels im besten Fall auch aus <strong>recycletem Plastik <\/strong>hergestellt ist. Bevorzuge <strong>gro\u00dfe Packung<\/strong> vor kleinen. So hast du mehr Inhalt f\u00fcr weniger Plastik. <span style=\"text-decoration: underline;\">Noch besser<\/span>: Nutze Ecotabs! Diese werden in der Spr\u00fchflasche einfach in Wasser aufgel\u00f6st und sind somit ganz ohne Plastik! Mehr dazu, siehe unten. <\/p>\n\n\n\n<p>Bedenke den <strong>Wasserverbrauch<\/strong>. Sp\u00fcle am besten auf die altmodische Methode, indem du das Sp\u00fclbecken einmal vollaufen l\u00e4sst und es f\u00fcr das Ganze Geschirr nutzt.<\/p>\n<\/div><\/div>\n\n\n[:de]\n<div class=\"wp-block-media-text alignwide has-media-on-the-right is-stacked-on-mobile\" style=\"grid-template-columns:auto 30%\"><figure class=\"wp-block-media-text__media\"><img decoding=\"async\" src=\"http:\/\/simpleco.info\/wp-content\/uploads\/2020\/08\/pexels-cottonbro-4107305-768x1024.jpg\" alt=\"\" class=\"wp-image-354 size-full\"\/><\/figure><div class=\"wp-block-media-text__content\">\n<p class=\"has-large-font-size\">Sp\u00fclmaschine<\/p>\n\n\n\n<p>Wenn du kannst, nutze die Sp\u00fclmaschine. Sie verbraucht weniger Wasser als du, wenn du das Geschirr mit der Hand sp\u00fclst.<\/p>\n\n\n\n<p>Achte darauf, dass die Sp\u00fclmaschine auch <strong>wirklich voll<\/strong> ist, bevor du sie einschaltest. Dadurch brauchst du sie nicht so oft laufen lassen und sparst Strom und Wasser.<\/p>\n\n\n\n<p>Nutze <strong>\u00f6kologische Sp\u00fclmaschinen<\/strong> tabs. Auch hier kannst du darauf achten, woraus die Tabs bestehen und wie sie verpackt sind. <\/p>\n<\/div><\/div>\n[:]\n\n\n<hr class=\"wp-block-separator\"\/>\n\n\n\n<h2 class=\"wp-block-heading\"><span style=\"text-decoration: underline;\">Weitere Tipps<\/span>:<\/h2>\n\n\n\n<div class=\"wp-block-columns is-layout-flex wp-container-core-columns-is-layout-1 wp-block-columns-is-layout-flex\">\n<div class=\"wp-block-column is-vertically-aligned-top is-layout-flow wp-block-column-is-layout-flow\" style=\"flex-basis:33.33%\">\n<h2 class=\"has-text-align-left wp-block-heading\">Keine Zewas<\/h2>\n<\/div>\n\n\n\n<div class=\"wp-block-column is-layout-flow wp-block-column-is-layout-flow\" style=\"flex-basis:66.66%\">\n<p>Verzichte auf Zewas und nutze stattdessen einen Lappen wenn du etwas aufwischen m\u00f6chtest. Nutzt du die Zewas f\u00fcr Zwecke wo das nicht so leicht m\u00f6glich ist, kaufe wiederverwendbare Zewas. <\/p>\n<\/div>\n<\/div>\n\n\n[:de]\n<div class=\"wp-block-columns is-layout-flex wp-container-core-columns-is-layout-2 wp-block-columns-is-layout-flex\">\n<div class=\"wp-block-column is-vertically-aligned-top is-layout-flow wp-block-column-is-layout-flow\" style=\"flex-basis:33.33%\">\n<h2 class=\"wp-block-heading has-text-align-left\">Gute Lagerung<\/h2>\n<\/div>\n\n\n\n<div class=\"wp-block-column is-layout-flow wp-block-column-is-layout-flow\" style=\"flex-basis:66.66%\">\n<p style=\"font-size:18px\">Sorge daf\u00fcr, dass du Lebensmittel richtig lagerst. Es ist schade wenn Essen weggeschmissen wird weil es nicht im K\u00fchlschrank aufbewahrt wurde, voll mit Fruchtfliegen oder auch vertrocknet ist. <\/p>\n<\/div>\n<\/div>\n[:]\n\n","protected":false},"excerpt":{"rendered":"<p>Aufr\u00e4umen und Aufbewahren Im folgenden erh\u00e4lst du Ideen wie du Gerichte \u00f6kologisch aufbewahren und genutztes Geschirr umweltfreundlich sp\u00fclen kannst. Und das ohne Plastik! Mit den folgenden Hilfsmitteln und Tipps kannst du \u00fcbrig gebliebenes Essen so verpacken, dass nichts weggeschmissen werden<\/p>\n","protected":false},"author":1,"featured_media":0,"parent":0,"menu_order":0,"comment_status":"closed","ping_status":"closed","template":"","meta":{"_uag_custom_page_level_css":"","jetpack_post_was_ever_published":false,"footnotes":""},"class_list":["post-190","page","type-page","status-publish","hentry"],"yoast_head":"<!-- This site is optimized with the Yoast SEO plugin v21.4 - https:\/\/yoast.com\/wordpress\/plugins\/seo\/ -->\n<title>Nachbereitung - Simpleco Nachhaltig aufbewahren und sp\u00fclen<\/title>\n<meta name=\"description\" content=\"Nachhaltig aufbewahren und sp\u00fclen. Ohne chemische Mittel, hohen Wasserverbrauch und Plastikhilfsmittel. Wegschmei\u00dfen einfach vermeiden.\" \/>\n<meta name=\"robots\" content=\"index, follow, max-snippet:-1, max-image-preview:large, max-video-preview:-1\" \/>\n<link rel=\"canonical\" href=\"https:\/\/simpleco.info\/nachhaltig-aufbewahren-und-spuelen\/\" \/>\n<meta property=\"og:locale\" content=\"en_US\" \/>\n<meta property=\"og:type\" content=\"article\" \/>\n<meta property=\"og:title\" content=\"Nachbereitung\" \/>\n<meta property=\"og:description\" content=\"Nachhaltig aufbewahren und sp\u00fclen. Ohne chemische Mittel, hohen Wasserverbrauch und Plastikhilfsmittel. Wegschmei\u00dfen einfach vermeiden.\" \/>\n<meta property=\"og:url\" content=\"https:\/\/simpleco.info\/nachhaltig-aufbewahren-und-spuelen\/\" \/>\n<meta property=\"og:site_name\" content=\"Simpleco\" \/>\n<meta property=\"article:modified_time\" content=\"2024-01-25T15:37:02+00:00\" \/>\n<meta property=\"og:image\" content=\"http:\/\/simpleco.info\/wp-content\/uploads\/2020\/08\/Challenge-In-5-Tagen-zu-mehr-Nachhaltigkeit-im-Alltag-Uponmylife-Zero-Waste-4-e1604260601701.jpg\" \/>\n<meta name=\"twitter:card\" content=\"summary_large_image\" \/>\n<meta name=\"twitter:label1\" content=\"Est. reading time\" \/>\n\t<meta name=\"twitter:data1\" content=\"6 minutes\" \/>\n<script type=\"application\/ld+json\" class=\"yoast-schema-graph\">{\"@context\":\"https:\/\/schema.org\",\"@graph\":[{\"@type\":\"WebPage\",\"@id\":\"https:\/\/simpleco.info\/nachhaltig-aufbewahren-und-spuelen\/\",\"url\":\"https:\/\/simpleco.info\/nachhaltig-aufbewahren-und-spuelen\/\",\"name\":\"[:en]Nachbereitung[:de]Nachbereitung[:] - Simpleco Nachhaltig aufbewahren und sp\u00fclen\",\"isPartOf\":{\"@id\":\"https:\/\/simpleco.info\/#website\"},\"datePublished\":\"2020-08-19T16:40:50+00:00\",\"dateModified\":\"2024-01-25T15:37:02+00:00\",\"description\":\"Nachhaltig aufbewahren und sp\u00fclen. Ohne chemische Mittel, hohen Wasserverbrauch und Plastikhilfsmittel. Wegschmei\u00dfen einfach vermeiden.\",\"breadcrumb\":{\"@id\":\"https:\/\/simpleco.info\/nachhaltig-aufbewahren-und-spuelen\/#breadcrumb\"},\"inLanguage\":\"en-US\",\"potentialAction\":[{\"@type\":\"ReadAction\",\"target\":[\"https:\/\/simpleco.info\/nachhaltig-aufbewahren-und-spuelen\/\"]}]},{\"@type\":\"BreadcrumbList\",\"@id\":\"https:\/\/simpleco.info\/nachhaltig-aufbewahren-und-spuelen\/#breadcrumb\",\"itemListElement\":[{\"@type\":\"ListItem\",\"position\":1,\"name\":\"Startseite\",\"item\":\"https:\/\/simpleco.info\/\"},{\"@type\":\"ListItem\",\"position\":2,\"name\":\"Nachbereitung\"}]},{\"@type\":\"WebSite\",\"@id\":\"https:\/\/simpleco.info\/#website\",\"url\":\"https:\/\/simpleco.info\/\",\"name\":\"Simpleco\",\"description\":\"Be the change you want to see in the world\",\"publisher\":{\"@id\":\"https:\/\/simpleco.info\/#organization\"},\"potentialAction\":[{\"@type\":\"SearchAction\",\"target\":{\"@type\":\"EntryPoint\",\"urlTemplate\":\"https:\/\/simpleco.info\/?s={search_term_string}\"},\"query-input\":\"required name=search_term_string\"}],\"inLanguage\":\"en-US\"},{\"@type\":\"Organization\",\"@id\":\"https:\/\/simpleco.info\/#organization\",\"name\":\"Simpleco\",\"url\":\"https:\/\/simpleco.info\/\",\"logo\":{\"@type\":\"ImageObject\",\"inLanguage\":\"en-US\",\"@id\":\"https:\/\/simpleco.info\/#\/schema\/logo\/image\/\",\"url\":\"https:\/\/simpleco.info\/wp-content\/uploads\/2023\/09\/cropped-Screenshot-2023-09-30-112546.png\",\"contentUrl\":\"https:\/\/simpleco.info\/wp-content\/uploads\/2023\/09\/cropped-Screenshot-2023-09-30-112546.png\",\"width\":89,\"height\":87,\"caption\":\"Simpleco\"},\"image\":{\"@id\":\"https:\/\/simpleco.info\/#\/schema\/logo\/image\/\"}}]}<\/script>\n<!-- \/ Yoast SEO plugin. -->","yoast_head_json":{"title":"Nachbereitung - Simpleco Nachhaltig aufbewahren und sp\u00fclen","description":"Nachhaltig aufbewahren und sp\u00fclen. Ohne chemische Mittel, hohen Wasserverbrauch und Plastikhilfsmittel. Wegschmei\u00dfen einfach vermeiden.","robots":{"index":"index","follow":"follow","max-snippet":"max-snippet:-1","max-image-preview":"max-image-preview:large","max-video-preview":"max-video-preview:-1"},"canonical":"https:\/\/simpleco.info\/nachhaltig-aufbewahren-und-spuelen\/","og_locale":"en_US","og_type":"article","og_title":"[:en]Nachbereitung[:de]Nachbereitung[:] - Simpleco Nachhaltig aufbewahren und sp\u00fclen","og_description":"Nachhaltig aufbewahren und sp\u00fclen. Ohne chemische Mittel, hohen Wasserverbrauch und Plastikhilfsmittel. Wegschmei\u00dfen einfach vermeiden.","og_url":"https:\/\/simpleco.info\/nachhaltig-aufbewahren-und-spuelen\/","og_site_name":"Simpleco","article_modified_time":"2024-01-25T15:37:02+00:00","og_image":[{"url":"http:\/\/simpleco.info\/wp-content\/uploads\/2020\/08\/Challenge-In-5-Tagen-zu-mehr-Nachhaltigkeit-im-Alltag-Uponmylife-Zero-Waste-4-e1604260601701.jpg"}],"twitter_card":"summary_large_image","twitter_misc":{"Est. reading time":"6 minutes"},"schema":{"@context":"https:\/\/schema.org","@graph":[{"@type":"WebPage","@id":"https:\/\/simpleco.info\/nachhaltig-aufbewahren-und-spuelen\/","url":"https:\/\/simpleco.info\/nachhaltig-aufbewahren-und-spuelen\/","name":"[:en]Nachbereitung[:de]Nachbereitung[:] - Simpleco Nachhaltig aufbewahren und sp\u00fclen","isPartOf":{"@id":"https:\/\/simpleco.info\/#website"},"datePublished":"2020-08-19T16:40:50+00:00","dateModified":"2024-01-25T15:37:02+00:00","description":"Nachhaltig aufbewahren und sp\u00fclen. Ohne chemische Mittel, hohen Wasserverbrauch und Plastikhilfsmittel. Wegschmei\u00dfen einfach vermeiden.","breadcrumb":{"@id":"https:\/\/simpleco.info\/nachhaltig-aufbewahren-und-spuelen\/#breadcrumb"},"inLanguage":"en-US","potentialAction":[{"@type":"ReadAction","target":["https:\/\/simpleco.info\/nachhaltig-aufbewahren-und-spuelen\/"]}]},{"@type":"BreadcrumbList","@id":"https:\/\/simpleco.info\/nachhaltig-aufbewahren-und-spuelen\/#breadcrumb","itemListElement":[{"@type":"ListItem","position":1,"name":"Startseite","item":"https:\/\/simpleco.info\/"},{"@type":"ListItem","position":2,"name":"Nachbereitung"}]},{"@type":"WebSite","@id":"https:\/\/simpleco.info\/#website","url":"https:\/\/simpleco.info\/","name":"Simpleco","description":"Be the change you want to see in the world","publisher":{"@id":"https:\/\/simpleco.info\/#organization"},"potentialAction":[{"@type":"SearchAction","target":{"@type":"EntryPoint","urlTemplate":"https:\/\/simpleco.info\/?s={search_term_string}"},"query-input":"required name=search_term_string"}],"inLanguage":"en-US"},{"@type":"Organization","@id":"https:\/\/simpleco.info\/#organization","name":"Simpleco","url":"https:\/\/simpleco.info\/","logo":{"@type":"ImageObject","inLanguage":"en-US","@id":"https:\/\/simpleco.info\/#\/schema\/logo\/image\/","url":"https:\/\/simpleco.info\/wp-content\/uploads\/2023\/09\/cropped-Screenshot-2023-09-30-112546.png","contentUrl":"https:\/\/simpleco.info\/wp-content\/uploads\/2023\/09\/cropped-Screenshot-2023-09-30-112546.png","width":89,"height":87,"caption":"Simpleco"},"image":{"@id":"https:\/\/simpleco.info\/#\/schema\/logo\/image\/"}}]}},"jetpack_sharing_enabled":true,"uagb_featured_image_src":{"full":false,"thumbnail":false,"medium":false,"medium_large":false,"large":false,"1536x1536":false,"2048x2048":false,"featured-blog-large":false,"featured-blog-medium":false,"featured":false,"featured-blog-medium-small":false},"uagb_author_info":{"display_name":"Katze1241","author_link":"https:\/\/simpleco.info\/en\/author\/katze1241\/"},"uagb_comment_info":0,"uagb_excerpt":"Aufr\u00e4umen und Aufbewahren Im folgenden erh\u00e4lst du Ideen wie du Gerichte \u00f6kologisch aufbewahren und genutztes Geschirr umweltfreundlich sp\u00fclen kannst. Und das ohne Plastik! Mit den folgenden Hilfsmitteln und Tipps kannst du \u00fcbrig gebliebenes Essen so verpacken, dass nichts weggeschmissen werden","_links":{"self":[{"href":"https:\/\/simpleco.info\/en\/wp-json\/wp\/v2\/pages\/190","targetHints":{"allow":["GET"]}}],"collection":[{"href":"https:\/\/simpleco.info\/en\/wp-json\/wp\/v2\/pages"}],"about":[{"href":"https:\/\/simpleco.info\/en\/wp-json\/wp\/v2\/types\/page"}],"author":[{"embeddable":true,"href":"https:\/\/simpleco.info\/en\/wp-json\/wp\/v2\/users\/1"}],"replies":[{"embeddable":true,"href":"https:\/\/simpleco.info\/en\/wp-json\/wp\/v2\/comments?post=190"}],"version-history":[{"count":2,"href":"https:\/\/simpleco.info\/en\/wp-json\/wp\/v2\/pages\/190\/revisions"}],"predecessor-version":[{"id":4133,"href":"https:\/\/simpleco.info\/en\/wp-json\/wp\/v2\/pages\/190\/revisions\/4133"}],"wp:attachment":[{"href":"https:\/\/simpleco.info\/en\/wp-json\/wp\/v2\/media?parent=190"}],"curies":[{"name":"wp","href":"https:\/\/api.w.org\/{rel}","templated":true}]}}