{"id":289,"date":"2020-08-23T17:36:11","date_gmt":"2020-08-23T15:36:11","guid":{"rendered":"http:\/\/simpleco.info\/?page_id=289"},"modified":"2023-09-30T10:33:24","modified_gmt":"2023-09-30T08:33:24","slug":"themen-um-die-umwelt-zu-unterstuetzen","status":"publish","type":"page","link":"https:\/\/simpleco.info\/en\/themen-um-die-umwelt-zu-unterstuetzen\/","title":{"rendered":"Sonstiges"},"content":{"rendered":"\n<p style=\"font-size:19px\">Im Folgenden findest du verschiedene weitere Themen um die Umwelt zu unterst\u00fctzen.<\/p>\n\n\n\n<p style=\"font-size:19px\">Unter anderen eine Reihe von Petitionen, welche dringend deine Unterst\u00fctzung brauchen. <br>Aber auch weitere Ideen, wie du noch mehr Umweltfreundlichkeit in dein Leben bringst. Dazu geh\u00f6rt zum Beispiel eine Reihe an Geschenkideen, sodass du andere unterst\u00fctzen kannst ein \u00f6kologisches Verhalten in ihren Alltag zu intergrieren. <br>Zus\u00e4tzlich zu den Geschenkideen findest du auch einen Beitrag dar\u00fcber, wie du Geschenke umweltfreundlich und nachhaltig einpacken kannst.<\/p>\n\n\n\n<hr class=\"wp-block-separator has-css-opacity is-style-wide\"\/>\n\n\n\n<div class=\"wp-block-columns is-layout-flex wp-container-core-columns-is-layout-1 wp-block-columns-is-layout-flex\">\n<div class=\"wp-block-column is-layout-flow wp-block-column-is-layout-flow\">\n<div class=\"wp-block-media-text alignwide is-stacked-on-mobile\" style=\"grid-template-columns:48% auto\"><figure class=\"wp-block-media-text__media\"><img loading=\"lazy\" decoding=\"async\" width=\"497\" height=\"452\" src=\"http:\/\/simpleco.info\/wp-content\/uploads\/2020\/08\/petitionTiere-e1606499277884.jpg\" alt=\"Petitionen f\u00fcr Tier und Umwelt\" class=\"wp-image-388 size-full\" srcset=\"https:\/\/simpleco.info\/wp-content\/uploads\/2020\/08\/petitionTiere-e1606499277884.jpg 497w, https:\/\/simpleco.info\/wp-content\/uploads\/2020\/08\/petitionTiere-e1606499277884-300x273.jpg 300w\" sizes=\"auto, (max-width: 497px) 100vw, 497px\" \/><\/figure><div class=\"wp-block-media-text__content\">\n<p style=\"font-size:30px\"><a href=\"http:\/\/simpleco.info\/online-petitionen-fuer-umweltschutz\/\">Petitionen<\/a><\/p>\n<\/div><\/div>\n<\/div>\n\n\n\n<div class=\"wp-block-column is-layout-flow wp-block-column-is-layout-flow\">\n<div class=\"wp-block-media-text alignwide is-stacked-on-mobile\" style=\"grid-template-columns:45% auto\"><figure class=\"wp-block-media-text__media\"><img decoding=\"async\" src=\"http:\/\/simpleco.info\/wp-content\/uploads\/2020\/08\/Challenge-In-5-Tagen-zu-mehr-Nachhaltigkeit-im-Alltag-Uponmylife-Zero-Waste-4-e1604260601701.jpg\" alt=\"\u00d6kologisches Aufbewahren mit Wachst\u00fcchern\" class=\"wp-image-347 size-full\"\/><\/figure><div class=\"wp-block-media-text__content\">\n<p style=\"font-size:30px\"><a href=\"http:\/\/simpleco.info\/oekologische-geschenkideen\/\">Geschenke<\/a><\/p>\n<\/div><\/div>\n<\/div>\n\n\n\n<div class=\"wp-block-column is-layout-flow wp-block-column-is-layout-flow\">\n<div class=\"wp-block-media-text alignwide is-stacked-on-mobile\" style=\"grid-template-columns:45% auto\"><figure class=\"wp-block-media-text__media\"><img loading=\"lazy\" decoding=\"async\" width=\"1024\" height=\"1024\" src=\"http:\/\/simpleco.info\/wp-content\/uploads\/2020\/11\/pexels-jojoy-creations-5201565-1024x1024.jpg\" alt=\"\u00d6kologische und nachhaltige Geschenkverpackung\" class=\"wp-image-737 size-full\" srcset=\"https:\/\/simpleco.info\/wp-content\/uploads\/2020\/11\/pexels-jojoy-creations-5201565-1024x1024.jpg 1024w, https:\/\/simpleco.info\/wp-content\/uploads\/2020\/11\/pexels-jojoy-creations-5201565-300x300.jpg 300w, https:\/\/simpleco.info\/wp-content\/uploads\/2020\/11\/pexels-jojoy-creations-5201565-150x150.jpg 150w, https:\/\/simpleco.info\/wp-content\/uploads\/2020\/11\/pexels-jojoy-creations-5201565-768x768.jpg 768w, https:\/\/simpleco.info\/wp-content\/uploads\/2020\/11\/pexels-jojoy-creations-5201565-1536x1536.jpg 1536w, https:\/\/simpleco.info\/wp-content\/uploads\/2020\/11\/pexels-jojoy-creations-5201565.jpg 2048w, https:\/\/simpleco.info\/wp-content\/uploads\/2020\/11\/pexels-jojoy-creations-5201565-270x270.jpg 270w, https:\/\/simpleco.info\/wp-content\/uploads\/2020\/11\/pexels-jojoy-creations-5201565-230x230.jpg 230w\" sizes=\"auto, (max-width: 1024px) 100vw, 1024px\" \/><\/figure><div class=\"wp-block-media-text__content\">\n<p style=\"font-size:30px\"><a href=\"http:\/\/simpleco.info\/nachhaltig-geschenke-verpacken\/\">Geschenkverpackung<\/a><\/p>\n<\/div><\/div>\n<\/div>\n<\/div>\n\n\n\n<p><\/p>\n","protected":false},"excerpt":{"rendered":"<p>Im Folgenden findest du verschiedene weitere Themen um die Umwelt zu unterst\u00fctzen. Unter anderen eine Reihe von Petitionen, welche dringend deine Unterst\u00fctzung brauchen. Aber auch weitere Ideen, wie du noch mehr Umweltfreundlichkeit in dein Leben bringst. Dazu geh\u00f6rt zum Beispiel<\/p>\n","protected":false},"author":1,"featured_media":0,"parent":0,"menu_order":0,"comment_status":"closed","ping_status":"closed","template":"","meta":{"_uag_custom_page_level_css":"","jetpack_post_was_ever_published":false,"footnotes":""},"class_list":["post-289","page","type-page","status-publish","hentry"],"yoast_head":"<!-- This site is optimized with the Yoast SEO plugin v21.4 - https:\/\/yoast.com\/wordpress\/plugins\/seo\/ -->\n<title>Themen um die Umwelt zu unterst\u00fctzen - Simpleco<\/title>\n<meta name=\"description\" content=\"Weitere Themen um die Umwelt zu unterst\u00fctzen. Hier findest du Petitionen f\u00fcr Umwelt und Tier sowie nachhaltige Geschenkideen &amp; Verpackungen.\" \/>\n<meta name=\"robots\" content=\"index, follow, max-snippet:-1, max-image-preview:large, max-video-preview:-1\" \/>\n<link rel=\"canonical\" href=\"https:\/\/simpleco.info\/themen-um-die-umwelt-zu-unterstuetzen\/\" \/>\n<meta property=\"og:locale\" content=\"en_US\" \/>\n<meta property=\"og:type\" content=\"article\" \/>\n<meta property=\"og:title\" content=\"Themen um die Umwelt zu unterst\u00fctzen - Simpleco\" \/>\n<meta property=\"og:description\" content=\"Weitere Themen um die Umwelt zu unterst\u00fctzen. Hier findest du Petitionen f\u00fcr Umwelt und Tier sowie nachhaltige Geschenkideen &amp; Verpackungen.\" \/>\n<meta property=\"og:url\" content=\"https:\/\/simpleco.info\/themen-um-die-umwelt-zu-unterstuetzen\/\" \/>\n<meta property=\"og:site_name\" content=\"Simpleco\" \/>\n<meta property=\"article:modified_time\" content=\"2023-09-30T08:33:24+00:00\" \/>\n<meta property=\"og:image\" content=\"http:\/\/simpleco.info\/wp-content\/uploads\/2020\/08\/petitionTiere-e1606499277884.jpg\" \/>\n<meta name=\"twitter:card\" content=\"summary_large_image\" \/>\n<meta name=\"twitter:label1\" content=\"Est. reading time\" \/>\n\t<meta name=\"twitter:data1\" content=\"2 minutes\" \/>\n<script type=\"application\/ld+json\" class=\"yoast-schema-graph\">{\"@context\":\"https:\/\/schema.org\",\"@graph\":[{\"@type\":\"WebPage\",\"@id\":\"https:\/\/simpleco.info\/themen-um-die-umwelt-zu-unterstuetzen\/\",\"url\":\"https:\/\/simpleco.info\/themen-um-die-umwelt-zu-unterstuetzen\/\",\"name\":\"Themen um die Umwelt zu unterst\u00fctzen - Simpleco\",\"isPartOf\":{\"@id\":\"https:\/\/simpleco.info\/#website\"},\"datePublished\":\"2020-08-23T15:36:11+00:00\",\"dateModified\":\"2023-09-30T08:33:24+00:00\",\"description\":\"Weitere Themen um die Umwelt zu unterst\u00fctzen. Hier findest du Petitionen f\u00fcr Umwelt und Tier sowie nachhaltige Geschenkideen & Verpackungen.\",\"breadcrumb\":{\"@id\":\"https:\/\/simpleco.info\/themen-um-die-umwelt-zu-unterstuetzen\/#breadcrumb\"},\"inLanguage\":\"en-US\",\"potentialAction\":[{\"@type\":\"ReadAction\",\"target\":[\"https:\/\/simpleco.info\/themen-um-die-umwelt-zu-unterstuetzen\/\"]}]},{\"@type\":\"BreadcrumbList\",\"@id\":\"https:\/\/simpleco.info\/themen-um-die-umwelt-zu-unterstuetzen\/#breadcrumb\",\"itemListElement\":[{\"@type\":\"ListItem\",\"position\":1,\"name\":\"Startseite\",\"item\":\"https:\/\/simpleco.info\/\"},{\"@type\":\"ListItem\",\"position\":2,\"name\":\"Sonstiges\"}]},{\"@type\":\"WebSite\",\"@id\":\"https:\/\/simpleco.info\/#website\",\"url\":\"https:\/\/simpleco.info\/\",\"name\":\"Simpleco\",\"description\":\"Be the change you want to see in the world\",\"publisher\":{\"@id\":\"https:\/\/simpleco.info\/#organization\"},\"potentialAction\":[{\"@type\":\"SearchAction\",\"target\":{\"@type\":\"EntryPoint\",\"urlTemplate\":\"https:\/\/simpleco.info\/?s={search_term_string}\"},\"query-input\":\"required name=search_term_string\"}],\"inLanguage\":\"en-US\"},{\"@type\":\"Organization\",\"@id\":\"https:\/\/simpleco.info\/#organization\",\"name\":\"Simpleco\",\"url\":\"https:\/\/simpleco.info\/\",\"logo\":{\"@type\":\"ImageObject\",\"inLanguage\":\"en-US\",\"@id\":\"https:\/\/simpleco.info\/#\/schema\/logo\/image\/\",\"url\":\"https:\/\/simpleco.info\/wp-content\/uploads\/2023\/09\/cropped-Screenshot-2023-09-30-112546.png\",\"contentUrl\":\"https:\/\/simpleco.info\/wp-content\/uploads\/2023\/09\/cropped-Screenshot-2023-09-30-112546.png\",\"width\":89,\"height\":87,\"caption\":\"Simpleco\"},\"image\":{\"@id\":\"https:\/\/simpleco.info\/#\/schema\/logo\/image\/\"}}]}<\/script>\n<!-- \/ Yoast SEO plugin. -->","yoast_head_json":{"title":"Themen um die Umwelt zu unterst\u00fctzen - Simpleco","description":"Weitere Themen um die Umwelt zu unterst\u00fctzen. Hier findest du Petitionen f\u00fcr Umwelt und Tier sowie nachhaltige Geschenkideen & Verpackungen.","robots":{"index":"index","follow":"follow","max-snippet":"max-snippet:-1","max-image-preview":"max-image-preview:large","max-video-preview":"max-video-preview:-1"},"canonical":"https:\/\/simpleco.info\/themen-um-die-umwelt-zu-unterstuetzen\/","og_locale":"en_US","og_type":"article","og_title":"Themen um die Umwelt zu unterst\u00fctzen - Simpleco","og_description":"Weitere Themen um die Umwelt zu unterst\u00fctzen. Hier findest du Petitionen f\u00fcr Umwelt und Tier sowie nachhaltige Geschenkideen & Verpackungen.","og_url":"https:\/\/simpleco.info\/themen-um-die-umwelt-zu-unterstuetzen\/","og_site_name":"Simpleco","article_modified_time":"2023-09-30T08:33:24+00:00","og_image":[{"url":"http:\/\/simpleco.info\/wp-content\/uploads\/2020\/08\/petitionTiere-e1606499277884.jpg"}],"twitter_card":"summary_large_image","twitter_misc":{"Est. reading time":"2 minutes"},"schema":{"@context":"https:\/\/schema.org","@graph":[{"@type":"WebPage","@id":"https:\/\/simpleco.info\/themen-um-die-umwelt-zu-unterstuetzen\/","url":"https:\/\/simpleco.info\/themen-um-die-umwelt-zu-unterstuetzen\/","name":"Themen um die Umwelt zu unterst\u00fctzen - Simpleco","isPartOf":{"@id":"https:\/\/simpleco.info\/#website"},"datePublished":"2020-08-23T15:36:11+00:00","dateModified":"2023-09-30T08:33:24+00:00","description":"Weitere Themen um die Umwelt zu unterst\u00fctzen. Hier findest du Petitionen f\u00fcr Umwelt und Tier sowie nachhaltige Geschenkideen & Verpackungen.","breadcrumb":{"@id":"https:\/\/simpleco.info\/themen-um-die-umwelt-zu-unterstuetzen\/#breadcrumb"},"inLanguage":"en-US","potentialAction":[{"@type":"ReadAction","target":["https:\/\/simpleco.info\/themen-um-die-umwelt-zu-unterstuetzen\/"]}]},{"@type":"BreadcrumbList","@id":"https:\/\/simpleco.info\/themen-um-die-umwelt-zu-unterstuetzen\/#breadcrumb","itemListElement":[{"@type":"ListItem","position":1,"name":"Startseite","item":"https:\/\/simpleco.info\/"},{"@type":"ListItem","position":2,"name":"Sonstiges"}]},{"@type":"WebSite","@id":"https:\/\/simpleco.info\/#website","url":"https:\/\/simpleco.info\/","name":"Simpleco","description":"Be the change you want to see in the world","publisher":{"@id":"https:\/\/simpleco.info\/#organization"},"potentialAction":[{"@type":"SearchAction","target":{"@type":"EntryPoint","urlTemplate":"https:\/\/simpleco.info\/?s={search_term_string}"},"query-input":"required name=search_term_string"}],"inLanguage":"en-US"},{"@type":"Organization","@id":"https:\/\/simpleco.info\/#organization","name":"Simpleco","url":"https:\/\/simpleco.info\/","logo":{"@type":"ImageObject","inLanguage":"en-US","@id":"https:\/\/simpleco.info\/#\/schema\/logo\/image\/","url":"https:\/\/simpleco.info\/wp-content\/uploads\/2023\/09\/cropped-Screenshot-2023-09-30-112546.png","contentUrl":"https:\/\/simpleco.info\/wp-content\/uploads\/2023\/09\/cropped-Screenshot-2023-09-30-112546.png","width":89,"height":87,"caption":"Simpleco"},"image":{"@id":"https:\/\/simpleco.info\/#\/schema\/logo\/image\/"}}]}},"jetpack_sharing_enabled":true,"uagb_featured_image_src":{"full":false,"thumbnail":false,"medium":false,"medium_large":false,"large":false,"1536x1536":false,"2048x2048":false,"featured-blog-large":false,"featured-blog-medium":false,"featured":false,"featured-blog-medium-small":false},"uagb_author_info":{"display_name":"Katze1241","author_link":"https:\/\/simpleco.info\/en\/author\/katze1241\/"},"uagb_comment_info":0,"uagb_excerpt":"Im Folgenden findest du verschiedene weitere Themen um die Umwelt zu unterst\u00fctzen. Unter anderen eine Reihe von Petitionen, welche dringend deine Unterst\u00fctzung brauchen. Aber auch weitere Ideen, wie du noch mehr Umweltfreundlichkeit in dein Leben bringst. Dazu geh\u00f6rt zum Beispiel","_links":{"self":[{"href":"https:\/\/simpleco.info\/en\/wp-json\/wp\/v2\/pages\/289","targetHints":{"allow":["GET"]}}],"collection":[{"href":"https:\/\/simpleco.info\/en\/wp-json\/wp\/v2\/pages"}],"about":[{"href":"https:\/\/simpleco.info\/en\/wp-json\/wp\/v2\/types\/page"}],"author":[{"embeddable":true,"href":"https:\/\/simpleco.info\/en\/wp-json\/wp\/v2\/users\/1"}],"replies":[{"embeddable":true,"href":"https:\/\/simpleco.info\/en\/wp-json\/wp\/v2\/comments?post=289"}],"version-history":[{"count":0,"href":"https:\/\/simpleco.info\/en\/wp-json\/wp\/v2\/pages\/289\/revisions"}],"wp:attachment":[{"href":"https:\/\/simpleco.info\/en\/wp-json\/wp\/v2\/media?parent=289"}],"curies":[{"name":"wp","href":"https:\/\/api.w.org\/{rel}","templated":true}]}}