{"id":4020,"date":"2023-12-17T15:09:49","date_gmt":"2023-12-17T14:09:49","guid":{"rendered":"https:\/\/simpleco.info\/?page_id=4020"},"modified":"2025-02-26T15:27:53","modified_gmt":"2025-02-26T14:27:53","slug":"geschenkideen-fuer-traveller","status":"publish","type":"page","link":"https:\/\/simpleco.info\/en\/geschenkideen-fuer-traveller\/","title":{"rendered":"Geschenkideen f\u00fcr Traveller"},"content":{"rendered":"\n<h1 class=\"wp-block-heading\">Nachhaltige Geschenkideen<\/h1>\n\n\n\n<p style=\"font-size:18px\">Verschenke Gutes. Umweltfreundliche Geschenke die in jedem Haushalt und Alltag gebraucht werden. Im folgenden findest du eine Reihe von \u00f6kologischen und nachhaltigen Geschenkideen f\u00fcr Jedermann. Einfach nach Hause bestellbar inklusive Rabattcodes.<\/p>\n\n\n\n<div style=\"height:20px\" aria-hidden=\"true\" class=\"wp-block-spacer\"><\/div>\n\n\n\n<div class=\"wp-block-media-text alignwide is-stacked-on-mobile\" style=\"grid-template-columns:25% auto\"><figure class=\"wp-block-media-text__media\"><img loading=\"lazy\" decoding=\"async\" width=\"1024\" height=\"958\" src=\"https:\/\/simpleco.info\/wp-content\/uploads\/2023\/12\/Gewuerz-Set-4-e1702553478759-1024x958.png\" alt=\"\" class=\"wp-image-3940 size-full\" srcset=\"https:\/\/simpleco.info\/wp-content\/uploads\/2023\/12\/Gewuerz-Set-4-e1702553478759-1024x958.png 1024w, https:\/\/simpleco.info\/wp-content\/uploads\/2023\/12\/Gewuerz-Set-4-e1702553478759-300x281.png 300w, https:\/\/simpleco.info\/wp-content\/uploads\/2023\/12\/Gewuerz-Set-4-e1702553478759-768x718.png 768w, https:\/\/simpleco.info\/wp-content\/uploads\/2023\/12\/Gewuerz-Set-4-e1702553478759.png 1518w\" sizes=\"auto, (max-width: 1024px) 100vw, 1024px\" \/><\/figure><div class=\"wp-block-media-text__content\">\n<p style=\"font-size:32px\">Gew\u00fcrz-Reiseset (17,99 \u20ac)<\/p>\n\n\n\n<p>Das Gew\u00fcrz-Reiseset aus Aluminium erm\u00f6glicht es, Lieblingsgew\u00fcrze \u00fcberallhin mitzunehmen, ohne Plastikverpackungen. <br>Bereits bef\u00fcllt &#038; nachf\u00fcllbar, plastikfrei &#038; langlebig.<\/p>\n\n\n\n<p style=\"font-size:19px\"><a href=\"https:\/\/tidd.ly\/4h12ubU\">Jetzt anschauen <\/a><\/p>\n<\/div><\/div>\n\n\n\n<div class=\"wp-block-media-text alignwide is-stacked-on-mobile\" style=\"grid-template-columns:25% auto\"><figure class=\"wp-block-media-text__media\"><img loading=\"lazy\" decoding=\"async\" width=\"400\" height=\"387\" src=\"https:\/\/simpleco.info\/wp-content\/uploads\/2023\/12\/gruen-hand-e1702405250269.jpg\" alt=\"\" class=\"wp-image-3909 size-full\" srcset=\"https:\/\/simpleco.info\/wp-content\/uploads\/2023\/12\/gruen-hand-e1702405250269.jpg 400w, https:\/\/simpleco.info\/wp-content\/uploads\/2023\/12\/gruen-hand-e1702405250269-300x290.jpg 300w\" sizes=\"auto, (max-width: 400px) 100vw, 400px\" \/><\/figure><div class=\"wp-block-media-text__content\">\n<p style=\"font-size:32px\">Brotdose Scheidebrett (7,99 \u20ac)<\/p>\n\n\n\n<p>Die Dose wird auf Bio-Basis hergestellt und wird umweltfreundlich auf Basis nachwachsender Rohstoffe und Qualit\u00e4tssicherung produziert. Recycelt &#038; Recycelbar. BPA frei, frei von Mikroplastik und ohne Deckel sp\u00fclmaschinengeeignet. Buchenholzdeckel (Aus Europa) naturbelassen.<\/p>\n\n\n\n<p>Made in Germany (Bayern), Ressourcenschonendes &#038; Klimaneutrales Unternehmen, Fair &#038; Sozial<\/p>\n\n\n\n<p style=\"font-size:19px\"><a href=\"https:\/\/tidd.ly\/3D2y0sc\">Jetzt anschauen <\/a><\/p>\n<\/div><\/div>\n\n\n\n<div class=\"wp-block-media-text alignwide is-stacked-on-mobile\" style=\"grid-template-columns:25% auto\"><figure class=\"wp-block-media-text__media\"><img loading=\"lazy\" decoding=\"async\" width=\"600\" height=\"600\" src=\"https:\/\/simpleco.info\/wp-content\/uploads\/2025\/02\/Seifenbox.jpg\" alt=\"\" class=\"wp-image-4631 size-full\" srcset=\"https:\/\/simpleco.info\/wp-content\/uploads\/2025\/02\/Seifenbox.jpg 600w, https:\/\/simpleco.info\/wp-content\/uploads\/2025\/02\/Seifenbox-300x300.jpg 300w, https:\/\/simpleco.info\/wp-content\/uploads\/2025\/02\/Seifenbox-150x150.jpg 150w, https:\/\/simpleco.info\/wp-content\/uploads\/2025\/02\/Seifenbox-270x270.jpg 270w, https:\/\/simpleco.info\/wp-content\/uploads\/2025\/02\/Seifenbox-230x230.jpg 230w\" sizes=\"auto, (max-width: 600px) 100vw, 600px\" \/><\/figure><div class=\"wp-block-media-text__content\">\n<p style=\"font-size:32px\">3 in 1 Seifenbox (9,99 \u20ac)<\/p>\n\n\n\n<p>Seifendose anstatt unn\u00f6tiger Plastikflaschen. Tragbare Seifendose aus leichtem Aluminium f\u00fcr unterwegs. Inklusive herausnehmbaren Abtropfgitter worin die nasse Seife nach der Anwendung trocknen kann oder welches als Seifenschale genutzt werden kann.  Lange Haltbar, fair &#038; Sozial. <\/p>\n\n\n\n<p style=\"font-size:19px\"><a href=\"https:\/\/tidd.ly\/41gkWrn\">Jetzt anschauen <\/a><\/p>\n<\/div><\/div>\n\n\n\n<div class=\"wp-block-media-text alignwide is-stacked-on-mobile\" style=\"grid-template-columns:25% auto\"><figure class=\"wp-block-media-text__media\"><img loading=\"lazy\" decoding=\"async\" width=\"600\" height=\"600\" src=\"https:\/\/simpleco.info\/wp-content\/uploads\/2023\/12\/newsilbertrinkflasche-schwarz.jpg\" alt=\"\" class=\"wp-image-3942 size-full\" srcset=\"https:\/\/simpleco.info\/wp-content\/uploads\/2023\/12\/newsilbertrinkflasche-schwarz.jpg 600w, https:\/\/simpleco.info\/wp-content\/uploads\/2023\/12\/newsilbertrinkflasche-schwarz-300x300.jpg 300w, https:\/\/simpleco.info\/wp-content\/uploads\/2023\/12\/newsilbertrinkflasche-schwarz-150x150.jpg 150w, https:\/\/simpleco.info\/wp-content\/uploads\/2023\/12\/newsilbertrinkflasche-schwarz-270x270.jpg 270w, https:\/\/simpleco.info\/wp-content\/uploads\/2023\/12\/newsilbertrinkflasche-schwarz-230x230.jpg 230w\" sizes=\"auto, (max-width: 600px) 100vw, 600px\" \/><\/figure><div class=\"wp-block-media-text__content\">\n<p style=\"font-size:32px\">Trinkflasche Edelstahl 750ml (19,90 \u20ac)<\/p>\n\n\n\n<p>Nein zu Einwegflaschen! 100% geschmacksneutral und aus hochwertigem, rostfreiem Edelstahl.<br>Doppelwandig &#038; auslaufsicher, h\u00e4lt 24 Std kalt und 18 Std hei\u00df.<br>Frei von BPA und anderen Schadstoffen. In Silber und Schwarz erh\u00e4ltlich. Fair &#038; Sozial herstellt.  <\/p>\n\n\n\n<p style=\"font-size:19px\"><a href=\"https:\/\/tidd.ly\/47R6kk6\">Jetzt anschauen <\/a><\/p>\n<\/div><\/div>\n\n\n\n<div class=\"wp-block-media-text alignwide is-stacked-on-mobile\" style=\"grid-template-columns:25% auto\"><figure class=\"wp-block-media-text__media\"><img loading=\"lazy\" decoding=\"async\" width=\"1024\" height=\"1019\" src=\"https:\/\/simpleco.info\/wp-content\/uploads\/2023\/12\/Pflegeprodukte-Geschenkideen2-e1702646760841-1024x1019.png\" alt=\"Geschenkidee f\u00fcr Traveller Packing Cubes recyclete Petflaschen schwarz W\u00e4schebeutel\" class=\"wp-image-3979 size-full\" srcset=\"https:\/\/simpleco.info\/wp-content\/uploads\/2023\/12\/Pflegeprodukte-Geschenkideen2-e1702646760841-1024x1019.png 1024w, https:\/\/simpleco.info\/wp-content\/uploads\/2023\/12\/Pflegeprodukte-Geschenkideen2-e1702646760841-300x300.png 300w, https:\/\/simpleco.info\/wp-content\/uploads\/2023\/12\/Pflegeprodukte-Geschenkideen2-e1702646760841-150x150.png 150w, https:\/\/simpleco.info\/wp-content\/uploads\/2023\/12\/Pflegeprodukte-Geschenkideen2-e1702646760841-768x764.png 768w, https:\/\/simpleco.info\/wp-content\/uploads\/2023\/12\/Pflegeprodukte-Geschenkideen2-e1702646760841-270x270.png 270w, https:\/\/simpleco.info\/wp-content\/uploads\/2023\/12\/Pflegeprodukte-Geschenkideen2-e1702646760841-230x230.png 230w, https:\/\/simpleco.info\/wp-content\/uploads\/2023\/12\/Pflegeprodukte-Geschenkideen2-e1702646760841.png 1080w\" sizes=\"auto, (max-width: 1024px) 100vw, 1024px\" \/><\/figure><div class=\"wp-block-media-text__content\">\n<p style=\"font-size:32px\">Packing Cubes mit Kompressionsfunktion (39,99 \u20ac)<\/p>\n\n\n\n<p>Aus recycelten Plastikflaschen hergestellt. Platz sparen durch zus\u00e4tzliche Rei\u00dfverschl\u00fcsse welche die Kleidung auf ein minimum komprimieren. Wasserfestes Fach der L+ Tasche erm\u00f6glicht nasse oder schmutzige Kleidung seperat zu verstauen. <\/p>\n\n\n\n<p>Gr\u00f6\u00dfen S, M, L + W\u00e4schebeutel, in mehreren Farben erh\u00e4ltlich. <\/p>\n\n\n\n<p style=\"font-size:19px\"><a href=\"https:\/\/tidd.ly\/3v0cMXy\">Jetzt anschauen <\/a><\/p>\n<\/div><\/div>\n\n\n\n<div class=\"wp-block-media-text alignwide is-stacked-on-mobile\" style=\"grid-template-columns:25% auto\"><figure class=\"wp-block-media-text__media\"><img decoding=\"async\" src=\"https:\/\/simpleco.info\/wp-content\/uploads\/2025\/02\/Abschminkpads.jpg\" alt=\"\" class=\"wp-image-4632 size-full\"\/><\/figure><div class=\"wp-block-media-text__content\">\n<p style=\"font-size:32px\">Wiederverwendbare Abschminkpads Bio Baumwolle &#8211; 16St.<\/p>\n\n\n\n<p>Plastikm\u00fcll kannst du dir hiermit abschminken \u2013 dank der wiederverwendbaren Abschminkpads aus zertifizierter Gaze Bio Baumwolle.&nbsp;Die Pads sind waschbar und k\u00f6nnen immer wieder verwendet werden.<\/p>\n\n\n\n<p> Je 8 St\u00fcck in 8cm &#038; 10cm im perfekt passenden Stoffbeutel. Wiederverwendbar und bei 30-40\u00b0C waschbar.<\/p>\n\n\n\n<p style=\"font-size:19px\"><a href=\"https:\/\/tidd.ly\/439of60\">Jetzt anschauen <\/a><\/p>\n<\/div><\/div>\n\n\n\n<div class=\"wp-block-media-text alignwide is-stacked-on-mobile\" style=\"grid-template-columns:25% auto\"><figure class=\"wp-block-media-text__media\"><img loading=\"lazy\" decoding=\"async\" width=\"480\" height=\"472\" src=\"https:\/\/simpleco.info\/wp-content\/uploads\/2023\/12\/deo4-e1702644974857.jpg\" alt=\"\" class=\"wp-image-3965 size-full\" srcset=\"https:\/\/simpleco.info\/wp-content\/uploads\/2023\/12\/deo4-e1702644974857.jpg 480w, https:\/\/simpleco.info\/wp-content\/uploads\/2023\/12\/deo4-e1702644974857-300x295.jpg 300w\" sizes=\"auto, (max-width: 480px) 100vw, 480px\" \/><\/figure><div class=\"wp-block-media-text__content\">\n<p style=\"font-size:32px\">Naturkosmetik Deostick (4,99 \u20ac)<\/p>\n\n\n\n<p>Der vegane Deodorant Stick Clean Cloud wurde speziell f\u00fcr Menschen mit empfindlicher und gereizter Haut entwickelt. Dank der ausgew\u00e4hlten Zusammensetzung der nat\u00fcrlichen Inhaltstoffe ist der Deo Stick hypoallergen und f\u00fcr Allergiker:innen geeignet.<\/p>\n\n\n\n<p>Die Kombination aus Natron und Maisst\u00e4rke sorgen f\u00fcr ein trockenes Hautgef\u00fchl und beugen unangenehmen K\u00f6rpergeruch vor, ohne die nat\u00fcrliche Schwei\u00dfregulierung der Haut zu verhindern. Kokos\u00f6l, Sheabutter und Oliven\u00f6l spenden Feuchtigkeit und wirken zudem beruhigend auf die Haut.<\/p>\n\n\n\n<p>Plastikfrei, recycelbar, ohne Aluminium, vegan &#038; klimaneutral. <a href=\"https:\/\/tidd.ly\/3GLrjZM\">Clean Cloud<\/a> oder <a href=\"https:\/\/tidd.ly\/3uTlJ4M\">Sweet Summer<\/a> <\/p>\n\n\n\n<p style=\"font-size:19px\"><a href=\"https:\/\/tidd.ly\/3uTlJ4M\">Jetzt anschauen <\/a><\/p>\n<\/div><\/div>\n\n\n\n<div class=\"wp-block-media-text alignwide is-stacked-on-mobile\" style=\"grid-template-columns:25% auto\"><figure class=\"wp-block-media-text__media\"><img loading=\"lazy\" decoding=\"async\" width=\"600\" height=\"600\" src=\"https:\/\/simpleco.info\/wp-content\/uploads\/2023\/12\/bambus-zahnbuersten-mittel.jpg\" alt=\"\" class=\"wp-image-3969 size-full\" srcset=\"https:\/\/simpleco.info\/wp-content\/uploads\/2023\/12\/bambus-zahnbuersten-mittel.jpg 600w, https:\/\/simpleco.info\/wp-content\/uploads\/2023\/12\/bambus-zahnbuersten-mittel-300x300.jpg 300w, https:\/\/simpleco.info\/wp-content\/uploads\/2023\/12\/bambus-zahnbuersten-mittel-150x150.jpg 150w, https:\/\/simpleco.info\/wp-content\/uploads\/2023\/12\/bambus-zahnbuersten-mittel-270x270.jpg 270w, https:\/\/simpleco.info\/wp-content\/uploads\/2023\/12\/bambus-zahnbuersten-mittel-230x230.jpg 230w\" sizes=\"auto, (max-width: 600px) 100vw, 600px\" \/><\/figure><div class=\"wp-block-media-text__content\">\n<p style=\"font-size:32px\">Bambus Zahb\u00fcrsten 4er-Set (9,89 \u20ac)<\/p>\n\n\n\n<p>Bambuszahnb\u00fcrste als Alternative f\u00fcr die Plastikzahnb\u00fcrste. Von Natur aus antibakteriell. Der Bambus selbst erzeugt einen Stoff namens Bambus-Kun. Dieser hat eine nat\u00fcrlich antibakterielle Wirkung, wodurch die Ausbreitung von Keimen auf der Zahnb\u00fcrste unterbunden wird. <\/p>\n\n\n\n<p>Vegan, St\u00e4rke: Medium, mit Lasergravur-Mustern.<\/p>\n\n\n\n<p style=\"font-size:19px\"><a href=\"https:\/\/t.adcell.com\/click.php?bid=282950-108561\u00b6m0=https%3A%2F%2Fgruenergedanke.de%2Fproducts%2Fbambus-zahnbuerste-erwachsene-nature-nerds\">Jetzt anschauen <\/a><\/p>\n<\/div><\/div>\n\n\n\n<div class=\"wp-block-media-text alignwide is-stacked-on-mobile\" style=\"grid-template-columns:25% auto\"><figure class=\"wp-block-media-text__media\"><img loading=\"lazy\" decoding=\"async\" width=\"1000\" height=\"1000\" src=\"https:\/\/simpleco.info\/wp-content\/uploads\/2023\/12\/pandoo-rasierhobel-rasierhobel-aus-metall-inkl-10-klingen-und-e-book-schwarz-silver-oder-rose-gold-28157780525114_5000x.jpg\" alt=\"\" class=\"wp-image-3966 size-full\" srcset=\"https:\/\/simpleco.info\/wp-content\/uploads\/2023\/12\/pandoo-rasierhobel-rasierhobel-aus-metall-inkl-10-klingen-und-e-book-schwarz-silver-oder-rose-gold-28157780525114_5000x.jpg 1000w, https:\/\/simpleco.info\/wp-content\/uploads\/2023\/12\/pandoo-rasierhobel-rasierhobel-aus-metall-inkl-10-klingen-und-e-book-schwarz-silver-oder-rose-gold-28157780525114_5000x-300x300.jpg 300w, https:\/\/simpleco.info\/wp-content\/uploads\/2023\/12\/pandoo-rasierhobel-rasierhobel-aus-metall-inkl-10-klingen-und-e-book-schwarz-silver-oder-rose-gold-28157780525114_5000x-150x150.jpg 150w, https:\/\/simpleco.info\/wp-content\/uploads\/2023\/12\/pandoo-rasierhobel-rasierhobel-aus-metall-inkl-10-klingen-und-e-book-schwarz-silver-oder-rose-gold-28157780525114_5000x-768x768.jpg 768w, https:\/\/simpleco.info\/wp-content\/uploads\/2023\/12\/pandoo-rasierhobel-rasierhobel-aus-metall-inkl-10-klingen-und-e-book-schwarz-silver-oder-rose-gold-28157780525114_5000x-270x270.jpg 270w, https:\/\/simpleco.info\/wp-content\/uploads\/2023\/12\/pandoo-rasierhobel-rasierhobel-aus-metall-inkl-10-klingen-und-e-book-schwarz-silver-oder-rose-gold-28157780525114_5000x-230x230.jpg 230w\" sizes=\"auto, (max-width: 1000px) 100vw, 1000px\" \/><\/figure><div class=\"wp-block-media-text__content\">\n<p style=\"font-size:32px\">Rasierhobel inkl. 10 Klingen (24,99 \u20ac)<\/p>\n\n\n\n<p>Der plastikfreie Rasierhobel erm\u00f6glicht eine erstklassige und hautfreundliche Rasur. Dank seines rutschfesten Griffs und des geschlossenen Kamms ist der Metall Rasierhobel besonders f\u00fcr Anf\u00e4nger geeignet. Der stilvolle Klassiker findet in seiner mitgelieferten Halterung den perfekten Platz in deinem Badezimmer.<\/p>\n\n\n\n<p>In sieben Farben: Schwarz, Ros\u00e9gold, Silber, Gold, Gr\u00fcn, Blau und Rot<br>Rasierhobel, Halterung, 10x Wechselklingen, inkl. E-Book &#8220;Rasierhobel Guide&#8221;<\/p>\n\n\n\n<p style=\"font-size:19px\"><a href=\"https:\/\/tidd.ly\/47VwdiP\">Jetzt anschauen <\/a><\/p>\n<\/div><\/div>\n\n\n\n<h2 class=\"wp-block-heading\">Nachhaltige Geschenkideen zum selber machen<\/h2>\n\n\n\n<p>Zus\u00e4tzlich gibt es auch die M\u00f6glichkeit Geschenke selbst zu machen. Ideen wie selbst zusammengestellte Kochboxen, Upcycling Stoffbeutel, selbst gemachte Badekugeln und viele weitere Ideen und Anleitungen findest du <a rel=\"noreferrer noopener\" href=\"https:\/\/utopia.de\/galerien\/weihnachtsgeschenke-selber-machen\/#1\" target=\"_blank\">hier <\/a>auf Utopia.<\/p>\n\n\n\n<h2 class=\"wp-block-heading\">Geschenkverpackung<\/h2>\n\n\n\n<p>Sobald man die Geschenke hat, m\u00fcssen diese nat\u00fcrlich auch sch\u00f6n verpackt werden. Auch hier kann man auf Nachhaltigkeit achten. Schau in meine <a href=\"http:\/\/simpleco.info\/oekologisch-geschenke-verpacken\/\">Sammlung <\/a>von umweltfreundlichen Ideen wie du deine Geschenke einpacken kannst.<\/p>\n\n\n\n<hr class=\"wp-block-separator has-css-opacity is-style-wide\"\/>\n","protected":false},"excerpt":{"rendered":"<p>Nachhaltige Geschenkideen Verschenke Gutes. Umweltfreundliche Geschenke die in jedem Haushalt und Alltag gebraucht werden. Im folgenden findest du eine Reihe von \u00f6kologischen und nachhaltigen Geschenkideen f\u00fcr Jedermann. Einfach nach Hause bestellbar inklusive Rabattcodes. Gew\u00fcrz-Reiseset (17,99 \u20ac) Das Gew\u00fcrz-Reiseset aus Aluminium<\/p>\n","protected":false},"author":1,"featured_media":0,"parent":0,"menu_order":0,"comment_status":"closed","ping_status":"closed","template":"","meta":{"_uag_custom_page_level_css":"","jetpack_post_was_ever_published":false,"footnotes":""},"class_list":["post-4020","page","type-page","status-publish","hentry"],"yoast_head":"<!-- This site is optimized with the Yoast SEO plugin v21.4 - https:\/\/yoast.com\/wordpress\/plugins\/seo\/ -->\n<title>Geschenkideen f\u00fcr Traveller - Simpleco<\/title>\n<meta name=\"description\" content=\"Nachhaltige Geschenke f\u00fcr Traveller. Praktische Helfer f\u00fcr den Alltag oder auf Reisen. Mache auch eine Reisen nachhaltiger :)\" \/>\n<meta name=\"robots\" content=\"index, follow, max-snippet:-1, max-image-preview:large, max-video-preview:-1\" \/>\n<link rel=\"canonical\" href=\"https:\/\/simpleco.info\/geschenkideen-fuer-traveller\/\" \/>\n<meta property=\"og:locale\" content=\"en_US\" \/>\n<meta property=\"og:type\" content=\"article\" \/>\n<meta property=\"og:title\" content=\"Geschenkideen f\u00fcr Traveller\" \/>\n<meta property=\"og:description\" content=\"Nachhaltige Geschenke f\u00fcr Traveller. Praktische Helfer f\u00fcr den Alltag oder auf Reisen. Mache auch eine Reisen nachhaltiger :)\" \/>\n<meta property=\"og:url\" content=\"https:\/\/simpleco.info\/geschenkideen-fuer-traveller\/\" \/>\n<meta property=\"og:site_name\" content=\"Simpleco\" \/>\n<meta property=\"article:modified_time\" content=\"2025-02-26T14:27:53+00:00\" \/>\n<meta property=\"og:image\" content=\"https:\/\/simpleco.info\/wp-content\/uploads\/2023\/12\/Gewuerz-Set-4-e1702553478759-1024x958.png\" \/>\n<meta name=\"twitter:card\" content=\"summary_large_image\" \/>\n<meta name=\"twitter:label1\" content=\"Est. reading time\" \/>\n\t<meta name=\"twitter:data1\" content=\"5 minutes\" \/>\n<script type=\"application\/ld+json\" class=\"yoast-schema-graph\">{\"@context\":\"https:\/\/schema.org\",\"@graph\":[{\"@type\":\"WebPage\",\"@id\":\"https:\/\/simpleco.info\/geschenkideen-fuer-traveller\/\",\"url\":\"https:\/\/simpleco.info\/geschenkideen-fuer-traveller\/\",\"name\":\"[:de]Geschenkideen f\u00fcr Traveller[:] - Simpleco\",\"isPartOf\":{\"@id\":\"https:\/\/simpleco.info\/#website\"},\"datePublished\":\"2023-12-17T14:09:49+00:00\",\"dateModified\":\"2025-02-26T14:27:53+00:00\",\"description\":\"Nachhaltige Geschenke f\u00fcr Traveller. Praktische Helfer f\u00fcr den Alltag oder auf Reisen. Mache auch eine Reisen nachhaltiger :)\",\"breadcrumb\":{\"@id\":\"https:\/\/simpleco.info\/geschenkideen-fuer-traveller\/#breadcrumb\"},\"inLanguage\":\"en-US\",\"potentialAction\":[{\"@type\":\"ReadAction\",\"target\":[\"https:\/\/simpleco.info\/geschenkideen-fuer-traveller\/\"]}]},{\"@type\":\"BreadcrumbList\",\"@id\":\"https:\/\/simpleco.info\/geschenkideen-fuer-traveller\/#breadcrumb\",\"itemListElement\":[{\"@type\":\"ListItem\",\"position\":1,\"name\":\"Startseite\",\"item\":\"https:\/\/simpleco.info\/\"},{\"@type\":\"ListItem\",\"position\":2,\"name\":\"Geschenkideen f\u00fcr Traveller\"}]},{\"@type\":\"WebSite\",\"@id\":\"https:\/\/simpleco.info\/#website\",\"url\":\"https:\/\/simpleco.info\/\",\"name\":\"Simpleco\",\"description\":\"Be the change you want to see in the world\",\"publisher\":{\"@id\":\"https:\/\/simpleco.info\/#organization\"},\"potentialAction\":[{\"@type\":\"SearchAction\",\"target\":{\"@type\":\"EntryPoint\",\"urlTemplate\":\"https:\/\/simpleco.info\/?s={search_term_string}\"},\"query-input\":\"required name=search_term_string\"}],\"inLanguage\":\"en-US\"},{\"@type\":\"Organization\",\"@id\":\"https:\/\/simpleco.info\/#organization\",\"name\":\"Simpleco\",\"url\":\"https:\/\/simpleco.info\/\",\"logo\":{\"@type\":\"ImageObject\",\"inLanguage\":\"en-US\",\"@id\":\"https:\/\/simpleco.info\/#\/schema\/logo\/image\/\",\"url\":\"https:\/\/simpleco.info\/wp-content\/uploads\/2023\/09\/cropped-Screenshot-2023-09-30-112546.png\",\"contentUrl\":\"https:\/\/simpleco.info\/wp-content\/uploads\/2023\/09\/cropped-Screenshot-2023-09-30-112546.png\",\"width\":89,\"height\":87,\"caption\":\"Simpleco\"},\"image\":{\"@id\":\"https:\/\/simpleco.info\/#\/schema\/logo\/image\/\"}}]}<\/script>\n<!-- \/ Yoast SEO plugin. -->","yoast_head_json":{"title":"Geschenkideen f\u00fcr Traveller - Simpleco","description":"Nachhaltige Geschenke f\u00fcr Traveller. Praktische Helfer f\u00fcr den Alltag oder auf Reisen. Mache auch eine Reisen nachhaltiger :)","robots":{"index":"index","follow":"follow","max-snippet":"max-snippet:-1","max-image-preview":"max-image-preview:large","max-video-preview":"max-video-preview:-1"},"canonical":"https:\/\/simpleco.info\/geschenkideen-fuer-traveller\/","og_locale":"en_US","og_type":"article","og_title":"[:de]Geschenkideen f\u00fcr Traveller[:] - Simpleco","og_description":"Nachhaltige Geschenke f\u00fcr Traveller. Praktische Helfer f\u00fcr den Alltag oder auf Reisen. Mache auch eine Reisen nachhaltiger :)","og_url":"https:\/\/simpleco.info\/geschenkideen-fuer-traveller\/","og_site_name":"Simpleco","article_modified_time":"2025-02-26T14:27:53+00:00","og_image":[{"url":"https:\/\/simpleco.info\/wp-content\/uploads\/2023\/12\/Gewuerz-Set-4-e1702553478759-1024x958.png"}],"twitter_card":"summary_large_image","twitter_misc":{"Est. reading time":"5 minutes"},"schema":{"@context":"https:\/\/schema.org","@graph":[{"@type":"WebPage","@id":"https:\/\/simpleco.info\/geschenkideen-fuer-traveller\/","url":"https:\/\/simpleco.info\/geschenkideen-fuer-traveller\/","name":"[:de]Geschenkideen f\u00fcr Traveller[:] - Simpleco","isPartOf":{"@id":"https:\/\/simpleco.info\/#website"},"datePublished":"2023-12-17T14:09:49+00:00","dateModified":"2025-02-26T14:27:53+00:00","description":"Nachhaltige Geschenke f\u00fcr Traveller. Praktische Helfer f\u00fcr den Alltag oder auf Reisen. Mache auch eine Reisen nachhaltiger :)","breadcrumb":{"@id":"https:\/\/simpleco.info\/geschenkideen-fuer-traveller\/#breadcrumb"},"inLanguage":"en-US","potentialAction":[{"@type":"ReadAction","target":["https:\/\/simpleco.info\/geschenkideen-fuer-traveller\/"]}]},{"@type":"BreadcrumbList","@id":"https:\/\/simpleco.info\/geschenkideen-fuer-traveller\/#breadcrumb","itemListElement":[{"@type":"ListItem","position":1,"name":"Startseite","item":"https:\/\/simpleco.info\/"},{"@type":"ListItem","position":2,"name":"Geschenkideen f\u00fcr Traveller"}]},{"@type":"WebSite","@id":"https:\/\/simpleco.info\/#website","url":"https:\/\/simpleco.info\/","name":"Simpleco","description":"Be the change you want to see in the world","publisher":{"@id":"https:\/\/simpleco.info\/#organization"},"potentialAction":[{"@type":"SearchAction","target":{"@type":"EntryPoint","urlTemplate":"https:\/\/simpleco.info\/?s={search_term_string}"},"query-input":"required name=search_term_string"}],"inLanguage":"en-US"},{"@type":"Organization","@id":"https:\/\/simpleco.info\/#organization","name":"Simpleco","url":"https:\/\/simpleco.info\/","logo":{"@type":"ImageObject","inLanguage":"en-US","@id":"https:\/\/simpleco.info\/#\/schema\/logo\/image\/","url":"https:\/\/simpleco.info\/wp-content\/uploads\/2023\/09\/cropped-Screenshot-2023-09-30-112546.png","contentUrl":"https:\/\/simpleco.info\/wp-content\/uploads\/2023\/09\/cropped-Screenshot-2023-09-30-112546.png","width":89,"height":87,"caption":"Simpleco"},"image":{"@id":"https:\/\/simpleco.info\/#\/schema\/logo\/image\/"}}]}},"jetpack_sharing_enabled":true,"uagb_featured_image_src":{"full":false,"thumbnail":false,"medium":false,"medium_large":false,"large":false,"1536x1536":false,"2048x2048":false,"featured-blog-large":false,"featured-blog-medium":false,"featured":false,"featured-blog-medium-small":false},"uagb_author_info":{"display_name":"Katze1241","author_link":"https:\/\/simpleco.info\/en\/author\/katze1241\/"},"uagb_comment_info":0,"uagb_excerpt":"Nachhaltige Geschenkideen Verschenke Gutes. Umweltfreundliche Geschenke die in jedem Haushalt und Alltag gebraucht werden. Im folgenden findest du eine Reihe von \u00f6kologischen und nachhaltigen Geschenkideen f\u00fcr Jedermann. Einfach nach Hause bestellbar inklusive Rabattcodes. Gew\u00fcrz-Reiseset (17,99 \u20ac) Das Gew\u00fcrz-Reiseset aus Aluminium","_links":{"self":[{"href":"https:\/\/simpleco.info\/en\/wp-json\/wp\/v2\/pages\/4020","targetHints":{"allow":["GET"]}}],"collection":[{"href":"https:\/\/simpleco.info\/en\/wp-json\/wp\/v2\/pages"}],"about":[{"href":"https:\/\/simpleco.info\/en\/wp-json\/wp\/v2\/types\/page"}],"author":[{"embeddable":true,"href":"https:\/\/simpleco.info\/en\/wp-json\/wp\/v2\/users\/1"}],"replies":[{"embeddable":true,"href":"https:\/\/simpleco.info\/en\/wp-json\/wp\/v2\/comments?post=4020"}],"version-history":[{"count":8,"href":"https:\/\/simpleco.info\/en\/wp-json\/wp\/v2\/pages\/4020\/revisions"}],"predecessor-version":[{"id":4705,"href":"https:\/\/simpleco.info\/en\/wp-json\/wp\/v2\/pages\/4020\/revisions\/4705"}],"wp:attachment":[{"href":"https:\/\/simpleco.info\/en\/wp-json\/wp\/v2\/media?parent=4020"}],"curies":[{"name":"wp","href":"https:\/\/api.w.org\/{rel}","templated":true}]}}