{"id":4022,"date":"2023-12-17T15:11:02","date_gmt":"2023-12-17T14:11:02","guid":{"rendered":"https:\/\/simpleco.info\/?page_id=4022"},"modified":"2024-09-18T11:25:17","modified_gmt":"2024-09-18T09:25:17","slug":"geschenkideen-fuer-heisse-getraenk-liebhaber","status":"publish","type":"page","link":"https:\/\/simpleco.info\/en\/geschenkideen-fuer-heisse-getraenk-liebhaber\/","title":{"rendered":"Geschenkideen f\u00fcr hei\u00dfe Getr\u00e4nk Liebhaber"},"content":{"rendered":"\n<h1 class=\"wp-block-heading\">Nachhaltige Geschenkideen<\/h1>\n\n\n\n<p style=\"font-size:18px\">Verschenke Gutes. Umweltfreundliche Geschenke die in jedem Haushalt und Alltag gebraucht werden. Im folgenden findest du eine Reihe von \u00f6kologischen und nachhaltigen Geschenkideen f\u00fcr Jedermann. Einfach nach Hause bestellbar inklusive Rabattcodes.<\/p>\n\n\n\n<div style=\"height:20px\" aria-hidden=\"true\" class=\"wp-block-spacer\"><\/div>\n\n\n\n<div class=\"wp-block-media-text alignwide is-stacked-on-mobile\" style=\"grid-template-columns:25% auto\"><figure class=\"wp-block-media-text__media\"><img loading=\"lazy\" decoding=\"async\" width=\"640\" height=\"610\" src=\"https:\/\/simpleco.info\/wp-content\/uploads\/2023\/12\/2022-10-12_koa_MKT_pur-100g-e1702646470438.webp\" alt=\"\" class=\"wp-image-3898 size-full\" srcset=\"https:\/\/simpleco.info\/wp-content\/uploads\/2023\/12\/2022-10-12_koa_MKT_pur-100g-e1702646470438.webp 640w, https:\/\/simpleco.info\/wp-content\/uploads\/2023\/12\/2022-10-12_koa_MKT_pur-100g-e1702646470438-300x286.webp 300w\" sizes=\"auto, (max-width: 640px) 100vw, 640px\" \/><\/figure><div class=\"wp-block-media-text__content\">\n<p style=\"font-size:32px\">Koffein-Kakao mit Guarana versch. Sorten (3,99 \u20ac)<\/p>\n\n\n\n<p>Kaffee-Alternative mit Schokoladengeschmack. Guarana z\u00fcgelt das Hungerf\u00fchl, f\u00f6rdert den Stoffwechsel und hat eine entz\u00fcndungshemmnde Eigenschaft. Es hilft gegen Stress und f\u00f6rdert die kognitive F\u00e4higkeiten und Konzentration und vieles mehr. In Kombination mit dem Kakao ist es unglaublich lecker und der Perfekte Drink f\u00fcr eine entspannte Auszeit. Bio, vegan, fair-trade &#038; klimaneutral.<\/p>\n\n\n\n<p>Auch andere Geschmacksrichtungen wie Winterzeit, Cinnamon Roll, Karamell Meersalz, oder alle 4 zusammen f\u00fcr 9,99\u20ac <\/p>\n\n\n\n<p style=\"font-size:19px\"><a href=\"https:\/\/t.adcell.com\/click.php?bid=316606-108561\">Jetzt anschauen <\/a><\/p>\n<\/div><\/div>\n\n\n\n<div class=\"wp-block-media-text alignwide is-stacked-on-mobile\" style=\"grid-template-columns:25% auto\"><figure class=\"wp-block-media-text__media\"><img loading=\"lazy\" decoding=\"async\" width=\"713\" height=\"713\" src=\"https:\/\/simpleco.info\/wp-content\/uploads\/2023\/12\/matesetkeramikvintage1800x1800.webp\" alt=\"\" class=\"wp-image-3895 size-full\" srcset=\"https:\/\/simpleco.info\/wp-content\/uploads\/2023\/12\/matesetkeramikvintage1800x1800.webp 713w, https:\/\/simpleco.info\/wp-content\/uploads\/2023\/12\/matesetkeramikvintage1800x1800-300x300.webp 300w, https:\/\/simpleco.info\/wp-content\/uploads\/2023\/12\/matesetkeramikvintage1800x1800-150x150.webp 150w, https:\/\/simpleco.info\/wp-content\/uploads\/2023\/12\/matesetkeramikvintage1800x1800-270x270.webp 270w, https:\/\/simpleco.info\/wp-content\/uploads\/2023\/12\/matesetkeramikvintage1800x1800-230x230.webp 230w\" sizes=\"auto, (max-width: 713px) 100vw, 713px\" \/><\/figure><div class=\"wp-block-media-text__content\">\n<p style=\"font-size:32px\">Mate Starterset Keramik oder Edelstahl (25,90 \u20ac)<\/p>\n\n\n\n<p>Drei Sorten Mate Tee, eine Bombilla, plastikfrei &#038; biozertifiziert, ein Matebecher (Keramit oder Edelstahl) und Zubereitungsanleitung.<\/p>\n\n\n\n<p>Mate hat nicht nur positive Auswirkungen auf die Umwelt sondern auch auf die Gesundheit. Es z\u00fcgelt den Appetit, enth\u00e4lt eine Vielzahl von Antioxidantien, Vitamine und Mineralstoffe.<\/p>\n\n\n\n<p>Es regt den Stoffwechsel an, verbessert die Konzentration und vieles mehr.<\/p>\n\n\n\n<p>Die Mate-Pflanze w\u00e4chst schnell und ben\u00f6tigt im Vergleich zu anderen Nutzpflanzen weniger Wasser und D\u00fcngemittel. Sie hilft f\u00fcr einen behutsamen Umgang mit dem Regenwald, f\u00f6rdert die Bioversit\u00e4t, sch\u00fctzt mit seinen Wurzeln vor Bodenerosion und verbessert die regionale Wasserqualtit\u00e4t.<\/p>\n\n\n\n<p style=\"font-size:19px\"><a href=\"https:\/\/t.adcell.com\/click.php?bid=298117-108561&#038;param0=https%3A%2F%2Fcaamate.de%2Fcollections%2Fmate-sets\">Jetzt anschauen <\/a><\/p>\n<\/div><\/div>\n\n\n\n<div class=\"wp-block-media-text alignwide is-stacked-on-mobile\" style=\"grid-template-columns:25% auto\"><figure class=\"wp-block-media-text__media\"><img loading=\"lazy\" decoding=\"async\" width=\"600\" height=\"600\" src=\"https:\/\/simpleco.info\/wp-content\/uploads\/2023\/12\/newsilbertrinkflasche-schwarz.jpg\" alt=\"\" class=\"wp-image-3942 size-full\" srcset=\"https:\/\/simpleco.info\/wp-content\/uploads\/2023\/12\/newsilbertrinkflasche-schwarz.jpg 600w, https:\/\/simpleco.info\/wp-content\/uploads\/2023\/12\/newsilbertrinkflasche-schwarz-300x300.jpg 300w, https:\/\/simpleco.info\/wp-content\/uploads\/2023\/12\/newsilbertrinkflasche-schwarz-150x150.jpg 150w, https:\/\/simpleco.info\/wp-content\/uploads\/2023\/12\/newsilbertrinkflasche-schwarz-270x270.jpg 270w, https:\/\/simpleco.info\/wp-content\/uploads\/2023\/12\/newsilbertrinkflasche-schwarz-230x230.jpg 230w\" sizes=\"auto, (max-width: 600px) 100vw, 600px\" \/><\/figure><div class=\"wp-block-media-text__content\">\n<p style=\"font-size:32px\">Trinkflasche Edelstahl 750ml (19,90 \u20ac)<\/p>\n\n\n\n<p>Nein zu Einwegflaschen! 100% geschmacksneutral und aus hochwertigem, rostfreiem Edelstahl.<br>Doppelwandig &#038; auslaufsicher, h\u00e4lt 24 Std kalt und 18 Std hei\u00df.<br>Frei von BPA und anderen Schadstoffen. In Silber und Schwarz erh\u00e4ltlich. Fair &#038; Sozial herstellt.  <\/p>\n\n\n\n<p style=\"font-size:19px\"><a href=\"https:\/\/tidd.ly\/47R6kk6\">Jetzt anschauen <\/a><\/p>\n<\/div><\/div>\n\n\n\n<div class=\"wp-block-media-text alignwide is-stacked-on-mobile\" style=\"grid-template-columns:24% auto\"><figure class=\"wp-block-media-text__media\"><img loading=\"lazy\" decoding=\"async\" width=\"720\" height=\"720\" src=\"https:\/\/simpleco.info\/wp-content\/uploads\/2023\/12\/eflypremano-silberthalgaleriebilderpa1229-frenchpress00_720x.webp\" alt=\"\" class=\"wp-image-3900 size-full\" srcset=\"https:\/\/simpleco.info\/wp-content\/uploads\/2023\/12\/eflypremano-silberthalgaleriebilderpa1229-frenchpress00_720x.webp 720w, https:\/\/simpleco.info\/wp-content\/uploads\/2023\/12\/eflypremano-silberthalgaleriebilderpa1229-frenchpress00_720x-300x300.webp 300w, https:\/\/simpleco.info\/wp-content\/uploads\/2023\/12\/eflypremano-silberthalgaleriebilderpa1229-frenchpress00_720x-150x150.webp 150w, https:\/\/simpleco.info\/wp-content\/uploads\/2023\/12\/eflypremano-silberthalgaleriebilderpa1229-frenchpress00_720x-270x270.webp 270w, https:\/\/simpleco.info\/wp-content\/uploads\/2023\/12\/eflypremano-silberthalgaleriebilderpa1229-frenchpress00_720x-230x230.webp 230w\" sizes=\"auto, (max-width: 720px) 100vw, 720px\" \/><\/figure><div class=\"wp-block-media-text__content\">\n<p style=\"font-size:32px\">Langlebige K\u00fcchenartikel, z.B. French Press (38 \u20ac)<\/p>\n\n\n\n<p>M\u00fcllfreier Kaffee ohne Kapseln oder Pads. Aus nachhaltigen Materialien. Eine Qualit\u00e4t die ein lebenlang h\u00e4lt.<\/p>\n\n\n\n<p>Faire Arbeitsbedingungen und gepr\u00fcfte Produktqualit\u00e4t in Produktion und beim Handel. Offizieller Partner der Initiative &#8220;Fairness im Handel&#8221;. Mit einem Ersatzteilservice, klimaneutralem Versand und der CO2-Kompensation bei der Produktion unserer Pfannen verhalten wir uns auch unserer Umwelt gegen\u00fcber fair.<\/p>\n\n\n\n<p>Nicht nur Kaffeezubeh\u00f6r sondern auch alles andere an K\u00fcchenzubeh\u00f6r wie T\u00f6pfe, Pfannen, Messer, usw. <\/p>\n\n\n\n<p style=\"font-size:19px\"><a href=\"https:\/\/t.adcell.com\/click.php?bid=363298-108561\">Jetzt anschauen <\/a><\/p>\n<\/div><\/div>\n\n\n\n<div class=\"wp-block-media-text alignwide is-stacked-on-mobile\" style=\"grid-template-columns:25% auto\"><figure class=\"wp-block-media-text__media\"><img loading=\"lazy\" decoding=\"async\" width=\"901\" height=\"1024\" src=\"https:\/\/simpleco.info\/wp-content\/uploads\/2023\/12\/Zuhause-Geschenkideen-e1702742796426-901x1024.png\" alt=\"Zeit Schenken. gemeinsam Zeit verbringen \" class=\"wp-image-3999 size-full\" srcset=\"https:\/\/simpleco.info\/wp-content\/uploads\/2023\/12\/Zuhause-Geschenkideen-e1702742796426-901x1024.png 901w, https:\/\/simpleco.info\/wp-content\/uploads\/2023\/12\/Zuhause-Geschenkideen-e1702742796426-264x300.png 264w, https:\/\/simpleco.info\/wp-content\/uploads\/2023\/12\/Zuhause-Geschenkideen-e1702742796426-768x873.png 768w, https:\/\/simpleco.info\/wp-content\/uploads\/2023\/12\/Zuhause-Geschenkideen-e1702742796426.png 1080w\" sizes=\"auto, (max-width: 901px) 100vw, 901px\" \/><\/figure><div class=\"wp-block-media-text__content\">\n<p style=\"font-size:32px\">Gemeinsam aus Bohnen Schokolade machen (46,90 \u20ac)<\/p>\n\n\n\n<p>Beginnend bei der rohen Kakaobohne, vom r\u00f6sten \u00fcbers sch\u00e4len und m\u00f6rsern bis hin zum schmelzen und gie\u00dfen und genie\u00dfen. In einem unterhaltsamen Event zu Hause verarbeitet ihr Criollo Kakaobohnen in reinster BIO Qualit\u00e4t, einer der edelsten Kakaosorten der Welt. <\/p>\n\n\n\n<p>Ihr werdet dabei Schritt f\u00fcr Schritt durch die Welt des Kakaos und dessen Geschichte gef\u00fchrt. Selbst hergestellte handgemachten sechs Tafeln Schokoladen (Dunkel, Vollmilch, Wei\u00df) sowie Herstellung von zwei uralten, leckeren Kakao-Getr\u00e4nken. Der perfekte und leckerste Zeitvertreib mit euren Liebsten!<\/p>\n\n\n\n<p style=\"font-size:19px\"><a href=\"https:\/\/tidd.ly\/4amVN1E\">Jetzt anschauen <\/a><\/p>\n<\/div><\/div>\n\n\n\n<div class=\"wp-block-media-text alignwide is-stacked-on-mobile\" style=\"grid-template-columns:25% auto\"><figure class=\"wp-block-media-text__media\"><img loading=\"lazy\" decoding=\"async\" width=\"788\" height=\"744\" src=\"https:\/\/simpleco.info\/wp-content\/uploads\/2023\/12\/Screenshot-2023-12-16-101446.png\" alt=\"\" class=\"wp-image-3998 size-full\" srcset=\"https:\/\/simpleco.info\/wp-content\/uploads\/2023\/12\/Screenshot-2023-12-16-101446.png 788w, https:\/\/simpleco.info\/wp-content\/uploads\/2023\/12\/Screenshot-2023-12-16-101446-300x283.png 300w, https:\/\/simpleco.info\/wp-content\/uploads\/2023\/12\/Screenshot-2023-12-16-101446-768x725.png 768w\" sizes=\"auto, (max-width: 788px) 100vw, 788px\" \/><\/figure><div class=\"wp-block-media-text__content\">\n<p style=\"font-size:32px\">4er-Pack Trinkgl\u00e4ser aus Weinflaschen (21,80 \u20ac)<\/p>\n\n\n\n<p>Das zweite Leben der Weinflaschen in einzigartigen Kunstwerken. Nicht nur umweltfreundlich und sozial verantwortungsvoller Genuss, sondern auch ein vielseitiges ein ideales Geschenk f\u00fcr unterschiedliche Anl\u00e4sse. <\/p>\n\n\n\n<p>Nachhaltiges Upcycling f\u00fcr eine bessere Welt. Die Marke produziert lokal und schafft gleichzeitig soziale Arbeitspl\u00e4tze f\u00fcr Menschen, die Unterst\u00fctzung ben\u00f6tigen. Unsere Produkte erz\u00e4hlen die Geschichte von Kreislaufwirtschaft und hochwertigem Design. <\/p>\n\n\n\n<p><strong>10% Rabatt<\/strong> mit dem Gutscheincode: <strong>Simpleco10 <\/strong><\/p>\n\n\n\n<p style=\"font-size:19px\"><a href=\"https:\/\/t.adcell.com\/click.php?bid=360751-108561&#038;param0=https%3A%2F%2Flangundlebig.de%2Fproducts%2Fbecher-4er-pack-klar\">Jetzt anschauen <\/a><\/p>\n<\/div><\/div>\n\n\n\n<h2 class=\"wp-block-heading\">Nachhaltige Geschenkideen zum selber machen<\/h2>\n\n\n\n<p>Zus\u00e4tzlich gibt es auch die M\u00f6glichkeit Geschenke selbst zu machen. Ideen wie selbst zusammengestellte Kochboxen, Upcycling Stoffbeutel, selbst gemachte Badekugeln und viele weitere Ideen und Anleitungen findest du <a rel=\"noreferrer noopener\" href=\"https:\/\/utopia.de\/galerien\/weihnachtsgeschenke-selber-machen\/#1\" target=\"_blank\">hier <\/a>auf Utopia.<\/p>\n\n\n\n<h2 class=\"wp-block-heading\">Geschenkverpackung<\/h2>\n\n\n\n<p>Sobald man die Geschenke hat, m\u00fcssen diese nat\u00fcrlich auch sch\u00f6n verpackt werden. Auch hier kann man auf Nachhaltigkeit achten. Schau in meine <a href=\"http:\/\/simpleco.info\/oekologisch-geschenke-verpacken\/\">Sammlung <\/a>von umweltfreundlichen Ideen wie du deine Geschenke einpacken kannst.<\/p>\n\n\n\n<hr class=\"wp-block-separator has-css-opacity is-style-wide\"\/>\n","protected":false},"excerpt":{"rendered":"<p>Nachhaltige Geschenkideen Verschenke Gutes. Umweltfreundliche Geschenke die in jedem Haushalt und Alltag gebraucht werden. Im folgenden findest du eine Reihe von \u00f6kologischen und nachhaltigen Geschenkideen f\u00fcr Jedermann. Einfach nach Hause bestellbar inklusive Rabattcodes. Koffein-Kakao mit Guarana versch. Sorten (3,99 \u20ac)<\/p>\n","protected":false},"author":1,"featured_media":0,"parent":0,"menu_order":0,"comment_status":"closed","ping_status":"closed","template":"","meta":{"_uag_custom_page_level_css":"","jetpack_post_was_ever_published":false,"footnotes":""},"class_list":["post-4022","page","type-page","status-publish","hentry"],"yoast_head":"<!-- This site is optimized with the Yoast SEO plugin v21.4 - https:\/\/yoast.com\/wordpress\/plugins\/seo\/ -->\n<title>Geschenkideen f\u00fcr hei\u00dfe Getr\u00e4nk Liebhaber - Simpleco<\/title>\n<meta name=\"robots\" content=\"index, follow, max-snippet:-1, max-image-preview:large, max-video-preview:-1\" \/>\n<link rel=\"canonical\" href=\"https:\/\/simpleco.info\/geschenkideen-fuer-heisse-getraenk-liebhaber\/\" \/>\n<meta property=\"og:locale\" content=\"en_US\" \/>\n<meta property=\"og:type\" content=\"article\" \/>\n<meta property=\"og:title\" content=\"Geschenkideen f\u00fcr hei\u00dfe Getr\u00e4nk Liebhaber\" \/>\n<meta property=\"og:description\" content=\"Nachhaltige Geschenkideen Verschenke Gutes. Umweltfreundliche Geschenke die in jedem Haushalt und Alltag gebraucht werden. Im folgenden findest du eine Reihe von \u00f6kologischen und nachhaltigen Geschenkideen f\u00fcr Jedermann. Einfach nach Hause bestellbar inklusive Rabattcodes. Koffein-Kakao mit Guarana versch. Sorten (3,99 \u20ac)\" \/>\n<meta property=\"og:url\" content=\"https:\/\/simpleco.info\/geschenkideen-fuer-heisse-getraenk-liebhaber\/\" \/>\n<meta property=\"og:site_name\" content=\"Simpleco\" \/>\n<meta property=\"article:modified_time\" content=\"2024-09-18T09:25:17+00:00\" \/>\n<meta property=\"og:image\" content=\"https:\/\/simpleco.info\/wp-content\/uploads\/2023\/12\/2022-10-12_koa_MKT_pur-100g-e1702646470438.webp\" \/>\n<meta name=\"twitter:card\" content=\"summary_large_image\" \/>\n<meta name=\"twitter:label1\" content=\"Est. reading time\" \/>\n\t<meta name=\"twitter:data1\" content=\"5 minutes\" \/>\n<script type=\"application\/ld+json\" class=\"yoast-schema-graph\">{\"@context\":\"https:\/\/schema.org\",\"@graph\":[{\"@type\":\"WebPage\",\"@id\":\"https:\/\/simpleco.info\/geschenkideen-fuer-heisse-getraenk-liebhaber\/\",\"url\":\"https:\/\/simpleco.info\/geschenkideen-fuer-heisse-getraenk-liebhaber\/\",\"name\":\"[:de]Geschenkideen f\u00fcr hei\u00dfe Getr\u00e4nk Liebhaber[:] - Simpleco\",\"isPartOf\":{\"@id\":\"https:\/\/simpleco.info\/#website\"},\"datePublished\":\"2023-12-17T14:11:02+00:00\",\"dateModified\":\"2024-09-18T09:25:17+00:00\",\"breadcrumb\":{\"@id\":\"https:\/\/simpleco.info\/geschenkideen-fuer-heisse-getraenk-liebhaber\/#breadcrumb\"},\"inLanguage\":\"en-US\",\"potentialAction\":[{\"@type\":\"ReadAction\",\"target\":[\"https:\/\/simpleco.info\/geschenkideen-fuer-heisse-getraenk-liebhaber\/\"]}]},{\"@type\":\"BreadcrumbList\",\"@id\":\"https:\/\/simpleco.info\/geschenkideen-fuer-heisse-getraenk-liebhaber\/#breadcrumb\",\"itemListElement\":[{\"@type\":\"ListItem\",\"position\":1,\"name\":\"Startseite\",\"item\":\"https:\/\/simpleco.info\/\"},{\"@type\":\"ListItem\",\"position\":2,\"name\":\"Geschenkideen f\u00fcr hei\u00dfe Getr\u00e4nk Liebhaber\"}]},{\"@type\":\"WebSite\",\"@id\":\"https:\/\/simpleco.info\/#website\",\"url\":\"https:\/\/simpleco.info\/\",\"name\":\"Simpleco\",\"description\":\"Be the change you want to see in the world\",\"publisher\":{\"@id\":\"https:\/\/simpleco.info\/#organization\"},\"potentialAction\":[{\"@type\":\"SearchAction\",\"target\":{\"@type\":\"EntryPoint\",\"urlTemplate\":\"https:\/\/simpleco.info\/?s={search_term_string}\"},\"query-input\":\"required name=search_term_string\"}],\"inLanguage\":\"en-US\"},{\"@type\":\"Organization\",\"@id\":\"https:\/\/simpleco.info\/#organization\",\"name\":\"Simpleco\",\"url\":\"https:\/\/simpleco.info\/\",\"logo\":{\"@type\":\"ImageObject\",\"inLanguage\":\"en-US\",\"@id\":\"https:\/\/simpleco.info\/#\/schema\/logo\/image\/\",\"url\":\"https:\/\/simpleco.info\/wp-content\/uploads\/2023\/09\/cropped-Screenshot-2023-09-30-112546.png\",\"contentUrl\":\"https:\/\/simpleco.info\/wp-content\/uploads\/2023\/09\/cropped-Screenshot-2023-09-30-112546.png\",\"width\":89,\"height\":87,\"caption\":\"Simpleco\"},\"image\":{\"@id\":\"https:\/\/simpleco.info\/#\/schema\/logo\/image\/\"}}]}<\/script>\n<!-- \/ Yoast SEO plugin. -->","yoast_head_json":{"title":"Geschenkideen f\u00fcr hei\u00dfe Getr\u00e4nk Liebhaber - Simpleco","robots":{"index":"index","follow":"follow","max-snippet":"max-snippet:-1","max-image-preview":"max-image-preview:large","max-video-preview":"max-video-preview:-1"},"canonical":"https:\/\/simpleco.info\/geschenkideen-fuer-heisse-getraenk-liebhaber\/","og_locale":"en_US","og_type":"article","og_title":"[:de]Geschenkideen f\u00fcr hei\u00dfe Getr\u00e4nk Liebhaber[:] - Simpleco","og_description":"Nachhaltige Geschenkideen Verschenke Gutes. Umweltfreundliche Geschenke die in jedem Haushalt und Alltag gebraucht werden. Im folgenden findest du eine Reihe von \u00f6kologischen und nachhaltigen Geschenkideen f\u00fcr Jedermann. Einfach nach Hause bestellbar inklusive Rabattcodes. Koffein-Kakao mit Guarana versch. Sorten (3,99 \u20ac)","og_url":"https:\/\/simpleco.info\/geschenkideen-fuer-heisse-getraenk-liebhaber\/","og_site_name":"Simpleco","article_modified_time":"2024-09-18T09:25:17+00:00","og_image":[{"url":"https:\/\/simpleco.info\/wp-content\/uploads\/2023\/12\/2022-10-12_koa_MKT_pur-100g-e1702646470438.webp"}],"twitter_card":"summary_large_image","twitter_misc":{"Est. reading time":"5 minutes"},"schema":{"@context":"https:\/\/schema.org","@graph":[{"@type":"WebPage","@id":"https:\/\/simpleco.info\/geschenkideen-fuer-heisse-getraenk-liebhaber\/","url":"https:\/\/simpleco.info\/geschenkideen-fuer-heisse-getraenk-liebhaber\/","name":"[:de]Geschenkideen f\u00fcr hei\u00dfe Getr\u00e4nk Liebhaber[:] - Simpleco","isPartOf":{"@id":"https:\/\/simpleco.info\/#website"},"datePublished":"2023-12-17T14:11:02+00:00","dateModified":"2024-09-18T09:25:17+00:00","breadcrumb":{"@id":"https:\/\/simpleco.info\/geschenkideen-fuer-heisse-getraenk-liebhaber\/#breadcrumb"},"inLanguage":"en-US","potentialAction":[{"@type":"ReadAction","target":["https:\/\/simpleco.info\/geschenkideen-fuer-heisse-getraenk-liebhaber\/"]}]},{"@type":"BreadcrumbList","@id":"https:\/\/simpleco.info\/geschenkideen-fuer-heisse-getraenk-liebhaber\/#breadcrumb","itemListElement":[{"@type":"ListItem","position":1,"name":"Startseite","item":"https:\/\/simpleco.info\/"},{"@type":"ListItem","position":2,"name":"Geschenkideen f\u00fcr hei\u00dfe Getr\u00e4nk Liebhaber"}]},{"@type":"WebSite","@id":"https:\/\/simpleco.info\/#website","url":"https:\/\/simpleco.info\/","name":"Simpleco","description":"Be the change you want to see in the world","publisher":{"@id":"https:\/\/simpleco.info\/#organization"},"potentialAction":[{"@type":"SearchAction","target":{"@type":"EntryPoint","urlTemplate":"https:\/\/simpleco.info\/?s={search_term_string}"},"query-input":"required name=search_term_string"}],"inLanguage":"en-US"},{"@type":"Organization","@id":"https:\/\/simpleco.info\/#organization","name":"Simpleco","url":"https:\/\/simpleco.info\/","logo":{"@type":"ImageObject","inLanguage":"en-US","@id":"https:\/\/simpleco.info\/#\/schema\/logo\/image\/","url":"https:\/\/simpleco.info\/wp-content\/uploads\/2023\/09\/cropped-Screenshot-2023-09-30-112546.png","contentUrl":"https:\/\/simpleco.info\/wp-content\/uploads\/2023\/09\/cropped-Screenshot-2023-09-30-112546.png","width":89,"height":87,"caption":"Simpleco"},"image":{"@id":"https:\/\/simpleco.info\/#\/schema\/logo\/image\/"}}]}},"jetpack_sharing_enabled":true,"uagb_featured_image_src":{"full":false,"thumbnail":false,"medium":false,"medium_large":false,"large":false,"1536x1536":false,"2048x2048":false,"featured-blog-large":false,"featured-blog-medium":false,"featured":false,"featured-blog-medium-small":false},"uagb_author_info":{"display_name":"Katze1241","author_link":"https:\/\/simpleco.info\/en\/author\/katze1241\/"},"uagb_comment_info":0,"uagb_excerpt":"Nachhaltige Geschenkideen Verschenke Gutes. Umweltfreundliche Geschenke die in jedem Haushalt und Alltag gebraucht werden. Im folgenden findest du eine Reihe von \u00f6kologischen und nachhaltigen Geschenkideen f\u00fcr Jedermann. Einfach nach Hause bestellbar inklusive Rabattcodes. Koffein-Kakao mit Guarana versch. Sorten (3,99 \u20ac)","_links":{"self":[{"href":"https:\/\/simpleco.info\/en\/wp-json\/wp\/v2\/pages\/4022","targetHints":{"allow":["GET"]}}],"collection":[{"href":"https:\/\/simpleco.info\/en\/wp-json\/wp\/v2\/pages"}],"about":[{"href":"https:\/\/simpleco.info\/en\/wp-json\/wp\/v2\/types\/page"}],"author":[{"embeddable":true,"href":"https:\/\/simpleco.info\/en\/wp-json\/wp\/v2\/users\/1"}],"replies":[{"embeddable":true,"href":"https:\/\/simpleco.info\/en\/wp-json\/wp\/v2\/comments?post=4022"}],"version-history":[{"count":6,"href":"https:\/\/simpleco.info\/en\/wp-json\/wp\/v2\/pages\/4022\/revisions"}],"predecessor-version":[{"id":4712,"href":"https:\/\/simpleco.info\/en\/wp-json\/wp\/v2\/pages\/4022\/revisions\/4712"}],"wp:attachment":[{"href":"https:\/\/simpleco.info\/en\/wp-json\/wp\/v2\/media?parent=4022"}],"curies":[{"name":"wp","href":"https:\/\/api.w.org\/{rel}","templated":true}]}}