{"id":4083,"date":"2024-01-04T12:35:14","date_gmt":"2024-01-04T11:35:14","guid":{"rendered":"https:\/\/simpleco.info\/?page_id=4083"},"modified":"2024-01-04T12:38:16","modified_gmt":"2024-01-04T11:38:16","slug":"richtige-muelltrennung-fuer-die-umwelt","status":"publish","type":"page","link":"https:\/\/simpleco.info\/en\/richtige-muelltrennung-fuer-die-umwelt\/","title":{"rendered":"M\u00fclltrennung"},"content":{"rendered":"\n<p>Warum nicht einfach alles in den Restm\u00fcll?<\/p>\n\n\n\n<p>Durch die richtige Trennung von Abf\u00e4llen k\u00f6nnen wertvolle Ressourcen wiederverwertet und recycelt werden, anstatt sie auf Deponien zu entsorgen oder zu verbrennen.<\/p>\n\n\n\n<p>Dies f\u00fcrht zu zur Reduzierung von Treibhausgasemissionen.<\/p>\n\n\n\n<p>Um aus dem Hausm\u00fcll hochwertiges Recyclingmaterial (so genannte \u201eRecyclate\u201c) herstellen zu k\u00f6nnen, muss der M\u00fcll m\u00f6glichst wenig verschmutzt sein!<\/p>\n\n\n\n<p>Wenn z.B. Kunststoff und Aluminium im Restm\u00fcll bei einer Verpressung im M\u00fcllwagen durch Essensreste, Staubsaugerbeutel, etc. verschmutzt werden, sind somit nicht mehr recyclingf\u00e4hig.<\/p>\n\n\n\n<p>Papier muss f\u00fcr das Recycling trocken und sauber bleiben, was ebenfalls im Restm\u00fcll nicht m\u00f6glich ist.<\/p>\n\n\n\n<p>Wenn organische Abf\u00e4lle wie Lebensmittelreste getrennt und kompostiert werden,<\/p>\n\n\n\n<p>entsteht daraus wertvoller D\u00fcnger, der in der Landwirtschaft verwendet werden kann. Dadurch wird der Bedarf an chemischen D\u00fcngemitteln reduziert, die wiederum zur Freisetzung von Treibhausgasen beitragen.<\/p>\n\n\n\n<p>Au\u00dferdem wird in M\u00fcnchen z.B. zugleich auch \u00d6kostrom beim Verg\u00e4rungsprozess produziert.<\/p>\n\n\n\n<p>Also bitte probierts aus \ud83d\ude42<\/p>\n\n\n\n<p><\/p>\n\n\n\n<h2 class=\"wp-block-heading\">Blaue Tonne<\/h2>\n\n\n\n<ul class=\"wp-block-list\">\n<li>Formulare, Computerpapier<\/li>\n\n\n\n<li>Schulhefte, B\u00fccher ohne Einband<\/li>\n\n\n\n<li>Gefaltete Pappkartons, Packpapier ohne Klebeband<\/li>\n\n\n\n<li>Saubere Papiert\u00fcten auch mit Sichtfenster<\/li>\n\n\n\n<li>Verpackungen aus Papier<\/li>\n\n\n\n<li>Pizzakarton ohne Essensreste<\/li>\n<\/ul>\n\n\n\n<h2 class=\"wp-block-heading\">Braune Tonne\/Biom\u00fcll<\/h2>\n\n\n\n<ul class=\"wp-block-list\">\n<li>Gem\u00fcse-, Salat- und Obstreste (roh und gekocht)<\/li>\n\n\n\n<li>Fleisch- und Fischreste (roh und gekocht)<\/li>\n\n\n\n<li>Kartoffel-, Eier-, Nu\u00df- und Obstschalen<\/li>\n\n\n\n<li>(alte) Brot und Backwaren<\/li>\n\n\n\n<li>Kaffeesatz, Kaffeefilter, Kaffeepads<\/li>\n\n\n\n<li>Blumen und Pflanzen (ohne Topf), Blumenerde<\/li>\n\n\n\n<li>Laub, Gras, Baum- und Strauchschnitt<\/li>\n\n\n\n<li>Zeitungs- und K\u00fcchenpapier in kleinen Mengen, um Feuchtigkeit aufzusaugen<\/li>\n<\/ul>\n\n\n\n<h2 class=\"wp-block-heading\">Verpackungen<\/h2>\n\n\n\n<p>Sammeln Sie Ver\u00adpackungen getrennt, denn sie k\u00f6nnen ver\u00adwertet werden. Vor der Abgabe m\u00fcssen die Verpackungen ge\u00adleert sein, aussp\u00fclen ist nicht not\u00adwendig. Trennen Sie bitte unter\u00adschiedliche Materialien von\u00adeinander, z. B. den Alu\u00addeckel vom Joghurt\u00adbecher.<\/p>\n\n\n\n<ul class=\"wp-block-list\">\n<li>Glas (wei\u00df, braun, gr\u00fcn). Deckel m\u00fcssen nicht ab\u00adgeschraubt werden<\/li>\n\n\n\n<li>Anders\u00adfarbiges Glas (z. B. blau, rot, schwarz) geh\u00f6rt zum Gr\u00fcn\u00adglas<\/li>\n\n\n\n<li>Kunst\u00adstoffe (z. B. Getr\u00e4nke\u00adkartons, Kunststoffverpackungen, Kunst\u00adstoff-Flaschen, Kunst\u00adstoff-Becher, Styropor, Verpackungsfolien)<\/li>\n\n\n\n<li>Dosen\/Alu (z. B. Alufolien, Aluminium, Spray\u00addosen, Kronkorken, Schraub\u00adverschl\u00fcsse von Flaschen und Gl\u00e4sern, Wei\u00df\u00adblech, Konservendosen)<\/li>\n<\/ul>\n\n\n\n<p><strong>So spart jede Tonne Recyclingplastik gegen\u00fcber Plastik aus Erd\u00f6l eine Tonne CO<\/strong><\/p>\n\n\n\n<h2 class=\"wp-block-heading\">Wertstoffhof<\/h2>\n\n\n\n<ul class=\"wp-block-list\">\n<li>Bauschutt<\/li>\n\n\n\n<li>Elektro-und Elektronikschrott<\/li>\n\n\n\n<li>Problemabf\u00e4lle<\/li>\n\n\n\n<li>Sperrm\u00fcll<\/li>\n\n\n\n<li>Gartenabf\u00e4lle<\/li>\n\n\n\n<li>Holz<\/li>\n\n\n\n<li>Altkleider und Schuhe<\/li>\n\n\n\n<li>Kunststoff\/Styropor<\/li>\n\n\n\n<li>Papier\/Kartonagen<\/li>\n\n\n\n<li>Sperrm\u00fcll<\/li>\n<\/ul>\n\n\n\n<p>R\u00fcckgabe kleinerer Ger\u00e4te im Super\/Bau\/Elektromarkt<\/p>\n","protected":false},"excerpt":{"rendered":"<p>Warum nicht einfach alles in den Restm\u00fcll? Durch die richtige Trennung von Abf\u00e4llen k\u00f6nnen wertvolle Ressourcen wiederverwertet und recycelt werden, anstatt sie auf Deponien zu entsorgen oder zu verbrennen. Dies f\u00fcrht zu zur Reduzierung von Treibhausgasemissionen. Um aus dem Hausm\u00fcll<\/p>\n","protected":false},"author":1,"featured_media":0,"parent":0,"menu_order":0,"comment_status":"closed","ping_status":"closed","template":"","meta":{"_uag_custom_page_level_css":"","jetpack_post_was_ever_published":false,"footnotes":""},"class_list":["post-4083","page","type-page","status-publish","hentry"],"yoast_head":"<!-- This site is optimized with the Yoast SEO plugin v21.4 - https:\/\/yoast.com\/wordpress\/plugins\/seo\/ -->\n<title>M\u00fclltrennung - Simpleco<\/title>\n<meta name=\"description\" content=\"Durch die richtige M\u00fclltrennung k\u00f6nnen wertvolle Ressourcen recycelt werden und sogar Beiprodukte wie D\u00fcnger und Energie produziert werden.\" \/>\n<meta name=\"robots\" content=\"index, follow, max-snippet:-1, max-image-preview:large, max-video-preview:-1\" \/>\n<link rel=\"canonical\" href=\"https:\/\/simpleco.info\/richtige-muelltrennung-fuer-die-umwelt\/\" \/>\n<meta property=\"og:locale\" content=\"en_US\" \/>\n<meta property=\"og:type\" content=\"article\" \/>\n<meta property=\"og:title\" content=\"M\u00fclltrennung\" \/>\n<meta property=\"og:description\" content=\"Durch die richtige M\u00fclltrennung k\u00f6nnen wertvolle Ressourcen recycelt werden und sogar Beiprodukte wie D\u00fcnger und Energie produziert werden.\" \/>\n<meta property=\"og:url\" content=\"https:\/\/simpleco.info\/richtige-muelltrennung-fuer-die-umwelt\/\" \/>\n<meta property=\"og:site_name\" content=\"Simpleco\" \/>\n<meta property=\"article:modified_time\" content=\"2024-01-04T11:38:16+00:00\" \/>\n<meta name=\"twitter:card\" content=\"summary_large_image\" \/>\n<meta name=\"twitter:label1\" content=\"Est. reading time\" \/>\n\t<meta name=\"twitter:data1\" content=\"2 minutes\" \/>\n<script type=\"application\/ld+json\" class=\"yoast-schema-graph\">{\"@context\":\"https:\/\/schema.org\",\"@graph\":[{\"@type\":\"WebPage\",\"@id\":\"https:\/\/simpleco.info\/richtige-muelltrennung-fuer-die-umwelt\/\",\"url\":\"https:\/\/simpleco.info\/richtige-muelltrennung-fuer-die-umwelt\/\",\"name\":\"[:de]M\u00fclltrennung[:] - Simpleco\",\"isPartOf\":{\"@id\":\"https:\/\/simpleco.info\/#website\"},\"datePublished\":\"2024-01-04T11:35:14+00:00\",\"dateModified\":\"2024-01-04T11:38:16+00:00\",\"description\":\"Durch die richtige M\u00fclltrennung k\u00f6nnen wertvolle Ressourcen recycelt werden und sogar Beiprodukte wie D\u00fcnger und Energie produziert werden.\",\"breadcrumb\":{\"@id\":\"https:\/\/simpleco.info\/richtige-muelltrennung-fuer-die-umwelt\/#breadcrumb\"},\"inLanguage\":\"en-US\",\"potentialAction\":[{\"@type\":\"ReadAction\",\"target\":[\"https:\/\/simpleco.info\/richtige-muelltrennung-fuer-die-umwelt\/\"]}]},{\"@type\":\"BreadcrumbList\",\"@id\":\"https:\/\/simpleco.info\/richtige-muelltrennung-fuer-die-umwelt\/#breadcrumb\",\"itemListElement\":[{\"@type\":\"ListItem\",\"position\":1,\"name\":\"Startseite\",\"item\":\"https:\/\/simpleco.info\/\"},{\"@type\":\"ListItem\",\"position\":2,\"name\":\"M\u00fclltrennung\"}]},{\"@type\":\"WebSite\",\"@id\":\"https:\/\/simpleco.info\/#website\",\"url\":\"https:\/\/simpleco.info\/\",\"name\":\"Simpleco\",\"description\":\"Be the change you want to see in the world\",\"publisher\":{\"@id\":\"https:\/\/simpleco.info\/#organization\"},\"potentialAction\":[{\"@type\":\"SearchAction\",\"target\":{\"@type\":\"EntryPoint\",\"urlTemplate\":\"https:\/\/simpleco.info\/?s={search_term_string}\"},\"query-input\":\"required name=search_term_string\"}],\"inLanguage\":\"en-US\"},{\"@type\":\"Organization\",\"@id\":\"https:\/\/simpleco.info\/#organization\",\"name\":\"Simpleco\",\"url\":\"https:\/\/simpleco.info\/\",\"logo\":{\"@type\":\"ImageObject\",\"inLanguage\":\"en-US\",\"@id\":\"https:\/\/simpleco.info\/#\/schema\/logo\/image\/\",\"url\":\"https:\/\/simpleco.info\/wp-content\/uploads\/2023\/09\/cropped-Screenshot-2023-09-30-112546.png\",\"contentUrl\":\"https:\/\/simpleco.info\/wp-content\/uploads\/2023\/09\/cropped-Screenshot-2023-09-30-112546.png\",\"width\":89,\"height\":87,\"caption\":\"Simpleco\"},\"image\":{\"@id\":\"https:\/\/simpleco.info\/#\/schema\/logo\/image\/\"}}]}<\/script>\n<!-- \/ Yoast SEO plugin. -->","yoast_head_json":{"title":"M\u00fclltrennung - Simpleco","description":"Durch die richtige M\u00fclltrennung k\u00f6nnen wertvolle Ressourcen recycelt werden und sogar Beiprodukte wie D\u00fcnger und Energie produziert werden.","robots":{"index":"index","follow":"follow","max-snippet":"max-snippet:-1","max-image-preview":"max-image-preview:large","max-video-preview":"max-video-preview:-1"},"canonical":"https:\/\/simpleco.info\/richtige-muelltrennung-fuer-die-umwelt\/","og_locale":"en_US","og_type":"article","og_title":"[:de]M\u00fclltrennung[:] - Simpleco","og_description":"Durch die richtige M\u00fclltrennung k\u00f6nnen wertvolle Ressourcen recycelt werden und sogar Beiprodukte wie D\u00fcnger und Energie produziert werden.","og_url":"https:\/\/simpleco.info\/richtige-muelltrennung-fuer-die-umwelt\/","og_site_name":"Simpleco","article_modified_time":"2024-01-04T11:38:16+00:00","twitter_card":"summary_large_image","twitter_misc":{"Est. reading time":"2 minutes"},"schema":{"@context":"https:\/\/schema.org","@graph":[{"@type":"WebPage","@id":"https:\/\/simpleco.info\/richtige-muelltrennung-fuer-die-umwelt\/","url":"https:\/\/simpleco.info\/richtige-muelltrennung-fuer-die-umwelt\/","name":"[:de]M\u00fclltrennung[:] - Simpleco","isPartOf":{"@id":"https:\/\/simpleco.info\/#website"},"datePublished":"2024-01-04T11:35:14+00:00","dateModified":"2024-01-04T11:38:16+00:00","description":"Durch die richtige M\u00fclltrennung k\u00f6nnen wertvolle Ressourcen recycelt werden und sogar Beiprodukte wie D\u00fcnger und Energie produziert werden.","breadcrumb":{"@id":"https:\/\/simpleco.info\/richtige-muelltrennung-fuer-die-umwelt\/#breadcrumb"},"inLanguage":"en-US","potentialAction":[{"@type":"ReadAction","target":["https:\/\/simpleco.info\/richtige-muelltrennung-fuer-die-umwelt\/"]}]},{"@type":"BreadcrumbList","@id":"https:\/\/simpleco.info\/richtige-muelltrennung-fuer-die-umwelt\/#breadcrumb","itemListElement":[{"@type":"ListItem","position":1,"name":"Startseite","item":"https:\/\/simpleco.info\/"},{"@type":"ListItem","position":2,"name":"M\u00fclltrennung"}]},{"@type":"WebSite","@id":"https:\/\/simpleco.info\/#website","url":"https:\/\/simpleco.info\/","name":"Simpleco","description":"Be the change you want to see in the world","publisher":{"@id":"https:\/\/simpleco.info\/#organization"},"potentialAction":[{"@type":"SearchAction","target":{"@type":"EntryPoint","urlTemplate":"https:\/\/simpleco.info\/?s={search_term_string}"},"query-input":"required name=search_term_string"}],"inLanguage":"en-US"},{"@type":"Organization","@id":"https:\/\/simpleco.info\/#organization","name":"Simpleco","url":"https:\/\/simpleco.info\/","logo":{"@type":"ImageObject","inLanguage":"en-US","@id":"https:\/\/simpleco.info\/#\/schema\/logo\/image\/","url":"https:\/\/simpleco.info\/wp-content\/uploads\/2023\/09\/cropped-Screenshot-2023-09-30-112546.png","contentUrl":"https:\/\/simpleco.info\/wp-content\/uploads\/2023\/09\/cropped-Screenshot-2023-09-30-112546.png","width":89,"height":87,"caption":"Simpleco"},"image":{"@id":"https:\/\/simpleco.info\/#\/schema\/logo\/image\/"}}]}},"jetpack_sharing_enabled":true,"uagb_featured_image_src":{"full":false,"thumbnail":false,"medium":false,"medium_large":false,"large":false,"1536x1536":false,"2048x2048":false,"featured-blog-large":false,"featured-blog-medium":false,"featured":false,"featured-blog-medium-small":false},"uagb_author_info":{"display_name":"Katze1241","author_link":"https:\/\/simpleco.info\/en\/author\/katze1241\/"},"uagb_comment_info":0,"uagb_excerpt":"Warum nicht einfach alles in den Restm\u00fcll? Durch die richtige Trennung von Abf\u00e4llen k\u00f6nnen wertvolle Ressourcen wiederverwertet und recycelt werden, anstatt sie auf Deponien zu entsorgen oder zu verbrennen. Dies f\u00fcrht zu zur Reduzierung von Treibhausgasemissionen. Um aus dem Hausm\u00fcll","_links":{"self":[{"href":"https:\/\/simpleco.info\/en\/wp-json\/wp\/v2\/pages\/4083","targetHints":{"allow":["GET"]}}],"collection":[{"href":"https:\/\/simpleco.info\/en\/wp-json\/wp\/v2\/pages"}],"about":[{"href":"https:\/\/simpleco.info\/en\/wp-json\/wp\/v2\/types\/page"}],"author":[{"embeddable":true,"href":"https:\/\/simpleco.info\/en\/wp-json\/wp\/v2\/users\/1"}],"replies":[{"embeddable":true,"href":"https:\/\/simpleco.info\/en\/wp-json\/wp\/v2\/comments?post=4083"}],"version-history":[{"count":1,"href":"https:\/\/simpleco.info\/en\/wp-json\/wp\/v2\/pages\/4083\/revisions"}],"predecessor-version":[{"id":4084,"href":"https:\/\/simpleco.info\/en\/wp-json\/wp\/v2\/pages\/4083\/revisions\/4084"}],"wp:attachment":[{"href":"https:\/\/simpleco.info\/en\/wp-json\/wp\/v2\/media?parent=4083"}],"curies":[{"name":"wp","href":"https:\/\/api.w.org\/{rel}","templated":true}]}}