{"id":4518,"date":"2024-11-03T15:58:34","date_gmt":"2024-11-03T14:58:34","guid":{"rendered":"https:\/\/simpleco.info\/?page_id=4518"},"modified":"2024-11-03T16:03:21","modified_gmt":"2024-11-03T15:03:21","slug":"nachhaltige-pflegeprodukte-geschenkideen","status":"publish","type":"page","link":"https:\/\/simpleco.info\/en\/nachhaltige-pflegeprodukte-geschenkideen\/","title":{"rendered":"Nachhaltige Pflegeprodukte"},"content":{"rendered":"\n<p style=\"font-size:18px\">Verschenke Gutes. Umweltfreundliche Geschenke die in jedem Haushalt und Alltag gebraucht werden. Im folgenden findest du eine Reihe von \u00f6kologischen und nachhaltigen Geschenkideen f\u00fcr Jedermann. Einfach nach Hause bestellbar inklusive Rabattcodes.<\/p>\n\n\n\n<div style=\"height:20px\" aria-hidden=\"true\" class=\"wp-block-spacer\"><\/div>\n\n\n\n<hr class=\"wp-block-separator has-alpha-channel-opacity is-style-wide\"\/>\n\n\n\n<div class=\"wp-block-media-text alignwide is-stacked-on-mobile\" style=\"grid-template-columns:25% auto\"><figure class=\"wp-block-media-text__media\"><img loading=\"lazy\" decoding=\"async\" width=\"1000\" height=\"1000\" src=\"https:\/\/simpleco.info\/wp-content\/uploads\/2023\/12\/pandoo-rasierhobel-rasierhobel-aus-metall-inkl-10-klingen-und-e-book-schwarz-silver-oder-rose-gold-28157780525114_5000x.jpg\" alt=\"\" class=\"wp-image-3966 size-full\" srcset=\"https:\/\/simpleco.info\/wp-content\/uploads\/2023\/12\/pandoo-rasierhobel-rasierhobel-aus-metall-inkl-10-klingen-und-e-book-schwarz-silver-oder-rose-gold-28157780525114_5000x.jpg 1000w, https:\/\/simpleco.info\/wp-content\/uploads\/2023\/12\/pandoo-rasierhobel-rasierhobel-aus-metall-inkl-10-klingen-und-e-book-schwarz-silver-oder-rose-gold-28157780525114_5000x-300x300.jpg 300w, https:\/\/simpleco.info\/wp-content\/uploads\/2023\/12\/pandoo-rasierhobel-rasierhobel-aus-metall-inkl-10-klingen-und-e-book-schwarz-silver-oder-rose-gold-28157780525114_5000x-150x150.jpg 150w, https:\/\/simpleco.info\/wp-content\/uploads\/2023\/12\/pandoo-rasierhobel-rasierhobel-aus-metall-inkl-10-klingen-und-e-book-schwarz-silver-oder-rose-gold-28157780525114_5000x-768x768.jpg 768w, https:\/\/simpleco.info\/wp-content\/uploads\/2023\/12\/pandoo-rasierhobel-rasierhobel-aus-metall-inkl-10-klingen-und-e-book-schwarz-silver-oder-rose-gold-28157780525114_5000x-270x270.jpg 270w, https:\/\/simpleco.info\/wp-content\/uploads\/2023\/12\/pandoo-rasierhobel-rasierhobel-aus-metall-inkl-10-klingen-und-e-book-schwarz-silver-oder-rose-gold-28157780525114_5000x-230x230.jpg 230w\" sizes=\"auto, (max-width: 1000px) 100vw, 1000px\" \/><\/figure><div class=\"wp-block-media-text__content\">\n<p style=\"font-size:32px\">Rasierhobel inkl. 10 Klingen (24,99 \u20ac)<\/p>\n\n\n\n<p>Der plastikfreie Rasierhobel erm\u00f6glicht eine erstklassige und hautfreundliche Rasur. Dank seines rutschfesten Griffs und des geschlossenen Kamms ist der Metall Rasierhobel besonders f\u00fcr Anf\u00e4nger geeignet. Der stilvolle Klassiker findet in seiner mitgelieferten Halterung den perfekten Platz in deinem Badezimmer.<\/p>\n\n\n\n<p>In sieben Farben: Schwarz, Ros\u00e9gold, Silber, Gold, Gr\u00fcn, Blau und Rot<br>Rasierhobel, Halterung, 10x Wechselklingen, inkl. E-Book &#8220;Rasierhobel Guide&#8221;<\/p>\n\n\n\n<p style=\"font-size:19px\"><a href=\"https:\/\/tidd.ly\/47VwdiP\">Jetzt anschauen <\/a><\/p>\n<\/div><\/div>\n\n\n\n<div class=\"wp-block-media-text alignwide is-stacked-on-mobile\" style=\"grid-template-columns:25% auto\"><figure class=\"wp-block-media-text__media\"><img loading=\"lazy\" decoding=\"async\" width=\"480\" height=\"472\" src=\"https:\/\/simpleco.info\/wp-content\/uploads\/2023\/12\/deo4-e1702644974857.jpg\" alt=\"\" class=\"wp-image-3965 size-full\" srcset=\"https:\/\/simpleco.info\/wp-content\/uploads\/2023\/12\/deo4-e1702644974857.jpg 480w, https:\/\/simpleco.info\/wp-content\/uploads\/2023\/12\/deo4-e1702644974857-300x295.jpg 300w\" sizes=\"auto, (max-width: 480px) 100vw, 480px\" \/><\/figure><div class=\"wp-block-media-text__content\">\n<p style=\"font-size:32px\">Naturkosmetik Deostick (4,99 \u20ac)<\/p>\n\n\n\n<p>Der vegane Deodorant Stick Clean Cloud wurde speziell f\u00fcr Menschen mit empfindlicher und gereizter Haut entwickelt. Dank der ausgew\u00e4hlten Zusammensetzung der nat\u00fcrlichen Inhaltstoffe ist der Deo Stick hypoallergen und f\u00fcr Allergiker:innen geeignet.<\/p>\n\n\n\n<p>Die Kombination aus Natron und Maisst\u00e4rke sorgen f\u00fcr ein trockenes Hautgef\u00fchl und beugen unangenehmen K\u00f6rpergeruch vor, ohne die nat\u00fcrliche Schwei\u00dfregulierung der Haut zu verhindern. Kokos\u00f6l, Sheabutter und Oliven\u00f6l spenden Feuchtigkeit und wirken zudem beruhigend auf die Haut.<\/p>\n\n\n\n<p>Plastikfrei, recycelbar, ohne Aluminium, vegan &#038; klimaneutral. <a href=\"https:\/\/tidd.ly\/3GLrjZM\">Clean Cloud<\/a> oder <a href=\"https:\/\/tidd.ly\/3uTlJ4M\">Sweet Summer<\/a> <\/p>\n\n\n\n<p style=\"font-size:19px\"><a href=\"https:\/\/tidd.ly\/3GLrjZM\">Jetzt anschauen <\/a><\/p>\n<\/div><\/div>\n\n\n\n<div class=\"wp-block-media-text alignwide is-stacked-on-mobile\" style=\"grid-template-columns:25% auto\"><figure class=\"wp-block-media-text__media\"><img loading=\"lazy\" decoding=\"async\" width=\"1020\" height=\"1024\" src=\"https:\/\/simpleco.info\/wp-content\/uploads\/2023\/12\/AbschminkPads-Box-4-e1702648338337-1020x1024.png\" alt=\"\" class=\"wp-image-3971 size-full\" srcset=\"https:\/\/simpleco.info\/wp-content\/uploads\/2023\/12\/AbschminkPads-Box-4-e1702648338337-1020x1024.png 1020w, https:\/\/simpleco.info\/wp-content\/uploads\/2023\/12\/AbschminkPads-Box-4-e1702648338337-300x300.png 300w, https:\/\/simpleco.info\/wp-content\/uploads\/2023\/12\/AbschminkPads-Box-4-e1702648338337-150x150.png 150w, https:\/\/simpleco.info\/wp-content\/uploads\/2023\/12\/AbschminkPads-Box-4-e1702648338337-768x771.png 768w, https:\/\/simpleco.info\/wp-content\/uploads\/2023\/12\/AbschminkPads-Box-4-e1702648338337-1531x1536.png 1531w, https:\/\/simpleco.info\/wp-content\/uploads\/2023\/12\/AbschminkPads-Box-4-e1702648338337-270x270.png 270w, https:\/\/simpleco.info\/wp-content\/uploads\/2023\/12\/AbschminkPads-Box-4-e1702648338337-230x230.png 230w, https:\/\/simpleco.info\/wp-content\/uploads\/2023\/12\/AbschminkPads-Box-4-e1702648338337.png 1727w\" sizes=\"auto, (max-width: 1020px) 100vw, 1020px\" \/><\/figure><div class=\"wp-block-media-text__content\">\n<p style=\"font-size:32px\">Wiederverwendbare Abschminkpads mit Aufbewahrungsbox (14,80 \u20ac) ohne Box (7,50 \u20ac)<\/p>\n\n\n\n<p>Plastikm\u00fcll kannst du dir hiermit abschminken \u2013 dank der wiederverwendbaren Abschminkpads aus hochwertiger Bambusviskose.&nbsp;Die Pads sind waschbar und k\u00f6nnen immer wieder verwendet werden.<\/p>\n\n\n\n<p>Die&nbsp;Abschminkpads und der Waschbeutel bestehen zu 100% aus Bio-Baumwolle. Die Aufbewahrungsbox ist aus unbehandeltem Bambus gefertigt. Auch <a href=\"https:\/\/t.adcell.com\/click.php?bid=360751-108561&#038;param0=https%3A%2F%2Flangundlebig.de%2Fproducts%2Fbambus-abschminkpads%3F_pos%3D1%26_psq%3Dabschmink%26_ss%3De%26_v%3D1.0\">ohne Aufbewahrungsbox<\/a> k\u00e4uflich.<\/p>\n\n\n\n<p style=\"font-size:19px\"><a href=\"https:\/\/t.adcell.com\/click.php?bid=360751-108561&#038;param0=https%3A%2F%2Flangundlebig.de%2Fproducts%2Fwiederverwendbare-abschminkpads-mit-aufbewahrungsbox%3F_pos%3D2%26_psq%3Dabschmink%26_ss%3De%26_v%3D1.0\">Jetzt anschauen <\/a><\/p>\n<\/div><\/div>\n\n\n\n<div class=\"wp-block-media-text alignwide is-stacked-on-mobile\" style=\"grid-template-columns:25% auto\"><figure class=\"wp-block-media-text__media\"><img loading=\"lazy\" decoding=\"async\" width=\"600\" height=\"600\" src=\"https:\/\/simpleco.info\/wp-content\/uploads\/2023\/12\/bambus-zahnbuersten-mittel.jpg\" alt=\"\" class=\"wp-image-3969 size-full\" srcset=\"https:\/\/simpleco.info\/wp-content\/uploads\/2023\/12\/bambus-zahnbuersten-mittel.jpg 600w, https:\/\/simpleco.info\/wp-content\/uploads\/2023\/12\/bambus-zahnbuersten-mittel-300x300.jpg 300w, https:\/\/simpleco.info\/wp-content\/uploads\/2023\/12\/bambus-zahnbuersten-mittel-150x150.jpg 150w, https:\/\/simpleco.info\/wp-content\/uploads\/2023\/12\/bambus-zahnbuersten-mittel-270x270.jpg 270w, https:\/\/simpleco.info\/wp-content\/uploads\/2023\/12\/bambus-zahnbuersten-mittel-230x230.jpg 230w\" sizes=\"auto, (max-width: 600px) 100vw, 600px\" \/><\/figure><div class=\"wp-block-media-text__content\">\n<p style=\"font-size:32px\">Bambus Zahb\u00fcrsten 4er-Set (9,89 \u20ac)<\/p>\n\n\n\n<p>Bambuszahnb\u00fcrste als Alternative f\u00fcr die Plastikzahnb\u00fcrste. Von Natur aus antibakteriell. Der Bambus selbst erzeugt einen Stoff namens Bambus-Kun. Dieser hat eine nat\u00fcrlich antibakterielle Wirkung, wodurch die Ausbreitung von Keimen auf der Zahnb\u00fcrste unterbunden wird. <\/p>\n\n\n\n<p>Vegan, St\u00e4rke: Medium, mit Lasergravur-Mustern.<\/p>\n\n\n\n<p style=\"font-size:19px\"><a href=\"https:\/\/t.adcell.com\/click.php?bid=282950-108561\u00b6m0=https%3A%2F%2Fgruenergedanke.de%2Fproducts%2Fbambus-zahnbuerste-erwachsene-nature-nerds\">Jetzt anschauen <\/a><\/p>\n<\/div><\/div>\n\n\n\n<div class=\"wp-block-media-text alignwide is-stacked-on-mobile\" style=\"grid-template-columns:25% auto\"><figure class=\"wp-block-media-text__media\"><img loading=\"lazy\" decoding=\"async\" width=\"552\" height=\"510\" src=\"https:\/\/simpleco.info\/wp-content\/uploads\/2023\/12\/Hopery-duschbutter-bamboo-milk-3_640x640_crop_center-e1702645001137.webp\" alt=\"\" class=\"wp-image-3968 size-full\" srcset=\"https:\/\/simpleco.info\/wp-content\/uploads\/2023\/12\/Hopery-duschbutter-bamboo-milk-3_640x640_crop_center-e1702645001137.webp 552w, https:\/\/simpleco.info\/wp-content\/uploads\/2023\/12\/Hopery-duschbutter-bamboo-milk-3_640x640_crop_center-e1702645001137-300x277.webp 300w\" sizes=\"auto, (max-width: 552px) 100vw, 552px\" \/><\/figure><div class=\"wp-block-media-text__content\">\n<p style=\"font-size:32px\">Dusch- und K\u00f6rperbutter (4,95 \u20ac)<\/p>\n\n\n\n<p>Speziell entwickelt, um trockene Haut mit intensiver Feuchtigkeit zu versorgen und sie geschmeidig zu pflegen.<\/p>\n\n\n\n<p>Die wertvollen Inhaltsstoffe machen diese Butter zu einem wahren Wohlf\u00fchlerlebnis: Bio Argan\u00f6l, Kakaobutter, Bio Sonnenblumen\u00f6l. Und das Beste daran? Unsere Feste Dusch- &#038; K\u00f6rperbutter kommt ohne sch\u00e4dliche Inhaltsstoffe aus: Ohne Palm\u00f6l, ohne Parabene, ohne Silikone und ohne Plastik.<\/p>\n\n\n\n<p style=\"font-size:19px\"><a href=\"https:\/\/t.adcell.com\/click.php?bid=360751-108561&#038;param0=https%3A%2F%2Flangundlebig.de%2Fproducts%2Fbamboo-milk-dusch-korperbutter%3F_pos%3D1%26_psq%3Dk%25C3%25B6rper%26_ss%3De%26_v%3D1.0\">Jetzt anschauen <\/a><\/p>\n<\/div><\/div>\n\n\n\n<div class=\"wp-block-media-text alignwide is-stacked-on-mobile\" style=\"grid-template-columns:25% auto\"><figure class=\"wp-block-media-text__media\"><img loading=\"lazy\" decoding=\"async\" width=\"1024\" height=\"1024\" src=\"https:\/\/simpleco.info\/wp-content\/uploads\/2023\/12\/Verwoehnbox-1024x1024.png\" alt=\"\" class=\"wp-image-3970 size-full\" srcset=\"https:\/\/simpleco.info\/wp-content\/uploads\/2023\/12\/Verwoehnbox-1024x1024.png 1024w, https:\/\/simpleco.info\/wp-content\/uploads\/2023\/12\/Verwoehnbox-300x300.png 300w, https:\/\/simpleco.info\/wp-content\/uploads\/2023\/12\/Verwoehnbox-150x150.png 150w, https:\/\/simpleco.info\/wp-content\/uploads\/2023\/12\/Verwoehnbox-768x768.png 768w, https:\/\/simpleco.info\/wp-content\/uploads\/2023\/12\/Verwoehnbox-1536x1536.png 1536w, https:\/\/simpleco.info\/wp-content\/uploads\/2023\/12\/Verwoehnbox-270x270.png 270w, https:\/\/simpleco.info\/wp-content\/uploads\/2023\/12\/Verwoehnbox-230x230.png 230w, https:\/\/simpleco.info\/wp-content\/uploads\/2023\/12\/Verwoehnbox.png 2048w\" sizes=\"auto, (max-width: 1024px) 100vw, 1024px\" \/><\/figure><div class=\"wp-block-media-text__content\">\n<p style=\"font-size:32px\">Verw\u00f6hnbox &#8211; Bambus (14,60 \u20ac)<\/p>\n\n\n\n<p>Tauche ein in die Welt der nachhaltigen Pflege mit unserer Bamboo CareBox. Die Box enth\u00e4lt sorgf\u00e4ltig ausgew\u00e4hlte Komponenten: Massage-Haarb\u00fcrste aus Bambus, Bambuskamm, Bambuszahnb\u00fcrste, weiches Bambustuch, 2 wiederverwendbare Bambus-Silikon-Wattest\u00e4bchen im Halter, Geschenkverpackung.<\/p>\n\n\n\n<p><strong>10% Rabatt<\/strong> mit dem Gutscheincode: <strong>Simpleco10 <\/strong><\/p>\n\n\n\n<p style=\"font-size:19px\"><a href=\"https:\/\/t.adcell.com\/click.php?bid=360751-108561&#038;param0=https%3A%2F%2Flangundlebig.de%2Fproducts%2Fcarebox-bambus-smile%3F_pos%3D3%26_psq%3Dverw%25C3%25B6h%26_ss%3De%26_v%3D1.0\">Jetzt anschauen <\/a><\/p>\n<\/div><\/div>\n\n\n\n<div class=\"wp-block-media-text alignwide is-stacked-on-mobile\" style=\"grid-template-columns:25% auto\"><figure class=\"wp-block-media-text__media\"><img loading=\"lazy\" decoding=\"async\" width=\"1024\" height=\"1024\" src=\"https:\/\/simpleco.info\/wp-content\/uploads\/2023\/11\/Bright_Bamboo_2048x2048-1024x1024.webp\" alt=\"\" class=\"wp-image-3730 size-full\"\/><\/figure><div class=\"wp-block-media-text__content\">\n<p style=\"font-size:32px\">Regenbogen Zahnb\u00fcrste (2,95 \u20ac), f\u00fcr Kinder (1,99 \u20ac)<\/p>\n\n\n\n<p>Das junge Start-Up aus Bad Homburg bringt Farben und mehr Nachhaltigkeit in dein Badezimmer. Alle Produkte sind vegan, klimaneutral und frei von Mikroplastik.<\/p>\n\n\n\n<p>BPA-freie Borsten, biologisch abbaubarer Bambusgriff, recyclebare Verpackung. Weitere Zahnpflegeprodukte in Deutschland hergestellt und Klimaneutral zertifiziert. Nat\u00fcrlich alle PETA-approved vegan. <\/p>\n\n\n\n<p style=\"font-size:19px\"><a href=\"https:\/\/t.adcell.com\/click.php?bid=281134-108561&#038;param0=https%3A%2F%2Fshop.dentaldelight.de%2Fproducts%2Fbright-bamboo-hartegrad-mittel-klimaneutrale-bambuszahnburste\" target=\"_blank\" rel=\"noreferrer noopener\">Jetzt anschauen <\/a><\/p>\n<\/div><\/div>\n\n\n\n<div class=\"wp-block-media-text alignwide is-stacked-on-mobile\" style=\"grid-template-columns:25% auto\"><figure class=\"wp-block-media-text__media\"><img loading=\"lazy\" decoding=\"async\" width=\"1024\" height=\"1024\" src=\"https:\/\/simpleco.info\/wp-content\/uploads\/2023\/11\/20230807_DD_Sparpaket_Start_me_up_72dpi_RGB_03_2048x2048-1024x1024.webp\" alt=\"\" class=\"wp-image-3731 size-full\" srcset=\"https:\/\/simpleco.info\/wp-content\/uploads\/2023\/11\/20230807_DD_Sparpaket_Start_me_up_72dpi_RGB_03_2048x2048-1024x1024.webp 1024w, https:\/\/simpleco.info\/wp-content\/uploads\/2023\/11\/20230807_DD_Sparpaket_Start_me_up_72dpi_RGB_03_2048x2048-300x300.webp 300w, https:\/\/simpleco.info\/wp-content\/uploads\/2023\/11\/20230807_DD_Sparpaket_Start_me_up_72dpi_RGB_03_2048x2048-150x150.webp 150w, https:\/\/simpleco.info\/wp-content\/uploads\/2023\/11\/20230807_DD_Sparpaket_Start_me_up_72dpi_RGB_03_2048x2048-768x768.webp 768w, https:\/\/simpleco.info\/wp-content\/uploads\/2023\/11\/20230807_DD_Sparpaket_Start_me_up_72dpi_RGB_03_2048x2048-1536x1536.webp 1536w, https:\/\/simpleco.info\/wp-content\/uploads\/2023\/11\/20230807_DD_Sparpaket_Start_me_up_72dpi_RGB_03_2048x2048-270x270.webp 270w, https:\/\/simpleco.info\/wp-content\/uploads\/2023\/11\/20230807_DD_Sparpaket_Start_me_up_72dpi_RGB_03_2048x2048-230x230.webp 230w, https:\/\/simpleco.info\/wp-content\/uploads\/2023\/11\/20230807_DD_Sparpaket_Start_me_up_72dpi_RGB_03_2048x2048.webp 2000w\" sizes=\"auto, (max-width: 1024px) 100vw, 1024px\" \/><\/figure><div class=\"wp-block-media-text__content\">\n<p style=\"font-size:32px\">Zahncreme Starterpaket (13,95 \u20ac)<\/p>\n\n\n\n<p>Das junge Start-Up aus Bad Homburg bringt Farben, tollen Geschmack und mehr Nachhaltigkeit in dein Badezimmer. Alle Produkte sind vegan, klimaneutral und frei von Mikroplastik, Palm\u00f6l und Natriumlaurylsulfat (SLS). Testsieger bei Stiftung Warentest (Note 1,2 SEHR GUT)<\/p>\n\n\n\n<p>Mit der 9-Fach Wirkformel gr\u00fcndliche Rundumschutz f\u00fcr die t\u00e4gliche Zahnreinigung. Beugt effektiv Karies vor und reduziert Plaquebildung. H\u00e4rtet und remineralisiert den Zahnschmelz. Pflegt das Zahnfleisch und sch\u00fctzt vor Zahnsteinneubildung. Tr\u00e4gt zur Entfernung von Oberfl\u00e4chenverf\u00e4rbungen bei und sorgt somit f\u00fcr ein nat\u00fcrliches Zahnwei\u00df in Abh\u00e4ngigkeit von der nat\u00fcrlichen Farbe Deiner Z\u00e4hne (mittlerer RDA-Wert 70). Sorgt f\u00fcr frischen Atem. <\/p>\n\n\n\n<p style=\"font-size:19px\"><a href=\"https:\/\/t.adcell.com\/click.php?bid=281134-108561&#038;param0=https%3A%2F%2Fshop.dentaldelight.de%2Fproducts%2Fsparpaket-start-me-up\" target=\"_blank\" rel=\"noreferrer noopener\">Jetzt anschauen <\/a><\/p>\n<\/div><\/div>\n\n\n\n<h2 class=\"wp-block-heading\">Nachhaltige Geschenkideen zum selber machen<\/h2>\n\n\n\n<p>Zus\u00e4tzlich gibt es auch die M\u00f6glichkeit Geschenke selbst zu machen. Ideen wie selbst zusammengestellte Kochboxen, Upcycling Stoffbeutel, selbst gemachte Badekugeln und viele weitere Ideen und Anleitungen findest du <a rel=\"noreferrer noopener\" href=\"https:\/\/utopia.de\/galerien\/weihnachtsgeschenke-selber-machen\/#1\" target=\"_blank\">hier <\/a>auf Utopia.<\/p>\n\n\n\n<h2 class=\"wp-block-heading\">Geschenkverpackung<\/h2>\n\n\n\n<p>Sobald man die Geschenke hat, m\u00fcssen diese nat\u00fcrlich auch sch\u00f6n verpackt werden. Auch hier kann man auf Nachhaltigkeit achten. Schau in meine <a href=\"http:\/\/simpleco.info\/oekologisch-geschenke-verpacken\/\">Sammlung <\/a>von umweltfreundlichen Ideen wie du deine Geschenke einpacken kannst.<\/p>\n\n\n\n<hr class=\"wp-block-separator has-css-opacity is-style-wide\"\/>\n","protected":false},"excerpt":{"rendered":"<p>Verschenke Gutes. Umweltfreundliche Geschenke die in jedem Haushalt und Alltag gebraucht werden. Im folgenden findest du eine Reihe von \u00f6kologischen und nachhaltigen Geschenkideen f\u00fcr Jedermann. Einfach nach Hause bestellbar inklusive Rabattcodes. Rasierhobel inkl. 10 Klingen (24,99 \u20ac) Der plastikfreie Rasierhobel<\/p>\n","protected":false},"author":1,"featured_media":0,"parent":0,"menu_order":0,"comment_status":"closed","ping_status":"closed","template":"","meta":{"_uag_custom_page_level_css":"","jetpack_post_was_ever_published":false,"footnotes":""},"class_list":["post-4518","page","type-page","status-publish","hentry"],"yoast_head":"<!-- This site is optimized with the Yoast SEO plugin v21.4 - https:\/\/yoast.com\/wordpress\/plugins\/seo\/ -->\n<title>Nachhaltige Pflegeprodukte - Simpleco<\/title>\n<meta name=\"description\" content=\"Nachhaltige Pflegeprodukte f\u00fcr einen Selbst oder seine Liebsten. Wiederverwendbare und recourcenschonende Produkte f\u00fcr mehr Nachhaltigkeit.\" \/>\n<meta name=\"robots\" content=\"index, follow, max-snippet:-1, max-image-preview:large, max-video-preview:-1\" \/>\n<link rel=\"canonical\" href=\"https:\/\/simpleco.info\/nachhaltige-pflegeprodukte-geschenkideen\/\" \/>\n<meta property=\"og:locale\" content=\"en_US\" \/>\n<meta property=\"og:type\" content=\"article\" \/>\n<meta property=\"og:title\" content=\"Nachhaltige Pflegeprodukte\" \/>\n<meta property=\"og:description\" content=\"Nachhaltige Pflegeprodukte f\u00fcr einen Selbst oder seine Liebsten. Wiederverwendbare und recourcenschonende Produkte f\u00fcr mehr Nachhaltigkeit.\" \/>\n<meta property=\"og:url\" content=\"https:\/\/simpleco.info\/nachhaltige-pflegeprodukte-geschenkideen\/\" \/>\n<meta property=\"og:site_name\" content=\"Simpleco\" \/>\n<meta property=\"article:modified_time\" content=\"2024-11-03T15:03:21+00:00\" \/>\n<meta property=\"og:image\" content=\"https:\/\/simpleco.info\/wp-content\/uploads\/2023\/12\/pandoo-rasierhobel-rasierhobel-aus-metall-inkl-10-klingen-und-e-book-schwarz-silver-oder-rose-gold-28157780525114_5000x.jpg\" \/>\n<meta name=\"twitter:card\" content=\"summary_large_image\" \/>\n<meta name=\"twitter:label1\" content=\"Est. reading time\" \/>\n\t<meta name=\"twitter:data1\" content=\"5 minutes\" \/>\n<script type=\"application\/ld+json\" class=\"yoast-schema-graph\">{\"@context\":\"https:\/\/schema.org\",\"@graph\":[{\"@type\":\"WebPage\",\"@id\":\"https:\/\/simpleco.info\/nachhaltige-pflegeprodukte-geschenkideen\/\",\"url\":\"https:\/\/simpleco.info\/nachhaltige-pflegeprodukte-geschenkideen\/\",\"name\":\"[:de]Nachhaltige Pflegeprodukte[:] - Simpleco\",\"isPartOf\":{\"@id\":\"https:\/\/simpleco.info\/#website\"},\"datePublished\":\"2024-11-03T14:58:34+00:00\",\"dateModified\":\"2024-11-03T15:03:21+00:00\",\"description\":\"Nachhaltige Pflegeprodukte f\u00fcr einen Selbst oder seine Liebsten. Wiederverwendbare und recourcenschonende Produkte f\u00fcr mehr Nachhaltigkeit.\",\"breadcrumb\":{\"@id\":\"https:\/\/simpleco.info\/nachhaltige-pflegeprodukte-geschenkideen\/#breadcrumb\"},\"inLanguage\":\"en-US\",\"potentialAction\":[{\"@type\":\"ReadAction\",\"target\":[\"https:\/\/simpleco.info\/nachhaltige-pflegeprodukte-geschenkideen\/\"]}]},{\"@type\":\"BreadcrumbList\",\"@id\":\"https:\/\/simpleco.info\/nachhaltige-pflegeprodukte-geschenkideen\/#breadcrumb\",\"itemListElement\":[{\"@type\":\"ListItem\",\"position\":1,\"name\":\"Startseite\",\"item\":\"https:\/\/simpleco.info\/\"},{\"@type\":\"ListItem\",\"position\":2,\"name\":\"Nachhaltige Pflegeprodukte\"}]},{\"@type\":\"WebSite\",\"@id\":\"https:\/\/simpleco.info\/#website\",\"url\":\"https:\/\/simpleco.info\/\",\"name\":\"Simpleco\",\"description\":\"Be the change you want to see in the world\",\"publisher\":{\"@id\":\"https:\/\/simpleco.info\/#organization\"},\"potentialAction\":[{\"@type\":\"SearchAction\",\"target\":{\"@type\":\"EntryPoint\",\"urlTemplate\":\"https:\/\/simpleco.info\/?s={search_term_string}\"},\"query-input\":\"required name=search_term_string\"}],\"inLanguage\":\"en-US\"},{\"@type\":\"Organization\",\"@id\":\"https:\/\/simpleco.info\/#organization\",\"name\":\"Simpleco\",\"url\":\"https:\/\/simpleco.info\/\",\"logo\":{\"@type\":\"ImageObject\",\"inLanguage\":\"en-US\",\"@id\":\"https:\/\/simpleco.info\/#\/schema\/logo\/image\/\",\"url\":\"https:\/\/simpleco.info\/wp-content\/uploads\/2023\/09\/cropped-Screenshot-2023-09-30-112546.png\",\"contentUrl\":\"https:\/\/simpleco.info\/wp-content\/uploads\/2023\/09\/cropped-Screenshot-2023-09-30-112546.png\",\"width\":89,\"height\":87,\"caption\":\"Simpleco\"},\"image\":{\"@id\":\"https:\/\/simpleco.info\/#\/schema\/logo\/image\/\"}}]}<\/script>\n<!-- \/ Yoast SEO plugin. -->","yoast_head_json":{"title":"Nachhaltige Pflegeprodukte - Simpleco","description":"Nachhaltige Pflegeprodukte f\u00fcr einen Selbst oder seine Liebsten. Wiederverwendbare und recourcenschonende Produkte f\u00fcr mehr Nachhaltigkeit.","robots":{"index":"index","follow":"follow","max-snippet":"max-snippet:-1","max-image-preview":"max-image-preview:large","max-video-preview":"max-video-preview:-1"},"canonical":"https:\/\/simpleco.info\/nachhaltige-pflegeprodukte-geschenkideen\/","og_locale":"en_US","og_type":"article","og_title":"[:de]Nachhaltige Pflegeprodukte[:] - Simpleco","og_description":"Nachhaltige Pflegeprodukte f\u00fcr einen Selbst oder seine Liebsten. Wiederverwendbare und recourcenschonende Produkte f\u00fcr mehr Nachhaltigkeit.","og_url":"https:\/\/simpleco.info\/nachhaltige-pflegeprodukte-geschenkideen\/","og_site_name":"Simpleco","article_modified_time":"2024-11-03T15:03:21+00:00","og_image":[{"url":"https:\/\/simpleco.info\/wp-content\/uploads\/2023\/12\/pandoo-rasierhobel-rasierhobel-aus-metall-inkl-10-klingen-und-e-book-schwarz-silver-oder-rose-gold-28157780525114_5000x.jpg"}],"twitter_card":"summary_large_image","twitter_misc":{"Est. reading time":"5 minutes"},"schema":{"@context":"https:\/\/schema.org","@graph":[{"@type":"WebPage","@id":"https:\/\/simpleco.info\/nachhaltige-pflegeprodukte-geschenkideen\/","url":"https:\/\/simpleco.info\/nachhaltige-pflegeprodukte-geschenkideen\/","name":"[:de]Nachhaltige Pflegeprodukte[:] - Simpleco","isPartOf":{"@id":"https:\/\/simpleco.info\/#website"},"datePublished":"2024-11-03T14:58:34+00:00","dateModified":"2024-11-03T15:03:21+00:00","description":"Nachhaltige Pflegeprodukte f\u00fcr einen Selbst oder seine Liebsten. Wiederverwendbare und recourcenschonende Produkte f\u00fcr mehr Nachhaltigkeit.","breadcrumb":{"@id":"https:\/\/simpleco.info\/nachhaltige-pflegeprodukte-geschenkideen\/#breadcrumb"},"inLanguage":"en-US","potentialAction":[{"@type":"ReadAction","target":["https:\/\/simpleco.info\/nachhaltige-pflegeprodukte-geschenkideen\/"]}]},{"@type":"BreadcrumbList","@id":"https:\/\/simpleco.info\/nachhaltige-pflegeprodukte-geschenkideen\/#breadcrumb","itemListElement":[{"@type":"ListItem","position":1,"name":"Startseite","item":"https:\/\/simpleco.info\/"},{"@type":"ListItem","position":2,"name":"Nachhaltige Pflegeprodukte"}]},{"@type":"WebSite","@id":"https:\/\/simpleco.info\/#website","url":"https:\/\/simpleco.info\/","name":"Simpleco","description":"Be the change you want to see in the world","publisher":{"@id":"https:\/\/simpleco.info\/#organization"},"potentialAction":[{"@type":"SearchAction","target":{"@type":"EntryPoint","urlTemplate":"https:\/\/simpleco.info\/?s={search_term_string}"},"query-input":"required name=search_term_string"}],"inLanguage":"en-US"},{"@type":"Organization","@id":"https:\/\/simpleco.info\/#organization","name":"Simpleco","url":"https:\/\/simpleco.info\/","logo":{"@type":"ImageObject","inLanguage":"en-US","@id":"https:\/\/simpleco.info\/#\/schema\/logo\/image\/","url":"https:\/\/simpleco.info\/wp-content\/uploads\/2023\/09\/cropped-Screenshot-2023-09-30-112546.png","contentUrl":"https:\/\/simpleco.info\/wp-content\/uploads\/2023\/09\/cropped-Screenshot-2023-09-30-112546.png","width":89,"height":87,"caption":"Simpleco"},"image":{"@id":"https:\/\/simpleco.info\/#\/schema\/logo\/image\/"}}]}},"jetpack_sharing_enabled":true,"uagb_featured_image_src":{"full":false,"thumbnail":false,"medium":false,"medium_large":false,"large":false,"1536x1536":false,"2048x2048":false,"featured-blog-large":false,"featured-blog-medium":false,"featured":false,"featured-blog-medium-small":false},"uagb_author_info":{"display_name":"Katze1241","author_link":"https:\/\/simpleco.info\/en\/author\/katze1241\/"},"uagb_comment_info":0,"uagb_excerpt":"Verschenke Gutes. Umweltfreundliche Geschenke die in jedem Haushalt und Alltag gebraucht werden. Im folgenden findest du eine Reihe von \u00f6kologischen und nachhaltigen Geschenkideen f\u00fcr Jedermann. Einfach nach Hause bestellbar inklusive Rabattcodes. Rasierhobel inkl. 10 Klingen (24,99 \u20ac) Der plastikfreie Rasierhobel","_links":{"self":[{"href":"https:\/\/simpleco.info\/en\/wp-json\/wp\/v2\/pages\/4518","targetHints":{"allow":["GET"]}}],"collection":[{"href":"https:\/\/simpleco.info\/en\/wp-json\/wp\/v2\/pages"}],"about":[{"href":"https:\/\/simpleco.info\/en\/wp-json\/wp\/v2\/types\/page"}],"author":[{"embeddable":true,"href":"https:\/\/simpleco.info\/en\/wp-json\/wp\/v2\/users\/1"}],"replies":[{"embeddable":true,"href":"https:\/\/simpleco.info\/en\/wp-json\/wp\/v2\/comments?post=4518"}],"version-history":[{"count":1,"href":"https:\/\/simpleco.info\/en\/wp-json\/wp\/v2\/pages\/4518\/revisions"}],"predecessor-version":[{"id":4519,"href":"https:\/\/simpleco.info\/en\/wp-json\/wp\/v2\/pages\/4518\/revisions\/4519"}],"wp:attachment":[{"href":"https:\/\/simpleco.info\/en\/wp-json\/wp\/v2\/media?parent=4518"}],"curies":[{"name":"wp","href":"https:\/\/api.w.org\/{rel}","templated":true}]}}