{"id":4522,"date":"2024-11-03T16:15:33","date_gmt":"2024-11-03T15:15:33","guid":{"rendered":"https:\/\/simpleco.info\/?page_id=4522"},"modified":"2024-11-09T11:17:59","modified_gmt":"2024-11-09T10:17:59","slug":"nachhaltige-trinkflaschen","status":"publish","type":"page","link":"https:\/\/simpleco.info\/en\/nachhaltige-trinkflaschen\/","title":{"rendered":"Nachhaltige Trinkflaschen"},"content":{"rendered":"\n<p class=\"has-medium-font-size\">Nachhaltige Trinkflaschen f\u00fcr Kinder und Erwachsene.<\/p>\n\n\n\n<p class=\"has-medium-font-size\">J\u00e4hrlich werden allein in Deutschland rund 9 Milliarden Einwegflaschen f\u00fcr Wasser verbraucht. Ihre Herstellung ist mit einem hohen Ressourcen-, Energie- und Wasserverbrauch sowie dem Einsatz zahlreicher Chemikalien verbunden \u2013 und mit einer Menge M\u00fcll. So werden pro Jahr ca. 17 Millionen Barrels \u00d6l ben\u00f6tigt. Hinzu kommen ganze 3 Liter Wasser pro Flasche \u2013 noch bevor sie \u00fcberhaupt bef\u00fcllt wird.<\/p>\n\n\n\n<p class=\"has-medium-font-size\">Diese sieht nicht nur besser aus sondern v<strong>ermeidet<\/strong> mit jedem Refill <strong>unn\u00f6tigen Plastikm\u00fcll, ist besser f\u00fcr deine Gesundheit<\/strong> und spart au\u00dferdem <strong>Zeit<\/strong> und <strong>Geld<\/strong>.<\/p>\n\n\n\n<p class=\"has-medium-font-size\">Die umweltfreundlichsten Materialien sind Glas oder Edelstahl:<\/p>\n\n\n\n<p class=\"has-medium-font-size\">Keine bedenklichen Stoffe enthalten \u2013 vor allem kein <a href=\"https:\/\/utopia.de\/ratgeber\/bisphenol-a-bpa-chemikalie-hormonelle-wirkung\/\">Bisphenol A (BPA)<\/a>, gut zu reinigen, auch in der Sp\u00fclmaschine, dicht, m\u00f6glichst lange haltbar sein und die Getr\u00e4nke sollten das Material der Flasche nicht angreifen.<\/p>\n\n\n\n<p class=\"has-medium-font-size\">Beide Materialien lassen sich einfach und vollst\u00e4ndig wiederverwerten, verbrauchen keine wertvollen Ressourcen und sind sauberer und schonender in der Herstellung als z.B. Aluminiumflaschen.<\/p>\n\n\n\n<p class=\"has-medium-font-size\">Im Folgenden findest du eine Auswahl von nachhaltigen Trinkflaschen f\u00fcr Kinder und Erwachsene, welche die genannten Kriterien erf\u00fcllen und mit ihren \u00e4sthetischen Designs ein sch\u00f6ner Begleiter sind die euch daran erinnern wie wichtig es ist genug zu trinken.<\/p>\n\n\n\n<div style=\"height:20px\" aria-hidden=\"true\" class=\"wp-block-spacer\"><\/div>\n\n\n\n<hr class=\"wp-block-separator has-alpha-channel-opacity is-style-wide\"\/>\n\n\n\n<div class=\"wp-block-media-text alignwide is-stacked-on-mobile\" style=\"grid-template-columns:25% auto\"><figure class=\"wp-block-media-text__media\"><img loading=\"lazy\" decoding=\"async\" width=\"600\" height=\"600\" src=\"https:\/\/simpleco.info\/wp-content\/uploads\/2023\/12\/newsilbertrinkflasche-schwarz.jpg\" alt=\"\" class=\"wp-image-3942 size-full\" srcset=\"https:\/\/simpleco.info\/wp-content\/uploads\/2023\/12\/newsilbertrinkflasche-schwarz.jpg 600w, https:\/\/simpleco.info\/wp-content\/uploads\/2023\/12\/newsilbertrinkflasche-schwarz-300x300.jpg 300w, https:\/\/simpleco.info\/wp-content\/uploads\/2023\/12\/newsilbertrinkflasche-schwarz-150x150.jpg 150w, https:\/\/simpleco.info\/wp-content\/uploads\/2023\/12\/newsilbertrinkflasche-schwarz-270x270.jpg 270w, https:\/\/simpleco.info\/wp-content\/uploads\/2023\/12\/newsilbertrinkflasche-schwarz-230x230.jpg 230w\" sizes=\"auto, (max-width: 600px) 100vw, 600px\" \/><\/figure><div class=\"wp-block-media-text__content\">\n<p style=\"font-size:32px\">Trinkflasche Edelstahl 750ml (19,90 \u20ac)<\/p>\n\n\n\n<p>100% geschmacksneutral, aus hochwertigem und rostfreiem Edelstahl.<br>Doppelwandig &#038; auslaufsicher, h\u00e4lt 24 Std kalt und 18 Std hei\u00df.<br>Frei von BPA und anderen Schadstoffen. In Silber und Schwarz erh\u00e4ltlich. Fair &#038; Sozial herstellt.  <\/p>\n\n\n\n<p style=\"font-size:19px\"><a href=\"https:\/\/tidd.ly\/4hPPh7A\" target=\"_blank\" rel=\"noreferrer noopener\">Jetzt anschauen <\/a><\/p>\n<\/div><\/div>\n\n\n\n<div class=\"wp-block-media-text alignwide is-stacked-on-mobile\" style=\"grid-template-columns:25% auto\"><figure class=\"wp-block-media-text__media\"><img loading=\"lazy\" decoding=\"async\" width=\"600\" height=\"600\" src=\"https:\/\/simpleco.info\/wp-content\/uploads\/2023\/12\/newsilbertrinkflasche.jpg\" alt=\"\" class=\"wp-image-3941 size-full\" srcset=\"https:\/\/simpleco.info\/wp-content\/uploads\/2023\/12\/newsilbertrinkflasche.jpg 600w, https:\/\/simpleco.info\/wp-content\/uploads\/2023\/12\/newsilbertrinkflasche-300x300.jpg 300w, https:\/\/simpleco.info\/wp-content\/uploads\/2023\/12\/newsilbertrinkflasche-150x150.jpg 150w, https:\/\/simpleco.info\/wp-content\/uploads\/2023\/12\/newsilbertrinkflasche-270x270.jpg 270w, https:\/\/simpleco.info\/wp-content\/uploads\/2023\/12\/newsilbertrinkflasche-230x230.jpg 230w\" sizes=\"auto, (max-width: 600px) 100vw, 600px\" \/><\/figure><div class=\"wp-block-media-text__content\">\n<p style=\"font-size:32px\">Trinkflasche Edelstahl 750ml (19,90 \u20ac)<\/p>\n\n\n\n<p>100% geschmacksneutral, aus hochwertigem und rostfreiem Edelstahl.<br>Doppelwandig &#038; auslaufsicher, h\u00e4lt 24 Std kalt und 18 Std hei\u00df.<br>Frei von BPA und anderen Schadstoffen. In Silber und Schwarz erh\u00e4ltlich. Fair &#038; Sozial herstellt.  <\/p>\n\n\n\n<p style=\"font-size:19px\"><a href=\"https:\/\/tidd.ly\/47R6kk6\" target=\"_blank\" rel=\"noreferrer noopener\">Jetzt anschauen <\/a><\/p>\n<\/div><\/div>\n\n\n\n<div class=\"wp-block-media-text alignwide is-stacked-on-mobile\" style=\"grid-template-columns:25% auto\"><figure class=\"wp-block-media-text__media\"><img loading=\"lazy\" decoding=\"async\" width=\"366\" height=\"441\" src=\"https:\/\/simpleco.info\/wp-content\/uploads\/2024\/11\/Screenshot-2024-11-03-161106.png\" alt=\"\" class=\"wp-image-4525 size-full\" srcset=\"https:\/\/simpleco.info\/wp-content\/uploads\/2024\/11\/Screenshot-2024-11-03-161106.png 366w, https:\/\/simpleco.info\/wp-content\/uploads\/2024\/11\/Screenshot-2024-11-03-161106-249x300.png 249w\" sizes=\"auto, (max-width: 366px) 100vw, 366px\" \/><\/figure><div class=\"wp-block-media-text__content\">\n<p style=\"font-size:32px\">Carry Bottles Glastrinkflasche 1L (36,90 \u20ac)<\/p>\n\n\n\n<p>Nachhaltige, langlebige und \u00e4sthetische Trinkflasche in verschiedenen Designs aus Berlin. <br>Aus robustem Glas, sogenanntes Kalk-Soda-Glas, welches aus nat\u00fcrlichen Rohstoffen f\u00fcr Bruchsicherheit bei kleineren St\u00f6\u00dfen. Recycelbar und aus ca. 60% recyceltem Altglas hergestellt. <br>Ressourcenschonend und in Deutschland hergestellt. Fair &#038; Sozial herstellt.  <\/p>\n\n\n\n<p style=\"font-size:19px\"><a href=\"https:\/\/tidd.ly\/48Grv9I\" target=\"_blank\" rel=\"noreferrer noopener\">Jetzt anschauen <\/a><\/p>\n<\/div><\/div>\n\n\n\n<div class=\"wp-block-media-text alignwide is-stacked-on-mobile\" style=\"grid-template-columns:25% auto\"><figure class=\"wp-block-media-text__media\"><img loading=\"lazy\" decoding=\"async\" width=\"506\" height=\"565\" src=\"https:\/\/simpleco.info\/wp-content\/uploads\/2024\/11\/Screenshot-2024-11-09-111738.png\" alt=\"\" class=\"wp-image-4570 size-full\" srcset=\"https:\/\/simpleco.info\/wp-content\/uploads\/2024\/11\/Screenshot-2024-11-09-111738.png 506w, https:\/\/simpleco.info\/wp-content\/uploads\/2024\/11\/Screenshot-2024-11-09-111738-269x300.png 269w\" sizes=\"auto, (max-width: 506px) 100vw, 506px\" \/><\/figure><div class=\"wp-block-media-text__content\">\n<p style=\"font-size:32px\">Carry Bottles Glastrinkflasche 700ml (32,90 \u20ac)<\/p>\n\n\n\n<p>Nachhaltige \u00e4sthetische Trinkflasche in vielen verschiedenen Designs aus Berlin. <br>Aus recycelbarem Glas, BPA-frei, geschmacksneutral, auslaufsicher und mit einem Bio-Schraubverschluss aus Holzfaser versehen. <br>Ressourcenschonend und in Deutschland hergestellt. Fair &#038; Sozial herstellt.<\/p>\n\n\n\n<p style=\"font-size:19px\"><a href=\"https:\/\/tidd.ly\/3CfrpK2\" target=\"_blank\" rel=\"noreferrer noopener\">Jetzt anschauen <\/a><\/p>\n<\/div><\/div>\n\n\n\n<div class=\"wp-block-media-text alignwide is-stacked-on-mobile\" style=\"grid-template-columns:25% auto\"><figure class=\"wp-block-media-text__media\"><img loading=\"lazy\" decoding=\"async\" width=\"389\" height=\"504\" src=\"https:\/\/simpleco.info\/wp-content\/uploads\/2024\/11\/Screenshot-2024-11-03-160817.png\" alt=\"\" class=\"wp-image-4523 size-full\" srcset=\"https:\/\/simpleco.info\/wp-content\/uploads\/2024\/11\/Screenshot-2024-11-03-160817.png 389w, https:\/\/simpleco.info\/wp-content\/uploads\/2024\/11\/Screenshot-2024-11-03-160817-232x300.png 232w\" sizes=\"auto, (max-width: 389px) 100vw, 389px\" \/><\/figure><div class=\"wp-block-media-text__content\">\n<p style=\"font-size:32px\">24bottles &#8211; Urban Bottle 500ml\/1L (19,95 \u20ac)<\/p>\n\n\n\n<p>Urban Bottle ist die nicht-thermische, leichte Wasserflasche aus Edelstahl. <br>100% BPA frei und geschmacksneutral. Robust gebaut, sodass sie ein Leben lang halten kann.<br>In vielen anderen Designs erh\u00e4ltlich.<\/p>\n\n\n\n<p style=\"font-size:19px\"><a href=\"https:\/\/tidd.ly\/4ffO33O\" target=\"_blank\" rel=\"noreferrer noopener\">Jetzt anschauen <\/a><\/p>\n<\/div><\/div>\n\n\n\n<div class=\"wp-block-media-text alignwide is-stacked-on-mobile\" style=\"grid-template-columns:25% auto\"><figure class=\"wp-block-media-text__media\"><img loading=\"lazy\" decoding=\"async\" width=\"381\" height=\"398\" src=\"https:\/\/simpleco.info\/wp-content\/uploads\/2024\/11\/Screenshot-2024-11-08-100016.png\" alt=\"\" class=\"wp-image-4541 size-full\" srcset=\"https:\/\/simpleco.info\/wp-content\/uploads\/2024\/11\/Screenshot-2024-11-08-100016.png 381w, https:\/\/simpleco.info\/wp-content\/uploads\/2024\/11\/Screenshot-2024-11-08-100016-287x300.png 287w\" sizes=\"auto, (max-width: 381px) 100vw, 381px\" \/><\/figure><div class=\"wp-block-media-text__content\">\n<p style=\"font-size:32px\">Kindertrinkflasche aus Edelstahl 500ml (24,95 \u20ac)<\/p>\n\n\n\n<p>Mit praktischem Sportverschluss &#8211; ideal f\u00fcr Kids &#8211; federleichte, nachhaltige Edelstahl-Trinkflasche. <br>F\u00fcr hei\u00dfe und kalte Getr\u00e4nke geeignet und nimmt keine Geschm\u00e4cker oder Ger\u00fcche auf. <br>100% dicht, BPA-frei, recyclebar und leicht mit verschiedenen Motiven.<\/p>\n\n\n\n<p style=\"font-size:19px\"><a href=\"https:\/\/tidd.ly\/3ChHlvD\" target=\"_blank\" rel=\"noreferrer noopener\">Jetzt anschauen <\/a><\/p>\n<\/div><\/div>\n\n\n\n<div class=\"wp-block-uagb-container uagb-block-9f1d0878 alignfull uagb-is-root-container\"><div class=\"uagb-container-inner-blocks-wrap\">\n<div class=\"wp-block-uagb-container uagb-block-2ba693a8\">\n<div class=\"wp-block-uagb-slider uagb-block-4addc8f5 uagb-slider-container\"><div class=\"uagb-slides uagb-swiper\"><div class=\"swiper-wrapper\">\n<div class=\"wp-block-uagb-slider-child uagb-slider-child-wrap swiper-slide uagb-block-812a5661\"><div class=\"swiper-content\">\n<div class=\"wp-block-uagb-container uagb-block-434e9958\">\n<figure class=\"wp-block-image size-full is-resized\"><img loading=\"lazy\" decoding=\"async\" width=\"371\" height=\"447\" src=\"https:\/\/simpleco.info\/wp-content\/uploads\/2024\/11\/Screenshot-2024-11-08-100127.png\" alt=\"\" class=\"wp-image-4543\" style=\"aspect-ratio:0.8299776286353467;width:220px;height:auto\" srcset=\"https:\/\/simpleco.info\/wp-content\/uploads\/2024\/11\/Screenshot-2024-11-08-100127.png 371w, https:\/\/simpleco.info\/wp-content\/uploads\/2024\/11\/Screenshot-2024-11-08-100127-249x300.png 249w\" sizes=\"auto, (max-width: 371px) 100vw, 371px\" \/><\/figure>\n<\/div>\n<\/div><\/div>\n\n\n\n<div class=\"wp-block-uagb-slider-child uagb-slider-child-wrap swiper-slide uagb-block-71349d7d\"><div class=\"swiper-content\">\n<div class=\"wp-block-uagb-container uagb-block-ac965103\">\n<figure class=\"wp-block-image size-full is-resized\"><img loading=\"lazy\" decoding=\"async\" width=\"383\" height=\"439\" src=\"https:\/\/simpleco.info\/wp-content\/uploads\/2024\/11\/Screenshot-2024-11-08-100606.png\" alt=\"\" class=\"wp-image-4544\" style=\"aspect-ratio:0.8724373576309795;width:217px;height:auto\" srcset=\"https:\/\/simpleco.info\/wp-content\/uploads\/2024\/11\/Screenshot-2024-11-08-100606.png 383w, https:\/\/simpleco.info\/wp-content\/uploads\/2024\/11\/Screenshot-2024-11-08-100606-262x300.png 262w\" sizes=\"auto, (max-width: 383px) 100vw, 383px\" \/><\/figure>\n<\/div>\n<\/div><\/div>\n\n\n\n<div class=\"wp-block-uagb-slider-child uagb-slider-child-wrap swiper-slide uagb-block-67292103\"><div class=\"swiper-content\">\n<div class=\"wp-block-uagb-container uagb-block-8fa5db09\">\n<figure class=\"wp-block-image size-full is-resized\"><img loading=\"lazy\" decoding=\"async\" width=\"374\" height=\"454\" src=\"https:\/\/simpleco.info\/wp-content\/uploads\/2024\/11\/Screenshot-2024-11-08-100628.png\" alt=\"\" class=\"wp-image-4545\" style=\"aspect-ratio:0.8237885462555066;width:212px;height:auto\" srcset=\"https:\/\/simpleco.info\/wp-content\/uploads\/2024\/11\/Screenshot-2024-11-08-100628.png 374w, https:\/\/simpleco.info\/wp-content\/uploads\/2024\/11\/Screenshot-2024-11-08-100628-247x300.png 247w\" sizes=\"auto, (max-width: 374px) 100vw, 374px\" \/><\/figure>\n<\/div>\n<\/div><\/div>\n<\/div><\/div><div class=\"swiper-pagination\"><\/div><div class=\"swiper-button-prev\"><\/div><div class=\"swiper-button-next\"><\/div><\/div>\n<\/div>\n\n\n\n<div class=\"wp-block-uagb-container uagb-block-8313194d\">\n<p style=\"font-size:32px\">Kindertrinkflasche aus Edelstahl 350ml (22,90 \u20ac)<\/p>\n\n\n\n<p>Sehr hochwertige und besonders kindgerechte Trinkflasche in vielen verschiedenen Motiven.<br>Auflaufsicher und f\u00fcr Kinder ab ca. 3 Jahren leicht zu \u00f6ffnen und schlie\u00dfen mit integriertem Mini-Trinkhalm im Deckel. Schlanke Form, perfekt f\u00fcr kleine Kinderh\u00e4nde inkl. kleiner Kordel, um sie zu tragen oder am Rucksack zu befestigen. Sehr leicht, sto\u00dffest, gift- und schadstofffrei. Fair &#038; Sozial herstellt.<\/p>\n\n\n\n<p style=\"font-size:19px\"><a href=\"https:\/\/tidd.ly\/3UHHBdC\" target=\"_blank\" rel=\"noreferrer noopener\">Jetzt anschauen <\/a><\/p>\n<\/div>\n<\/div><\/div>\n\n\n\n<div class=\"wp-block-media-text alignwide is-stacked-on-mobile\" style=\"grid-template-columns:25% auto\"><figure class=\"wp-block-media-text__media\"><img loading=\"lazy\" decoding=\"async\" width=\"506\" height=\"529\" src=\"https:\/\/simpleco.info\/wp-content\/uploads\/2024\/11\/Screenshot-2024-11-08-102355.png\" alt=\"\" class=\"wp-image-4555 size-full\" srcset=\"https:\/\/simpleco.info\/wp-content\/uploads\/2024\/11\/Screenshot-2024-11-08-102355.png 506w, https:\/\/simpleco.info\/wp-content\/uploads\/2024\/11\/Screenshot-2024-11-08-102355-287x300.png 287w\" sizes=\"auto, (max-width: 506px) 100vw, 506px\" \/><\/figure><div class=\"wp-block-media-text__content\">\n<p style=\"font-size:32px\">Kindertrinkflasche aus Edelstahl 500ml (14,99 \u20ac)<\/p>\n\n\n\n<p>Hochwertiger, recycelbarer und rostfreier Edelstahl. Robust und langlebig.<br>Mit auslaufsicherem Push-Pull Verschluss f\u00fcr maximalen Komfort und Sicherheit beim Trinken. <br>Aus hochwertigem, BPA-freiem Kunststoff (Polypropylen &#8211; PP), frei von sch\u00e4dlichen Weichmachern und Phthalaten. Mit praktischem Clip um die Flasche m\u00fchelos an Tasche oder Hose zu befestigen<br><\/p>\n\n\n\n<p style=\"font-size:19px\"><a href=\"https:\/\/tidd.ly\/3CliTJK\" target=\"_blank\" rel=\"noreferrer noopener\">Jetzt anschauen <\/a><\/p>\n<\/div><\/div>\n\n\n\n<div style=\"height:64px\" aria-hidden=\"true\" class=\"wp-block-spacer\"><\/div>\n\n\n\n<h2 class=\"wp-block-heading\">Refill Station<\/h2>\n\n\n\n<p class=\"has-medium-font-size\">Unterwegs kannst du in allen Refill-Stationen dein mitgebrachtes Trinkgef\u00e4\u00df kostenlos mit Leitungswasser bef\u00fcllen lassen.<\/p>\n\n\n\n<p class=\"has-medium-font-size\">Refill-Stationen sind Einrichtungen &nbsp;mit klaren \u00d6ffnungszeiten, die sich dem Refill-Netz angeschlossen haben. Man kann sie z.B. am Refill-Sticker an T\u00fcr oder Fenster erkennen und in der Refill App finden \ud83d\ude42<\/p>\n\n\n\n<h2 class=\"wp-block-heading\">Nachhaltige Geschenkideen zum selber machen<\/h2>\n\n\n\n<p>Zus\u00e4tzlich gibt es auch die M\u00f6glichkeit Geschenke selbst zu machen. Ideen wie selbst zusammengestellte Kochboxen, Upcycling Stoffbeutel, selbst gemachte Badekugeln und viele weitere Ideen und Anleitungen findest du <a rel=\"noreferrer noopener\" href=\"https:\/\/utopia.de\/galerien\/weihnachtsgeschenke-selber-machen\/#1\" target=\"_blank\">hier <\/a>auf Utopia.<\/p>\n\n\n\n<h2 class=\"wp-block-heading\">Geschenkverpackung<\/h2>\n\n\n\n<p>Sobald man die Geschenke hat, m\u00fcssen diese nat\u00fcrlich auch sch\u00f6n verpackt werden. Auch hier kann man auf Nachhaltigkeit achten. Schau in meine <a href=\"http:\/\/simpleco.info\/oekologisch-geschenke-verpacken\/\">Sammlung <\/a>von umweltfreundlichen Ideen wie du deine Geschenke einpacken kannst.<\/p>\n\n\n\n<hr class=\"wp-block-separator has-css-opacity is-style-wide\"\/>\n","protected":false},"excerpt":{"rendered":"<p>Nachhaltige Trinkflaschen f\u00fcr Kinder und Erwachsene. J\u00e4hrlich werden allein in Deutschland rund 9 Milliarden Einwegflaschen f\u00fcr Wasser verbraucht. Ihre Herstellung ist mit einem hohen Ressourcen-, Energie- und Wasserverbrauch sowie dem Einsatz zahlreicher Chemikalien verbunden \u2013 und mit einer Menge M\u00fcll.<\/p>\n","protected":false},"author":1,"featured_media":0,"parent":0,"menu_order":0,"comment_status":"closed","ping_status":"closed","template":"","meta":{"_uag_custom_page_level_css":"","jetpack_post_was_ever_published":false,"footnotes":""},"class_list":["post-4522","page","type-page","status-publish","hentry"],"yoast_head":"<!-- This site is optimized with the Yoast SEO plugin v21.4 - https:\/\/yoast.com\/wordpress\/plugins\/seo\/ -->\n<title>Nachhaltige Trinkflaschen - Simpleco<\/title>\n<meta name=\"description\" content=\"Nachhaltige Trinkflaschen f\u00fcr Kinder und Erwachsene. Aus Edelstein oder Glas. BPA-frei, langlebig, leicht, fair und sozial hergestellt.\" \/>\n<meta name=\"robots\" content=\"index, follow, max-snippet:-1, max-image-preview:large, max-video-preview:-1\" \/>\n<link rel=\"canonical\" href=\"https:\/\/simpleco.info\/nachhaltige-trinkflaschen\/\" \/>\n<meta property=\"og:locale\" content=\"en_US\" \/>\n<meta property=\"og:type\" content=\"article\" \/>\n<meta property=\"og:title\" content=\"Nachhaltige Trinkflaschen\" \/>\n<meta property=\"og:description\" content=\"Nachhaltige Trinkflaschen f\u00fcr Kinder und Erwachsene. Aus Edelstein oder Glas. BPA-frei, langlebig, leicht, fair und sozial hergestellt.\" \/>\n<meta property=\"og:url\" content=\"https:\/\/simpleco.info\/nachhaltige-trinkflaschen\/\" \/>\n<meta property=\"og:site_name\" content=\"Simpleco\" \/>\n<meta property=\"article:modified_time\" content=\"2024-11-09T10:17:59+00:00\" \/>\n<meta property=\"og:image\" content=\"https:\/\/simpleco.info\/wp-content\/uploads\/2023\/12\/newsilbertrinkflasche-schwarz.jpg\" \/>\n<meta name=\"twitter:card\" content=\"summary_large_image\" \/>\n<meta name=\"twitter:label1\" content=\"Est. reading time\" \/>\n\t<meta name=\"twitter:data1\" content=\"6 minutes\" \/>\n<script type=\"application\/ld+json\" class=\"yoast-schema-graph\">{\"@context\":\"https:\/\/schema.org\",\"@graph\":[{\"@type\":\"WebPage\",\"@id\":\"https:\/\/simpleco.info\/nachhaltige-trinkflaschen\/\",\"url\":\"https:\/\/simpleco.info\/nachhaltige-trinkflaschen\/\",\"name\":\"[:de]Nachhaltige Trinkflaschen[:] - Simpleco\",\"isPartOf\":{\"@id\":\"https:\/\/simpleco.info\/#website\"},\"datePublished\":\"2024-11-03T15:15:33+00:00\",\"dateModified\":\"2024-11-09T10:17:59+00:00\",\"description\":\"Nachhaltige Trinkflaschen f\u00fcr Kinder und Erwachsene. Aus Edelstein oder Glas. BPA-frei, langlebig, leicht, fair und sozial hergestellt.\",\"breadcrumb\":{\"@id\":\"https:\/\/simpleco.info\/nachhaltige-trinkflaschen\/#breadcrumb\"},\"inLanguage\":\"en-US\",\"potentialAction\":[{\"@type\":\"ReadAction\",\"target\":[\"https:\/\/simpleco.info\/nachhaltige-trinkflaschen\/\"]}]},{\"@type\":\"BreadcrumbList\",\"@id\":\"https:\/\/simpleco.info\/nachhaltige-trinkflaschen\/#breadcrumb\",\"itemListElement\":[{\"@type\":\"ListItem\",\"position\":1,\"name\":\"Startseite\",\"item\":\"https:\/\/simpleco.info\/\"},{\"@type\":\"ListItem\",\"position\":2,\"name\":\"Nachhaltige Trinkflaschen\"}]},{\"@type\":\"WebSite\",\"@id\":\"https:\/\/simpleco.info\/#website\",\"url\":\"https:\/\/simpleco.info\/\",\"name\":\"Simpleco\",\"description\":\"Be the change you want to see in the world\",\"publisher\":{\"@id\":\"https:\/\/simpleco.info\/#organization\"},\"potentialAction\":[{\"@type\":\"SearchAction\",\"target\":{\"@type\":\"EntryPoint\",\"urlTemplate\":\"https:\/\/simpleco.info\/?s={search_term_string}\"},\"query-input\":\"required name=search_term_string\"}],\"inLanguage\":\"en-US\"},{\"@type\":\"Organization\",\"@id\":\"https:\/\/simpleco.info\/#organization\",\"name\":\"Simpleco\",\"url\":\"https:\/\/simpleco.info\/\",\"logo\":{\"@type\":\"ImageObject\",\"inLanguage\":\"en-US\",\"@id\":\"https:\/\/simpleco.info\/#\/schema\/logo\/image\/\",\"url\":\"https:\/\/simpleco.info\/wp-content\/uploads\/2023\/09\/cropped-Screenshot-2023-09-30-112546.png\",\"contentUrl\":\"https:\/\/simpleco.info\/wp-content\/uploads\/2023\/09\/cropped-Screenshot-2023-09-30-112546.png\",\"width\":89,\"height\":87,\"caption\":\"Simpleco\"},\"image\":{\"@id\":\"https:\/\/simpleco.info\/#\/schema\/logo\/image\/\"}}]}<\/script>\n<!-- \/ Yoast SEO plugin. -->","yoast_head_json":{"title":"Nachhaltige Trinkflaschen - Simpleco","description":"Nachhaltige Trinkflaschen f\u00fcr Kinder und Erwachsene. Aus Edelstein oder Glas. BPA-frei, langlebig, leicht, fair und sozial hergestellt.","robots":{"index":"index","follow":"follow","max-snippet":"max-snippet:-1","max-image-preview":"max-image-preview:large","max-video-preview":"max-video-preview:-1"},"canonical":"https:\/\/simpleco.info\/nachhaltige-trinkflaschen\/","og_locale":"en_US","og_type":"article","og_title":"[:de]Nachhaltige Trinkflaschen[:] - Simpleco","og_description":"Nachhaltige Trinkflaschen f\u00fcr Kinder und Erwachsene. Aus Edelstein oder Glas. BPA-frei, langlebig, leicht, fair und sozial hergestellt.","og_url":"https:\/\/simpleco.info\/nachhaltige-trinkflaschen\/","og_site_name":"Simpleco","article_modified_time":"2024-11-09T10:17:59+00:00","og_image":[{"url":"https:\/\/simpleco.info\/wp-content\/uploads\/2023\/12\/newsilbertrinkflasche-schwarz.jpg"}],"twitter_card":"summary_large_image","twitter_misc":{"Est. reading time":"6 minutes"},"schema":{"@context":"https:\/\/schema.org","@graph":[{"@type":"WebPage","@id":"https:\/\/simpleco.info\/nachhaltige-trinkflaschen\/","url":"https:\/\/simpleco.info\/nachhaltige-trinkflaschen\/","name":"[:de]Nachhaltige Trinkflaschen[:] - Simpleco","isPartOf":{"@id":"https:\/\/simpleco.info\/#website"},"datePublished":"2024-11-03T15:15:33+00:00","dateModified":"2024-11-09T10:17:59+00:00","description":"Nachhaltige Trinkflaschen f\u00fcr Kinder und Erwachsene. Aus Edelstein oder Glas. BPA-frei, langlebig, leicht, fair und sozial hergestellt.","breadcrumb":{"@id":"https:\/\/simpleco.info\/nachhaltige-trinkflaschen\/#breadcrumb"},"inLanguage":"en-US","potentialAction":[{"@type":"ReadAction","target":["https:\/\/simpleco.info\/nachhaltige-trinkflaschen\/"]}]},{"@type":"BreadcrumbList","@id":"https:\/\/simpleco.info\/nachhaltige-trinkflaschen\/#breadcrumb","itemListElement":[{"@type":"ListItem","position":1,"name":"Startseite","item":"https:\/\/simpleco.info\/"},{"@type":"ListItem","position":2,"name":"Nachhaltige Trinkflaschen"}]},{"@type":"WebSite","@id":"https:\/\/simpleco.info\/#website","url":"https:\/\/simpleco.info\/","name":"Simpleco","description":"Be the change you want to see in the world","publisher":{"@id":"https:\/\/simpleco.info\/#organization"},"potentialAction":[{"@type":"SearchAction","target":{"@type":"EntryPoint","urlTemplate":"https:\/\/simpleco.info\/?s={search_term_string}"},"query-input":"required name=search_term_string"}],"inLanguage":"en-US"},{"@type":"Organization","@id":"https:\/\/simpleco.info\/#organization","name":"Simpleco","url":"https:\/\/simpleco.info\/","logo":{"@type":"ImageObject","inLanguage":"en-US","@id":"https:\/\/simpleco.info\/#\/schema\/logo\/image\/","url":"https:\/\/simpleco.info\/wp-content\/uploads\/2023\/09\/cropped-Screenshot-2023-09-30-112546.png","contentUrl":"https:\/\/simpleco.info\/wp-content\/uploads\/2023\/09\/cropped-Screenshot-2023-09-30-112546.png","width":89,"height":87,"caption":"Simpleco"},"image":{"@id":"https:\/\/simpleco.info\/#\/schema\/logo\/image\/"}}]}},"jetpack_sharing_enabled":true,"uagb_featured_image_src":{"full":false,"thumbnail":false,"medium":false,"medium_large":false,"large":false,"1536x1536":false,"2048x2048":false,"featured-blog-large":false,"featured-blog-medium":false,"featured":false,"featured-blog-medium-small":false},"uagb_author_info":{"display_name":"Katze1241","author_link":"https:\/\/simpleco.info\/en\/author\/katze1241\/"},"uagb_comment_info":0,"uagb_excerpt":"Nachhaltige Trinkflaschen f\u00fcr Kinder und Erwachsene. J\u00e4hrlich werden allein in Deutschland rund 9 Milliarden Einwegflaschen f\u00fcr Wasser verbraucht. Ihre Herstellung ist mit einem hohen Ressourcen-, Energie- und Wasserverbrauch sowie dem Einsatz zahlreicher Chemikalien verbunden \u2013 und mit einer Menge M\u00fcll.","_links":{"self":[{"href":"https:\/\/simpleco.info\/en\/wp-json\/wp\/v2\/pages\/4522","targetHints":{"allow":["GET"]}}],"collection":[{"href":"https:\/\/simpleco.info\/en\/wp-json\/wp\/v2\/pages"}],"about":[{"href":"https:\/\/simpleco.info\/en\/wp-json\/wp\/v2\/types\/page"}],"author":[{"embeddable":true,"href":"https:\/\/simpleco.info\/en\/wp-json\/wp\/v2\/users\/1"}],"replies":[{"embeddable":true,"href":"https:\/\/simpleco.info\/en\/wp-json\/wp\/v2\/comments?post=4522"}],"version-history":[{"count":9,"href":"https:\/\/simpleco.info\/en\/wp-json\/wp\/v2\/pages\/4522\/revisions"}],"predecessor-version":[{"id":4571,"href":"https:\/\/simpleco.info\/en\/wp-json\/wp\/v2\/pages\/4522\/revisions\/4571"}],"wp:attachment":[{"href":"https:\/\/simpleco.info\/en\/wp-json\/wp\/v2\/media?parent=4522"}],"curies":[{"name":"wp","href":"https:\/\/api.w.org\/{rel}","templated":true}]}}