{"id":600,"date":"2020-10-04T11:29:29","date_gmt":"2020-10-04T09:29:29","guid":{"rendered":"http:\/\/simpleco.info\/?page_id=600"},"modified":"2023-11-06T15:54:26","modified_gmt":"2023-11-06T14:54:26","slug":"nachhaltiges-verhalten-unterwegs","status":"publish","type":"page","link":"https:\/\/simpleco.info\/en\/nachhaltiges-verhalten-unterwegs\/","title":{"rendered":"Unterwegs"},"content":{"rendered":"\n<p style=\"font-size:19px\">Nachhaltiges Verhalten unterwegs zu Freunden, Arbeit &#038; Co oder auch auf Reisen.<\/p>\n\n\n\n<p style=\"font-size:19px\">In den folgenden Artikeln findest du Tipps f\u00fcr umweltfreundliches Verhalten wenn du unterwegs bist. Situationen daf\u00fcr sind zum Beispiel wenn du ausw\u00e4rts Essen gehst, dir etwas zu trinken holst oder \u00f6ffentliche Toiletten benutzt. <\/p>\n\n\n\n<p style=\"font-size:19px\">Au\u00dferdem erh\u00e4lst du Informationen wie du auch deine Reisen nachhaltiger gestalten kannst. Du erh\u00e4ltst Tipps f\u00fcr die Auswahl deines Reise- und \u00dcbernachtungsortes \u00fcber das Verlassen der Wohnung bis hin zum Verhalten am Ankuftsort. <\/p>\n\n\n\n<hr class=\"wp-block-separator has-alpha-channel-opacity is-style-wide\"\/>\n\n\n\n<div class=\"wp-block-columns is-layout-flex wp-container-core-columns-is-layout-1 wp-block-columns-is-layout-flex\">\n<div class=\"wp-block-column is-layout-flow wp-block-column-is-layout-flow\">\n<div class=\"wp-block-media-text alignwide is-stacked-on-mobile\" style=\"grid-template-columns:29% auto\"><figure class=\"wp-block-media-text__media\"><img loading=\"lazy\" decoding=\"async\" width=\"993\" height=\"1024\" src=\"http:\/\/simpleco.info\/wp-content\/uploads\/2020\/12\/pexels-taryn-elliott-3889856-scaled-e1608237449833-993x1024.jpg\" alt=\"Umweltfreundliches Verhalten in der \u00d6ffentlichkeit\" class=\"wp-image-1142 size-full\" srcset=\"https:\/\/simpleco.info\/wp-content\/uploads\/2020\/12\/pexels-taryn-elliott-3889856-scaled-e1608237449833-993x1024.jpg 993w, https:\/\/simpleco.info\/wp-content\/uploads\/2020\/12\/pexels-taryn-elliott-3889856-scaled-e1608237449833-291x300.jpg 291w, https:\/\/simpleco.info\/wp-content\/uploads\/2020\/12\/pexels-taryn-elliott-3889856-scaled-e1608237449833-768x792.jpg 768w, https:\/\/simpleco.info\/wp-content\/uploads\/2020\/12\/pexels-taryn-elliott-3889856-scaled-e1608237449833-1489x1536.jpg 1489w, https:\/\/simpleco.info\/wp-content\/uploads\/2020\/12\/pexels-taryn-elliott-3889856-scaled-e1608237449833-1986x2048.jpg 1986w, https:\/\/simpleco.info\/wp-content\/uploads\/2020\/12\/pexels-taryn-elliott-3889856-scaled-e1608237449833.jpg 2048w\" sizes=\"auto, (max-width: 993px) 100vw, 993px\" \/><\/figure><div class=\"wp-block-media-text__content\">\n<p class=\"has-large-font-size\"><a href=\"https:\/\/simpleco.info\/nachhaltig-unterwegs\/\">\u00d6ffentlichkeit<\/a><\/p>\n<\/div><\/div>\n<\/div>\n\n\n\n<div class=\"wp-block-column is-layout-flow wp-block-column-is-layout-flow\">\n<div class=\"wp-block-media-text alignwide is-stacked-on-mobile\" style=\"grid-template-columns:29% auto\"><figure class=\"wp-block-media-text__media\"><img loading=\"lazy\" decoding=\"async\" width=\"414\" height=\"416\" src=\"http:\/\/simpleco.info\/wp-content\/uploads\/2020\/08\/petitionOeffentliche-e1609336179544.jpg\" alt=\"\u00d6kologisch und nachhaltig Reisen\" class=\"wp-image-390 size-full\" srcset=\"https:\/\/simpleco.info\/wp-content\/uploads\/2020\/08\/petitionOeffentliche-e1609336179544.jpg 414w, https:\/\/simpleco.info\/wp-content\/uploads\/2020\/08\/petitionOeffentliche-e1609336179544-300x300.jpg 300w, https:\/\/simpleco.info\/wp-content\/uploads\/2020\/08\/petitionOeffentliche-e1609336179544-150x150.jpg 150w, https:\/\/simpleco.info\/wp-content\/uploads\/2020\/08\/petitionOeffentliche-e1609336179544-270x270.jpg 270w, https:\/\/simpleco.info\/wp-content\/uploads\/2020\/08\/petitionOeffentliche-e1609336179544-230x230.jpg 230w\" sizes=\"auto, (max-width: 414px) 100vw, 414px\" \/><\/figure><div class=\"wp-block-media-text__content\">\n<p class=\"has-large-font-size\"><a href=\"https:\/\/simpleco.info\/umweltfreundlich-und-nachhaltig-reisen\/\">Reisen<\/a><\/p>\n<\/div><\/div>\n<\/div>\n<\/div>\n","protected":false},"excerpt":{"rendered":"<p>Nachhaltiges Verhalten unterwegs zu Freunden, Arbeit &#038; Co oder auch auf Reisen. In den folgenden Artikeln findest du Tipps f\u00fcr umweltfreundliches Verhalten wenn du unterwegs bist. Situationen daf\u00fcr sind zum Beispiel wenn du ausw\u00e4rts Essen gehst, dir etwas zu trinken<\/p>\n","protected":false},"author":1,"featured_media":0,"parent":0,"menu_order":0,"comment_status":"closed","ping_status":"closed","template":"","meta":{"_uag_custom_page_level_css":"","jetpack_post_was_ever_published":false,"footnotes":""},"class_list":["post-600","page","type-page","status-publish","hentry"],"yoast_head":"<!-- This site is optimized with the Yoast SEO plugin v21.4 - https:\/\/yoast.com\/wordpress\/plugins\/seo\/ -->\n<title>Unterwegs - Simpleco Umweltfreundliches Verhalten Unterwegs<\/title>\n<meta name=\"description\" content=\"Nachhaltiges Verhalten unterwegs. \u00d6kologische und nachhaltige Tipps welche du in der \u00d6ffentlichkeit und auf Reisen beachten kannst.\" \/>\n<meta name=\"robots\" content=\"index, follow, max-snippet:-1, max-image-preview:large, max-video-preview:-1\" \/>\n<link rel=\"canonical\" href=\"https:\/\/simpleco.info\/nachhaltiges-verhalten-unterwegs\/\" \/>\n<meta property=\"og:locale\" content=\"en_US\" \/>\n<meta property=\"og:type\" content=\"article\" \/>\n<meta property=\"og:title\" content=\"Unterwegs\" \/>\n<meta property=\"og:description\" content=\"Nachhaltiges Verhalten unterwegs. \u00d6kologische und nachhaltige Tipps welche du in der \u00d6ffentlichkeit und auf Reisen beachten kannst.\" \/>\n<meta property=\"og:url\" content=\"https:\/\/simpleco.info\/nachhaltiges-verhalten-unterwegs\/\" \/>\n<meta property=\"og:site_name\" content=\"Simpleco\" \/>\n<meta property=\"article:modified_time\" content=\"2023-11-06T14:54:26+00:00\" \/>\n<meta property=\"og:image\" content=\"http:\/\/simpleco.info\/wp-content\/uploads\/2020\/12\/pexels-taryn-elliott-3889856-scaled-e1608237449833-993x1024.jpg\" \/>\n<meta name=\"twitter:card\" content=\"summary_large_image\" \/>\n<meta name=\"twitter:label1\" content=\"Est. reading time\" \/>\n\t<meta name=\"twitter:data1\" content=\"1 minute\" \/>\n<script type=\"application\/ld+json\" class=\"yoast-schema-graph\">{\"@context\":\"https:\/\/schema.org\",\"@graph\":[{\"@type\":\"WebPage\",\"@id\":\"https:\/\/simpleco.info\/nachhaltiges-verhalten-unterwegs\/\",\"url\":\"https:\/\/simpleco.info\/nachhaltiges-verhalten-unterwegs\/\",\"name\":\"[:de]Unterwegs[:] - Simpleco Umweltfreundliches Verhalten Unterwegs\",\"isPartOf\":{\"@id\":\"https:\/\/simpleco.info\/#website\"},\"datePublished\":\"2020-10-04T09:29:29+00:00\",\"dateModified\":\"2023-11-06T14:54:26+00:00\",\"description\":\"Nachhaltiges Verhalten unterwegs. \u00d6kologische und nachhaltige Tipps welche du in der \u00d6ffentlichkeit und auf Reisen beachten kannst.\",\"breadcrumb\":{\"@id\":\"https:\/\/simpleco.info\/nachhaltiges-verhalten-unterwegs\/#breadcrumb\"},\"inLanguage\":\"en-US\",\"potentialAction\":[{\"@type\":\"ReadAction\",\"target\":[\"https:\/\/simpleco.info\/nachhaltiges-verhalten-unterwegs\/\"]}]},{\"@type\":\"BreadcrumbList\",\"@id\":\"https:\/\/simpleco.info\/nachhaltiges-verhalten-unterwegs\/#breadcrumb\",\"itemListElement\":[{\"@type\":\"ListItem\",\"position\":1,\"name\":\"Startseite\",\"item\":\"https:\/\/simpleco.info\/\"},{\"@type\":\"ListItem\",\"position\":2,\"name\":\"Unterwegs\"}]},{\"@type\":\"WebSite\",\"@id\":\"https:\/\/simpleco.info\/#website\",\"url\":\"https:\/\/simpleco.info\/\",\"name\":\"Simpleco\",\"description\":\"Be the change you want to see in the world\",\"publisher\":{\"@id\":\"https:\/\/simpleco.info\/#organization\"},\"potentialAction\":[{\"@type\":\"SearchAction\",\"target\":{\"@type\":\"EntryPoint\",\"urlTemplate\":\"https:\/\/simpleco.info\/?s={search_term_string}\"},\"query-input\":\"required name=search_term_string\"}],\"inLanguage\":\"en-US\"},{\"@type\":\"Organization\",\"@id\":\"https:\/\/simpleco.info\/#organization\",\"name\":\"Simpleco\",\"url\":\"https:\/\/simpleco.info\/\",\"logo\":{\"@type\":\"ImageObject\",\"inLanguage\":\"en-US\",\"@id\":\"https:\/\/simpleco.info\/#\/schema\/logo\/image\/\",\"url\":\"https:\/\/simpleco.info\/wp-content\/uploads\/2023\/09\/cropped-Screenshot-2023-09-30-112546.png\",\"contentUrl\":\"https:\/\/simpleco.info\/wp-content\/uploads\/2023\/09\/cropped-Screenshot-2023-09-30-112546.png\",\"width\":89,\"height\":87,\"caption\":\"Simpleco\"},\"image\":{\"@id\":\"https:\/\/simpleco.info\/#\/schema\/logo\/image\/\"}}]}<\/script>\n<!-- \/ Yoast SEO plugin. -->","yoast_head_json":{"title":"Unterwegs - Simpleco Umweltfreundliches Verhalten Unterwegs","description":"Nachhaltiges Verhalten unterwegs. \u00d6kologische und nachhaltige Tipps welche du in der \u00d6ffentlichkeit und auf Reisen beachten kannst.","robots":{"index":"index","follow":"follow","max-snippet":"max-snippet:-1","max-image-preview":"max-image-preview:large","max-video-preview":"max-video-preview:-1"},"canonical":"https:\/\/simpleco.info\/nachhaltiges-verhalten-unterwegs\/","og_locale":"en_US","og_type":"article","og_title":"[:de]Unterwegs[:] - Simpleco Umweltfreundliches Verhalten Unterwegs","og_description":"Nachhaltiges Verhalten unterwegs. \u00d6kologische und nachhaltige Tipps welche du in der \u00d6ffentlichkeit und auf Reisen beachten kannst.","og_url":"https:\/\/simpleco.info\/nachhaltiges-verhalten-unterwegs\/","og_site_name":"Simpleco","article_modified_time":"2023-11-06T14:54:26+00:00","og_image":[{"url":"http:\/\/simpleco.info\/wp-content\/uploads\/2020\/12\/pexels-taryn-elliott-3889856-scaled-e1608237449833-993x1024.jpg"}],"twitter_card":"summary_large_image","twitter_misc":{"Est. reading time":"1 minute"},"schema":{"@context":"https:\/\/schema.org","@graph":[{"@type":"WebPage","@id":"https:\/\/simpleco.info\/nachhaltiges-verhalten-unterwegs\/","url":"https:\/\/simpleco.info\/nachhaltiges-verhalten-unterwegs\/","name":"[:de]Unterwegs[:] - Simpleco Umweltfreundliches Verhalten Unterwegs","isPartOf":{"@id":"https:\/\/simpleco.info\/#website"},"datePublished":"2020-10-04T09:29:29+00:00","dateModified":"2023-11-06T14:54:26+00:00","description":"Nachhaltiges Verhalten unterwegs. \u00d6kologische und nachhaltige Tipps welche du in der \u00d6ffentlichkeit und auf Reisen beachten kannst.","breadcrumb":{"@id":"https:\/\/simpleco.info\/nachhaltiges-verhalten-unterwegs\/#breadcrumb"},"inLanguage":"en-US","potentialAction":[{"@type":"ReadAction","target":["https:\/\/simpleco.info\/nachhaltiges-verhalten-unterwegs\/"]}]},{"@type":"BreadcrumbList","@id":"https:\/\/simpleco.info\/nachhaltiges-verhalten-unterwegs\/#breadcrumb","itemListElement":[{"@type":"ListItem","position":1,"name":"Startseite","item":"https:\/\/simpleco.info\/"},{"@type":"ListItem","position":2,"name":"Unterwegs"}]},{"@type":"WebSite","@id":"https:\/\/simpleco.info\/#website","url":"https:\/\/simpleco.info\/","name":"Simpleco","description":"Be the change you want to see in the world","publisher":{"@id":"https:\/\/simpleco.info\/#organization"},"potentialAction":[{"@type":"SearchAction","target":{"@type":"EntryPoint","urlTemplate":"https:\/\/simpleco.info\/?s={search_term_string}"},"query-input":"required name=search_term_string"}],"inLanguage":"en-US"},{"@type":"Organization","@id":"https:\/\/simpleco.info\/#organization","name":"Simpleco","url":"https:\/\/simpleco.info\/","logo":{"@type":"ImageObject","inLanguage":"en-US","@id":"https:\/\/simpleco.info\/#\/schema\/logo\/image\/","url":"https:\/\/simpleco.info\/wp-content\/uploads\/2023\/09\/cropped-Screenshot-2023-09-30-112546.png","contentUrl":"https:\/\/simpleco.info\/wp-content\/uploads\/2023\/09\/cropped-Screenshot-2023-09-30-112546.png","width":89,"height":87,"caption":"Simpleco"},"image":{"@id":"https:\/\/simpleco.info\/#\/schema\/logo\/image\/"}}]}},"jetpack_sharing_enabled":true,"uagb_featured_image_src":{"full":false,"thumbnail":false,"medium":false,"medium_large":false,"large":false,"1536x1536":false,"2048x2048":false,"featured-blog-large":false,"featured-blog-medium":false,"featured":false,"featured-blog-medium-small":false},"uagb_author_info":{"display_name":"Katze1241","author_link":"https:\/\/simpleco.info\/en\/author\/katze1241\/"},"uagb_comment_info":0,"uagb_excerpt":"Nachhaltiges Verhalten unterwegs zu Freunden, Arbeit &#038; Co oder auch auf Reisen. In den folgenden Artikeln findest du Tipps f\u00fcr umweltfreundliches Verhalten wenn du unterwegs bist. Situationen daf\u00fcr sind zum Beispiel wenn du ausw\u00e4rts Essen gehst, dir etwas zu trinken","_links":{"self":[{"href":"https:\/\/simpleco.info\/en\/wp-json\/wp\/v2\/pages\/600","targetHints":{"allow":["GET"]}}],"collection":[{"href":"https:\/\/simpleco.info\/en\/wp-json\/wp\/v2\/pages"}],"about":[{"href":"https:\/\/simpleco.info\/en\/wp-json\/wp\/v2\/types\/page"}],"author":[{"embeddable":true,"href":"https:\/\/simpleco.info\/en\/wp-json\/wp\/v2\/users\/1"}],"replies":[{"embeddable":true,"href":"https:\/\/simpleco.info\/en\/wp-json\/wp\/v2\/comments?post=600"}],"version-history":[{"count":1,"href":"https:\/\/simpleco.info\/en\/wp-json\/wp\/v2\/pages\/600\/revisions"}],"predecessor-version":[{"id":3709,"href":"https:\/\/simpleco.info\/en\/wp-json\/wp\/v2\/pages\/600\/revisions\/3709"}],"wp:attachment":[{"href":"https:\/\/simpleco.info\/en\/wp-json\/wp\/v2\/media?parent=600"}],"curies":[{"name":"wp","href":"https:\/\/api.w.org\/{rel}","templated":true}]}}