{"id":643,"date":"2020-10-07T18:40:41","date_gmt":"2020-10-07T16:40:41","guid":{"rendered":"http:\/\/simpleco.info\/?page_id=643"},"modified":"2023-09-30T11:19:15","modified_gmt":"2023-09-30T09:19:15","slug":"massnahmen-fuer-ein-nachhaltigeres-leben","status":"publish","type":"page","link":"https:\/\/simpleco.info\/en\/massnahmen-fuer-ein-nachhaltigeres-leben\/","title":{"rendered":"Liste"},"content":{"rendered":"\n<h2 class=\"wp-block-heading\">Auflistung mit Ma\u00dfnahmen f\u00fcr ein nachhaltigeres Leben<\/h2>\n\n\n\n<div class=\"wp-block-group\"><div class=\"wp-block-group__inner-container is-layout-flow wp-block-group-is-layout-flow\">\n<p style=\"font-size:19px\">Folgende Liste z\u00e4hlt dir Ma\u00dfnahmen f\u00fcr ein nachhaltigeres Leben auf, sodass es f\u00fcr dich noch leichter ist einen \u00dcberblick mit Inspirationen zu erhalten. Au\u00dferdem kannst du die Liste auch als Motivationshilfe nutzen. Falls du zu manchen Punkten mehr Informationen m\u00f6chtest, ist jeder der Punkte auf der Webseite ausf\u00fchrlich erkl\u00e4rt. Dort erh\u00e4lst du dazu auch Auswirkungen auf die Umwelt und weitere Ideen. Wenn du m\u00f6chtest kannst du dir das <a href=\"http:\/\/simpleco.info\/wp-content\/uploads\/2020\/11\/Simpleco-List.pdf\" target=\"_blank\" rel=\"noreferrer noopener\">PDF<\/a> herunterladen und wenn du m\u00f6chtest auch ausdrucken. Bei beiden kannst du abhaken welche Steps du bereits durchf\u00fchrst um der Umwelt zu helfen und stolz auf dich sein!<\/p>\n\n\n\n<div class=\"wp-block-file alignright\"><a id=\"wp-block-file--media-d7e6fc81-f7b4-4f69-b78a-486f5c4e2052\" href=\"http:\/\/simpleco.info\/wp-content\/uploads\/2020\/11\/Simpleco-List-2.pdf\">Simpleco-List<\/a><a href=\"http:\/\/simpleco.info\/wp-content\/uploads\/2020\/11\/Simpleco-List-2.pdf\" class=\"wp-block-file__button wp-element-button\" download aria-describedby=\"wp-block-file--media-d7e6fc81-f7b4-4f69-b78a-486f5c4e2052\">Herunterladen<\/a><\/div>\n\n\n\n<p class=\"has-medium-font-size\">(Stand: 04.11.2020)<\/p>\n\n\n<a href=\"https:\/\/simpleco.info\/wp-content\/uploads\/2020\/11\/Simpleco-List.pdf\" class=\"pdfemb-viewer\" style=\"\" data-width=\"max\" data-height=\"max\"  data-toolbar=\"bottom\" data-toolbar-fixed=\"off\">Simpleco-List<br\/><\/a>\n<p class=\"wp-block-pdfemb-pdf-embedder-viewer\"><\/p>\n<\/div><\/div>\n\n\n\n<div style=\"height:30px\" aria-hidden=\"true\" class=\"wp-block-spacer\"><\/div>\n\n\n\n<div class=\"wp-block-cover alignfull is-light\" style=\"min-height:353px;aspect-ratio:unset;\"><span aria-hidden=\"true\" class=\"wp-block-cover__background has-background-dim-10 has-background-dim\" style=\"background-color:#87b9b1\"><\/span><div class=\"wp-block-cover__inner-container is-layout-constrained wp-block-cover-is-layout-constrained\">\n<blockquote class=\"wp-block-quote has-text-align-center is-layout-flow wp-block-quote-is-layout-flow\">\n<p class=\"has-large-font-size\"><mark style=\"background-color:rgba(0, 0, 0, 0);color:#c1b16c\">Ich hab gelernt, dass man nie zu klein daf\u00fcr ist einen Unterschied zu machen!<\/mark><\/p>\n\n\n\n<div style=\"height:30px\" aria-hidden=\"true\" class=\"wp-block-spacer\"><\/div>\n<cite><mark style=\"background-color:rgba(0, 0, 0, 0);color:#615f5f\">greta thunberg<\/mark><\/cite><\/blockquote>\n<\/div><\/div>\n","protected":false},"excerpt":{"rendered":"<p>Auflistung mit Ma\u00dfnahmen f\u00fcr ein nachhaltigeres Leben Folgende Liste z\u00e4hlt dir Ma\u00dfnahmen f\u00fcr ein nachhaltigeres Leben auf, sodass es f\u00fcr dich noch leichter ist einen \u00dcberblick mit Inspirationen zu erhalten. Au\u00dferdem kannst du die Liste auch als Motivationshilfe nutzen. Falls<\/p>\n","protected":false},"author":1,"featured_media":0,"parent":0,"menu_order":0,"comment_status":"closed","ping_status":"closed","template":"","meta":{"_uag_custom_page_level_css":"","jetpack_post_was_ever_published":false,"footnotes":""},"class_list":["post-643","page","type-page","status-publish","hentry"],"yoast_head":"<!-- This site is optimized with the Yoast SEO plugin v21.4 - https:\/\/yoast.com\/wordpress\/plugins\/seo\/ -->\n<title>Liste - Simpleco Ma\u00dfnahmen f\u00fcr ein nachhaltigeres Leben<\/title>\n<meta name=\"description\" content=\"Liste mit Ma\u00dfnahmen f\u00fcr ein nachhaltigeres und \u00f6kologischeres Leben. Ausf\u00fchrung der Punkte sowie Auswirkungen f\u00fcr die Umwelt auf der Webseite.\" \/>\n<meta name=\"robots\" content=\"index, follow, max-snippet:-1, max-image-preview:large, max-video-preview:-1\" \/>\n<link rel=\"canonical\" href=\"https:\/\/simpleco.info\/massnahmen-fuer-ein-nachhaltigeres-leben\/\" \/>\n<meta property=\"og:locale\" content=\"en_US\" \/>\n<meta property=\"og:type\" content=\"article\" \/>\n<meta property=\"og:title\" content=\"30\" \/>\n<meta property=\"og:description\" content=\"false\" \/>\n<meta property=\"og:url\" content=\"https:\/\/simpleco.info\/massnahmen-fuer-ein-nachhaltigeres-leben\/\" \/>\n<meta property=\"og:site_name\" content=\"Simpleco\" \/>\n<meta property=\"article:modified_time\" content=\"2023-09-30T09:19:15+00:00\" \/>\n<meta name=\"twitter:card\" content=\"summary_large_image\" \/>\n<meta name=\"twitter:label1\" content=\"Est. reading time\" \/>\n\t<meta name=\"twitter:data1\" content=\"1 minute\" \/>\n<script type=\"application\/ld+json\" class=\"yoast-schema-graph\">{\"@context\":\"https:\/\/schema.org\",\"@graph\":[{\"@type\":\"WebPage\",\"@id\":\"https:\/\/simpleco.info\/massnahmen-fuer-ein-nachhaltigeres-leben\/\",\"url\":\"https:\/\/simpleco.info\/massnahmen-fuer-ein-nachhaltigeres-leben\/\",\"name\":\"[:de]Liste[:] - Simpleco Ma\u00dfnahmen f\u00fcr ein nachhaltigeres Leben\",\"isPartOf\":{\"@id\":\"https:\/\/simpleco.info\/#website\"},\"datePublished\":\"2020-10-07T16:40:41+00:00\",\"dateModified\":\"2023-09-30T09:19:15+00:00\",\"description\":\"Liste mit Ma\u00dfnahmen f\u00fcr ein nachhaltigeres und \u00f6kologischeres Leben. Ausf\u00fchrung der Punkte sowie Auswirkungen f\u00fcr die Umwelt auf der Webseite.\",\"breadcrumb\":{\"@id\":\"https:\/\/simpleco.info\/massnahmen-fuer-ein-nachhaltigeres-leben\/#breadcrumb\"},\"inLanguage\":\"en-US\",\"potentialAction\":[{\"@type\":\"ReadAction\",\"target\":[\"https:\/\/simpleco.info\/massnahmen-fuer-ein-nachhaltigeres-leben\/\"]}]},{\"@type\":\"BreadcrumbList\",\"@id\":\"https:\/\/simpleco.info\/massnahmen-fuer-ein-nachhaltigeres-leben\/#breadcrumb\",\"itemListElement\":[{\"@type\":\"ListItem\",\"position\":1,\"name\":\"Startseite\",\"item\":\"https:\/\/simpleco.info\/\"},{\"@type\":\"ListItem\",\"position\":2,\"name\":\"Liste\"}]},{\"@type\":\"WebSite\",\"@id\":\"https:\/\/simpleco.info\/#website\",\"url\":\"https:\/\/simpleco.info\/\",\"name\":\"Simpleco\",\"description\":\"Be the change you want to see in the world\",\"publisher\":{\"@id\":\"https:\/\/simpleco.info\/#organization\"},\"potentialAction\":[{\"@type\":\"SearchAction\",\"target\":{\"@type\":\"EntryPoint\",\"urlTemplate\":\"https:\/\/simpleco.info\/?s={search_term_string}\"},\"query-input\":\"required name=search_term_string\"}],\"inLanguage\":\"en-US\"},{\"@type\":\"Organization\",\"@id\":\"https:\/\/simpleco.info\/#organization\",\"name\":\"Simpleco\",\"url\":\"https:\/\/simpleco.info\/\",\"logo\":{\"@type\":\"ImageObject\",\"inLanguage\":\"en-US\",\"@id\":\"https:\/\/simpleco.info\/#\/schema\/logo\/image\/\",\"url\":\"https:\/\/simpleco.info\/wp-content\/uploads\/2023\/09\/cropped-Screenshot-2023-09-30-112546.png\",\"contentUrl\":\"https:\/\/simpleco.info\/wp-content\/uploads\/2023\/09\/cropped-Screenshot-2023-09-30-112546.png\",\"width\":89,\"height\":87,\"caption\":\"Simpleco\"},\"image\":{\"@id\":\"https:\/\/simpleco.info\/#\/schema\/logo\/image\/\"}}]}<\/script>\n<!-- \/ Yoast SEO plugin. -->","yoast_head_json":{"title":"Liste - Simpleco Ma\u00dfnahmen f\u00fcr ein nachhaltigeres Leben","description":"Liste mit Ma\u00dfnahmen f\u00fcr ein nachhaltigeres und \u00f6kologischeres Leben. Ausf\u00fchrung der Punkte sowie Auswirkungen f\u00fcr die Umwelt auf der Webseite.","robots":{"index":"index","follow":"follow","max-snippet":"max-snippet:-1","max-image-preview":"max-image-preview:large","max-video-preview":"max-video-preview:-1"},"canonical":"https:\/\/simpleco.info\/massnahmen-fuer-ein-nachhaltigeres-leben\/","og_locale":"en_US","og_type":"article","og_title":"30","og_description":"false","og_url":"https:\/\/simpleco.info\/massnahmen-fuer-ein-nachhaltigeres-leben\/","og_site_name":"Simpleco","article_modified_time":"2023-09-30T09:19:15+00:00","twitter_card":"summary_large_image","twitter_misc":{"Est. reading time":"1 minute"},"schema":{"@context":"https:\/\/schema.org","@graph":[{"@type":"WebPage","@id":"https:\/\/simpleco.info\/massnahmen-fuer-ein-nachhaltigeres-leben\/","url":"https:\/\/simpleco.info\/massnahmen-fuer-ein-nachhaltigeres-leben\/","name":"[:de]Liste[:] - Simpleco Ma\u00dfnahmen f\u00fcr ein nachhaltigeres Leben","isPartOf":{"@id":"https:\/\/simpleco.info\/#website"},"datePublished":"2020-10-07T16:40:41+00:00","dateModified":"2023-09-30T09:19:15+00:00","description":"Liste mit Ma\u00dfnahmen f\u00fcr ein nachhaltigeres und \u00f6kologischeres Leben. Ausf\u00fchrung der Punkte sowie Auswirkungen f\u00fcr die Umwelt auf der Webseite.","breadcrumb":{"@id":"https:\/\/simpleco.info\/massnahmen-fuer-ein-nachhaltigeres-leben\/#breadcrumb"},"inLanguage":"en-US","potentialAction":[{"@type":"ReadAction","target":["https:\/\/simpleco.info\/massnahmen-fuer-ein-nachhaltigeres-leben\/"]}]},{"@type":"BreadcrumbList","@id":"https:\/\/simpleco.info\/massnahmen-fuer-ein-nachhaltigeres-leben\/#breadcrumb","itemListElement":[{"@type":"ListItem","position":1,"name":"Startseite","item":"https:\/\/simpleco.info\/"},{"@type":"ListItem","position":2,"name":"Liste"}]},{"@type":"WebSite","@id":"https:\/\/simpleco.info\/#website","url":"https:\/\/simpleco.info\/","name":"Simpleco","description":"Be the change you want to see in the world","publisher":{"@id":"https:\/\/simpleco.info\/#organization"},"potentialAction":[{"@type":"SearchAction","target":{"@type":"EntryPoint","urlTemplate":"https:\/\/simpleco.info\/?s={search_term_string}"},"query-input":"required name=search_term_string"}],"inLanguage":"en-US"},{"@type":"Organization","@id":"https:\/\/simpleco.info\/#organization","name":"Simpleco","url":"https:\/\/simpleco.info\/","logo":{"@type":"ImageObject","inLanguage":"en-US","@id":"https:\/\/simpleco.info\/#\/schema\/logo\/image\/","url":"https:\/\/simpleco.info\/wp-content\/uploads\/2023\/09\/cropped-Screenshot-2023-09-30-112546.png","contentUrl":"https:\/\/simpleco.info\/wp-content\/uploads\/2023\/09\/cropped-Screenshot-2023-09-30-112546.png","width":89,"height":87,"caption":"Simpleco"},"image":{"@id":"https:\/\/simpleco.info\/#\/schema\/logo\/image\/"}}]}},"jetpack_sharing_enabled":true,"uagb_featured_image_src":{"full":false,"thumbnail":false,"medium":false,"medium_large":false,"large":false,"1536x1536":false,"2048x2048":false,"featured-blog-large":false,"featured-blog-medium":false,"featured":false,"featured-blog-medium-small":false},"uagb_author_info":{"display_name":"Katze1241","author_link":"https:\/\/simpleco.info\/en\/author\/katze1241\/"},"uagb_comment_info":0,"uagb_excerpt":"Auflistung mit Ma\u00dfnahmen f\u00fcr ein nachhaltigeres Leben Folgende Liste z\u00e4hlt dir Ma\u00dfnahmen f\u00fcr ein nachhaltigeres Leben auf, sodass es f\u00fcr dich noch leichter ist einen \u00dcberblick mit Inspirationen zu erhalten. Au\u00dferdem kannst du die Liste auch als Motivationshilfe nutzen. Falls","_links":{"self":[{"href":"https:\/\/simpleco.info\/en\/wp-json\/wp\/v2\/pages\/643","targetHints":{"allow":["GET"]}}],"collection":[{"href":"https:\/\/simpleco.info\/en\/wp-json\/wp\/v2\/pages"}],"about":[{"href":"https:\/\/simpleco.info\/en\/wp-json\/wp\/v2\/types\/page"}],"author":[{"embeddable":true,"href":"https:\/\/simpleco.info\/en\/wp-json\/wp\/v2\/users\/1"}],"replies":[{"embeddable":true,"href":"https:\/\/simpleco.info\/en\/wp-json\/wp\/v2\/comments?post=643"}],"version-history":[{"count":0,"href":"https:\/\/simpleco.info\/en\/wp-json\/wp\/v2\/pages\/643\/revisions"}],"wp:attachment":[{"href":"https:\/\/simpleco.info\/en\/wp-json\/wp\/v2\/media?parent=643"}],"curies":[{"name":"wp","href":"https:\/\/api.w.org\/{rel}","templated":true}]}}