{"id":7,"date":"2020-08-11T19:30:12","date_gmt":"2020-08-11T17:30:12","guid":{"rendered":"http:\/\/simpleco.info\/?page_id=7"},"modified":"2023-10-26T09:59:48","modified_gmt":"2023-10-26T07:59:48","slug":"ueber-uns","status":"publish","type":"page","link":"https:\/\/simpleco.info\/en\/ueber-uns\/","title":{"rendered":"\u00dcber uns"},"content":{"rendered":"\n<p>Ich habe \u00fcber die letzten Jahre immer mehr \u00f6kologische Verhaltensweisen in mein Leben integriert und mich dabei immer wieder mit meinen Freunden ausgetauscht.<\/p>\n\n\n\n<p>Jeder hat verschiedene Methoden gefunden was man machen kann und so konnten wir unsere Tipps erg\u00e4nzen. <\/p>\n\n\n\n<p>Irgendwann haben wir auch im Internet nach neuen Inspirationen gesucht und festgestellt, das dies sehr umst\u00e4ndlich ist, besonders wenn man viele der genannten Sachen schon kennt die Sachen heraus zu filtern die man noch nicht kennt. <\/p>\n\n\n\n<p>Um anderen diese Arbeit zu erleichtern kam ich auf die Idee diese einfach alle zu sammeln und St\u00fcck f\u00fcr St\u00fcck zu erweitern wodurch ich auch immer wieder auf neue Inspirationen gesto\u00dfen bin. Gleichzeitig war es mir ein Anliegen Einsteigern zu zeigen, dass es nicht so aufw\u00e4ndig ist und auch nicht Verzicht bedeuten muss ein paar Sachen umzustellen, wie z.B. der Umstieg von Klopapier auf recycletes Klopapier. <\/p>\n\n\n\n<p>Und so startete ich Simpleco \ud83d\ude42<\/p>\n","protected":false},"excerpt":{"rendered":"<p>Ich habe \u00fcber die letzten Jahre immer mehr \u00f6kologische Verhaltensweisen in mein Leben integriert und mich dabei immer wieder mit meinen Freunden ausgetauscht. Jeder hat verschiedene Methoden gefunden was man machen kann und so konnten wir unsere Tipps erg\u00e4nzen. Irgendwann<\/p>\n","protected":false},"author":1,"featured_media":0,"parent":0,"menu_order":0,"comment_status":"closed","ping_status":"closed","template":"","meta":{"_uag_custom_page_level_css":"","jetpack_post_was_ever_published":false,"footnotes":""},"class_list":["post-7","page","type-page","status-publish","hentry"],"yoast_head":"<!-- This site is optimized with the Yoast SEO plugin v21.4 - https:\/\/yoast.com\/wordpress\/plugins\/seo\/ -->\n<title>\u00dcber uns - Simpleco<\/title>\n<meta name=\"robots\" content=\"index, follow, max-snippet:-1, max-image-preview:large, max-video-preview:-1\" \/>\n<link rel=\"canonical\" href=\"https:\/\/simpleco.info\/ueber-uns\/\" \/>\n<meta property=\"og:locale\" content=\"en_US\" \/>\n<meta property=\"og:type\" content=\"article\" \/>\n<meta property=\"og:title\" content=\"\u00dcber uns\" \/>\n<meta property=\"og:description\" content=\"Ich habe \u00fcber die letzten Jahre immer mehr \u00f6kologische Verhaltensweisen in mein Leben integriert und mich dabei immer wieder mit meinen Freunden ausgetauscht. Jeder hat verschiedene Methoden gefunden was man machen kann und so konnten wir unsere Tipps erg\u00e4nzen. Irgendwann\" \/>\n<meta property=\"og:url\" content=\"https:\/\/simpleco.info\/ueber-uns\/\" \/>\n<meta property=\"og:site_name\" content=\"Simpleco\" \/>\n<meta property=\"article:modified_time\" content=\"2023-10-26T07:59:48+00:00\" \/>\n<meta property=\"og:image\" content=\"http:\/\/simpleco.info\/wp-content\/uploads\/2023\/10\/schnitt-718x1024.jpg\" \/>\n<meta name=\"twitter:card\" content=\"summary_large_image\" \/>\n<meta name=\"twitter:label1\" content=\"Est. reading time\" \/>\n\t<meta name=\"twitter:data1\" content=\"2 minutes\" \/>\n<script type=\"application\/ld+json\" class=\"yoast-schema-graph\">{\"@context\":\"https:\/\/schema.org\",\"@graph\":[{\"@type\":\"WebPage\",\"@id\":\"https:\/\/simpleco.info\/ueber-uns\/\",\"url\":\"https:\/\/simpleco.info\/ueber-uns\/\",\"name\":\"[:en]\u00dcber uns[:de]\u00dcber mich[:] - Simpleco\",\"isPartOf\":{\"@id\":\"https:\/\/simpleco.info\/#website\"},\"datePublished\":\"2020-08-11T17:30:12+00:00\",\"dateModified\":\"2023-10-26T07:59:48+00:00\",\"breadcrumb\":{\"@id\":\"https:\/\/simpleco.info\/ueber-uns\/#breadcrumb\"},\"inLanguage\":\"en-US\",\"potentialAction\":[{\"@type\":\"ReadAction\",\"target\":[\"https:\/\/simpleco.info\/ueber-uns\/\"]}]},{\"@type\":\"BreadcrumbList\",\"@id\":\"https:\/\/simpleco.info\/ueber-uns\/#breadcrumb\",\"itemListElement\":[{\"@type\":\"ListItem\",\"position\":1,\"name\":\"Startseite\",\"item\":\"https:\/\/simpleco.info\/\"},{\"@type\":\"ListItem\",\"position\":2,\"name\":\"\u00dcber mich\"}]},{\"@type\":\"WebSite\",\"@id\":\"https:\/\/simpleco.info\/#website\",\"url\":\"https:\/\/simpleco.info\/\",\"name\":\"Simpleco\",\"description\":\"Be the change you want to see in the world\",\"publisher\":{\"@id\":\"https:\/\/simpleco.info\/#organization\"},\"potentialAction\":[{\"@type\":\"SearchAction\",\"target\":{\"@type\":\"EntryPoint\",\"urlTemplate\":\"https:\/\/simpleco.info\/?s={search_term_string}\"},\"query-input\":\"required name=search_term_string\"}],\"inLanguage\":\"en-US\"},{\"@type\":\"Organization\",\"@id\":\"https:\/\/simpleco.info\/#organization\",\"name\":\"Simpleco\",\"url\":\"https:\/\/simpleco.info\/\",\"logo\":{\"@type\":\"ImageObject\",\"inLanguage\":\"en-US\",\"@id\":\"https:\/\/simpleco.info\/#\/schema\/logo\/image\/\",\"url\":\"https:\/\/simpleco.info\/wp-content\/uploads\/2023\/09\/cropped-Screenshot-2023-09-30-112546.png\",\"contentUrl\":\"https:\/\/simpleco.info\/wp-content\/uploads\/2023\/09\/cropped-Screenshot-2023-09-30-112546.png\",\"width\":89,\"height\":87,\"caption\":\"Simpleco\"},\"image\":{\"@id\":\"https:\/\/simpleco.info\/#\/schema\/logo\/image\/\"}}]}<\/script>\n<!-- \/ Yoast SEO plugin. -->","yoast_head_json":{"title":"\u00dcber uns - Simpleco","robots":{"index":"index","follow":"follow","max-snippet":"max-snippet:-1","max-image-preview":"max-image-preview:large","max-video-preview":"max-video-preview:-1"},"canonical":"https:\/\/simpleco.info\/ueber-uns\/","og_locale":"en_US","og_type":"article","og_title":"[:en]\u00dcber uns[:de]\u00dcber mich[:] - Simpleco","og_description":"Ich habe \u00fcber die letzten Jahre immer mehr \u00f6kologische Verhaltensweisen in mein Leben integriert und mich dabei immer wieder mit meinen Freunden ausgetauscht. Jeder hat verschiedene Methoden gefunden was man machen kann und so konnten wir unsere Tipps erg\u00e4nzen. Irgendwann","og_url":"https:\/\/simpleco.info\/ueber-uns\/","og_site_name":"Simpleco","article_modified_time":"2023-10-26T07:59:48+00:00","og_image":[{"url":"http:\/\/simpleco.info\/wp-content\/uploads\/2023\/10\/schnitt-718x1024.jpg"}],"twitter_card":"summary_large_image","twitter_misc":{"Est. reading time":"2 minutes"},"schema":{"@context":"https:\/\/schema.org","@graph":[{"@type":"WebPage","@id":"https:\/\/simpleco.info\/ueber-uns\/","url":"https:\/\/simpleco.info\/ueber-uns\/","name":"[:en]\u00dcber uns[:de]\u00dcber mich[:] - Simpleco","isPartOf":{"@id":"https:\/\/simpleco.info\/#website"},"datePublished":"2020-08-11T17:30:12+00:00","dateModified":"2023-10-26T07:59:48+00:00","breadcrumb":{"@id":"https:\/\/simpleco.info\/ueber-uns\/#breadcrumb"},"inLanguage":"en-US","potentialAction":[{"@type":"ReadAction","target":["https:\/\/simpleco.info\/ueber-uns\/"]}]},{"@type":"BreadcrumbList","@id":"https:\/\/simpleco.info\/ueber-uns\/#breadcrumb","itemListElement":[{"@type":"ListItem","position":1,"name":"Startseite","item":"https:\/\/simpleco.info\/"},{"@type":"ListItem","position":2,"name":"\u00dcber mich"}]},{"@type":"WebSite","@id":"https:\/\/simpleco.info\/#website","url":"https:\/\/simpleco.info\/","name":"Simpleco","description":"Be the change you want to see in the world","publisher":{"@id":"https:\/\/simpleco.info\/#organization"},"potentialAction":[{"@type":"SearchAction","target":{"@type":"EntryPoint","urlTemplate":"https:\/\/simpleco.info\/?s={search_term_string}"},"query-input":"required name=search_term_string"}],"inLanguage":"en-US"},{"@type":"Organization","@id":"https:\/\/simpleco.info\/#organization","name":"Simpleco","url":"https:\/\/simpleco.info\/","logo":{"@type":"ImageObject","inLanguage":"en-US","@id":"https:\/\/simpleco.info\/#\/schema\/logo\/image\/","url":"https:\/\/simpleco.info\/wp-content\/uploads\/2023\/09\/cropped-Screenshot-2023-09-30-112546.png","contentUrl":"https:\/\/simpleco.info\/wp-content\/uploads\/2023\/09\/cropped-Screenshot-2023-09-30-112546.png","width":89,"height":87,"caption":"Simpleco"},"image":{"@id":"https:\/\/simpleco.info\/#\/schema\/logo\/image\/"}}]}},"jetpack_sharing_enabled":true,"uagb_featured_image_src":{"full":false,"thumbnail":false,"medium":false,"medium_large":false,"large":false,"1536x1536":false,"2048x2048":false,"featured-blog-large":false,"featured-blog-medium":false,"featured":false,"featured-blog-medium-small":false},"uagb_author_info":{"display_name":"Katze1241","author_link":"https:\/\/simpleco.info\/en\/author\/katze1241\/"},"uagb_comment_info":0,"uagb_excerpt":"Ich habe \u00fcber die letzten Jahre immer mehr \u00f6kologische Verhaltensweisen in mein Leben integriert und mich dabei immer wieder mit meinen Freunden ausgetauscht. Jeder hat verschiedene Methoden gefunden was man machen kann und so konnten wir unsere Tipps erg\u00e4nzen. Irgendwann","_links":{"self":[{"href":"https:\/\/simpleco.info\/en\/wp-json\/wp\/v2\/pages\/7","targetHints":{"allow":["GET"]}}],"collection":[{"href":"https:\/\/simpleco.info\/en\/wp-json\/wp\/v2\/pages"}],"about":[{"href":"https:\/\/simpleco.info\/en\/wp-json\/wp\/v2\/types\/page"}],"author":[{"embeddable":true,"href":"https:\/\/simpleco.info\/en\/wp-json\/wp\/v2\/users\/1"}],"replies":[{"embeddable":true,"href":"https:\/\/simpleco.info\/en\/wp-json\/wp\/v2\/comments?post=7"}],"version-history":[{"count":0,"href":"https:\/\/simpleco.info\/en\/wp-json\/wp\/v2\/pages\/7\/revisions"}],"wp:attachment":[{"href":"https:\/\/simpleco.info\/en\/wp-json\/wp\/v2\/media?parent=7"}],"curies":[{"name":"wp","href":"https:\/\/api.w.org\/{rel}","templated":true}]}}