{"id":9,"date":"2020-08-11T19:30:12","date_gmt":"2020-08-11T17:30:12","guid":{"rendered":"http:\/\/simpleco.info\/?page_id=9"},"modified":"2023-09-22T18:22:02","modified_gmt":"2023-09-22T16:22:02","slug":"kontaktformular","status":"publish","type":"page","link":"https:\/\/simpleco.info\/en\/kontaktformular\/","title":{"rendered":"Kontakt"},"content":{"rendered":"\n<h2 class=\"wp-block-heading\">Kontaktformular<\/h2>\n\n\n\n<p style=\"font-size:19px\">Du m\u00f6chtest Kontakt mit mir aufnehmen? Egal ob Frage, neuen Tipp oder Verbesserungsvorschlag. <br>Schreib mir gerne dein Anliegen durch folgendes Kontaktformular und ich werde schnellstm\u00f6glich Zeit nehmen dieses zu bearbeiten. <\/p>\n\n\n\n<div class=\"wp-block-columns is-layout-flex wp-container-core-columns-is-layout-2 wp-block-columns-is-layout-flex\">\n<div class=\"wp-block-column is-vertically-aligned-center is-layout-flow wp-block-column-is-layout-flow\" style=\"flex-basis:100%\">\n<div class=\"wp-block-columns alignwide are-vertically-aligned-center is-layout-flex wp-container-core-columns-is-layout-1 wp-block-columns-is-layout-flex\">\n<div class=\"wp-block-column is-vertically-aligned-center is-layout-flow wp-block-column-is-layout-flow\" style=\"flex-basis:66.66%\"><div class=\"wp-block-jetpack-contact-form\"><a href=\"https:\/\/simpleco.info\/en\/kontaktformular\/\" target=\"_blank\" rel=\"noopener noreferrer\">Submit a form.<\/a><\/div><\/div>\n<\/div>\n<\/div>\n<\/div>\n\n\n<div class=\"wp-block-image\">\n<figure class=\"alignleft size-large is-resized\"><img loading=\"lazy\" decoding=\"async\" src=\"http:\/\/simpleco.info\/wp-content\/uploads\/2023\/09\/markus-winkler-q3QPw37J6Xs-unsplash-scaled-e1695396722176-1024x846.jpg\" alt=\"\" class=\"wp-image-3144\" style=\"width:807px;height:667px\" width=\"807\" height=\"667\" srcset=\"https:\/\/simpleco.info\/wp-content\/uploads\/2023\/09\/markus-winkler-q3QPw37J6Xs-unsplash-scaled-e1695396722176-1024x846.jpg 1024w, https:\/\/simpleco.info\/wp-content\/uploads\/2023\/09\/markus-winkler-q3QPw37J6Xs-unsplash-scaled-e1695396722176-300x248.jpg 300w, https:\/\/simpleco.info\/wp-content\/uploads\/2023\/09\/markus-winkler-q3QPw37J6Xs-unsplash-scaled-e1695396722176-768x634.jpg 768w, https:\/\/simpleco.info\/wp-content\/uploads\/2023\/09\/markus-winkler-q3QPw37J6Xs-unsplash-scaled-e1695396722176-1536x1269.jpg 1536w, https:\/\/simpleco.info\/wp-content\/uploads\/2023\/09\/markus-winkler-q3QPw37J6Xs-unsplash-scaled-e1695396722176.jpg 1706w\" sizes=\"auto, (max-width: 807px) 100vw, 807px\" \/><\/figure><\/div>","protected":false},"excerpt":{"rendered":"<p>Kontaktformular Du m\u00f6chtest Kontakt mit mir aufnehmen? Egal ob Frage, neuen Tipp oder Verbesserungsvorschlag. Schreib mir gerne dein Anliegen durch folgendes Kontaktformular und ich werde schnellstm\u00f6glich Zeit nehmen dieses zu bearbeiten.<\/p>\n","protected":false},"author":1,"featured_media":0,"parent":0,"menu_order":0,"comment_status":"closed","ping_status":"closed","template":"page-templates\/contact.php","meta":{"_uag_custom_page_level_css":"","jetpack_post_was_ever_published":false,"footnotes":""},"class_list":["post-9","page","type-page","status-publish","hentry"],"yoast_head":"<!-- This site is optimized with the Yoast SEO plugin v21.4 - https:\/\/yoast.com\/wordpress\/plugins\/seo\/ -->\n<title>Kontaktformular f\u00fcr Fragen, Vorschl\u00e4ge und Sonstiges - Simpleco<\/title>\n<meta name=\"description\" content=\"Kontaktformular f\u00fcr Fragen, Verbesserungsvorschl\u00e4ge oder Sonstiges. Kontaktiere uns bzgl. deines Anliegens, wir melden uns schnellstm\u00f6gst.\" \/>\n<meta name=\"robots\" content=\"index, follow, max-snippet:-1, max-image-preview:large, max-video-preview:-1\" \/>\n<link rel=\"canonical\" href=\"https:\/\/simpleco.info\/kontaktformular\/\" \/>\n<meta property=\"og:locale\" content=\"en_US\" \/>\n<meta property=\"og:type\" content=\"article\" \/>\n<meta property=\"og:title\" content=\"Kontaktformular f\u00fcr Fragen, Vorschl\u00e4ge und Sonstiges - Simpleco\" \/>\n<meta property=\"og:description\" content=\"Kontaktformular f\u00fcr Fragen, Verbesserungsvorschl\u00e4ge oder Sonstiges. Kontaktiere uns bzgl. deines Anliegens, wir melden uns schnellstm\u00f6gst.\" \/>\n<meta property=\"og:url\" content=\"https:\/\/simpleco.info\/kontaktformular\/\" \/>\n<meta property=\"og:site_name\" content=\"Simpleco\" \/>\n<meta property=\"article:modified_time\" content=\"2023-09-22T16:22:02+00:00\" \/>\n<meta property=\"og:image\" content=\"http:\/\/simpleco.info\/wp-content\/uploads\/2023\/09\/markus-winkler-q3QPw37J6Xs-unsplash-scaled-e1695396722176-1024x846.jpg\" \/>\n<meta name=\"twitter:card\" content=\"summary_large_image\" \/>\n<meta name=\"twitter:label1\" content=\"Est. reading time\" \/>\n\t<meta name=\"twitter:data1\" content=\"1 minute\" \/>\n<script type=\"application\/ld+json\" class=\"yoast-schema-graph\">{\"@context\":\"https:\/\/schema.org\",\"@graph\":[{\"@type\":\"WebPage\",\"@id\":\"https:\/\/simpleco.info\/kontaktformular\/\",\"url\":\"https:\/\/simpleco.info\/kontaktformular\/\",\"name\":\"Kontaktformular f\u00fcr Fragen, Vorschl\u00e4ge und Sonstiges - Simpleco\",\"isPartOf\":{\"@id\":\"https:\/\/simpleco.info\/#website\"},\"datePublished\":\"2020-08-11T17:30:12+00:00\",\"dateModified\":\"2023-09-22T16:22:02+00:00\",\"description\":\"Kontaktformular f\u00fcr Fragen, Verbesserungsvorschl\u00e4ge oder Sonstiges. Kontaktiere uns bzgl. deines Anliegens, wir melden uns schnellstm\u00f6gst.\",\"breadcrumb\":{\"@id\":\"https:\/\/simpleco.info\/kontaktformular\/#breadcrumb\"},\"inLanguage\":\"en-US\",\"potentialAction\":[{\"@type\":\"ReadAction\",\"target\":[\"https:\/\/simpleco.info\/kontaktformular\/\"]}]},{\"@type\":\"BreadcrumbList\",\"@id\":\"https:\/\/simpleco.info\/kontaktformular\/#breadcrumb\",\"itemListElement\":[{\"@type\":\"ListItem\",\"position\":1,\"name\":\"Startseite\",\"item\":\"https:\/\/simpleco.info\/\"},{\"@type\":\"ListItem\",\"position\":2,\"name\":\"Kontakt\"}]},{\"@type\":\"WebSite\",\"@id\":\"https:\/\/simpleco.info\/#website\",\"url\":\"https:\/\/simpleco.info\/\",\"name\":\"Simpleco\",\"description\":\"Be the change you want to see in the world\",\"publisher\":{\"@id\":\"https:\/\/simpleco.info\/#organization\"},\"potentialAction\":[{\"@type\":\"SearchAction\",\"target\":{\"@type\":\"EntryPoint\",\"urlTemplate\":\"https:\/\/simpleco.info\/?s={search_term_string}\"},\"query-input\":\"required name=search_term_string\"}],\"inLanguage\":\"en-US\"},{\"@type\":\"Organization\",\"@id\":\"https:\/\/simpleco.info\/#organization\",\"name\":\"Simpleco\",\"url\":\"https:\/\/simpleco.info\/\",\"logo\":{\"@type\":\"ImageObject\",\"inLanguage\":\"en-US\",\"@id\":\"https:\/\/simpleco.info\/#\/schema\/logo\/image\/\",\"url\":\"https:\/\/simpleco.info\/wp-content\/uploads\/2023\/09\/cropped-Screenshot-2023-09-30-112546.png\",\"contentUrl\":\"https:\/\/simpleco.info\/wp-content\/uploads\/2023\/09\/cropped-Screenshot-2023-09-30-112546.png\",\"width\":89,\"height\":87,\"caption\":\"Simpleco\"},\"image\":{\"@id\":\"https:\/\/simpleco.info\/#\/schema\/logo\/image\/\"}}]}<\/script>\n<!-- \/ Yoast SEO plugin. -->","yoast_head_json":{"title":"Kontaktformular f\u00fcr Fragen, Vorschl\u00e4ge und Sonstiges - Simpleco","description":"Kontaktformular f\u00fcr Fragen, Verbesserungsvorschl\u00e4ge oder Sonstiges. Kontaktiere uns bzgl. deines Anliegens, wir melden uns schnellstm\u00f6gst.","robots":{"index":"index","follow":"follow","max-snippet":"max-snippet:-1","max-image-preview":"max-image-preview:large","max-video-preview":"max-video-preview:-1"},"canonical":"https:\/\/simpleco.info\/kontaktformular\/","og_locale":"en_US","og_type":"article","og_title":"Kontaktformular f\u00fcr Fragen, Vorschl\u00e4ge und Sonstiges - Simpleco","og_description":"Kontaktformular f\u00fcr Fragen, Verbesserungsvorschl\u00e4ge oder Sonstiges. Kontaktiere uns bzgl. deines Anliegens, wir melden uns schnellstm\u00f6gst.","og_url":"https:\/\/simpleco.info\/kontaktformular\/","og_site_name":"Simpleco","article_modified_time":"2023-09-22T16:22:02+00:00","og_image":[{"url":"http:\/\/simpleco.info\/wp-content\/uploads\/2023\/09\/markus-winkler-q3QPw37J6Xs-unsplash-scaled-e1695396722176-1024x846.jpg"}],"twitter_card":"summary_large_image","twitter_misc":{"Est. reading time":"1 minute"},"schema":{"@context":"https:\/\/schema.org","@graph":[{"@type":"WebPage","@id":"https:\/\/simpleco.info\/kontaktformular\/","url":"https:\/\/simpleco.info\/kontaktformular\/","name":"Kontaktformular f\u00fcr Fragen, Vorschl\u00e4ge und Sonstiges - Simpleco","isPartOf":{"@id":"https:\/\/simpleco.info\/#website"},"datePublished":"2020-08-11T17:30:12+00:00","dateModified":"2023-09-22T16:22:02+00:00","description":"Kontaktformular f\u00fcr Fragen, Verbesserungsvorschl\u00e4ge oder Sonstiges. Kontaktiere uns bzgl. deines Anliegens, wir melden uns schnellstm\u00f6gst.","breadcrumb":{"@id":"https:\/\/simpleco.info\/kontaktformular\/#breadcrumb"},"inLanguage":"en-US","potentialAction":[{"@type":"ReadAction","target":["https:\/\/simpleco.info\/kontaktformular\/"]}]},{"@type":"BreadcrumbList","@id":"https:\/\/simpleco.info\/kontaktformular\/#breadcrumb","itemListElement":[{"@type":"ListItem","position":1,"name":"Startseite","item":"https:\/\/simpleco.info\/"},{"@type":"ListItem","position":2,"name":"Kontakt"}]},{"@type":"WebSite","@id":"https:\/\/simpleco.info\/#website","url":"https:\/\/simpleco.info\/","name":"Simpleco","description":"Be the change you want to see in the world","publisher":{"@id":"https:\/\/simpleco.info\/#organization"},"potentialAction":[{"@type":"SearchAction","target":{"@type":"EntryPoint","urlTemplate":"https:\/\/simpleco.info\/?s={search_term_string}"},"query-input":"required name=search_term_string"}],"inLanguage":"en-US"},{"@type":"Organization","@id":"https:\/\/simpleco.info\/#organization","name":"Simpleco","url":"https:\/\/simpleco.info\/","logo":{"@type":"ImageObject","inLanguage":"en-US","@id":"https:\/\/simpleco.info\/#\/schema\/logo\/image\/","url":"https:\/\/simpleco.info\/wp-content\/uploads\/2023\/09\/cropped-Screenshot-2023-09-30-112546.png","contentUrl":"https:\/\/simpleco.info\/wp-content\/uploads\/2023\/09\/cropped-Screenshot-2023-09-30-112546.png","width":89,"height":87,"caption":"Simpleco"},"image":{"@id":"https:\/\/simpleco.info\/#\/schema\/logo\/image\/"}}]}},"jetpack_sharing_enabled":true,"uagb_featured_image_src":{"full":false,"thumbnail":false,"medium":false,"medium_large":false,"large":false,"1536x1536":false,"2048x2048":false,"featured-blog-large":false,"featured-blog-medium":false,"featured":false,"featured-blog-medium-small":false},"uagb_author_info":{"display_name":"Katze1241","author_link":"https:\/\/simpleco.info\/en\/author\/katze1241\/"},"uagb_comment_info":0,"uagb_excerpt":"Kontaktformular Du m\u00f6chtest Kontakt mit mir aufnehmen? Egal ob Frage, neuen Tipp oder Verbesserungsvorschlag. Schreib mir gerne dein Anliegen durch folgendes Kontaktformular und ich werde schnellstm\u00f6glich Zeit nehmen dieses zu bearbeiten.","_links":{"self":[{"href":"https:\/\/simpleco.info\/en\/wp-json\/wp\/v2\/pages\/9","targetHints":{"allow":["GET"]}}],"collection":[{"href":"https:\/\/simpleco.info\/en\/wp-json\/wp\/v2\/pages"}],"about":[{"href":"https:\/\/simpleco.info\/en\/wp-json\/wp\/v2\/types\/page"}],"author":[{"embeddable":true,"href":"https:\/\/simpleco.info\/en\/wp-json\/wp\/v2\/users\/1"}],"replies":[{"embeddable":true,"href":"https:\/\/simpleco.info\/en\/wp-json\/wp\/v2\/comments?post=9"}],"version-history":[{"count":0,"href":"https:\/\/simpleco.info\/en\/wp-json\/wp\/v2\/pages\/9\/revisions"}],"wp:attachment":[{"href":"https:\/\/simpleco.info\/en\/wp-json\/wp\/v2\/media?parent=9"}],"curies":[{"name":"wp","href":"https:\/\/api.w.org\/{rel}","templated":true}]}}