{"id":98,"date":"2020-08-15T13:58:43","date_gmt":"2020-08-15T11:58:43","guid":{"rendered":"http:\/\/simpleco.info\/?page_id=98"},"modified":"2023-12-04T10:42:23","modified_gmt":"2023-12-04T09:42:23","slug":"nachhaltig-einrichten","status":"publish","type":"page","link":"https:\/\/simpleco.info\/en\/nachhaltig-einrichten\/","title":{"rendered":"Einrichtung"},"content":{"rendered":"\n<h4 class=\"wp-block-heading\">\u00d6kologisch und nachhaltig R\u00e4ume einrichten und gestalten.<\/h4>\n\n\n\n<p>\u00d6kologisch und nachhaltig einrichten bedeutet nicht, dass man ab jetzt minimalistisch Leben muss. Oder nur noch die Dinge nutzen darf, die man bereits hat. Der Mensch braucht Ver\u00e4nderung. Es ist nur nat\u00fcrlich, dass man hin und wieder das Bed\u00fcrfnis hat etwas zu ver\u00e4ndern und neu zu gestalten. Oder sich etwas neues zu g\u00f6nnen was einem Freude bereitet.<\/p>\n\n\n\n<p>\u00d6kologisch zu Leben bedeuted  nicht, dass man darauf verzichten muss! Es geht vielmehr darum, dass man es mit Bewusstsein macht. Es gibt Gr\u00fcnde wieso viele M\u00f6bel oder auch andere Produkte so g\u00fcnstig angeboten werden. <\/p>\n\n\n\n<p>Where we are saving on price, others pay the price! Giant areas of land are being removed, and exploited. What remains are giant amounts of organic waste. The working conditions are inhumane and even child labor is carried out. Chemicals in clothes and food and carbon emissions for transportation and machinery.<\/p>\n\n\n\n<p>This can be easy reduced up to avoided!<\/p>\n\n\n\n<p>Design your home with a good feeling. From second-hand furniture, whether new or used, vintage style, recycling and redesigning, sustainable furniture or simple decoration with plants or DIY products and upcycling. There are no limits.<\/p>\n\n\n\n<div class=\"wp-block-media-text alignwide is-stacked-on-mobile\" style=\"grid-template-columns:48% auto\"><figure class=\"wp-block-media-text__media\"><img decoding=\"async\" src=\"http:\/\/simpleco.info\/wp-content\/uploads\/2020\/09\/taylor-simpson-GxDo5JXcErw-unsplash-1024x820.jpg\" alt=\"\u00d6kologisch Wohnen, Holztisch und Pflanze\" class=\"wp-image-463 size-full\"\/><\/figure><div class=\"wp-block-media-text__content\">\n<h2 class=\"wp-block-heading\">Buy sustainable, fair and environmentally friendly<\/h2>\n\n\n\n<p>Nowadays there are more (online-) shops than ever that offer furniture made from <strong>sustainable resources<\/strong>, including <strong>sustainable production<\/strong>. Most of them even specialize in being sustainable. <\/p>\n\n\n\n<p>See if you can find such shops in your area or use online shops.<\/p>\n\n\n\n<p>For example, on <a href=\"https:\/\/www.avocadostore.de\/\" target=\"_blank\" rel=\"noreferrer noopener\">Avocadostore <\/a>you can find up to 200.000 sustainable products from Germany. Resource-saving, organic farming, fair &#038; social, CO2-saving recycled &#038; recycleable, pollution-reduced and much more. If you\u00b4re having trouble to find such shops, have a look in this article <a href=\"https:\/\/utopia.de\/bestenlisten\/onlineshops\/\" target=\"_blank\" rel=\"noreferrer noopener\">here<\/a>.<\/p>\n<\/div><\/div>\n\n\n\n<div class=\"wp-block-media-text alignwide has-media-on-the-right is-stacked-on-mobile\" style=\"grid-template-columns:auto 41%\"><figure class=\"wp-block-media-text__media\"><img loading=\"lazy\" decoding=\"async\" width=\"683\" height=\"1024\" src=\"http:\/\/simpleco.info\/wp-content\/uploads\/2020\/08\/pexels-pixabay-247931-683x1024.jpg\" alt=\"Gebrauchte M\u00f6bel Vintage\" class=\"wp-image-437 size-full\" srcset=\"https:\/\/simpleco.info\/wp-content\/uploads\/2020\/08\/pexels-pixabay-247931-683x1024.jpg 683w, https:\/\/simpleco.info\/wp-content\/uploads\/2020\/08\/pexels-pixabay-247931-200x300.jpg 200w, https:\/\/simpleco.info\/wp-content\/uploads\/2020\/08\/pexels-pixabay-247931-768x1152.jpg 768w, https:\/\/simpleco.info\/wp-content\/uploads\/2020\/08\/pexels-pixabay-247931-1024x1536.jpg 1024w, https:\/\/simpleco.info\/wp-content\/uploads\/2020\/08\/pexels-pixabay-247931-1365x2048.jpg 1365w, https:\/\/simpleco.info\/wp-content\/uploads\/2020\/08\/pexels-pixabay-247931-scaled.jpg 1707w\" sizes=\"auto, (max-width: 683px) 100vw, 683px\" \/><\/figure><div class=\"wp-block-media-text__content\">\n<h2 class=\"wp-block-heading\">Vintage<\/h2>\n\n\n\n<p>Kaufe deine M\u00f6bel gebraucht. Mit gebraucht assoziieren viele Menschen alt und kaputt. Dass muss es aber nicht hei\u00dfen. Viele Menschen verkaufen M\u00f6bel auch noch <strong>neu oder nur kurz genutzt<\/strong>, weil sie kurz nach der Anschaffung umziehen und es stilistisch nicht in die neue Wohnung passt. Oder zwei Haushalte kommen zusammen, wodurch vieles doppelt vorhanden ist. Manche Menschen behandeln ihre M\u00f6bel so gut, dass auch nach Jahren noch kein Kratzer darauf ist. Wieder andere wechseln ihre Sachen wie Unterw\u00e4sche. Es gibt viele Gr\u00fcnde. <\/p>\n\n\n\n<p>Gib den M\u00f6beln eine Chance ein zuhause zu finden, wo sie gewertsch\u00e4tzt werden. Schau dich auf <a href=\"http:\/\/www.ebaykleinanzeigen.de\" target=\"_blank\" rel=\"noreferrer noopener\">ebayKleinanzeigen <\/a>um und finde sch\u00f6ne Sch\u00e4tze in deiner N\u00e4he f\u00fcr einen guten Preis. <\/p>\n\n\n\n<p>Genauso auch umgekehrt: <strong>Verkaufe deine M\u00f6bel<\/strong>, wenn du sie ersetzt oder nicht mehr brauchst. Es gibt bestimmt jemanden da drau\u00dfen, der genau das sucht.<strong> <\/strong>Bevor du etwas weg schmei\u00dft kannst du es genauso auch zum <strong>verschenken <\/strong>anbieten.<\/p>\n<\/div><\/div>\n\n\n\n<div class=\"wp-block-media-text alignwide is-stacked-on-mobile\" style=\"grid-template-columns:46% auto\"><figure class=\"wp-block-media-text__media\"><img decoding=\"async\" src=\"http:\/\/simpleco.info\/wp-content\/uploads\/2020\/08\/pexels-daria-shevtsova-930004-scaled-e1598893484896-794x1024.jpg\" alt=\"\u00d6kologisch Wohnen mit Pflanzen\" class=\"wp-image-450 size-full\"\/><\/figure><div class=\"wp-block-media-text__content\">\n<h2 class=\"wp-block-heading\">Flower power<\/h2>\n\n\n\n<p>Gestalte deine Wohnung gr\u00fcn. Nicht nur im \u00fcbertragenen Sinne. <\/p>\n\n\n\n<p>Besorge dir B\u00e4umchen, Blumen, Kr\u00e4uter, was auch immer dir gef\u00e4llt, f\u00fcr deine Wohnung. Pflanzen sind nicht nur wundersch\u00f6ne <strong>Dekost\u00fccke <\/strong>sondern tragen auch zu einem gr\u00f6\u00dferem <strong>Wohlbefinden <\/strong>und <strong>Gesundheit <\/strong>bei.<\/p>\n\n\n\n<p>Forscher konnten zeigen, dass Zimmerpflanzen die Stimmung heben, das <strong>Raumklima verbessern <\/strong>und <strong>Schadstoffe <\/strong>aus der Luft <strong>filtern<\/strong>.<\/p>\n\n\n\n<p>Wenn du die M\u00f6glichkeit hast, dann Pflanze vielleicht ein paar <strong>Kr\u00e4uter <\/strong>oder sogar <strong>Gem\u00fcse und Obst<\/strong> an. Tomatenpflanzen sind sehr beliebt und k\u00f6nnen einfach auf einem Balkon gehalten werden. Damit sparst du dir sogar den st\u00e4ndigen Neukauf + das weg schmei\u00dfen der Verpackungen von Kr\u00e4utern und Gem\u00fcse. <\/p>\n\n\n\n<p><span style=\"text-decoration: underline;\">Wichtig:<\/span> <strong>Verzichte <\/strong>bei Pflanzen und Erde <strong>auf Torf.<\/strong> Torf ist unglaublich <strong>sch\u00e4dlich <\/strong>f\u00fcr die Umwelt, siehe n\u00e4chsten Beitrag.<\/p>\n<\/div><\/div>\n\n\n\n<div class=\"wp-block-media-text alignwide has-media-on-the-right is-stacked-on-mobile\" style=\"grid-template-columns:auto 39%\"><figure class=\"wp-block-media-text__media\"><img loading=\"lazy\" decoding=\"async\" width=\"761\" height=\"1024\" src=\"http:\/\/simpleco.info\/wp-content\/uploads\/2021\/02\/pexels-ketut-subiyanto-4132363-scaled-e1613578708114-761x1024.jpg\" alt=\"\" class=\"wp-image-1562 size-full\" srcset=\"https:\/\/simpleco.info\/wp-content\/uploads\/2021\/02\/pexels-ketut-subiyanto-4132363-scaled-e1613578708114-761x1024.jpg 761w, https:\/\/simpleco.info\/wp-content\/uploads\/2021\/02\/pexels-ketut-subiyanto-4132363-scaled-e1613578708114-223x300.jpg 223w, https:\/\/simpleco.info\/wp-content\/uploads\/2021\/02\/pexels-ketut-subiyanto-4132363-scaled-e1613578708114-768x1033.jpg 768w, https:\/\/simpleco.info\/wp-content\/uploads\/2021\/02\/pexels-ketut-subiyanto-4132363-scaled-e1613578708114-1141x1536.jpg 1141w, https:\/\/simpleco.info\/wp-content\/uploads\/2021\/02\/pexels-ketut-subiyanto-4132363-scaled-e1613578708114-1522x2048.jpg 1522w, https:\/\/simpleco.info\/wp-content\/uploads\/2021\/02\/pexels-ketut-subiyanto-4132363-scaled-e1613578708114.jpg 1707w\" sizes=\"auto, (max-width: 761px) 100vw, 761px\" \/><\/figure><div class=\"wp-block-media-text__content\">\n<p class=\"has-large-font-size\">Avoid peat in plants and soil<\/p>\n\n\n\n<p>Peat is incredibly <strong>harmful <\/strong>to the environment. For the extraction of peat, bogs are destroyed, many animals loose their <strong>habitat <\/strong>and huge amounts of <strong>C02 <\/strong>are released into the air. Moors store a <strong>good third of the world&#8217;s carbon stocks<\/strong> and thus <strong>twice as much as all forests on earth<\/strong> combined. After destruction, the peat layer only <strong>grows <\/strong>by an average of <strong>one millimeter per year<\/strong>. That takes 1000 years until the layer is one meter thick.<\/p>\n\n\n\n<p>So far, <strong>60% of all moors<\/strong> that once existed in Europe have been <strong>destroyed<\/strong>.<\/p>\n\n\n\n<p>Don&#8217;t support this! Ask at the <strong>hardware store <\/strong>about <strong>plants and potting soil without peat<\/strong>. Above all, <strong>avoid <\/strong>plants from the <strong>supermarket<\/strong>, because they have a <strong>particularly high proportion of peat<\/strong>.<\/p>\n\n\n\n<p>If possible: Get soil from the garden or the great outdoors if you only need small amounts.<\/p>\n<\/div><\/div>\n\n\n\n<div class=\"wp-block-media-text alignwide is-stacked-on-mobile\"><figure class=\"wp-block-media-text__media\"><img loading=\"lazy\" decoding=\"async\" width=\"774\" height=\"1024\" src=\"http:\/\/simpleco.info\/wp-content\/uploads\/2021\/02\/noelle-australia-6ElnH17iD-8-unsplash-scaled-e1613578547156-774x1024.jpg\" alt=\"\" class=\"wp-image-1559 size-full\" srcset=\"https:\/\/simpleco.info\/wp-content\/uploads\/2021\/02\/noelle-australia-6ElnH17iD-8-unsplash-scaled-e1613578547156-774x1024.jpg 774w, https:\/\/simpleco.info\/wp-content\/uploads\/2021\/02\/noelle-australia-6ElnH17iD-8-unsplash-scaled-e1613578547156-227x300.jpg 227w, https:\/\/simpleco.info\/wp-content\/uploads\/2021\/02\/noelle-australia-6ElnH17iD-8-unsplash-scaled-e1613578547156-768x1016.jpg 768w, https:\/\/simpleco.info\/wp-content\/uploads\/2021\/02\/noelle-australia-6ElnH17iD-8-unsplash-scaled-e1613578547156-1161x1536.jpg 1161w, https:\/\/simpleco.info\/wp-content\/uploads\/2021\/02\/noelle-australia-6ElnH17iD-8-unsplash-scaled-e1613578547156-1548x2048.jpg 1548w, https:\/\/simpleco.info\/wp-content\/uploads\/2021\/02\/noelle-australia-6ElnH17iD-8-unsplash-scaled-e1613578547156.jpg 1707w\" sizes=\"auto, (max-width: 774px) 100vw, 774px\" \/><\/figure><div class=\"wp-block-media-text__content\">\n<h2 class=\"wp-block-heading\">Reduce or change your candles<\/h2>\n\n\n\n<p> You have to look carefully where it says \u201corganic candle\u201d. There are two types of candles that you should avoid: petroleum candles and palm oil candles. Both harm the environment. <\/p>\n\n\n\n<p>Most standard candles are made of <strong><span style=\"text-decoration: underline;\">paraffin<\/span><\/strong>. Paraffin is a by-product from petroleum refineries. We are all too familiar with the consequences of global <strong>oil extraction<\/strong> and<strong> oil disaster<\/strong>s. Also, burning crude oil releases <strong>CO2<\/strong>. <\/p>\n\n\n\n<p>In health food stores you can often find candles made from &#8220;100% vegetable stearin&#8221;. <span style=\"text-decoration: underline;\"><strong>Stearin <\/strong><\/span>is primarily obtained from coconut and <strong><span style=\"text-decoration: underline;\">palm oil<\/span><\/strong> and, as a renewable raw material, is therefore called &#8220;climate neutral&#8221; in contrast to petroleum. The problem with it is the (mostly illegal) <strong>clearing <\/strong>of<strong> huge areas of tropical rainforest<\/strong> in order to create <strong>palm oil plantations<\/strong>. This <strong>threatens thousands of animal species<\/strong> and releases vast amounts of <strong>CO2<\/strong>. <\/p>\n\n\n\n<p>An environmentally friendly alternative are candles made from <strong>renewable <span style=\"text-decoration: underline;\">biomass<\/span><\/strong>. Only fats and oils from renewable raw materials, which are left over from the food industry, are used for their production. The recycled candle wax burns odorless and is the cheaper alternative for sustainable candles. <\/p>\n\n\n\n<p>Other raw materials from which more sustainable organic candles are made are <strong><span style=\"text-decoration: underline;\">beeswax<\/span>, <span style=\"text-decoration: underline;\">soy wax<\/span><\/strong><span style=\"text-decoration: underline;\"> <\/span>and <strong><span style=\"text-decoration: underline;\">rapeseed<\/span><\/strong>.<\/p>\n<\/div><\/div>\n\n\n\n<div class=\"wp-block-media-text alignwide is-stacked-on-mobile\"><figure class=\"wp-block-media-text__media\"><img loading=\"lazy\" decoding=\"async\" width=\"1024\" height=\"684\" src=\"http:\/\/simpleco.info\/wp-content\/uploads\/2020\/08\/julietta-watson-aBZVCZnd2_Q-unsplash-1024x684.jpg\" alt=\"Pflanzen in DIY Blument\u00f6pfe aus Dosen\" class=\"wp-image-452 size-full\" srcset=\"https:\/\/simpleco.info\/wp-content\/uploads\/2020\/08\/julietta-watson-aBZVCZnd2_Q-unsplash-1024x684.jpg 1024w, https:\/\/simpleco.info\/wp-content\/uploads\/2020\/08\/julietta-watson-aBZVCZnd2_Q-unsplash-300x200.jpg 300w, https:\/\/simpleco.info\/wp-content\/uploads\/2020\/08\/julietta-watson-aBZVCZnd2_Q-unsplash-768x513.jpg 768w, https:\/\/simpleco.info\/wp-content\/uploads\/2020\/08\/julietta-watson-aBZVCZnd2_Q-unsplash-1536x1025.jpg 1536w, https:\/\/simpleco.info\/wp-content\/uploads\/2020\/08\/julietta-watson-aBZVCZnd2_Q-unsplash-2048x1367.jpg 2048w\" sizes=\"auto, (max-width: 1024px) 100vw, 1024px\" \/><\/figure><div class=\"wp-block-media-text__content\">\n<h2 class=\"wp-block-heading\">Upcycle<\/h2>\n\n\n\n<p>Aus alt mach neu! Hier werden alte Gegenst\u00e4nde, Kleidung oder sogar &#8220;M\u00fcll&#8221; genutzt um darauf neue, eigene, einzigartige St\u00fccke zu erschaffen. <\/p>\n\n\n\n<p>Hierzu gibt es unz\u00e4hlige Webseiten welche Ideen inklusive Anleitungen zeigen. So zum Beispiel wie man aus alten Jeans eine moderne Tasche, aus Flaschen sch\u00f6ne Vasen oder aus allt\u00e4glichen Gegenst\u00e4nden stylische Lampen macht. <\/p>\n\n\n\n<p><a href=\"https:\/\/www.handmadekultur.de\/\" target=\"_blank\" rel=\"noreferrer noopener\">Schau einfach mal rein <\/a><\/p>\n<\/div><\/div>\n\n\n\n<hr class=\"wp-block-separator is-style-wide\"\/>\n\n\n\n<div class=\"wp-block-media-text alignwide is-stacked-on-mobile\" style=\"grid-template-columns:23% auto\"><figure class=\"wp-block-media-text__media\"><img loading=\"lazy\" decoding=\"async\" width=\"807\" height=\"817\" src=\"http:\/\/simpleco.info\/wp-content\/uploads\/2020\/09\/kerbholz.jpg\" alt=\"Kerbholz Uhr Nachhaltig und Fair\" class=\"wp-image-480 size-full\" srcset=\"https:\/\/simpleco.info\/wp-content\/uploads\/2020\/09\/kerbholz.jpg 807w, https:\/\/simpleco.info\/wp-content\/uploads\/2020\/09\/kerbholz-296x300.jpg 296w, https:\/\/simpleco.info\/wp-content\/uploads\/2020\/09\/kerbholz-768x778.jpg 768w\" sizes=\"auto, (max-width: 807px) 100vw, 807px\" \/><\/figure><div class=\"wp-block-media-text__content\">\n<h2 class=\"wp-block-heading\">Kerbholz<\/h2>\n\n\n\n<p>Nachhaltige Produkte wie Uhren, Schmuck, Lampen oder Bluetoothboxen von Kerbholz. <\/p>\n\n\n\n<p>Es wird mit Bio-Kunststoff auf Basis nat\u00fcrlicher Cellulose gearbeitet. Das Holz stammt zu gro\u00dfen Teilen aus zertifizierter Forstwirtschaft und auch das Metall passt zu deren Nachhaltigkeitsphilosophie. Hier erh\u00e4lst du stabile und langhaltende Produkte.<\/p>\n\n\n\n<p>Zus\u00e4tzlich wird f\u00fcr jedes gekaufte Produkt 1\u20ac f\u00fcr ein Projekt gespendet, wobei der Kunde w\u00e4hlen darf zwischen: One Ocean, Bienenretten oder einen Baum Pflanzen. <\/p>\n\n\n\n<p><a href=\"https:\/\/kerbholz.com\" target=\"_blank\" rel=\"noreferrer noopener\">Jetzt anschauen<\/a><\/p>\n<\/div><\/div>\n","protected":false},"excerpt":{"rendered":"<p>\u00d6kologisch und nachhaltig R\u00e4ume einrichten und gestalten. \u00d6kologisch und nachhaltig einrichten bedeutet nicht, dass man ab jetzt minimalistisch Leben muss. Oder nur noch die Dinge nutzen darf, die man bereits hat. Der Mensch braucht Ver\u00e4nderung. Es ist nur nat\u00fcrlich, dass<\/p>\n","protected":false},"author":1,"featured_media":0,"parent":0,"menu_order":0,"comment_status":"closed","ping_status":"closed","template":"","meta":{"_uag_custom_page_level_css":"","jetpack_post_was_ever_published":false,"footnotes":""},"class_list":["post-98","page","type-page","status-publish","hentry"],"yoast_head":"<!-- This site is optimized with the Yoast SEO plugin v21.4 - https:\/\/yoast.com\/wordpress\/plugins\/seo\/ -->\n<title>Einrichtung - Simpleco Nachhaltig Einrichten<\/title>\n<meta name=\"description\" content=\"\u00d6kologisch und nachhaltig R\u00e4ume gestalten, einrichten und sich wohlf\u00fchlen. Mit Diy, Upcycle, \u00d6kologischen Stores und nat\u00fcrlich Pflanzen!\" \/>\n<meta name=\"robots\" content=\"index, follow, max-snippet:-1, max-image-preview:large, max-video-preview:-1\" \/>\n<link rel=\"canonical\" href=\"https:\/\/simpleco.info\/nachhaltig-einrichten\/\" \/>\n<meta property=\"og:locale\" content=\"en_US\" \/>\n<meta property=\"og:type\" content=\"article\" \/>\n<meta property=\"og:title\" content=\"Einrichtung\" \/>\n<meta property=\"og:description\" content=\"\u00d6kologisch und nachhaltig R\u00e4ume gestalten, einrichten und sich wohlf\u00fchlen. Mit Diy, Upcycle, \u00d6kologischen Stores und nat\u00fcrlich Pflanzen!\" \/>\n<meta property=\"og:url\" content=\"https:\/\/simpleco.info\/nachhaltig-einrichten\/\" \/>\n<meta property=\"og:site_name\" content=\"Simpleco\" \/>\n<meta property=\"article:modified_time\" content=\"2023-12-04T09:42:23+00:00\" \/>\n<meta property=\"og:image\" content=\"http:\/\/simpleco.info\/wp-content\/uploads\/2020\/09\/taylor-simpson-GxDo5JXcErw-unsplash-1024x820.jpg\" \/>\n<meta name=\"twitter:card\" content=\"summary_large_image\" \/>\n<meta name=\"twitter:label1\" content=\"Est. reading time\" \/>\n\t<meta name=\"twitter:data1\" content=\"8 minutes\" \/>\n<script type=\"application\/ld+json\" class=\"yoast-schema-graph\">{\"@context\":\"https:\/\/schema.org\",\"@graph\":[{\"@type\":\"WebPage\",\"@id\":\"https:\/\/simpleco.info\/nachhaltig-einrichten\/\",\"url\":\"https:\/\/simpleco.info\/nachhaltig-einrichten\/\",\"name\":\"[:de]Einrichtung[:] - Simpleco Nachhaltig Einrichten\",\"isPartOf\":{\"@id\":\"https:\/\/simpleco.info\/#website\"},\"datePublished\":\"2020-08-15T11:58:43+00:00\",\"dateModified\":\"2023-12-04T09:42:23+00:00\",\"description\":\"\u00d6kologisch und nachhaltig R\u00e4ume gestalten, einrichten und sich wohlf\u00fchlen. Mit Diy, Upcycle, \u00d6kologischen Stores und nat\u00fcrlich Pflanzen!\",\"breadcrumb\":{\"@id\":\"https:\/\/simpleco.info\/nachhaltig-einrichten\/#breadcrumb\"},\"inLanguage\":\"en-US\",\"potentialAction\":[{\"@type\":\"ReadAction\",\"target\":[\"https:\/\/simpleco.info\/nachhaltig-einrichten\/\"]}]},{\"@type\":\"BreadcrumbList\",\"@id\":\"https:\/\/simpleco.info\/nachhaltig-einrichten\/#breadcrumb\",\"itemListElement\":[{\"@type\":\"ListItem\",\"position\":1,\"name\":\"Startseite\",\"item\":\"https:\/\/simpleco.info\/\"},{\"@type\":\"ListItem\",\"position\":2,\"name\":\"Einrichtung\"}]},{\"@type\":\"WebSite\",\"@id\":\"https:\/\/simpleco.info\/#website\",\"url\":\"https:\/\/simpleco.info\/\",\"name\":\"Simpleco\",\"description\":\"Be the change you want to see in the world\",\"publisher\":{\"@id\":\"https:\/\/simpleco.info\/#organization\"},\"potentialAction\":[{\"@type\":\"SearchAction\",\"target\":{\"@type\":\"EntryPoint\",\"urlTemplate\":\"https:\/\/simpleco.info\/?s={search_term_string}\"},\"query-input\":\"required name=search_term_string\"}],\"inLanguage\":\"en-US\"},{\"@type\":\"Organization\",\"@id\":\"https:\/\/simpleco.info\/#organization\",\"name\":\"Simpleco\",\"url\":\"https:\/\/simpleco.info\/\",\"logo\":{\"@type\":\"ImageObject\",\"inLanguage\":\"en-US\",\"@id\":\"https:\/\/simpleco.info\/#\/schema\/logo\/image\/\",\"url\":\"https:\/\/simpleco.info\/wp-content\/uploads\/2023\/09\/cropped-Screenshot-2023-09-30-112546.png\",\"contentUrl\":\"https:\/\/simpleco.info\/wp-content\/uploads\/2023\/09\/cropped-Screenshot-2023-09-30-112546.png\",\"width\":89,\"height\":87,\"caption\":\"Simpleco\"},\"image\":{\"@id\":\"https:\/\/simpleco.info\/#\/schema\/logo\/image\/\"}}]}<\/script>\n<!-- \/ Yoast SEO plugin. -->","yoast_head_json":{"title":"Einrichtung - Simpleco Nachhaltig Einrichten","description":"\u00d6kologisch und nachhaltig R\u00e4ume gestalten, einrichten und sich wohlf\u00fchlen. Mit Diy, Upcycle, \u00d6kologischen Stores und nat\u00fcrlich Pflanzen!","robots":{"index":"index","follow":"follow","max-snippet":"max-snippet:-1","max-image-preview":"max-image-preview:large","max-video-preview":"max-video-preview:-1"},"canonical":"https:\/\/simpleco.info\/nachhaltig-einrichten\/","og_locale":"en_US","og_type":"article","og_title":"[:de]Einrichtung[:] - Simpleco Nachhaltig Einrichten","og_description":"\u00d6kologisch und nachhaltig R\u00e4ume gestalten, einrichten und sich wohlf\u00fchlen. Mit Diy, Upcycle, \u00d6kologischen Stores und nat\u00fcrlich Pflanzen!","og_url":"https:\/\/simpleco.info\/nachhaltig-einrichten\/","og_site_name":"Simpleco","article_modified_time":"2023-12-04T09:42:23+00:00","og_image":[{"url":"http:\/\/simpleco.info\/wp-content\/uploads\/2020\/09\/taylor-simpson-GxDo5JXcErw-unsplash-1024x820.jpg"}],"twitter_card":"summary_large_image","twitter_misc":{"Est. reading time":"8 minutes"},"schema":{"@context":"https:\/\/schema.org","@graph":[{"@type":"WebPage","@id":"https:\/\/simpleco.info\/nachhaltig-einrichten\/","url":"https:\/\/simpleco.info\/nachhaltig-einrichten\/","name":"[:de]Einrichtung[:] - Simpleco Nachhaltig Einrichten","isPartOf":{"@id":"https:\/\/simpleco.info\/#website"},"datePublished":"2020-08-15T11:58:43+00:00","dateModified":"2023-12-04T09:42:23+00:00","description":"\u00d6kologisch und nachhaltig R\u00e4ume gestalten, einrichten und sich wohlf\u00fchlen. Mit Diy, Upcycle, \u00d6kologischen Stores und nat\u00fcrlich Pflanzen!","breadcrumb":{"@id":"https:\/\/simpleco.info\/nachhaltig-einrichten\/#breadcrumb"},"inLanguage":"en-US","potentialAction":[{"@type":"ReadAction","target":["https:\/\/simpleco.info\/nachhaltig-einrichten\/"]}]},{"@type":"BreadcrumbList","@id":"https:\/\/simpleco.info\/nachhaltig-einrichten\/#breadcrumb","itemListElement":[{"@type":"ListItem","position":1,"name":"Startseite","item":"https:\/\/simpleco.info\/"},{"@type":"ListItem","position":2,"name":"Einrichtung"}]},{"@type":"WebSite","@id":"https:\/\/simpleco.info\/#website","url":"https:\/\/simpleco.info\/","name":"Simpleco","description":"Be the change you want to see in the world","publisher":{"@id":"https:\/\/simpleco.info\/#organization"},"potentialAction":[{"@type":"SearchAction","target":{"@type":"EntryPoint","urlTemplate":"https:\/\/simpleco.info\/?s={search_term_string}"},"query-input":"required name=search_term_string"}],"inLanguage":"en-US"},{"@type":"Organization","@id":"https:\/\/simpleco.info\/#organization","name":"Simpleco","url":"https:\/\/simpleco.info\/","logo":{"@type":"ImageObject","inLanguage":"en-US","@id":"https:\/\/simpleco.info\/#\/schema\/logo\/image\/","url":"https:\/\/simpleco.info\/wp-content\/uploads\/2023\/09\/cropped-Screenshot-2023-09-30-112546.png","contentUrl":"https:\/\/simpleco.info\/wp-content\/uploads\/2023\/09\/cropped-Screenshot-2023-09-30-112546.png","width":89,"height":87,"caption":"Simpleco"},"image":{"@id":"https:\/\/simpleco.info\/#\/schema\/logo\/image\/"}}]}},"jetpack_sharing_enabled":true,"uagb_featured_image_src":{"full":false,"thumbnail":false,"medium":false,"medium_large":false,"large":false,"1536x1536":false,"2048x2048":false,"featured-blog-large":false,"featured-blog-medium":false,"featured":false,"featured-blog-medium-small":false},"uagb_author_info":{"display_name":"Katze1241","author_link":"https:\/\/simpleco.info\/en\/author\/katze1241\/"},"uagb_comment_info":0,"uagb_excerpt":"\u00d6kologisch und nachhaltig R\u00e4ume einrichten und gestalten. \u00d6kologisch und nachhaltig einrichten bedeutet nicht, dass man ab jetzt minimalistisch Leben muss. Oder nur noch die Dinge nutzen darf, die man bereits hat. Der Mensch braucht Ver\u00e4nderung. Es ist nur nat\u00fcrlich, dass","_links":{"self":[{"href":"https:\/\/simpleco.info\/en\/wp-json\/wp\/v2\/pages\/98","targetHints":{"allow":["GET"]}}],"collection":[{"href":"https:\/\/simpleco.info\/en\/wp-json\/wp\/v2\/pages"}],"about":[{"href":"https:\/\/simpleco.info\/en\/wp-json\/wp\/v2\/types\/page"}],"author":[{"embeddable":true,"href":"https:\/\/simpleco.info\/en\/wp-json\/wp\/v2\/users\/1"}],"replies":[{"embeddable":true,"href":"https:\/\/simpleco.info\/en\/wp-json\/wp\/v2\/comments?post=98"}],"version-history":[{"count":3,"href":"https:\/\/simpleco.info\/en\/wp-json\/wp\/v2\/pages\/98\/revisions"}],"predecessor-version":[{"id":3842,"href":"https:\/\/simpleco.info\/en\/wp-json\/wp\/v2\/pages\/98\/revisions\/3842"}],"wp:attachment":[{"href":"https:\/\/simpleco.info\/en\/wp-json\/wp\/v2\/media?parent=98"}],"curies":[{"name":"wp","href":"https:\/\/api.w.org\/{rel}","templated":true}]}}