{"id":99,"date":"2020-08-15T13:58:43","date_gmt":"2020-08-15T11:58:43","guid":{"rendered":"http:\/\/simpleco.info\/?page_id=99"},"modified":"2023-10-26T10:23:20","modified_gmt":"2023-10-26T08:23:20","slug":"einfach-oekologisch-und-nachhaltig-putzen","status":"publish","type":"page","link":"https:\/\/simpleco.info\/en\/einfach-oekologisch-und-nachhaltig-putzen\/","title":{"rendered":"Putzen"},"content":{"rendered":"\n<h2 class=\"wp-block-heading\">Clean green<\/h2>\n\n\n\n<p>Easy ecological and sustainable cleaning.<\/p>\n\n\n\n<p>According to the Federal Environment Agency, we use 220,000 tons of dish cleaning products and 260,000 tons of dishwashing detergent per year (in Germany). Also 600,000 tons of laundry detergent and more than 250,000 tons of fabric softener full of chemicals and surfactants, which all ends up in the water. Additionaly, there is a huge amount of packaging material, which is mostly made out of plastic.<\/p>\n\n\n\n<p>These products pollute our environment with surfactants, fragrances, dyes and perservatives or harsh chemicals such as chlorine, which get into the wastetater when rinsed. In addition, the surfactants used are mostly made from oil.<\/p>\n\n\n\n<h4 class=\"wp-block-heading\">Simple tips to clean the apartment ecologically <\/h4>\n\n\n\n<p>The following tips not only help to clean in an environmentally friendly way, but are also better for your own health. They are cheaper than conventional cleaning agents, especially when using household remedies. They have been used for generations, are completely harmless and help you to make your household a little more environmentally friendly.<\/p>\n\n\n\n<div class=\"wp-block-media-text alignwide is-stacked-on-mobile\" style=\"grid-template-columns:37% auto\"><figure class=\"wp-block-media-text__media\"><img loading=\"lazy\" decoding=\"async\" width=\"822\" height=\"1024\" src=\"http:\/\/simpleco.info\/wp-content\/uploads\/2020\/09\/pexels-cottonbro-4107120-scaled-e1599675218279-822x1024.jpg\" alt=\"\u00d6kologisch putzen, Sp\u00fclhandschuhe, Seife gr\u00fcn\" class=\"wp-image-500 size-full\" srcset=\"https:\/\/simpleco.info\/wp-content\/uploads\/2020\/09\/pexels-cottonbro-4107120-scaled-e1599675218279-822x1024.jpg 822w, https:\/\/simpleco.info\/wp-content\/uploads\/2020\/09\/pexels-cottonbro-4107120-scaled-e1599675218279-241x300.jpg 241w, https:\/\/simpleco.info\/wp-content\/uploads\/2020\/09\/pexels-cottonbro-4107120-scaled-e1599675218279-768x957.jpg 768w, https:\/\/simpleco.info\/wp-content\/uploads\/2020\/09\/pexels-cottonbro-4107120-scaled-e1599675218279-1232x1536.jpg 1232w, https:\/\/simpleco.info\/wp-content\/uploads\/2020\/09\/pexels-cottonbro-4107120-scaled-e1599675218279-1643x2048.jpg 1643w, https:\/\/simpleco.info\/wp-content\/uploads\/2020\/09\/pexels-cottonbro-4107120-scaled-e1599675218279.jpg 1920w\" sizes=\"auto, (max-width: 822px) 100vw, 822px\" \/><\/figure><div class=\"wp-block-media-text__content\">\n<h2 class=\"wp-block-heading\">Ecological cleaning products<\/h2>\n\n\n\n<p>Nowadays, many shops have a selection of ecological cleaning products. These are <strong>biodegradable <\/strong>and in many cases have a <strong>packaging <\/strong>made of <strong>recycled plastic<\/strong>. <\/p>\n\n\n\n<p>They rely on surfactants that are produced on the basis of <strong>renewable raw materials<\/strong> such as sugar or natural fats and thus do not unnecessarily pollute the environment. Synthetic preservatives are also not used here. Many manufacturers also<strong> pass on fragrances<\/strong>, which can be a great advantage for allergy sufferers. In this way you are not only doing something good for the environment, but also for yourself.<\/p>\n<\/div><\/div>\n\n\n\n<div class=\"wp-block-media-text alignwide has-media-on-the-right is-stacked-on-mobile\" style=\"grid-template-columns:auto 46%\"><figure class=\"wp-block-media-text__media\"><img decoding=\"async\" src=\"http:\/\/simpleco.info\/wp-content\/uploads\/2020\/09\/sponge-2541251_1920-e1599502474710-1024x673.jpg\" alt=\"Grenn clean Gr\u00fcner Schwamm Schaumherz\" class=\"wp-image-501 size-full\"\/><\/figure><div class=\"wp-block-media-text__content\">\n<h2 class=\"wp-block-heading\">Kleine Helfer<\/h2>\n\n\n\n<p style=\"font-size:15px\">Bei den Putzmitteln ist l\u00e4ngst nicht Schluss! Auch Schw\u00e4mme, Lappen, B\u00fcrsten und Co findest du heute an jeder Ecke. Diese werden aus Holz, recycletem Plastik oder nachhaltigen Ressourcen hergestellt und sind biologisch abbaubar oder verwertbar.<\/p>\n\n\n\n<p style=\"font-size:15px\">Greife auf Lappen und Schw\u00e4mme zur\u00fcck,  anstatt auf Papierhandt\u00fccher, welche nach ihrer Nutzung sofort in den M\u00fcll kommen.<\/p>\n\n\n\n<p style=\"font-size:15px\">Verwende ein Kupfertuch um Ceran-Kochfelder, T\u00f6pfe oder Fliesen reinigen ohne schwer chemische Mittel zu reinigen. Das Tuch kann problemlos gewaschen und damit \u00fcber lange Zeit benutzt werden. Au\u00dferdem ist es zu 100 Prozent recycelbar.<\/p>\n<\/div><\/div>\n\n\n\n<div class=\"wp-block-media-text alignwide is-stacked-on-mobile\" style=\"grid-template-columns:42% auto\"><figure class=\"wp-block-media-text__media\"><img decoding=\"async\" src=\"http:\/\/simpleco.info\/wp-content\/uploads\/2020\/09\/pexels-cottonbro-4108715-1-1024x768.jpg\" alt=\"\u00d6kologische putzen Handfeger und Sch\u00fcppe, Besen, Fegen\" class=\"wp-image-499 size-full\"\/><\/figure><div class=\"wp-block-media-text__content\">\n<h2 class=\"wp-block-heading\">Besen<\/h2>\n\n\n\n<p>Greife zum Besen oder zu Handfeger und Sch\u00fcppe.<\/p>\n\n\n\n<p>Laminat und Holzfu\u00dfb\u00f6den lassen sich ohne Weiteres, und sehr schonend, mit einem weichen Besen von Staub und Kr\u00fcmeln befreien. Wenn n\u00f6tig, kann man auch mit einem leicht angefeuchteten Tuch nachwischen.<\/p>\n\n\n\n<p>Einfach \u00f6kologisch putzen. Auch hier kannst du auf nachhaltige Holzmaterialien oder recycletes Plastik achten. <\/p>\n<\/div><\/div>\n\n\n\n<div class=\"wp-block-media-text alignwide has-media-on-the-right is-stacked-on-mobile\" style=\"grid-template-columns:auto 45%\"><figure class=\"wp-block-media-text__media\"><img loading=\"lazy\" decoding=\"async\" width=\"1024\" height=\"1013\" src=\"http:\/\/simpleco.info\/wp-content\/uploads\/2020\/09\/washing-machine-2668472_1920-e1599674710400-1024x1013.jpg\" alt=\"\u00d6kologisch Waschen Moderne Waschmaschine offen\" class=\"wp-image-502 size-full\" srcset=\"https:\/\/simpleco.info\/wp-content\/uploads\/2020\/09\/washing-machine-2668472_1920-e1599674710400-1024x1013.jpg 1024w, https:\/\/simpleco.info\/wp-content\/uploads\/2020\/09\/washing-machine-2668472_1920-e1599674710400-300x297.jpg 300w, https:\/\/simpleco.info\/wp-content\/uploads\/2020\/09\/washing-machine-2668472_1920-e1599674710400-768x760.jpg 768w, https:\/\/simpleco.info\/wp-content\/uploads\/2020\/09\/washing-machine-2668472_1920-e1599674710400.jpg 1290w\" sizes=\"auto, (max-width: 1024px) 100vw, 1024px\" \/><\/figure><div class=\"wp-block-media-text__content\">\n<h2 class=\"wp-block-heading\">\u00d6kologische Waschmittel<\/h2>\n\n\n\n<p>Nutze <strong>\u00f6kologisches <\/strong>Waschmittel. Die umweltsch\u00e4dlichsten Stoffe in Waschmitteln sind Tenside, Duftstoffe und Enzyme.<\/p>\n\n\n\n<p>Bio-Reinigungsmittel bestehen aus <strong>biobasierten Rohstoffen<\/strong>, manche davon geh\u00f6ren jedoch trotzdem nicht unbedingt in Gew\u00e4sser, da auch sie giftig f\u00fcr Wasserorganismen sein k\u00f6nnen. Daher sollten alle Inhaltsstoffe auch leicht <strong>biologisch abbaubar<\/strong> und <strong>ohne \u00f6kotoxische Duftstoffe<\/strong> sein. Mehr dazu <a href=\"https:\/\/www.nabu.de\/umwelt-und-ressourcen\/oekologisch-leben\/alltagsprodukte\/23843.html\" target=\"_blank\" rel=\"noreferrer noopener\">hier<\/a>.<\/p>\n\n\n\n<p>Stelle den <strong>Energiesparmodus <\/strong>ein. Bei modernen Waschmaschinen wird die W\u00e4sche damit genauso sauber wie im Normalwaschgang. Zus\u00e4tzlich spart man sehr viel Energie ein wenn man die W\u00e4sche auf der <strong>W\u00e4scheleine anstatt im Trockner<\/strong> trocknet. <\/p>\n\n\n\n<p>Benutze <strong>Waschpulver <\/strong>statt fl\u00fcssiger Waschmittel um Plastik zu vermeiden. Wenn du nicht auf fl\u00fcssiges verzichten magst, halte nach <strong>recycleten Packungen<\/strong> ausschau. Manche Hersteller z.B. die Firma AlmaWin bieten auch sowas an.  <\/p>\n<\/div><\/div>\n\n\n\n<div class=\"wp-block-media-text alignwide is-stacked-on-mobile\" style=\"grid-template-columns:40% auto\"><figure class=\"wp-block-media-text__media\"><img decoding=\"async\" src=\"http:\/\/simpleco.info\/wp-content\/uploads\/2020\/09\/soda-4017615_1920-e1599503137844-1024x838.jpg\" alt=\"Natron Limonen DIY Hausmittel f\u00fcr \u00f6kologisches Putzen\" class=\"wp-image-504 size-full\"\/><\/figure><div class=\"wp-block-media-text__content\">\n<h2 class=\"wp-block-heading\">Hausmittel<\/h2>\n\n\n\n<p><strong>Essig&nbsp;<\/strong>ist die Allzweckwaffe im Haushalt. Er kann zum Entkalken von Haushaltsger\u00e4ten ebenso genutzt werden wie zum Reinigen von Armaturen und B\u00f6den. <\/p>\n\n\n\n<p><strong>Zitronens\u00e4ure&nbsp;<\/strong>wirkt \u00e4hnlich wie Essig. Mit ihr bringst du Fugen und Fliesen wieder zum Strahlen. Teste jedoch bei allen S\u00e4uren vorab an einer kleinen Stelle, ob sie das Material angreifen! <\/p>\n\n\n\n<p><strong>Natron&nbsp;<\/strong>kannst du mit Wasser zu einer Paste anmischen und damit Armaturen reinigen oder Fettverkrustungen entfernen. In Kombination mit Essig sp\u00fclt Natron auch verstopfte Abfl\u00fcsse wieder frei.<\/p>\n<\/div><\/div>\n\n\n\n<p><\/p>\n\n\n\n<p>Verzichte auf Abflussreiniger und greife lieber zu Saugglocke (\u201eP\u00f6mpel\u201c), B\u00fcrste oder Spirale. <br>Leichte Verstopfungen von Abfl\u00fcssen kannst du mit einem P\u00f6mpel beseitigen. Mit einer speziellen Spirale kannst du auch festsitzende Haare, Nahrungsreste und andere unappetitliche Rohrbewohner entfernen. So wird ein chemischer Abflussreiniger \u00fcberfl\u00fcssig.<\/p>\n\n\n\n<p>Bevorzuge Konzentrate. Auf die Anwendungsmenge bezogen sind sie leichter und g\u00fcnstiger. Sie halten lange vor und sparen Verpackungsm\u00fcll.<\/p>\n\n\n\n<p><span style=\"text-decoration: underline;\">Kompletter Verzicht: <\/span><\/p>\n\n\n\n<p>Manche Putzmittel sind komplett verzichtbar, auch wenn uns die Werbung meistens das Gegenteil erz\u00e4hlen m\u00f6chte. Schau dich einmal in deiner Wohnung um und \u00fcberlege, welche Reinigungsmittel du wirklich brauchst und auf was du eigentlich verzichten kannst. Beispiele f\u00fcr <strong>\u00fcberfl\u00fcssige Haushaltshelfer<\/strong> sind unter anderem diese:<\/p>\n\n\n\n<ul class=\"wp-block-list\"><li><strong>Duftsteine&nbsp;<\/strong>f\u00fcr die Toilette haben keinen nennenswerten Nutzen und sind daher unn\u00f6tig<\/li><li><strong>Raumsprays&nbsp;<\/strong>sind verzichtbar. Kr\u00e4ftiges L\u00fcften ist die bessere und effektivere Alternative<\/li><li><strong>Sprays zur Reinigung des Backofens&nbsp;<\/strong>sind wahre Chemiebomben. Um den Ofen sauberzumachen, kannst du ihn leicht erw\u00e4rmen (50 Grad reichen aus) und ihn dann mit Sp\u00fclmittel und Wasser abwischen<\/li><li><strong>Desinfektionsmittel&nbsp;<\/strong>sind in einem normalen Haushalt vollkommen \u00fcberfl\u00fcssig<\/li><li>Halten Sie sich an die <strong>Dosierungsanweisungen<\/strong>. Oft werden Reiniger und Waschmittel \u00fcberdosiert \u2013 nach dem Motto \u201eViel hilft viel\u201c. <\/li><\/ul>\n\n\n\n<p><\/p>\n\n\n\n<h2 class=\"wp-block-heading\">L\u00fcften statt Spr\u00fchen<\/h2>\n\n\n\n<p>Raumsprays und Duftspender verbessern die Raumluft nicht, sondern \u00fcberdecken nur die unangenehmen Ger\u00fcche. Gr\u00fcndliches L\u00fcften ist in jedem Fall besser. Es l\u00e4sst unangenehme Ger\u00fcche rausstr\u00f6men und frischen Sauerstoff ein. Dieser wiederrum erfrischt, macht wach, f\u00f6rdert die Konzentration und sorgt f\u00fcr Wohlbefinden. Geht der unangenehme Geruch nicht weg, sollte die Quelle herausgefunden und beseitigt werden. Damit werden nicht nur die Symptome sondern auch die Ursache behandelt. <\/p>\n\n\n\n<hr class=\"wp-block-separator is-style-wide\"\/>\n\n\n\n<h2 class=\"wp-block-heading\">Zeit alte Gewohnheiten in Wasser aufzul\u00f6sen<\/h2>\n\n\n\n<h4 class=\"wp-block-heading\" id=\"block-05c42b59-db1f-4f2b-8c3f-7e134b3dd22d\"><\/h4>\n\n\n\n<div class=\"wp-block-media-text alignwide is-stacked-on-mobile\" style=\"grid-template-columns:32% auto\"><figure class=\"wp-block-media-text__media\"><img loading=\"lazy\" decoding=\"async\" width=\"650\" height=\"716\" src=\"http:\/\/simpleco.info\/wp-content\/uploads\/2020\/08\/Ecotab3.jpg\" alt=\"\u00d6kologisch und nachhaltig Putzen und Reinigen mit Kleany Ecotabs\" class=\"wp-image-368 size-full\" srcset=\"https:\/\/simpleco.info\/wp-content\/uploads\/2020\/08\/Ecotab3.jpg 650w, https:\/\/simpleco.info\/wp-content\/uploads\/2020\/08\/Ecotab3-272x300.jpg 272w\" sizes=\"auto, (max-width: 650px) 100vw, 650px\" \/><\/figure><div class=\"wp-block-media-text__content\">\n<h4 class=\"wp-block-heading\" style=\"font-size:26px\">Aufl\u00f6sbare Ecotabs. Plastikfreies Reinigungs Starter Set von Klaeny<\/h4>\n\n\n\n<h4 class=\"has-normal-font-size wp-block-heading\">Ecotabs mit Spr\u00fchflaschen aus<strong> 100% recyceltem Kunststoff<\/strong> und in <strong>Deutschland <\/strong>hergestellt.<br>Einfach <strong>Leitungswasser <\/strong>einf\u00fcllen, Ecotab hinzugeben und<strong> nachhaltig putzen<\/strong> + Platz sparen!<br>Und das zu einem<strong> fairen Preis!<\/strong> Refill Tabs im Set f\u00fcr <strong>1,05-1,55\u20ac<\/strong> pro neu aufgef\u00fcllte Flasche.<\/h4>\n\n\n\n<p>3x 100% recycelte Kunststoffflasche<br>2x Badreiniger ecotabs, 2x Allzweckreiniger ecotabs, 2x Glasreiniger ecotabs<br>Duft: Aloe Vera &#038; Zitrone<\/p>\n\n\n\n<p style=\"font-size:17px\">Mit dem Simpleco Rabatt-Link Kleany Ecotab Produkte f\u00fcr <strong>15% g\u00fcnstiger<\/strong> erhalten.*<\/p>\n\n\n\n<p style=\"font-size:21px\"><a href=\"https:\/\/ecotab.de\/discount\/SIMPLECO\" target=\"_blank\" rel=\"noreferrer noopener sponsored nofollow\">Jetzt anschauen<\/a><\/p>\n<\/div><\/div>\n\n\n\n<div class=\"wp-block-image\"><figure class=\"aligncenter size-large is-resized\"><img decoding=\"async\" src=\"http:\/\/simpleco.info\/wp-content\/uploads\/2020\/09\/Ecotab-1024x501.jpg\" alt=\"\" class=\"wp-image-496\" width=\"1000\" srcset=\"https:\/\/simpleco.info\/wp-content\/uploads\/2020\/09\/Ecotab-1024x501.jpg 1024w, https:\/\/simpleco.info\/wp-content\/uploads\/2020\/09\/Ecotab-300x147.jpg 300w, https:\/\/simpleco.info\/wp-content\/uploads\/2020\/09\/Ecotab-768x376.jpg 768w, https:\/\/simpleco.info\/wp-content\/uploads\/2020\/09\/Ecotab.jpg 1248w\" sizes=\"(max-width: 1024px) 100vw, 1024px\" \/><\/figure><\/div>\n\n\n\n<div class=\"wp-block-image\"><figure class=\"aligncenter size-large is-resized\"><img decoding=\"async\" src=\"http:\/\/simpleco.info\/wp-content\/uploads\/2020\/09\/Ecotab-2-1024x276.jpg\" alt=\"\" class=\"wp-image-497\" width=\"1000\" srcset=\"https:\/\/simpleco.info\/wp-content\/uploads\/2020\/09\/Ecotab-2-1024x276.jpg 1024w, https:\/\/simpleco.info\/wp-content\/uploads\/2020\/09\/Ecotab-2-300x81.jpg 300w, https:\/\/simpleco.info\/wp-content\/uploads\/2020\/09\/Ecotab-2-768x207.jpg 768w, https:\/\/simpleco.info\/wp-content\/uploads\/2020\/09\/Ecotab-2.jpg 1168w\" sizes=\"(max-width: 1024px) 100vw, 1024px\" \/><\/figure><\/div>\n\n\n\n<h2 class=\"wp-block-heading\"><\/h2>\n\n\n\n<div class=\"wp-block-media-text alignwide is-stacked-on-mobile\" style=\"grid-template-columns:41% auto\"><figure class=\"wp-block-media-text__media\"><img loading=\"lazy\" decoding=\"async\" width=\"512\" height=\"455\" src=\"http:\/\/simpleco.info\/wp-content\/uploads\/2020\/09\/everdrop-waschmittel-e1599672946541.jpg\" alt=\"\u00d6kologisch und nachhaltig reinigen mit Everdrop Waschmittel\" class=\"wp-image-508 size-full\" srcset=\"https:\/\/simpleco.info\/wp-content\/uploads\/2020\/09\/everdrop-waschmittel-e1599672946541.jpg 512w, https:\/\/simpleco.info\/wp-content\/uploads\/2020\/09\/everdrop-waschmittel-e1599672946541-300x267.jpg 300w\" sizes=\"auto, (max-width: 512px) 100vw, 512px\" \/><\/figure><div class=\"wp-block-media-text__content\">\n<h2 class=\"wp-block-heading\">\u00d6kologisches Waschmittel<\/h2>\n\n\n\n<p style=\"font-size:18px\">Schluss mit \u00fcberfl\u00fcssiger Chemie, Tenside und Plastikverpackungen. Vom Waschmittel, \u00fcber die Farbstoffe bis hin zur Verpackung besser f\u00fcr die Umwelt. Besser f\u00fcr dich.<\/p>\n\n\n\n<p style=\"font-size:17px\">4x Waschmittel f\u00fcr insgesamt 80 Waschladungen (Vollwaschmittel und\/oder Colorwaschmittel)<\/p>\n\n\n\n<p style=\"font-size:18px\">Mit dem Simpleco Rabatt-Link Ecotab Produkte f\u00fcr <strong>15% g\u00fcnstiger<\/strong> erhalten.<\/p>\n\n\n\n<p class=\"has-medium-font-size\"><a href=\"https:\/\/ecotab.de\/discount\/SIMPLECO\" target=\"_blank\" rel=\"noreferrer noopener sponsored nofollow\">Jetzt anschauen<\/a><\/p>\n<\/div><\/div>\n\n\n\n<hr class=\"wp-block-separator is-style-wide\"\/>\n\n\n\n<p>*Der Rabatt kommt erst beim betreten der Kasse. Falls es nicht funktioniert gebe den Rabatcode: SIMPLECO ein.<\/p>\n","protected":false},"excerpt":{"rendered":"<p>Clean green Easy ecological and sustainable cleaning. According to the Federal Environment Agency, we use 220,000 tons of dish cleaning products and 260,000 tons of dishwashing detergent per year (in Germany). Also 600,000 tons of laundry detergent and more than<\/p>\n","protected":false},"author":1,"featured_media":0,"parent":0,"menu_order":0,"comment_status":"closed","ping_status":"closed","template":"","meta":{"_uag_custom_page_level_css":"","jetpack_post_was_ever_published":false,"footnotes":""},"class_list":["post-99","page","type-page","status-publish","hentry"],"yoast_head":"<!-- This site is optimized with the Yoast SEO plugin v21.4 - https:\/\/yoast.com\/wordpress\/plugins\/seo\/ -->\n<title>Putzen - Simpleco Einfach \u00f6kologisch und nachhaltig putzen<\/title>\n<meta name=\"description\" content=\"Einfach \u00f6kologisch und nachhaltig putzen f\u00fcr Umwelt und Gesundheit. Tipps vom Sp\u00fclen \u00fcber W\u00e4sche bis zum L\u00fcften. Inkl. 15% Klaeny Rabattcode.\" \/>\n<meta name=\"robots\" content=\"index, follow, max-snippet:-1, max-image-preview:large, max-video-preview:-1\" \/>\n<link rel=\"canonical\" href=\"https:\/\/simpleco.info\/en\/einfach-oekologisch-und-nachhaltig-putzen\/\" \/>\n<meta property=\"og:locale\" content=\"en_US\" \/>\n<meta property=\"og:type\" content=\"article\" \/>\n<meta property=\"og:title\" content=\"Putzen\" \/>\n<meta property=\"og:description\" content=\"Einfach \u00f6kologisch und nachhaltig putzen f\u00fcr Umwelt und Gesundheit. Tipps vom Sp\u00fclen \u00fcber W\u00e4sche bis zum L\u00fcften. Inkl. 15% Klaeny Rabattcode.\" \/>\n<meta property=\"og:url\" content=\"https:\/\/simpleco.info\/en\/einfach-oekologisch-und-nachhaltig-putzen\/\" \/>\n<meta property=\"og:site_name\" content=\"Simpleco\" \/>\n<meta property=\"article:modified_time\" content=\"2023-10-26T08:23:20+00:00\" \/>\n<meta property=\"og:image\" content=\"http:\/\/simpleco.info\/wp-content\/uploads\/2020\/09\/pexels-cottonbro-4107120-scaled-e1599675218279-822x1024.jpg\" \/>\n<meta name=\"twitter:card\" content=\"summary_large_image\" \/>\n<meta name=\"twitter:label1\" content=\"Est. reading time\" \/>\n\t<meta name=\"twitter:data1\" content=\"8 minutes\" \/>\n<script type=\"application\/ld+json\" class=\"yoast-schema-graph\">{\"@context\":\"https:\/\/schema.org\",\"@graph\":[{\"@type\":\"WebPage\",\"@id\":\"https:\/\/simpleco.info\/en\/einfach-oekologisch-und-nachhaltig-putzen\/\",\"url\":\"https:\/\/simpleco.info\/en\/einfach-oekologisch-und-nachhaltig-putzen\/\",\"name\":\"[:en]Putzen[:de]Putzen[:] - Simpleco Einfach \u00f6kologisch und nachhaltig putzen\",\"isPartOf\":{\"@id\":\"https:\/\/simpleco.info\/#website\"},\"datePublished\":\"2020-08-15T11:58:43+00:00\",\"dateModified\":\"2023-10-26T08:23:20+00:00\",\"description\":\"Einfach \u00f6kologisch und nachhaltig putzen f\u00fcr Umwelt und Gesundheit. Tipps vom Sp\u00fclen \u00fcber W\u00e4sche bis zum L\u00fcften. Inkl. 15% Klaeny Rabattcode.\",\"breadcrumb\":{\"@id\":\"https:\/\/simpleco.info\/en\/einfach-oekologisch-und-nachhaltig-putzen\/#breadcrumb\"},\"inLanguage\":\"en-US\",\"potentialAction\":[{\"@type\":\"ReadAction\",\"target\":[\"https:\/\/simpleco.info\/en\/einfach-oekologisch-und-nachhaltig-putzen\/\"]}]},{\"@type\":\"BreadcrumbList\",\"@id\":\"https:\/\/simpleco.info\/en\/einfach-oekologisch-und-nachhaltig-putzen\/#breadcrumb\",\"itemListElement\":[{\"@type\":\"ListItem\",\"position\":1,\"name\":\"Startseite\",\"item\":\"https:\/\/simpleco.info\/\"},{\"@type\":\"ListItem\",\"position\":2,\"name\":\"Putzen\"}]},{\"@type\":\"WebSite\",\"@id\":\"https:\/\/simpleco.info\/#website\",\"url\":\"https:\/\/simpleco.info\/\",\"name\":\"Simpleco\",\"description\":\"Be the change you want to see in the world\",\"publisher\":{\"@id\":\"https:\/\/simpleco.info\/#organization\"},\"potentialAction\":[{\"@type\":\"SearchAction\",\"target\":{\"@type\":\"EntryPoint\",\"urlTemplate\":\"https:\/\/simpleco.info\/?s={search_term_string}\"},\"query-input\":\"required name=search_term_string\"}],\"inLanguage\":\"en-US\"},{\"@type\":\"Organization\",\"@id\":\"https:\/\/simpleco.info\/#organization\",\"name\":\"Simpleco\",\"url\":\"https:\/\/simpleco.info\/\",\"logo\":{\"@type\":\"ImageObject\",\"inLanguage\":\"en-US\",\"@id\":\"https:\/\/simpleco.info\/#\/schema\/logo\/image\/\",\"url\":\"https:\/\/simpleco.info\/wp-content\/uploads\/2023\/09\/cropped-Screenshot-2023-09-30-112546.png\",\"contentUrl\":\"https:\/\/simpleco.info\/wp-content\/uploads\/2023\/09\/cropped-Screenshot-2023-09-30-112546.png\",\"width\":89,\"height\":87,\"caption\":\"Simpleco\"},\"image\":{\"@id\":\"https:\/\/simpleco.info\/#\/schema\/logo\/image\/\"}}]}<\/script>\n<!-- \/ Yoast SEO plugin. -->","yoast_head_json":{"title":"Putzen - Simpleco Einfach \u00f6kologisch und nachhaltig putzen","description":"Einfach \u00f6kologisch und nachhaltig putzen f\u00fcr Umwelt und Gesundheit. Tipps vom Sp\u00fclen \u00fcber W\u00e4sche bis zum L\u00fcften. Inkl. 15% Klaeny Rabattcode.","robots":{"index":"index","follow":"follow","max-snippet":"max-snippet:-1","max-image-preview":"max-image-preview:large","max-video-preview":"max-video-preview:-1"},"canonical":"https:\/\/simpleco.info\/en\/einfach-oekologisch-und-nachhaltig-putzen\/","og_locale":"en_US","og_type":"article","og_title":"[:en]Putzen[:de]Putzen[:] - Simpleco Einfach \u00f6kologisch und nachhaltig putzen","og_description":"Einfach \u00f6kologisch und nachhaltig putzen f\u00fcr Umwelt und Gesundheit. Tipps vom Sp\u00fclen \u00fcber W\u00e4sche bis zum L\u00fcften. Inkl. 15% Klaeny Rabattcode.","og_url":"https:\/\/simpleco.info\/en\/einfach-oekologisch-und-nachhaltig-putzen\/","og_site_name":"Simpleco","article_modified_time":"2023-10-26T08:23:20+00:00","og_image":[{"url":"http:\/\/simpleco.info\/wp-content\/uploads\/2020\/09\/pexels-cottonbro-4107120-scaled-e1599675218279-822x1024.jpg"}],"twitter_card":"summary_large_image","twitter_misc":{"Est. reading time":"8 minutes"},"schema":{"@context":"https:\/\/schema.org","@graph":[{"@type":"WebPage","@id":"https:\/\/simpleco.info\/en\/einfach-oekologisch-und-nachhaltig-putzen\/","url":"https:\/\/simpleco.info\/en\/einfach-oekologisch-und-nachhaltig-putzen\/","name":"[:en]Putzen[:de]Putzen[:] - Simpleco Einfach \u00f6kologisch und nachhaltig putzen","isPartOf":{"@id":"https:\/\/simpleco.info\/#website"},"datePublished":"2020-08-15T11:58:43+00:00","dateModified":"2023-10-26T08:23:20+00:00","description":"Einfach \u00f6kologisch und nachhaltig putzen f\u00fcr Umwelt und Gesundheit. Tipps vom Sp\u00fclen \u00fcber W\u00e4sche bis zum L\u00fcften. Inkl. 15% Klaeny Rabattcode.","breadcrumb":{"@id":"https:\/\/simpleco.info\/en\/einfach-oekologisch-und-nachhaltig-putzen\/#breadcrumb"},"inLanguage":"en-US","potentialAction":[{"@type":"ReadAction","target":["https:\/\/simpleco.info\/en\/einfach-oekologisch-und-nachhaltig-putzen\/"]}]},{"@type":"BreadcrumbList","@id":"https:\/\/simpleco.info\/en\/einfach-oekologisch-und-nachhaltig-putzen\/#breadcrumb","itemListElement":[{"@type":"ListItem","position":1,"name":"Startseite","item":"https:\/\/simpleco.info\/"},{"@type":"ListItem","position":2,"name":"Putzen"}]},{"@type":"WebSite","@id":"https:\/\/simpleco.info\/#website","url":"https:\/\/simpleco.info\/","name":"Simpleco","description":"Be the change you want to see in the world","publisher":{"@id":"https:\/\/simpleco.info\/#organization"},"potentialAction":[{"@type":"SearchAction","target":{"@type":"EntryPoint","urlTemplate":"https:\/\/simpleco.info\/?s={search_term_string}"},"query-input":"required name=search_term_string"}],"inLanguage":"en-US"},{"@type":"Organization","@id":"https:\/\/simpleco.info\/#organization","name":"Simpleco","url":"https:\/\/simpleco.info\/","logo":{"@type":"ImageObject","inLanguage":"en-US","@id":"https:\/\/simpleco.info\/#\/schema\/logo\/image\/","url":"https:\/\/simpleco.info\/wp-content\/uploads\/2023\/09\/cropped-Screenshot-2023-09-30-112546.png","contentUrl":"https:\/\/simpleco.info\/wp-content\/uploads\/2023\/09\/cropped-Screenshot-2023-09-30-112546.png","width":89,"height":87,"caption":"Simpleco"},"image":{"@id":"https:\/\/simpleco.info\/#\/schema\/logo\/image\/"}}]}},"jetpack_sharing_enabled":true,"uagb_featured_image_src":{"full":false,"thumbnail":false,"medium":false,"medium_large":false,"large":false,"1536x1536":false,"2048x2048":false,"featured-blog-large":false,"featured-blog-medium":false,"featured":false,"featured-blog-medium-small":false},"uagb_author_info":{"display_name":"Katze1241","author_link":"https:\/\/simpleco.info\/en\/author\/katze1241\/"},"uagb_comment_info":0,"uagb_excerpt":"Clean green Easy ecological and sustainable cleaning. According to the Federal Environment Agency, we use 220,000 tons of dish cleaning products and 260,000 tons of dishwashing detergent per year (in Germany). Also 600,000 tons of laundry detergent and more than","_links":{"self":[{"href":"https:\/\/simpleco.info\/en\/wp-json\/wp\/v2\/pages\/99","targetHints":{"allow":["GET"]}}],"collection":[{"href":"https:\/\/simpleco.info\/en\/wp-json\/wp\/v2\/pages"}],"about":[{"href":"https:\/\/simpleco.info\/en\/wp-json\/wp\/v2\/types\/page"}],"author":[{"embeddable":true,"href":"https:\/\/simpleco.info\/en\/wp-json\/wp\/v2\/users\/1"}],"replies":[{"embeddable":true,"href":"https:\/\/simpleco.info\/en\/wp-json\/wp\/v2\/comments?post=99"}],"version-history":[{"count":0,"href":"https:\/\/simpleco.info\/en\/wp-json\/wp\/v2\/pages\/99\/revisions"}],"wp:attachment":[{"href":"https:\/\/simpleco.info\/en\/wp-json\/wp\/v2\/media?parent=99"}],"curies":[{"name":"wp","href":"https:\/\/api.w.org\/{rel}","templated":true}]}}